{"id":6320,"date":"2016-07-09T17:41:01","date_gmt":"2016-07-09T17:41:01","guid":{"rendered":"http:\/\/nicaragua-travel-guide.com\/site\/?page_id=6320"},"modified":"2016-08-31T20:14:14","modified_gmt":"2016-08-31T20:14:14","slug":"managua-alojamiento-reserva-natural-privada-montibelli-eco-albergue-cabanas-y-campamentos","status":"publish","type":"page","link":"https:\/\/nicaragua-travel-guide.com\/site\/managua-alojamiento-reserva-natural-privada-montibelli-eco-albergue-cabanas-y-campamentos\/","title":{"rendered":"Managua Alojamiento Reserva Natural Privada Montibelli\u00bb Eco albergue caba\u00f1as y  campamentos"},"content":{"rendered":"<table style=\"width: 987px;\" border=\"0\">\n<tbody>\n<tr style=\"height: 298px;\">\n<td style=\"width: 1000px; height: 298px;\" bgcolor=\"#009900\"><img loading=\"lazy\" decoding=\"async\" class=\"wp-image-12929 alignleft\" src=\"http:\/\/nicaragua-travel-guide.com\/site\/wp-content\/uploads\/2016\/07\/nicaragua-travel-guide-Managua-tour-reserva-natural-privada-Montibelli-Acomodacion-campamento-y-caba\u00f1as-1.jpg\" alt=\"nicaragua travel guide Managua tour reserva natural privada Montibelli Acomodacion campamento y caba\u00f1as\" width=\"992\" height=\"347\" \/><\/td>\n<\/tr>\n<tr style=\"height: 22px;\">\n<td style=\"width: 1000px; height: 22px;\" bgcolor=\"#009900\">Eco-albergue Oropendula -Montibelli<\/td>\n<\/tr>\n<tr style=\"height: 296.3333740234375px;\">\n<td style=\"width: 1000px; height: 296.3333740234375px;\" valign=\"top\" bgcolor=\"#FFFFFF\">\n<h4>Descripci\u00f3n:<\/h4>\n<p>Las confortables caba\u00f1as del Eco-albergue Orop\u00e9ndola est\u00e1n situadas dentro de la\u00a0<a href=\"http:\/\/nicaragua-travel-guide.com\/site\/managua-visita-guiada-reserva-natural-montibelli\/\">Reserva Natural Privada Montibelli<\/a> y ofrecen un ambiente de naturaleza y tranquilidad que s\u00f3lo puede ser encontrado en las \u00e1reas protegidas. \u00c9ste es un excelente sitio para relajarse y disfrutar del escenario natural de la reserva.<\/p>\n<p>La reserva Montibelli abarca 160 hect\u00e1reas, la mayor\u00eda cubiertas por bosque de tr\u00f3pico seco, el cual es habitado por muchas especies de animales. Los visitantes pueden encontrar aqu\u00ed una amplia variedad de fauna tales como mam\u00edferos, lagartijas y mariposas, pero esta reserva es mejor conocida por su amplia poblaci\u00f3n de aves, dentro de la que hay 152 especies identificadas. Tambi\u00e9n se ofrecen caminatas de historia natural.<\/p>\n<p>El Eco-albergue Orop\u00e9ndola pone a disposici\u00f3n de sus visitantes comida tradicional y casera, lo que hace posible invertir todo el tiempo en la reserva durante la estad\u00eda.<\/td>\n<\/tr>\n<tr style=\"height: 19px;\">\n<td style=\"width: 1000px; height: 19px;\" valign=\"top\" bgcolor=\"#FFFFFF\"><img loading=\"lazy\" decoding=\"async\" class=\"alignnone wp-image-12928\" src=\"http:\/\/nicaragua-travel-guide.com\/site\/wp-content\/uploads\/2016\/07\/nicaragua-travel-guide-Managua-tour-reserva-natural-privada-Montibelli-Acomodacion-campamento-y-caba\u00f1as.jpg\" alt=\"nicaragua travel guide Managua tour reserva natural privada Montibelli Acomodacion campamento y caba\u00f1as\" width=\"974\" height=\"341\" \/><\/td>\n<\/tr>\n<tr style=\"height: 142px;\">\n<td style=\"width: 1000px; height: 142px;\" bgcolor=\"#CCFF99\">\n<table style=\"width: 977.6666870117188px;\" border=\"0\">\n<tbody>\n<tr>\n<td style=\"width: 215px;\" bgcolor=\"#009933\">Tipo<\/td>\n<td style=\"width: 173px;\" bgcolor=\"#009933\">Precios<\/td>\n<td style=\"width: 189px;\" bgcolor=\"#009933\">Hu\u00e9spedes<\/td>\n<td style=\"width: 393.66668701171875px;\" bgcolor=\"#009933\">Comodidades<\/td>\n<\/tr>\n<tr>\n<td style=\"width: 215px;\" bgcolor=\"#99CC00\">Habitaci\u00f3n Sencilla<\/td>\n<td style=\"width: 173px;\" bgcolor=\"#CCFF66\">US$42.55<\/td>\n<td style=\"width: 189px;\" bgcolor=\"#99CC00\">1<\/td>\n<td style=\"width: 393.66668701171875px;\" bgcolor=\"#CCFF66\">Abanico, Ba\u00f1o Privado, Agua Caliente<\/td>\n<\/tr>\n<tr>\n<td style=\"width: 215px;\" bgcolor=\"#99CC00\">Habitaci\u00f3n Doble<\/td>\n<td style=\"width: 173px;\" bgcolor=\"#CCFF66\">US$57.50<\/td>\n<td style=\"width: 189px;\" bgcolor=\"#99CC00\">2<\/td>\n<td style=\"width: 393.66668701171875px;\" bgcolor=\"#CCFF66\">Abanico, Ba\u00f1o Privado, Agua Caliente<\/td>\n<\/tr>\n<tr>\n<td style=\"width: 215px;\" bgcolor=\"#99CC00\">Habitaci\u00f3n Triple<\/td>\n<td style=\"width: 173px;\" bgcolor=\"#CCFF66\">US$79.06<\/td>\n<td style=\"width: 189px;\" bgcolor=\"#99CC00\">3<\/td>\n<td style=\"width: 393.66668701171875px;\" bgcolor=\"#CCFF66\">Abanico, Ba\u00f1o Privado, Agua Caliente<\/td>\n<\/tr>\n<tr>\n<td style=\"width: 970.6666870117188px;\" colspan=\"4\">\u00a0\u00a0<strong>Los precios ya incluyen impuesto. Los precios pueden variar por temporada.<\/strong><\/td>\n<\/tr>\n<\/tbody>\n<\/table>\n<\/td>\n<\/tr>\n<tr style=\"height: 22px;\">\n<td style=\"width: 1000px; height: 22px;\" bgcolor=\"#009900\">Por mayor\u00a0informaci\u00f3n\u00a0y reservacion \u00a0 <strong>Contactarnos<\/strong><\/td>\n<\/tr>\n<\/tbody>\n<\/table>\n","protected":false},"excerpt":{"rendered":"<p>Eco-albergue Oropendula -Montibelli Descripci\u00f3n: Las confortables caba\u00f1as del Eco-albergue Orop\u00e9ndola est\u00e1n situadas dentro de la\u00a0Reserva Natural Privada Montibelli y ofrecen un ambiente de naturaleza y tranquilidad que s\u00f3lo puede ser encontrado en las \u00e1reas protegidas. \u00c9ste es un excelente sitio para relajarse y disfrutar del escenario natural de la reserva. La reserva Montibelli abarca 160 [&hellip;]<\/p>\n","protected":false},"author":2,"featured_media":0,"parent":0,"menu_order":0,"comment_status":"closed","ping_status":"closed","template":"","meta":{"footnotes":""},"_links":{"self":[{"href":"https:\/\/nicaragua-travel-guide.com\/site\/wp-json\/wp\/v2\/pages\/6320"}],"collection":[{"href":"https:\/\/nicaragua-travel-guide.com\/site\/wp-json\/wp\/v2\/pages"}],"about":[{"href":"https:\/\/nicaragua-travel-guide.com\/site\/wp-json\/wp\/v2\/types\/page"}],"author":[{"embeddable":true,"href":"https:\/\/nicaragua-travel-guide.com\/site\/wp-json\/wp\/v2\/users\/2"}],"replies":[{"embeddable":true,"href":"https:\/\/nicaragua-travel-guide.com\/site\/wp-json\/wp\/v2\/comments?post=6320"}],"version-history":[{"count":4,"href":"https:\/\/nicaragua-travel-guide.com\/site\/wp-json\/wp\/v2\/pages\/6320\/revisions"}],"predecessor-version":[{"id":12930,"href":"https:\/\/nicaragua-travel-guide.com\/site\/wp-json\/wp\/v2\/pages\/6320\/revisions\/12930"}],"wp:attachment":[{"href":"https:\/\/nicaragua-travel-guide.com\/site\/wp-json\/wp\/v2\/media?parent=6320"}],"curies":[{"name":"wp","href":"https:\/\/api.w.org\/{rel}","templated":true}]}}