{"id":6328,"date":"2016-07-09T17:56:03","date_gmt":"2016-07-09T17:56:03","guid":{"rendered":"http:\/\/nicaragua-travel-guide.com\/site\/?page_id=6328"},"modified":"2016-08-31T22:23:09","modified_gmt":"2016-08-31T22:23:09","slug":"managua-visita-guiada-aboretum-nacional","status":"publish","type":"page","link":"https:\/\/nicaragua-travel-guide.com\/site\/managua-visita-guiada-aboretum-nacional\/","title":{"rendered":"Managua Visita guiada \u00abAboretum Nacional\u00bb"},"content":{"rendered":"<table style=\"width: 1019.3333740234375px;\" border=\"0\">\n<tbody>\n<tr style=\"height: 295px;\">\n<td style=\"height: 295px; width: 1012.3333740234375px;\" bgcolor=\"#006600\"><img loading=\"lazy\" decoding=\"async\" class=\"wp-image-12954 alignnone\" src=\"http:\/\/nicaragua-travel-guide.com\/site\/wp-content\/uploads\/2016\/07\/nicaragua-travel-guide-managua-visita-guiada-arboretum-nacional-educacion-ambiental.jpg\" alt=\"nicaragua travel guide managua visita guiada arboretum nacional educacion ambiental\" width=\"1003\" height=\"351\" \/><\/td>\n<\/tr>\n<tr style=\"height: 22px;\">\n<td style=\"height: 22px; width: 1012.3333740234375px; background-color: #e6c005;\" bgcolor=\"#006600\">Arboretum Nacional Managua<\/td>\n<\/tr>\n<tr style=\"height: 691px;\">\n<td style=\"height: 691px; width: 1012.3333740234375px; background-color: #e5fae3;\" bgcolor=\"#FFFFFF\">\n<table style=\"height: 543px; width: 1016px;\">\n<tbody>\n<tr>\n<td style=\"width: 2418px; background-color: #e5fae3; border-color: #e5fae3;\">\n<h4>Descripci\u00f3n:<\/h4>\n<p>El Arboretum Nacional es un peque\u00f1o santuario natural en el que conviven 212 especies de \u00e1rboles, arbustos y flora menor, provenientes de las 4 regiones ecol\u00f3gicas de Nicaragua: Pac\u00edfico, Nord-central, Centro y Atl\u00e1ntico. Fue creado en 1991 por uno de los m\u00e1s dedicados cient\u00edficos del pa\u00eds, cuyo nombre le fue otorgado: Juan Bautista Salas.<\/p>\n<p>&nbsp;<\/p>\n<p>&nbsp;<\/p>\n<p>&nbsp;<\/p>\n<p>Actualmente, el Arboretum es administrado por el Instituto Nacional Forestal (INAFOR) y su principal misi\u00f3n es dar a conocer aspectos de la flora nacional para su protecci\u00f3n y conservaci\u00f3n.<\/p>\n<p>&nbsp;<\/p>\n<p>&nbsp;<\/p>\n<p>Los principales servicios brindados a estudiantes e interesados son: charlas de educaci\u00f3n ambiental sobre los servicios ambientales que puede generar el bosque, como de los productos y subproductos que genera; asesor\u00eda cient\u00edfica: bot\u00e1nica, dendrol\u00f3gicas y taxon\u00f3mica; consultas t\u00e9cnicas y asesor\u00eda taxon\u00f3mica para identificar \u00f3rdenes, g\u00e9neros, familias y especies forestales de los diferentes usos: medicinal, ornamental, industrial, etc.<\/p>\n<p>&nbsp;<\/p>\n<p>Todo esto es ofrecido por los especialistas que laboran en el Arboretum, disc\u00edpulos del profesor Salas.<\/p>\n<p>&nbsp;<\/p>\n<p>&nbsp;<\/p>\n<p>Su ubicaci\u00f3n, en plena ciudad de Managua, hace del Arboretum un sitio muy accesible. Se encuentra a un kil\u00f3metro y medio hacia el Sur del antiguo centro de la ciudad, y a menos de un kil\u00f3metro al Norte del Parque Tiscapa, por lo que se puede combinar su visita con otros puntos atractivos de la ciudad.<\/p>\n<p>&nbsp;<\/p>\n<p>&nbsp;<\/p>\n<p>En el Arboretum Nacional se puede observar \u00e1rboles de frutas tropicales como jocote, tamarindo, mango y muchos otros \u00e1rboles como espinos, madro\u00f1os, sacuanjoche, bamb\u00fa, mangle, y m\u00e1s. En el sitio tambi\u00e9n hay un peque\u00f1o museo dedicado a la vida y obra del profesor Juan Bautista Salas Estrada.<\/p>\n<p>&nbsp;<\/p>\n<p>&nbsp;<\/p>\n<p>El horario de atenci\u00f3n es de lunes a viernes, de las 8:00 am a las 1:00 pm.<\/p>\n<p>&nbsp;<\/p>\n<p>&nbsp;<\/p>\n<p>Se atiende fuera de los horarios regulares s\u00f3lo con cita previa.<\/td>\n<td style=\"width: 345px; background-color: #e5fae3; border-color: #e5fae3;\">\n<table style=\"height: 556px; width: 398.3333740234375px;\">\n<tbody>\n<tr>\n<td style=\"width: 391.3333740234375px;\"><img loading=\"lazy\" decoding=\"async\" class=\"alignnone wp-image-12955\" src=\"http:\/\/nicaragua-travel-guide.com\/site\/wp-content\/uploads\/2016\/07\/arboretumplanta.jpg\" alt=\"arboretumplanta\" width=\"389\" height=\"259\" srcset=\"https:\/\/nicaragua-travel-guide.com\/site\/wp-content\/uploads\/2016\/07\/arboretumplanta.jpg 275w, https:\/\/nicaragua-travel-guide.com\/site\/wp-content\/uploads\/2016\/07\/arboretumplanta-180x120.jpg 180w\" sizes=\"(max-width: 389px) 100vw, 389px\" \/><\/td>\n<\/tr>\n<tr>\n<td style=\"width: 391.3333740234375px;\"><img loading=\"lazy\" decoding=\"async\" class=\"alignnone wp-image-12956\" src=\"http:\/\/nicaragua-travel-guide.com\/site\/wp-content\/uploads\/2016\/07\/arboretumanaguarotulo.jpg\" alt=\"arboretumanaguarotulo\" width=\"382\" height=\"286\" \/><\/td>\n<\/tr>\n<\/tbody>\n<\/table>\n<\/td>\n<\/tr>\n<\/tbody>\n<\/table>\n<h4><\/h4>\n<\/td>\n<\/tr>\n<tr style=\"height: 3px;\">\n<td style=\"height: 3px; width: 1012.3333740234375px; background-color: #e6c005;\" bgcolor=\"#006600\">Por mayor informaci\u00f3n y reservaci\u00f3n Contactarnos<\/td>\n<\/tr>\n<\/tbody>\n<\/table>\n","protected":false},"excerpt":{"rendered":"<p>Arboretum Nacional Managua Descripci\u00f3n: El Arboretum Nacional es un peque\u00f1o santuario natural en el que conviven 212 especies de \u00e1rboles, arbustos y flora menor, provenientes de las 4 regiones ecol\u00f3gicas de Nicaragua: Pac\u00edfico, Nord-central, Centro y Atl\u00e1ntico. Fue creado en 1991 por uno de los m\u00e1s dedicados cient\u00edficos del pa\u00eds, cuyo nombre le fue otorgado: [&hellip;]<\/p>\n","protected":false},"author":2,"featured_media":0,"parent":0,"menu_order":0,"comment_status":"closed","ping_status":"closed","template":"","meta":{"footnotes":""},"_links":{"self":[{"href":"https:\/\/nicaragua-travel-guide.com\/site\/wp-json\/wp\/v2\/pages\/6328"}],"collection":[{"href":"https:\/\/nicaragua-travel-guide.com\/site\/wp-json\/wp\/v2\/pages"}],"about":[{"href":"https:\/\/nicaragua-travel-guide.com\/site\/wp-json\/wp\/v2\/types\/page"}],"author":[{"embeddable":true,"href":"https:\/\/nicaragua-travel-guide.com\/site\/wp-json\/wp\/v2\/users\/2"}],"replies":[{"embeddable":true,"href":"https:\/\/nicaragua-travel-guide.com\/site\/wp-json\/wp\/v2\/comments?post=6328"}],"version-history":[{"count":8,"href":"https:\/\/nicaragua-travel-guide.com\/site\/wp-json\/wp\/v2\/pages\/6328\/revisions"}],"predecessor-version":[{"id":12961,"href":"https:\/\/nicaragua-travel-guide.com\/site\/wp-json\/wp\/v2\/pages\/6328\/revisions\/12961"}],"wp:attachment":[{"href":"https:\/\/nicaragua-travel-guide.com\/site\/wp-json\/wp\/v2\/media?parent=6328"}],"curies":[{"name":"wp","href":"https:\/\/api.w.org\/{rel}","templated":true}]}}