{"id":6334,"date":"2016-07-09T18:10:42","date_gmt":"2016-07-09T18:10:42","guid":{"rendered":"http:\/\/nicaragua-travel-guide.com\/site\/?page_id=6334"},"modified":"2016-07-09T18:11:20","modified_gmt":"2016-07-09T18:11:20","slug":"managua-visita-guiada-laguna-de-xiloa-natacion","status":"publish","type":"page","link":"https:\/\/nicaragua-travel-guide.com\/site\/managua-visita-guiada-laguna-de-xiloa-natacion\/","title":{"rendered":"Managua visita guiada \u00abLaguna de Xilo\u00e1\u00bb Nataci\u00f3n"},"content":{"rendered":"<table border=\"0\" width=\"1024\" cellspacing=\"0\" cellpadding=\"0\" align=\"center\">\n<tbody>\n<tr>\n<td valign=\"top\" bgcolor=\"#A1D9FE\" width=\"1019\">\n<table border=\"0\" width=\"1018\">\n<tbody>\n<tr>\n<td bgcolor=\"#FFFFFF\" width=\"1012\">\n<table border=\"0\" width=\"989\">\n<tbody>\n<tr>\n<td colspan=\"2\" bgcolor=\"#FFFFFF\"><img loading=\"lazy\" decoding=\"async\" src=\"http:\/\/www.nicaragua-travel-guide.com\/imangenestres\/xiloalaguna.jpg\" width=\"1007\" height=\"245\" \/><\/td>\n<\/tr>\n<tr>\n<td colspan=\"2\" bgcolor=\"#6699CC\">Nataci\u00f3n en la Laguna de Xilo\u00e1<\/td>\n<\/tr>\n<tr>\n<td width=\"949\" height=\"389\">\n<h2>Descripci\u00f3n:<\/h2>\n<p>La Laguna crat\u00e9rica de Xilo\u00e1 resulta ser un enorme estanque de aguas tranquilas y frescas, ideales para practicar la nataci\u00f3n libre. El entorno natural, adem\u00e1s, ofrece un escenario interesante en el que el horizonte de agua erizada por el viento se conecta con las verdes monta\u00f1as del fondo. Por su longitud, aqu\u00ed se puede nadar durante muchos metros sin parar.<\/p>\n<p>Xilo\u00e1 es un destino para nadadores exigentes. Incluso, hay varios clubes de nataci\u00f3n de la ciudad de Managua que realizan actividades en sus aguas. La Cruz Roja, tambi\u00e9n, manda a sus socorristas a entrenamiento y organiza una competencia nacional en la laguna.<\/p>\n<p>Un detalle a tener en cuenta es que Xilo\u00e1 es una Laguna Crat\u00e9rica, y su subsuelo forma un cono que va haci\u00e9ndose m\u00e1s profundo hacia el centro. Desde la orilla, la pendiente va inclin\u00e1ndose poco a poco, pero en algunos trechos de la costa puede ser m\u00e1s abrupto el cambio. Por lo general hay varios metros de poca profundidad, por lo que es un buen sitio para hacer que los ni\u00f1os practiquen la nataci\u00f3n.<\/p>\n<p>El mejor sitio desde donde iniciar una jornada de nataci\u00f3n es el Centro Tur\u00edstico de la laguna, debido a los senderos pavimentados que recorren la costa y a los ranchos cercanos al agua donde se puede tomar sombra. Sin embargo, es posible nadar en la laguna desde cualquier sitio de su contorno; s\u00f3lo preste atenci\u00f3n acerca del lugar donde quedan sus pertenencias, ya que esta es una costa p\u00fablica.<\/p>\n<p id=\"gt\">Como llegar a la laguna de Xiloa?<\/p>\n<p>Se puede llegar a Xilo\u00e1 desde Managua en media hora. En autom\u00f3vil se toma la carretera nueva a Le\u00f3n y poco despu\u00e9s de pasar Ciudad Sandino, hay un letrero que indica el camino a Xilo\u00e1 hacia la derecha. Despu\u00e9s de 10 minutos de camino, el centro tur\u00edstico estar\u00eda a mano izquierda junto a la carretera. Los otros restaurantes est\u00e1n junto al camino. Tambi\u00e9n se puede llegar tomando un bus o un taxi desde Ciudad Sandino (los buses de Managua a Ciudad Sandino salen con frecuencia). Regresar a Ciudad Sandino desde Xilo\u00e1 usando el transporte p\u00fablico es mucho m\u00e1s dif\u00edcil, as\u00ed que aseg\u00farese de preguntar con anterioridad el horario de buses a la laguna.<\/td>\n<td width=\"30\"><\/td>\n<\/tr>\n<tr>\n<td bgcolor=\"#6699CC\">Por mayor informaci\u00f3n y reservacion Contactarnos<\/td>\n<\/tr>\n<\/tbody>\n<\/table>\n<\/td>\n<\/tr>\n<\/tbody>\n<\/table>\n<\/td>\n<\/tr>\n<\/tbody>\n<\/table>\n","protected":false},"excerpt":{"rendered":"<p>Nataci\u00f3n en la Laguna de Xilo\u00e1 Descripci\u00f3n: La Laguna crat\u00e9rica de Xilo\u00e1 resulta ser un enorme estanque de aguas tranquilas y frescas, ideales para practicar la nataci\u00f3n libre. El entorno natural, adem\u00e1s, ofrece un escenario interesante en el que el horizonte de agua erizada por el viento se conecta con las verdes monta\u00f1as del fondo. [&hellip;]<\/p>\n","protected":false},"author":2,"featured_media":0,"parent":0,"menu_order":0,"comment_status":"closed","ping_status":"closed","template":"","meta":{"footnotes":""},"_links":{"self":[{"href":"https:\/\/nicaragua-travel-guide.com\/site\/wp-json\/wp\/v2\/pages\/6334"}],"collection":[{"href":"https:\/\/nicaragua-travel-guide.com\/site\/wp-json\/wp\/v2\/pages"}],"about":[{"href":"https:\/\/nicaragua-travel-guide.com\/site\/wp-json\/wp\/v2\/types\/page"}],"author":[{"embeddable":true,"href":"https:\/\/nicaragua-travel-guide.com\/site\/wp-json\/wp\/v2\/users\/2"}],"replies":[{"embeddable":true,"href":"https:\/\/nicaragua-travel-guide.com\/site\/wp-json\/wp\/v2\/comments?post=6334"}],"version-history":[{"count":1,"href":"https:\/\/nicaragua-travel-guide.com\/site\/wp-json\/wp\/v2\/pages\/6334\/revisions"}],"predecessor-version":[{"id":6335,"href":"https:\/\/nicaragua-travel-guide.com\/site\/wp-json\/wp\/v2\/pages\/6334\/revisions\/6335"}],"wp:attachment":[{"href":"https:\/\/nicaragua-travel-guide.com\/site\/wp-json\/wp\/v2\/media?parent=6334"}],"curies":[{"name":"wp","href":"https:\/\/api.w.org\/{rel}","templated":true}]}}