{"id":6337,"date":"2016-07-09T18:14:52","date_gmt":"2016-07-09T18:14:52","guid":{"rendered":"http:\/\/nicaragua-travel-guide.com\/site\/?page_id=6337"},"modified":"2016-07-09T18:14:52","modified_gmt":"2016-07-09T18:14:52","slug":"managua-visita-guiada-laguna-de-xiloa-buceo","status":"publish","type":"page","link":"https:\/\/nicaragua-travel-guide.com\/site\/managua-visita-guiada-laguna-de-xiloa-buceo\/","title":{"rendered":"Managua visita guiada Laguna de Xiloa  \u00abBuceo\u00bb"},"content":{"rendered":"<table border=\"0\" width=\"1016\">\n<tbody>\n<tr>\n<td bgcolor=\"#FFFFFF\" width=\"1010\">\n<table border=\"0\" width=\"1010\">\n<tbody>\n<tr>\n<td width=\"1004\"><img loading=\"lazy\" decoding=\"async\" src=\"http:\/\/www.nicaragua-travel-guide.com\/imangenestres\/managualagunadexiloabuceo.jpg\" alt=\"\" width=\"1007\" height=\"275\" \/><\/td>\n<\/tr>\n<tr>\n<td valign=\"top\" bgcolor=\"#6699CC\" height=\"21\">Buceo en Laguna de Xilo\u00e1 Managua<\/td>\n<\/tr>\n<tr>\n<td valign=\"top\" height=\"194\">\n<h2>Descripci\u00f3n:<\/h2>\n<p>La laguna de Xilo\u00e1 est\u00e1 localizada a unos 20 kil\u00f3metros de la capital de Nicaragua, Managua. Esta laguna es de origen volc\u00e1nico y es un interesante lugar para bucear.<\/p>\n<p>En la laguna habitan 14 especies de peces y otros animales marinos como las tortugas y los cangrejos. El fondo de la laguna representa una buena oportunidad para el buceo de pared, ya que es bastante inclinado.<\/p>\n<p>Un aspecto interesante de Xilo\u00e1 es la presencia de vientos geot\u00e9rmicos, los cuales calientan las aguas y el calor se puede sentir y ver cuando se bucea. Otro dato es que entre los meses de abril y noviembre hay una capa de agua clara entre los 18 y 30 metros de profundidad, la que no es tan clara a otras profundidades. La visibilidad en Xiloa no es muy buena, pero seguramente sus caracter\u00edsticas dan una buena oportunidad para los que no est\u00e1n familiarizados con bucear en lagunas.<\/p>\n<p>Se bucea desde la costa o desde un bote, dependiendo del \u00e1rea que est\u00e1 siendo explorada. El precio de la actividad, incluyendo el transporte desde Managua, es de aproximadamente U$55 por dos tanques, o de U$30 por un solo tanque.<\/p>\n<h2>Como llegar a la Laguna de Xiloa?<\/h2>\n<p>Se puede llegar a Xilo\u00e1 desde Managua en media hora. En autom\u00f3vil se toma la carretera nueva a Le\u00f3n y poco despu\u00e9s de pasar Ciudad Sandino, hay un letrero que indica el camino a Xilo\u00e1 hacia la derecha. Despu\u00e9s de 10 minutos de camino, el centro tur\u00edstico estar\u00eda a mano izquierda junto a la carretera. Los otros restaurantes est\u00e1n junto al camino. Tambi\u00e9n se puede llegar tomando un bus o un taxi desde Ciudad Sandino (los buses de Managua a Ciudad Sandino salen con frecuencia). Regresar a Ciudad Sandino desde Xilo\u00e1 usando el transporte p\u00fablico es mucho m\u00e1s dif\u00edcil, as\u00ed que aseg\u00farese de preguntar con anterioridad el horario de buses a la laguna.<\/td>\n<\/tr>\n<tr>\n<td bgcolor=\"#6699CC\"><\/td>\n<\/tr>\n<\/tbody>\n<\/table>\n<\/td>\n<\/tr>\n<\/tbody>\n<\/table>\n","protected":false},"excerpt":{"rendered":"<p>Buceo en Laguna de Xilo\u00e1 Managua Descripci\u00f3n: La laguna de Xilo\u00e1 est\u00e1 localizada a unos 20 kil\u00f3metros de la capital de Nicaragua, Managua. Esta laguna es de origen volc\u00e1nico y es un interesante lugar para bucear. En la laguna habitan 14 especies de peces y otros animales marinos como las tortugas y los cangrejos. El [&hellip;]<\/p>\n","protected":false},"author":2,"featured_media":0,"parent":0,"menu_order":0,"comment_status":"closed","ping_status":"closed","template":"","meta":{"footnotes":""},"_links":{"self":[{"href":"https:\/\/nicaragua-travel-guide.com\/site\/wp-json\/wp\/v2\/pages\/6337"}],"collection":[{"href":"https:\/\/nicaragua-travel-guide.com\/site\/wp-json\/wp\/v2\/pages"}],"about":[{"href":"https:\/\/nicaragua-travel-guide.com\/site\/wp-json\/wp\/v2\/types\/page"}],"author":[{"embeddable":true,"href":"https:\/\/nicaragua-travel-guide.com\/site\/wp-json\/wp\/v2\/users\/2"}],"replies":[{"embeddable":true,"href":"https:\/\/nicaragua-travel-guide.com\/site\/wp-json\/wp\/v2\/comments?post=6337"}],"version-history":[{"count":1,"href":"https:\/\/nicaragua-travel-guide.com\/site\/wp-json\/wp\/v2\/pages\/6337\/revisions"}],"predecessor-version":[{"id":6338,"href":"https:\/\/nicaragua-travel-guide.com\/site\/wp-json\/wp\/v2\/pages\/6337\/revisions\/6338"}],"wp:attachment":[{"href":"https:\/\/nicaragua-travel-guide.com\/site\/wp-json\/wp\/v2\/media?parent=6337"}],"curies":[{"name":"wp","href":"https:\/\/api.w.org\/{rel}","templated":true}]}}