{"id":6344,"date":"2016-07-09T18:29:27","date_gmt":"2016-07-09T18:29:27","guid":{"rendered":"http:\/\/nicaragua-travel-guide.com\/site\/?page_id=6344"},"modified":"2016-08-22T19:59:50","modified_gmt":"2016-08-22T19:59:50","slug":"managua-tour-guiado-costa-pacifica-pochomil-cabalgata","status":"publish","type":"page","link":"https:\/\/nicaragua-travel-guide.com\/site\/managua-tour-guiado-costa-pacifica-pochomil-cabalgata\/","title":{"rendered":"Managua Tour guiado Costa Pacifica Pochomil \u00abCabalgata\u00bb"},"content":{"rendered":"<table style=\"width: 1017px;\" border=\"0\">\n<tbody>\n<tr style=\"height: 22px;\" bgcolor=\"#FFFF99\">\n<td style=\"background-color: #fa893e; height: 22px; width: 1035px;\" colspan=\"2\" bgcolor=\"#FF6600\"><strong>Paseo a Caballo en la Costa Pacifica de Managua \u00a0\u00a0<\/strong><\/td>\n<\/tr>\n<tr style=\"height: 104.66668701171875px;\">\n<td style=\"height: 104.66668701171875px; width: 557px;\" valign=\"top\" bgcolor=\"#FFFFFF\"><strong>Descripci\u00f3n:<\/strong><\/p>\n<h4><strong>La distancia desde Managua es de 65 kil\u00f3metros y toma un poco m\u00e1s de una hora para llegar. La playa de Pochomil es una de las m\u00e1s desarrolladas de Nicaragua. Esto significa que hay restaurantes e infraestructura. A pesar de eso, no siempre se llena.<\/strong><\/h4>\n<p>&nbsp;<\/p>\n<p>La playa es amplia y es buena para nadar. La manera m\u00e1s f\u00e1cil de llegar a la playa es cruzando uno de los restaurantes en la costa. Donde quiera que vaya, tendr\u00e1 por seguro a ni\u00f1os y a mujeres vendi\u00e9ndole algo. Las conchas son muy bonitas y f\u00e1ciles de encontrar, incluso venden collares y artesan\u00edas hechos de estas conchas a bajo precio.<\/td>\n<td style=\"height: 104.66668701171875px; width: 478px;\" valign=\"top\" bgcolor=\"#FFFFFF\"><img loading=\"lazy\" decoding=\"async\" class=\"wp-image-11931 aligncenter\" src=\"http:\/\/nicaragua-travel-guide.com\/site\/wp-content\/uploads\/2016\/07\/managua-cabalgata-tour-playa-pochomil.jpeg\" alt=\"managua cabalgata tour playa pochomil\" width=\"451\" height=\"301\" srcset=\"https:\/\/nicaragua-travel-guide.com\/site\/wp-content\/uploads\/2016\/07\/managua-cabalgata-tour-playa-pochomil.jpeg 618w, https:\/\/nicaragua-travel-guide.com\/site\/wp-content\/uploads\/2016\/07\/managua-cabalgata-tour-playa-pochomil-600x400.jpeg 600w, https:\/\/nicaragua-travel-guide.com\/site\/wp-content\/uploads\/2016\/07\/managua-cabalgata-tour-playa-pochomil-180x120.jpeg 180w\" sizes=\"(max-width: 451px) 100vw, 451px\" \/><\/td>\n<\/tr>\n<tr style=\"height: 70px;\" bgcolor=\"#FFFF99\">\n<td style=\"background-color: #f7e3c6; height: 70px; width: 1035px;\" colspan=\"2\" valign=\"top\" bgcolor=\"#FFCC99\">Asimismo, ver\u00e1 hombres motados a caballo que les ofrecen paseos a caballo. Con su amplia y callada playa, Pochomil es un buen lugar para montar a caballo. Puede hacer la jornada tan larga como quiera y la playa es un lugar f\u00e1cil para montar. Tambi\u00e9n es bonito caminar en la playa mientras es sol desaparece lentamente en el oc\u00e9ano.<\/td>\n<\/tr>\n<tr style=\"height: 22px;\">\n<td style=\"background-color: #fa893e; height: 22px; width: 1035px;\" colspan=\"2\" bgcolor=\"#FF6600\">Por mayor informacion y reservacion<strong> Contactarnos<\/strong><\/td>\n<\/tr>\n<\/tbody>\n<\/table>\n","protected":false},"excerpt":{"rendered":"<p>Paseo a Caballo en la Costa Pacifica de Managua \u00a0\u00a0 Descripci\u00f3n: La distancia desde Managua es de 65 kil\u00f3metros y toma un poco m\u00e1s de una hora para llegar. La playa de Pochomil es una de las m\u00e1s desarrolladas de Nicaragua. Esto significa que hay restaurantes e infraestructura. A pesar de eso, no siempre se [&hellip;]<\/p>\n","protected":false},"author":2,"featured_media":0,"parent":0,"menu_order":0,"comment_status":"closed","ping_status":"closed","template":"","meta":{"footnotes":""},"_links":{"self":[{"href":"https:\/\/nicaragua-travel-guide.com\/site\/wp-json\/wp\/v2\/pages\/6344"}],"collection":[{"href":"https:\/\/nicaragua-travel-guide.com\/site\/wp-json\/wp\/v2\/pages"}],"about":[{"href":"https:\/\/nicaragua-travel-guide.com\/site\/wp-json\/wp\/v2\/types\/page"}],"author":[{"embeddable":true,"href":"https:\/\/nicaragua-travel-guide.com\/site\/wp-json\/wp\/v2\/users\/2"}],"replies":[{"embeddable":true,"href":"https:\/\/nicaragua-travel-guide.com\/site\/wp-json\/wp\/v2\/comments?post=6344"}],"version-history":[{"count":4,"href":"https:\/\/nicaragua-travel-guide.com\/site\/wp-json\/wp\/v2\/pages\/6344\/revisions"}],"predecessor-version":[{"id":11933,"href":"https:\/\/nicaragua-travel-guide.com\/site\/wp-json\/wp\/v2\/pages\/6344\/revisions\/11933"}],"wp:attachment":[{"href":"https:\/\/nicaragua-travel-guide.com\/site\/wp-json\/wp\/v2\/media?parent=6344"}],"curies":[{"name":"wp","href":"https:\/\/api.w.org\/{rel}","templated":true}]}}