{"id":6346,"date":"2016-07-09T18:47:17","date_gmt":"2016-07-09T18:47:17","guid":{"rendered":"http:\/\/nicaragua-travel-guide.com\/site\/?page_id=6346"},"modified":"2016-08-22T05:10:23","modified_gmt":"2016-08-22T05:10:23","slug":"managua-visita-guiada-puertobarco-en-lago-xolotlan-evento-publico-o-privado","status":"publish","type":"page","link":"https:\/\/nicaragua-travel-guide.com\/site\/managua-visita-guiada-puertobarco-en-lago-xolotlan-evento-publico-o-privado\/","title":{"rendered":"Managua visita guiada Puerto\u00bbBarco en Lago Xolotlan\u00bb evento publico o privado"},"content":{"rendered":"<table style=\"width: 1007.97px;\" border=\"0\">\n<tbody>\n<tr>\n<td style=\"width: 1002.97px;\" bgcolor=\"#FFFFFF\" height=\"21\"><img loading=\"lazy\" decoding=\"async\" class=\"alignnone size-full wp-image-6486\" src=\"http:\/\/nicaragua-travel-guide.com\/site\/wp-content\/uploads\/2016\/07\/headermanagualagoxolotlancrucero.jpg\" alt=\"headermanagualagoxolotlancrucero\" width=\"1025\" height=\"345\" srcset=\"https:\/\/nicaragua-travel-guide.com\/site\/wp-content\/uploads\/2016\/07\/headermanagualagoxolotlancrucero.jpg 1025w, https:\/\/nicaragua-travel-guide.com\/site\/wp-content\/uploads\/2016\/07\/headermanagualagoxolotlancrucero-600x202.jpg 600w\" sizes=\"(max-width: 1025px) 100vw, 1025px\" \/><\/td>\n<\/tr>\n<tr>\n<td style=\"width: 1002.97px;\" bgcolor=\"#FFFFFF\" height=\"21\">\n<table width=\"1020\">\n<tbody>\n<tr>\n<td bgcolor=\"#99CCCC\" width=\"128\">Visita Guiada<\/td>\n<td bgcolor=\"#99CCCC\" width=\"169\">Crucero Xolotlan<\/td>\n<td bgcolor=\"#99CCCC\" width=\"188\">Alimentos y bebidas<\/td>\n<td bgcolor=\"#99CCCC\" width=\"158\">Bar y Restaurante<\/td>\n<td bgcolor=\"#99CCCC\" width=\"147\">Eventos especiales<\/td>\n<td bgcolor=\"#99CCCC\" width=\"191\">Transporte terrestre<\/td>\n<\/tr>\n<\/tbody>\n<\/table>\n<\/td>\n<\/tr>\n<tr>\n<td style=\"width: 1002.97px;\" valign=\"top\" bgcolor=\"#FFFFFF\" height=\"266\">La aguas del lago Xolotlan en la capital de nicaragua \u00a0se ha convertido en uno de los destinos tur\u00edsticos para recorrer en barco con \u00a0 turistas nacionales y extranjeros saliendo desde el \u00a0Puerto Salvador Allende, realizar el recorrido en un barco o crucero familiar donde tambi\u00e9n podemos organizar un evento especial para celebraci\u00f3n, de Quince a\u00f1o, boda, etc.<\/p>\n<p>Apreciando la hermosa vista panor\u00e1mica, \u00a0la Isla del amor, el \u00a0Momotombito y la pen\u00ednsula de Chiltepe.<\/p>\n<p>Este recorrido se puede realizar a partir de las 2 de la tarde, hay dos barcos disponibles, el Crucero Xolotlan o el Momotombito, el recorrido para el publico en general \u00a0este viaje dura una hora, con horarios establecidos, para \u00a0observar \u00a0el paisaje y disfrutar de la m\u00fasica bailable, puede contar con el servicio de alimentos y bebidas, y por la noche el Crucero Xolotlan podr\u00e1 disfrutar de una fiesta en el bar.<\/p>\n<p>Para salir de la rutina esta es una excelente opci\u00f3n, realice este recorrido con nuestra asistencia para que disfrute con su familia y amigos,les invitamos a que se anime, seguro que les encantar\u00e1.<\/td>\n<\/tr>\n<tr>\n<td style=\"width: 1002.97px;\" bgcolor=\"#FFFFFF\" height=\"21\"><img loading=\"lazy\" decoding=\"async\" class=\"alignnone size-full wp-image-6358\" src=\"http:\/\/nicaragua-travel-guide.com\/site\/wp-content\/uploads\/2016\/07\/managuatourpuertosalvadorallende.jpg\" alt=\"managuatourpuertosalvadorallende\" width=\"1025\" height=\"345\" srcset=\"https:\/\/nicaragua-travel-guide.com\/site\/wp-content\/uploads\/2016\/07\/managuatourpuertosalvadorallende.jpg 1025w, https:\/\/nicaragua-travel-guide.com\/site\/wp-content\/uploads\/2016\/07\/managuatourpuertosalvadorallende-600x202.jpg 600w\" sizes=\"(max-width: 1025px) 100vw, 1025px\" \/><\/td>\n<\/tr>\n<tr>\n<td style=\"width: 1002.97px;\" bgcolor=\"#339999\" height=\"21\">Por mayor informaci\u00f3n y reservaci\u00f3n <strong>Contactarnos<\/strong><\/td>\n<\/tr>\n<\/tbody>\n<\/table>\n","protected":false},"excerpt":{"rendered":"<p>Visita Guiada Crucero Xolotlan Alimentos y bebidas Bar y Restaurante Eventos especiales Transporte terrestre La aguas del lago Xolotlan en la capital de nicaragua \u00a0se ha convertido en uno de los destinos tur\u00edsticos para recorrer en barco con \u00a0 turistas nacionales y extranjeros saliendo desde el \u00a0Puerto Salvador Allende, realizar el recorrido en un barco [&hellip;]<\/p>\n","protected":false},"author":2,"featured_media":0,"parent":0,"menu_order":0,"comment_status":"closed","ping_status":"closed","template":"","meta":{"footnotes":""},"_links":{"self":[{"href":"https:\/\/nicaragua-travel-guide.com\/site\/wp-json\/wp\/v2\/pages\/6346"}],"collection":[{"href":"https:\/\/nicaragua-travel-guide.com\/site\/wp-json\/wp\/v2\/pages"}],"about":[{"href":"https:\/\/nicaragua-travel-guide.com\/site\/wp-json\/wp\/v2\/types\/page"}],"author":[{"embeddable":true,"href":"https:\/\/nicaragua-travel-guide.com\/site\/wp-json\/wp\/v2\/users\/2"}],"replies":[{"embeddable":true,"href":"https:\/\/nicaragua-travel-guide.com\/site\/wp-json\/wp\/v2\/comments?post=6346"}],"version-history":[{"count":9,"href":"https:\/\/nicaragua-travel-guide.com\/site\/wp-json\/wp\/v2\/pages\/6346\/revisions"}],"predecessor-version":[{"id":11902,"href":"https:\/\/nicaragua-travel-guide.com\/site\/wp-json\/wp\/v2\/pages\/6346\/revisions\/11902"}],"wp:attachment":[{"href":"https:\/\/nicaragua-travel-guide.com\/site\/wp-json\/wp\/v2\/media?parent=6346"}],"curies":[{"name":"wp","href":"https:\/\/api.w.org\/{rel}","templated":true}]}}