{"id":6352,"date":"2016-07-09T19:06:08","date_gmt":"2016-07-09T19:06:08","guid":{"rendered":"http:\/\/nicaragua-travel-guide.com\/site\/?page_id=6352"},"modified":"2016-08-31T22:05:32","modified_gmt":"2016-08-31T22:05:32","slug":"managua-visita-guiada-loma-de-tiscapa-panoramica-desde-el-centro-de-la-capital","status":"publish","type":"page","link":"https:\/\/nicaragua-travel-guide.com\/site\/managua-visita-guiada-loma-de-tiscapa-panoramica-desde-el-centro-de-la-capital\/","title":{"rendered":"Managua visita guiada \u00abLoma de Tiscapa\u00bb Panorama desde el centro de la Capital"},"content":{"rendered":"<table style=\"width: 1037.3333740234375px;\" border=\"0\">\n<tbody>\n<tr style=\"height: 31px;\">\n<td style=\"width: 731.3333740234375px; height: 31px;\" bgcolor=\"#009900\"><strong><img loading=\"lazy\" decoding=\"async\" class=\"wp-image-12935 aligncenter\" src=\"http:\/\/nicaragua-travel-guide.com\/site\/wp-content\/uploads\/2016\/07\/nicaragua-travel-guide-managua-visita-guiada.jpg\" alt=\"nicaragua travel guide managua visita guiada\" width=\"1048\" height=\"367\" \/><\/strong><\/td>\n<\/tr>\n<tr style=\"height: 25px;\">\n<td style=\"width: 731.3333740234375px; height: 25px; background-color: #92de9c;\" bgcolor=\"#009900\"><strong>Loma de Tiscapa \u00a0Parque Hist\u00f3rico Nacional<\/strong><\/td>\n<\/tr>\n<tr style=\"height: 565px;\">\n<td style=\"width: 731.3333740234375px; height: 565px; background-color: #e8f7cb;\">\n<table style=\"height: 335px; width: 1025.666748046875px;\">\n<tbody>\n<tr>\n<td style=\"width: 668px; background-color: #e8f7cb; border-color: #e8f7cb;\">El Parque Hist\u00f3rico Nacional de Tiscapa tiene m\u00e1s que ofrecer. El sitio tiene una historia interesante.<\/p>\n<p>&nbsp;<\/p>\n<p>&nbsp;<\/p>\n<p>La laguna por s\u00ed sola mide casi 15 hect\u00e1reas y se form\u00f3 hace 10,000 a\u00f1os como cr\u00e1ter de un volc\u00e1n ya extinto.<\/p>\n<p>&nbsp;<\/p>\n<p>&nbsp;<\/p>\n<p>Antes de la conquista de los espa\u00f1oles, hab\u00eda varias leyendas entre los ind\u00edgenas inspiradas por la laguna. Accesorios pre-colombinos se han encontrado alrededor de ella.<\/p>\n<p>Recientemente, la loma alberg\u00f3 al palacio presidencial por m\u00e1s de cuatro d\u00e9cadas. Asimismo, hab\u00eda prisiones y cuartos de tortura que se usaban durante el r\u00e9gimen de la familia Somoza. El palacio y algunas instalaciones militares fueron destruidas por el terremoto de 1972.<\/p>\n<p>&nbsp;<\/p>\n<p>&nbsp;<\/p>\n<p>Despu\u00e9s del derrocamiento de Somoza el lugar ha servido para varios prop\u00f3sitos. La gigante estatua del General Augusto C. Sandino, que es visible desde lejos, tambi\u00e9n se construy\u00f3 aqu\u00ed.<\/p>\n<p>&nbsp;<\/p>\n<p>&nbsp;<\/p>\n<p>Actualmente el parque est\u00e1 cuidado y protegido por la ciudad de Managua como un monumento hist\u00f3rico y cultural. Puede caminar en lo alto de la loma y ver las ruinas del palacio. Tambi\u00e9n hay objetos para ver, como el tanque enviado por Benito Mussolini a Anastasio Somoza. Adem\u00e1s, puede apreciar una vista fabulosa de Managua.<\/p>\n<p>&nbsp;<\/p>\n<p>&nbsp;<\/p>\n<p>El estadio, el lago, los centros comerciales y otros edificios significativos est\u00e1n visibles as\u00ed como el paisaje que rodea a Managua. \u00a1Aunque no quiera hacer canopy el Parque Hist\u00f3rico Nacional Loma de Tiscapa realmente vale la pena visitarlo!<\/td>\n<td style=\"width: 365.666748046875px; background-color: #e8f7cb; border-color: #e8f7cb;\">\n<table style=\"height: 457px; width: 387.66668701171875px;\">\n<tbody>\n<tr style=\"height: 17px;\">\n<td style=\"width: 384.66668701171875px; height: 17px;\"><img loading=\"lazy\" decoding=\"async\" class=\"alignnone wp-image-11838\" src=\"http:\/\/nicaragua-travel-guide.com\/site\/wp-content\/uploads\/2016\/07\/managuacanopy.jpg\" alt=\"managuacanopy\" width=\"376\" height=\"250\" srcset=\"https:\/\/nicaragua-travel-guide.com\/site\/wp-content\/uploads\/2016\/07\/managuacanopy.jpg 275w, https:\/\/nicaragua-travel-guide.com\/site\/wp-content\/uploads\/2016\/07\/managuacanopy-180x120.jpg 180w\" sizes=\"(max-width: 376px) 100vw, 376px\" \/><\/td>\n<\/tr>\n<tr style=\"height: 57.66668701171875px;\">\n<td style=\"width: 384.66668701171875px; height: 57.66668701171875px;\"><img loading=\"lazy\" decoding=\"async\" class=\"alignnone size-full wp-image-5091\" src=\"http:\/\/nicaragua-travel-guide.com\/site\/wp-content\/uploads\/2016\/06\/managuapuertosa.jpg\" alt=\"managuapuertosa\" width=\"920\" height=\"614\" srcset=\"https:\/\/nicaragua-travel-guide.com\/site\/wp-content\/uploads\/2016\/06\/managuapuertosa.jpg 920w, https:\/\/nicaragua-travel-guide.com\/site\/wp-content\/uploads\/2016\/06\/managuapuertosa-600x400.jpg 600w, https:\/\/nicaragua-travel-guide.com\/site\/wp-content\/uploads\/2016\/06\/managuapuertosa-180x120.jpg 180w\" sizes=\"(max-width: 920px) 100vw, 920px\" \/><\/td>\n<\/tr>\n<\/tbody>\n<\/table>\n<\/td>\n<\/tr>\n<\/tbody>\n<\/table>\n<\/td>\n<\/tr>\n<tr style=\"height: 350px;\">\n<td style=\"width: 731.3333740234375px; height: 350px;\" bgcolor=\"#009900\"><img loading=\"lazy\" decoding=\"async\" class=\"alignnone wp-image-5093\" src=\"http:\/\/nicaragua-travel-guide.com\/site\/wp-content\/uploads\/2016\/06\/headercanopymanagua.jpg\" alt=\"headercanopymanagua\" width=\"1043\" height=\"351\" srcset=\"https:\/\/nicaragua-travel-guide.com\/site\/wp-content\/uploads\/2016\/06\/headercanopymanagua.jpg 1025w, https:\/\/nicaragua-travel-guide.com\/site\/wp-content\/uploads\/2016\/06\/headercanopymanagua-600x202.jpg 600w\" sizes=\"(max-width: 1043px) 100vw, 1043px\" \/><\/td>\n<\/tr>\n<tr style=\"height: 22px;\">\n<td style=\"width: 731.3333740234375px; height: 22px; background-color: #92de9c;\" bgcolor=\"#009900\">Por mayor\u00a0informaci\u00f3n\u00a0y reservacion \u00a0 \u00a0 \u00a0 \u00a0 \u00a0 \u00a0\u00a0<strong>Contactarnos<\/strong><\/td>\n<\/tr>\n<\/tbody>\n<\/table>\n","protected":false},"excerpt":{"rendered":"<p>Loma de Tiscapa \u00a0Parque Hist\u00f3rico Nacional El Parque Hist\u00f3rico Nacional de Tiscapa tiene m\u00e1s que ofrecer. El sitio tiene una historia interesante. &nbsp; &nbsp; La laguna por s\u00ed sola mide casi 15 hect\u00e1reas y se form\u00f3 hace 10,000 a\u00f1os como cr\u00e1ter de un volc\u00e1n ya extinto. &nbsp; &nbsp; Antes de la conquista de los espa\u00f1oles, [&hellip;]<\/p>\n","protected":false},"author":2,"featured_media":0,"parent":0,"menu_order":0,"comment_status":"closed","ping_status":"closed","template":"","meta":{"footnotes":""},"_links":{"self":[{"href":"https:\/\/nicaragua-travel-guide.com\/site\/wp-json\/wp\/v2\/pages\/6352"}],"collection":[{"href":"https:\/\/nicaragua-travel-guide.com\/site\/wp-json\/wp\/v2\/pages"}],"about":[{"href":"https:\/\/nicaragua-travel-guide.com\/site\/wp-json\/wp\/v2\/types\/page"}],"author":[{"embeddable":true,"href":"https:\/\/nicaragua-travel-guide.com\/site\/wp-json\/wp\/v2\/users\/2"}],"replies":[{"embeddable":true,"href":"https:\/\/nicaragua-travel-guide.com\/site\/wp-json\/wp\/v2\/comments?post=6352"}],"version-history":[{"count":7,"href":"https:\/\/nicaragua-travel-guide.com\/site\/wp-json\/wp\/v2\/pages\/6352\/revisions"}],"predecessor-version":[{"id":12953,"href":"https:\/\/nicaragua-travel-guide.com\/site\/wp-json\/wp\/v2\/pages\/6352\/revisions\/12953"}],"wp:attachment":[{"href":"https:\/\/nicaragua-travel-guide.com\/site\/wp-json\/wp\/v2\/media?parent=6352"}],"curies":[{"name":"wp","href":"https:\/\/api.w.org\/{rel}","templated":true}]}}