{"id":6355,"date":"2016-07-09T19:15:57","date_gmt":"2016-07-09T19:15:57","guid":{"rendered":"http:\/\/nicaragua-travel-guide.com\/site\/?page_id=6355"},"modified":"2016-08-21T19:31:05","modified_gmt":"2016-08-21T19:31:05","slug":"managua-el-crucero-visita-guiada-finca-cafetalera-las-delicias-eco-albergue-y-actividades","status":"publish","type":"page","link":"https:\/\/nicaragua-travel-guide.com\/site\/managua-el-crucero-visita-guiada-finca-cafetalera-las-delicias-eco-albergue-y-actividades\/","title":{"rendered":"Managua El Crucero visita guiada  \u00abFinca Cafetalera Las Delicias\u00bb Eco albergue y actividades"},"content":{"rendered":"<table style=\"width: 1009px;\" border=\"0\">\n<tbody>\n<tr style=\"height: 24px;\">\n<td style=\"height: 24px; width: 1006px;\" valign=\"top\" bgcolor=\"#009933\"><img loading=\"lazy\" decoding=\"async\" class=\"alignnone wp-image-11845\" src=\"http:\/\/nicaragua-travel-guide.com\/site\/wp-content\/uploads\/2016\/07\/fincalasdelliciasheader.jpg\" alt=\"fincalasdelliciasheader\" width=\"1025\" height=\"345\" srcset=\"https:\/\/nicaragua-travel-guide.com\/site\/wp-content\/uploads\/2016\/07\/fincalasdelliciasheader.jpg 1025w, https:\/\/nicaragua-travel-guide.com\/site\/wp-content\/uploads\/2016\/07\/fincalasdelliciasheader-600x202.jpg 600w\" sizes=\"(max-width: 1025px) 100vw, 1025px\" \/><\/td>\n<\/tr>\n<tr style=\"height: 28px;\">\n<td style=\"height: 28px; width: 1006px;\" valign=\"top\" bgcolor=\"#009933\">\n<table style=\"width: 1003.13px;\">\n<tbody>\n<tr>\n<td style=\"width: 199px;\">Alojamiento<\/td>\n<td style=\"width: 145px;\" bgcolor=\"#00CC99\">Caba\u00f1as<\/td>\n<td style=\"width: 156px;\">Campamento<\/td>\n<td style=\"width: 175px;\" bgcolor=\"#00CC99\">Senderismo<\/td>\n<td style=\"width: 141px;\">Ay B<\/td>\n<td style=\"width: 153.129px;\" bgcolor=\"#00CC99\">Eventos<\/td>\n<\/tr>\n<\/tbody>\n<\/table>\n<\/td>\n<\/tr>\n<tr style=\"height: 21px;\">\n<td style=\"height: 21px; width: 1006px;\" valign=\"top\" bgcolor=\"#FFFFFF\">En las Alturas del Crucero \u00b4Donde el cielo se une con la tierra\u00a8<\/td>\n<\/tr>\n<tr style=\"height: 318px;\">\n<td style=\"height: 318px; width: 1006px;\" valign=\"top\" bgcolor=\"#FFFFFF\">El municipio de El Crucero est\u00e1 muy cerca de la ciudad de Managua, y se llega a \u00e9l a trav\u00e9s de la carretera sur. El camino es por s\u00ed solo un espect\u00e1culo de naturaleza, ya que combina el verdor de la vegetaci\u00f3n aleda\u00f1a con lindas vistas de los alrededores. El Crucero est\u00e1 localizado en una elevaci\u00f3n de unos 900 metros y es debido a su altura que el clima es fresco y ventoso, el cual refresca a sus habitantes. A pesar de estar menos de 30 minutos de Managua, el clima de El Crucero es totalmente distinto.<\/p>\n<p>Los bosques y su vegetaci\u00f3n le dan a la regi\u00f3n de El Crucero una imagen muy natural. Tambi\u00e9n como consecuencia de la altura, en El Crucero hay bastante presencia de nubes y neblinas, que aunque no est\u00e1n siempre presentes, le dan al lugar una imagen parecida a la de los bosques nublados. Este tipo de habitad se encuentra en pocos lugares del Pac\u00edfico. Otro tipo de ecosistema \u00fanico del lugar se puede encontrar en la parte sur del municipio, donde soplan vientos con azufre emitidos por el volc\u00e1n Masaya, lo cual limita la posibilidad de crecimientos de ciertas plantas y \u00e1rboles. Como resultado, hay una gran parte de la zona donde s\u00f3lo puede crecer vegetaci\u00f3n poco alta, como la grama.<\/p>\n<p>Hay un buen mirador en El Crucero, que ofrece una linda vista de las monta\u00f1as cubiertas de \u00e1rboles de los alrededores y del casco urbano de Managua. Este mirador es conocido como Las Nubes y se pueden encontrar m\u00e1s detalles en la Gu\u00eda de Actividades.<\/td>\n<\/tr>\n<tr style=\"height: 16.66668701171875px;\">\n<td style=\"height: 16.66668701171875px; width: 1006px;\" valign=\"top\" bgcolor=\"#FFFFFF\"><img loading=\"lazy\" decoding=\"async\" class=\"alignnone size-full wp-image-11859\" src=\"http:\/\/nicaragua-travel-guide.com\/site\/wp-content\/uploads\/2016\/07\/haciendacafetaleralasdelicias.jpg\" alt=\"haciendacafetaleralasdelicias\" width=\"1025\" height=\"345\" srcset=\"https:\/\/nicaragua-travel-guide.com\/site\/wp-content\/uploads\/2016\/07\/haciendacafetaleralasdelicias.jpg 1025w, https:\/\/nicaragua-travel-guide.com\/site\/wp-content\/uploads\/2016\/07\/haciendacafetaleralasdelicias-600x202.jpg 600w\" sizes=\"(max-width: 1025px) 100vw, 1025px\" \/><\/td>\n<\/tr>\n<tr style=\"height: 21px;\">\n<td style=\"height: 21px; width: 1006px;\" valign=\"top\" bgcolor=\"#336600\"><\/td>\n<\/tr>\n<tr style=\"height: 24px;\">\n<td style=\"height: 24px; width: 1006px;\" valign=\"top\" bgcolor=\"#FFFFFF\"><img loading=\"lazy\" decoding=\"async\" class=\"alignnone size-medium wp-image-11854\" src=\"http:\/\/nicaragua-travel-guide.com\/site\/wp-content\/uploads\/2016\/07\/fincalasdeliciasrecepcion.jpg\" alt=\"fincalasdeliciasrecepcion\" width=\"1025\" height=\"345\" srcset=\"https:\/\/nicaragua-travel-guide.com\/site\/wp-content\/uploads\/2016\/07\/fincalasdeliciasrecepcion.jpg 1025w, https:\/\/nicaragua-travel-guide.com\/site\/wp-content\/uploads\/2016\/07\/fincalasdeliciasrecepcion-600x202.jpg 600w\" sizes=\"(max-width: 1025px) 100vw, 1025px\" \/><\/td>\n<\/tr>\n<tr style=\"height: 21px;\">\n<td style=\"height: 21px; width: 1006px;\" valign=\"top\" bgcolor=\"#336600\"><\/td>\n<\/tr>\n<tr style=\"height: 14px;\">\n<td style=\"height: 14px; width: 1006px;\" valign=\"top\" bgcolor=\"#FFFFFF\"><img loading=\"lazy\" decoding=\"async\" class=\"alignnone size-medium wp-image-11851\" src=\"http:\/\/nicaragua-travel-guide.com\/site\/wp-content\/uploads\/2016\/07\/fincalasdeliciaspanoramacerrosenderismo.jpg\" alt=\"fincalasdeliciaspanoramacerrosenderismo\" width=\"1025\" height=\"345\" srcset=\"https:\/\/nicaragua-travel-guide.com\/site\/wp-content\/uploads\/2016\/07\/fincalasdeliciaspanoramacerrosenderismo.jpg 1025w, https:\/\/nicaragua-travel-guide.com\/site\/wp-content\/uploads\/2016\/07\/fincalasdeliciaspanoramacerrosenderismo-600x202.jpg 600w\" sizes=\"(max-width: 1025px) 100vw, 1025px\" \/><\/td>\n<\/tr>\n<tr style=\"height: 21px;\">\n<td style=\"height: 21px; width: 1006px;\" valign=\"top\" bgcolor=\"#336600\"><\/td>\n<\/tr>\n<tr style=\"height: 15px;\">\n<td style=\"height: 15px; width: 1006px;\" valign=\"top\" bgcolor=\"#FFFFFF\"><img loading=\"lazy\" decoding=\"async\" class=\"alignnone size-medium wp-image-11855\" src=\"http:\/\/nicaragua-travel-guide.com\/site\/wp-content\/uploads\/2016\/07\/fincalasdeliciasreservadeaguavert.jpg\" alt=\"fincalasdeliciasreservadeaguavert\" width=\"1025\" height=\"345\" srcset=\"https:\/\/nicaragua-travel-guide.com\/site\/wp-content\/uploads\/2016\/07\/fincalasdeliciasreservadeaguavert.jpg 1025w, https:\/\/nicaragua-travel-guide.com\/site\/wp-content\/uploads\/2016\/07\/fincalasdeliciasreservadeaguavert-600x202.jpg 600w\" sizes=\"(max-width: 1025px) 100vw, 1025px\" \/><\/td>\n<\/tr>\n<tr style=\"height: 21px;\">\n<td style=\"height: 21px; width: 1006px;\" valign=\"top\" bgcolor=\"#336633\"><\/td>\n<\/tr>\n<tr style=\"height: 19px;\">\n<td style=\"height: 19px; width: 1006px;\" valign=\"top\" bgcolor=\"#FFFFFF\"><img loading=\"lazy\" decoding=\"async\" class=\"alignnone size-medium wp-image-11856\" src=\"http:\/\/nicaragua-travel-guide.com\/site\/wp-content\/uploads\/2016\/07\/fincalasdeliciasreservadeaguavertienteagua.jpg\" alt=\"fincalasdeliciasreservadeaguavertienteagua\" width=\"1025\" height=\"345\" srcset=\"https:\/\/nicaragua-travel-guide.com\/site\/wp-content\/uploads\/2016\/07\/fincalasdeliciasreservadeaguavertienteagua.jpg 1025w, https:\/\/nicaragua-travel-guide.com\/site\/wp-content\/uploads\/2016\/07\/fincalasdeliciasreservadeaguavertienteagua-600x202.jpg 600w\" sizes=\"(max-width: 1025px) 100vw, 1025px\" \/><\/td>\n<\/tr>\n<tr style=\"height: 21px;\">\n<td style=\"height: 21px; width: 1006px;\" valign=\"top\" bgcolor=\"#336600\"><\/td>\n<\/tr>\n<tr style=\"height: 19px;\">\n<td style=\"height: 19px; width: 1006px;\" valign=\"top\" bgcolor=\"#FFFFFF\"><img loading=\"lazy\" decoding=\"async\" class=\"alignnone size-medium wp-image-11857\" src=\"http:\/\/nicaragua-travel-guide.com\/site\/wp-content\/uploads\/2016\/07\/fincalasdeliciassenderismocueva.jpg\" alt=\"fincalasdeliciassenderismocueva\" width=\"1025\" height=\"345\" srcset=\"https:\/\/nicaragua-travel-guide.com\/site\/wp-content\/uploads\/2016\/07\/fincalasdeliciassenderismocueva.jpg 1025w, https:\/\/nicaragua-travel-guide.com\/site\/wp-content\/uploads\/2016\/07\/fincalasdeliciassenderismocueva-600x202.jpg 600w\" sizes=\"(max-width: 1025px) 100vw, 1025px\" \/><\/td>\n<\/tr>\n<tr style=\"height: 21px;\">\n<td style=\"height: 21px; width: 1006px;\" bgcolor=\"#336633\"><\/td>\n<\/tr>\n<tr style=\"height: 22px;\">\n<td style=\"height: 22px; width: 1006px;\" bgcolor=\"#336633\"><img loading=\"lazy\" decoding=\"async\" class=\"alignnone size-medium wp-image-11849\" src=\"http:\/\/nicaragua-travel-guide.com\/site\/wp-content\/uploads\/2016\/07\/fincalasdeliciasfauna.jpg\" alt=\"fincalasdeliciasfauna\" width=\"1025\" height=\"345\" srcset=\"https:\/\/nicaragua-travel-guide.com\/site\/wp-content\/uploads\/2016\/07\/fincalasdeliciasfauna.jpg 1025w, https:\/\/nicaragua-travel-guide.com\/site\/wp-content\/uploads\/2016\/07\/fincalasdeliciasfauna-600x202.jpg 600w\" sizes=\"(max-width: 1025px) 100vw, 1025px\" \/><\/td>\n<\/tr>\n<tr style=\"height: 21px;\">\n<td style=\"height: 21px; width: 1006px;\" bgcolor=\"#336633\"><\/td>\n<\/tr>\n<tr style=\"height: 22px;\">\n<td style=\"height: 22px; width: 1006px;\" bgcolor=\"#FFFFFF\"><img loading=\"lazy\" decoding=\"async\" class=\"alignnone size-medium wp-image-11847\" src=\"http:\/\/nicaragua-travel-guide.com\/site\/wp-content\/uploads\/2016\/07\/fincalasdeliciascafetalsendero.jpg\" alt=\"fincalasdeliciascafetalsendero\" width=\"1025\" height=\"345\" srcset=\"https:\/\/nicaragua-travel-guide.com\/site\/wp-content\/uploads\/2016\/07\/fincalasdeliciascafetalsendero.jpg 1025w, https:\/\/nicaragua-travel-guide.com\/site\/wp-content\/uploads\/2016\/07\/fincalasdeliciascafetalsendero-600x202.jpg 600w\" sizes=\"(max-width: 1025px) 100vw, 1025px\" \/><\/td>\n<\/tr>\n<tr style=\"height: 21px;\">\n<td style=\"height: 21px; width: 1006px;\" bgcolor=\"#336600\"><\/td>\n<\/tr>\n<tr style=\"height: 20px;\">\n<td style=\"height: 20px; width: 1006px;\" bgcolor=\"#FFFFFF\"><img loading=\"lazy\" decoding=\"async\" class=\"alignnone size-medium wp-image-11848\" src=\"http:\/\/nicaragua-travel-guide.com\/site\/wp-content\/uploads\/2016\/07\/fincalasdeliciascampamento.jpg\" alt=\"fincalasdeliciascampamento\" width=\"1025\" height=\"345\" srcset=\"https:\/\/nicaragua-travel-guide.com\/site\/wp-content\/uploads\/2016\/07\/fincalasdeliciascampamento.jpg 1025w, https:\/\/nicaragua-travel-guide.com\/site\/wp-content\/uploads\/2016\/07\/fincalasdeliciascampamento-600x202.jpg 600w\" sizes=\"(max-width: 1025px) 100vw, 1025px\" \/><\/td>\n<\/tr>\n<tr style=\"height: 21px;\">\n<td style=\"height: 21px; width: 1006px;\" bgcolor=\"#336600\"><\/td>\n<\/tr>\n<tr style=\"height: 11px;\">\n<td style=\"height: 11px; width: 1006px;\" bgcolor=\"#FFFFFF\"><img loading=\"lazy\" decoding=\"async\" class=\"alignnone size-medium wp-image-11850\" src=\"http:\/\/nicaragua-travel-guide.com\/site\/wp-content\/uploads\/2016\/07\/fincalasdeliciaspanoramacerros.jpg\" alt=\"fincalasdeliciaspanoramacerros\" width=\"1025\" height=\"345\" srcset=\"https:\/\/nicaragua-travel-guide.com\/site\/wp-content\/uploads\/2016\/07\/fincalasdeliciaspanoramacerros.jpg 1025w, https:\/\/nicaragua-travel-guide.com\/site\/wp-content\/uploads\/2016\/07\/fincalasdeliciaspanoramacerros-600x202.jpg 600w\" sizes=\"(max-width: 1025px) 100vw, 1025px\" \/><\/td>\n<\/tr>\n<tr style=\"height: 21px;\">\n<td style=\"height: 21px; width: 1006px;\" bgcolor=\"#336600\"><\/td>\n<\/tr>\n<tr style=\"height: 18px;\">\n<td style=\"height: 18px; width: 1006px;\" bgcolor=\"#FFFFFF\"><img loading=\"lazy\" decoding=\"async\" class=\"alignnone size-medium wp-image-11852\" src=\"http:\/\/nicaragua-travel-guide.com\/site\/wp-content\/uploads\/2016\/07\/fincalasdeliciaspanoramamomotombo.jpg\" alt=\"fincalasdeliciaspanoramamomotombo\" width=\"1025\" height=\"345\" srcset=\"https:\/\/nicaragua-travel-guide.com\/site\/wp-content\/uploads\/2016\/07\/fincalasdeliciaspanoramamomotombo.jpg 1025w, https:\/\/nicaragua-travel-guide.com\/site\/wp-content\/uploads\/2016\/07\/fincalasdeliciaspanoramamomotombo-600x202.jpg 600w\" sizes=\"(max-width: 1025px) 100vw, 1025px\" \/><\/td>\n<\/tr>\n<tr style=\"height: 21px;\">\n<td style=\"height: 21px; width: 1006px;\" bgcolor=\"#336600\"><\/td>\n<\/tr>\n<tr style=\"height: 14px;\">\n<td style=\"height: 14px; width: 1006px;\" bgcolor=\"#FFFFFF\"><img loading=\"lazy\" decoding=\"async\" class=\"alignnone size-medium wp-image-11853\" src=\"http:\/\/nicaragua-travel-guide.com\/site\/wp-content\/uploads\/2016\/07\/fincalasdeliciaspanoramamomotomboactivotarde.jpg\" alt=\"fincalasdeliciaspanoramamomotomboactivotarde\" width=\"1025\" height=\"345\" srcset=\"https:\/\/nicaragua-travel-guide.com\/site\/wp-content\/uploads\/2016\/07\/fincalasdeliciaspanoramamomotomboactivotarde.jpg 1025w, https:\/\/nicaragua-travel-guide.com\/site\/wp-content\/uploads\/2016\/07\/fincalasdeliciaspanoramamomotomboactivotarde-600x202.jpg 600w\" sizes=\"(max-width: 1025px) 100vw, 1025px\" \/><\/td>\n<\/tr>\n<tr style=\"height: 21px;\">\n<td style=\"height: 21px; width: 1006px;\" bgcolor=\"#336600\"><\/td>\n<\/tr>\n<tr style=\"height: 10px;\">\n<td style=\"height: 10px; width: 1006px;\" bgcolor=\"#FFFFFF\"><img loading=\"lazy\" decoding=\"async\" class=\"alignnone size-medium wp-image-11846\" src=\"http:\/\/nicaragua-travel-guide.com\/site\/wp-content\/uploads\/2016\/07\/fincalasdeliciasboosquethumedo.jpg\" alt=\"fincalasdeliciasboosquethumedo\" width=\"1025\" height=\"345\" srcset=\"https:\/\/nicaragua-travel-guide.com\/site\/wp-content\/uploads\/2016\/07\/fincalasdeliciasboosquethumedo.jpg 1025w, https:\/\/nicaragua-travel-guide.com\/site\/wp-content\/uploads\/2016\/07\/fincalasdeliciasboosquethumedo-600x202.jpg 600w\" sizes=\"(max-width: 1025px) 100vw, 1025px\" \/><\/td>\n<\/tr>\n<tr style=\"height: 21px;\">\n<td style=\"height: 21px; width: 1006px;\" bgcolor=\"#336600\">Por mayor informaci\u00f3n y reservaci\u00f3n Contactarnos<\/td>\n<\/tr>\n<\/tbody>\n<\/table>\n","protected":false},"excerpt":{"rendered":"<p>Alojamiento Caba\u00f1as Campamento Senderismo Ay B Eventos En las Alturas del Crucero \u00b4Donde el cielo se une con la tierra\u00a8 El municipio de El Crucero est\u00e1 muy cerca de la ciudad de Managua, y se llega a \u00e9l a trav\u00e9s de la carretera sur. El camino es por s\u00ed solo un espect\u00e1culo de naturaleza, ya [&hellip;]<\/p>\n","protected":false},"author":2,"featured_media":0,"parent":0,"menu_order":0,"comment_status":"closed","ping_status":"closed","template":"","meta":{"footnotes":""},"_links":{"self":[{"href":"https:\/\/nicaragua-travel-guide.com\/site\/wp-json\/wp\/v2\/pages\/6355"}],"collection":[{"href":"https:\/\/nicaragua-travel-guide.com\/site\/wp-json\/wp\/v2\/pages"}],"about":[{"href":"https:\/\/nicaragua-travel-guide.com\/site\/wp-json\/wp\/v2\/types\/page"}],"author":[{"embeddable":true,"href":"https:\/\/nicaragua-travel-guide.com\/site\/wp-json\/wp\/v2\/users\/2"}],"replies":[{"embeddable":true,"href":"https:\/\/nicaragua-travel-guide.com\/site\/wp-json\/wp\/v2\/comments?post=6355"}],"version-history":[{"count":5,"href":"https:\/\/nicaragua-travel-guide.com\/site\/wp-json\/wp\/v2\/pages\/6355\/revisions"}],"predecessor-version":[{"id":11860,"href":"https:\/\/nicaragua-travel-guide.com\/site\/wp-json\/wp\/v2\/pages\/6355\/revisions\/11860"}],"wp:attachment":[{"href":"https:\/\/nicaragua-travel-guide.com\/site\/wp-json\/wp\/v2\/media?parent=6355"}],"curies":[{"name":"wp","href":"https:\/\/api.w.org\/{rel}","templated":true}]}}