{"id":6368,"date":"2016-07-09T20:08:56","date_gmt":"2016-07-09T20:08:56","guid":{"rendered":"http:\/\/nicaragua-travel-guide.com\/site\/?page_id=6368"},"modified":"2016-08-13T16:25:54","modified_gmt":"2016-08-13T16:25:54","slug":"volcan-masaya-parque-nacional-visitas-guiadas","status":"publish","type":"page","link":"https:\/\/nicaragua-travel-guide.com\/site\/volcan-masaya-parque-nacional-visitas-guiadas\/","title":{"rendered":"Volc\u00e1n Masaya Parque Nacional visitas guiadas"},"content":{"rendered":"<table border=\"0\" width=\"1011\">\n<tbody>\n<tr style=\"height: 343px;\">\n<td style=\"height: 343px;\" bgcolor=\"#FFFFFF\"><img loading=\"lazy\" decoding=\"async\" class=\"alignnone size-full wp-image-10810\" src=\"http:\/\/nicaragua-travel-guide.com\/site\/wp-content\/uploads\/2016\/07\/volcanmasayatres-1.jpg\" alt=\"volcanmasayatres\" width=\"1025\" height=\"345\" srcset=\"https:\/\/nicaragua-travel-guide.com\/site\/wp-content\/uploads\/2016\/07\/volcanmasayatres-1.jpg 1025w, https:\/\/nicaragua-travel-guide.com\/site\/wp-content\/uploads\/2016\/07\/volcanmasayatres-1-600x202.jpg 600w\" sizes=\"(max-width: 1025px) 100vw, 1025px\" \/><\/td>\n<\/tr>\n<tr style=\"height: 28px;\">\n<td style=\"height: 28px;\" bgcolor=\"#FFFF00\">\n<table border=\"0\" width=\"1006\">\n<tbody>\n<tr>\n<td bgcolor=\"#FF6600\" width=\"1000\">Volc\u00e1n Masaya \u00a0 \u00a0 \u00a0 \u00a0 \u00a0 \u00a0 visitas guiadas \u00a0 \u00a0 \u00a0 \u00a0 \u00a0 \u00a0 \u00a0 \u00a0Ruta Colonial y de los Volcanes<\/td>\n<\/tr>\n<\/tbody>\n<\/table>\n<\/td>\n<\/tr>\n<tr style=\"height: 493px;\">\n<td style=\"height: 493px;\" valign=\"top\" bgcolor=\"#FFFFFF\" width=\"1005\">\n<h2>Informaci\u00f3n General<\/h2>\n<h2>Descripci\u00f3n:<\/h2>\n<h2>El Parque Nacional Volc\u00e1n Masaya comprende un \u00e1rea de 54 km\u00b2 que incluye dos volcanes y cinco cr\u00e1teres. Los volcanes han hecho erupci\u00f3n en variadas ocasiones y antiguamente atemorizaron a ind\u00edgenas y conquistadores espa\u00f1oles. Los espa\u00f1oles bautizaron al volc\u00e1n activo \u00abLa Boca del Infierno\u00bb. En el siglo 16 pusieron una cruz,<strong> \u00abLa Cruz de Bobadilla\u00bb <\/strong>(por el Padre Francisco Bobadilla), en la boca del cr\u00e1ter para exorcizar al demonio.<\/h2>\n<p>Las erupciones han tenido un impacto dram\u00e1tico en los alrededores. Rocas volc\u00e1nicas todav\u00eda cubren los alrededores. La naturaleza es un poco tosca, sin embargo, pac\u00edfica. Diferentes tipos de vegetaci\u00f3n aparecieron despu\u00e9s de las erupciones. El parque est\u00e1 habitado por varios tipos de animales. La vida silvestre del parque incluye coyotes, mofetas, mapaches, zarig\u00fceyas, iguanas, venados y monos.<\/p>\n<p>Los visitantes pueden observar el cr\u00e1ter desde las orillar del volc\u00e1n. Siempre hay humo saliendo de \u00e9l. Desde \u00e9ste cr\u00e1ter puede llegar hasta otros. Aseg\u00farese de caminar un poco de puntillas para observar el humo saliente y las vistas magnificas. Hay muchos otros caminos que lo llevaran a los otros cr\u00e1teres o a la cueva de Tzinaconostoc en donde hay cientos de nidos de murci\u00e9lagos. Los caminos var\u00edan en distancia entre 1.4 y 5.9 kil\u00f3metros, y los visitantes son acompa\u00f1ados por gu\u00edas. Los precios son por persona.<\/p>\n<p>En el camino hacia la subida podemos visitar un museo bien acondicionado y muy interesante, que ofrece informaci\u00f3n sobre el volc\u00e1n Masaya, as\u00ed como de otros volcanes de otras zonas del pa\u00eds y sus procesos geol\u00f3gicos. Adem\u00e1s hay mucha informaci\u00f3n sobre la flora y fauna del parque.<\/p>\n<p><strong>\u00abNuestros Tours\u00bb<\/strong><\/td>\n<\/tr>\n<tr style=\"height: 40px;\">\n<td style=\"height: 40px;\" bgcolor=\"#FFFF00\"><img loading=\"lazy\" decoding=\"async\" class=\"alignnone size-full wp-image-10805\" src=\"http:\/\/nicaragua-travel-guide.com\/site\/wp-content\/uploads\/2016\/07\/volcanmasayamicrobus-1.jpg\" alt=\"volcanmasayamicrobus\" width=\"1025\" height=\"345\" srcset=\"https:\/\/nicaragua-travel-guide.com\/site\/wp-content\/uploads\/2016\/07\/volcanmasayamicrobus-1.jpg 1025w, https:\/\/nicaragua-travel-guide.com\/site\/wp-content\/uploads\/2016\/07\/volcanmasayamicrobus-1-600x202.jpg 600w\" sizes=\"(max-width: 1025px) 100vw, 1025px\" \/><\/td>\n<\/tr>\n<tr style=\"height: 21px;\">\n<td style=\"height: 21px;\" bgcolor=\"#FF6600\"><a href=\"http:\/\/nicaragua-travel-guide.com\/site\/volcan-masaya-medio-dia-4-horas-a-su-eleccion\/\"><strong>Volc\u00e1n Masaya \u00a0ruta guiada a su elecci\u00f3n \u00a0por la ma\u00f1ana<\/strong><\/a><\/p>\n<p>Desde las \u00a08:00 am hasta la \u00a01:00 pm \u00a0 \u00a0 \u00a0 \u00a0 \u00a0 \u00a0 \u00a0Despues del \u00a0medio d\u00eda: 4 horas<\/td>\n<\/tr>\n<tr style=\"height: 21px;\">\n<td style=\"height: 21px;\" bgcolor=\"#FF6600\"><a href=\"http:\/\/nicaragua-travel-guide.com\/site\/volcan-masaya-visit-after-lunch-from-200-pm-until-600-pm\/\"><strong>Volc\u00e1n Masaya ruta guiada \u00a0despu\u00e9s del almuerzo.<\/strong> \u00a0<\/a><\/p>\n<p>Desde las \u00a0\u00a02:00 pm \u00a0hasta las 6:00 pm \u00abPuesta del Sol\u00bb<\/td>\n<\/tr>\n<tr style=\"height: 21px;\">\n<td style=\"height: 21px;\" bgcolor=\"#FFCC00\">Volcan Masaya:Tours de Tarde con Puesta del Sol desde las 3:00 pm hasta las 5:00 pm<\/td>\n<\/tr>\n<tr style=\"height: 21px;\">\n<td style=\"height: 21px;\" bgcolor=\"#FF6600\"><strong><a href=\"http:\/\/nicaragua-travel-guide.com\/site\/volcan-masaya-tour-tarde-con-la-puesta-del-sol-y-la-cueva-de-los-murcielagos-desde-las-300pm-hasta-las-700pm\/\">Volc\u00e1n Masaya visita guiada por la tarde con la puesta del sol y la \u00a0noche<\/a> <\/strong>\u00a0\u00abBats Cave\u00bb<\/p>\n<p>Desde las 3:00pm hasta las 7:00pm \u00a0\u00a0(con veh\u00edculo privado opcional)<\/td>\n<\/tr>\n<tr style=\"height: 21px;\">\n<td style=\"height: 21px;\" bgcolor=\"#FF6600\"><img loading=\"lazy\" decoding=\"async\" class=\"alignnone size-full wp-image-10821\" src=\"http:\/\/nicaragua-travel-guide.com\/site\/wp-content\/uploads\/2016\/07\/headervolcanmasayatourdetardemuseoycrateractivo-1.jpg\" alt=\"headervolcanmasayatourdetardemuseoycrateractivo\" width=\"1025\" height=\"345\" srcset=\"https:\/\/nicaragua-travel-guide.com\/site\/wp-content\/uploads\/2016\/07\/headervolcanmasayatourdetardemuseoycrateractivo-1.jpg 1025w, https:\/\/nicaragua-travel-guide.com\/site\/wp-content\/uploads\/2016\/07\/headervolcanmasayatourdetardemuseoycrateractivo-1-600x202.jpg 600w\" sizes=\"(max-width: 1025px) 100vw, 1025px\" \/><\/td>\n<\/tr>\n<tr style=\"height: 21px;\">\n<td style=\"height: 21px;\" bgcolor=\"#FF6600\"><strong><a href=\"http:\/\/nicaragua-travel-guide.com\/site\/volcan-masaya-combinado-con-el-mercado-de-artesania-tour-nocturno\/\">Volc\u00e1n Masaya visita \u00a0nocturna guiada \u00a0COMBO con el mercado de artesan\u00eda.<\/a>\u00a0<\/strong><\/p>\n<p><strong>\u00abJueves de Verbena\u00bb con transporte a su elecci\u00f3n.\u00a0(6:00-10:00 pm)<\/strong><\/td>\n<\/tr>\n<tr style=\"height: 18px;\">\n<td style=\"height: 18px;\" bgcolor=\"#FFFF00\"><img loading=\"lazy\" decoding=\"async\" class=\"alignnone size-full wp-image-10798\" src=\"http:\/\/nicaragua-travel-guide.com\/site\/wp-content\/uploads\/2016\/07\/volcanmasayaentradaguiadatarde.jpg\" alt=\"volcanmasayaentradaguiadatarde\" width=\"1025\" height=\"345\" srcset=\"https:\/\/nicaragua-travel-guide.com\/site\/wp-content\/uploads\/2016\/07\/volcanmasayaentradaguiadatarde.jpg 1025w, https:\/\/nicaragua-travel-guide.com\/site\/wp-content\/uploads\/2016\/07\/volcanmasayaentradaguiadatarde-600x202.jpg 600w\" sizes=\"(max-width: 1025px) 100vw, 1025px\" \/><\/td>\n<\/tr>\n<tr style=\"height: 21px;\">\n<td style=\"height: 21px;\" bgcolor=\"#FF6600\"><strong>Tour Nocturno desde las 4:00 pm hasta las 7:30 pm<\/strong><\/td>\n<\/tr>\n<tr style=\"height: 397px;\">\n<td style=\"height: 397px;\" valign=\"top\" bgcolor=\"#FFFFFF\"><strong>Comienza este tour en el\u00a0\u00e1rea\u00a0del parqueo justo\u00a0despu\u00e9s\u00a0de la puesta del sol,<\/strong><\/p>\n<ul>\n<li><strong>Subiremos 177 escalones al mirador de la Cruz de Bobadilla, que presenta una vista hacia el\u00a0cr\u00e1ter\u00a0del volc\u00e1n y los\u00a0alrededores. Despu\u00e9s de esto, sigue con la observaci\u00f3n de chocoyos, que regresan al\u00a0volc\u00e1n\u00a0a descansar. Estos p\u00e1jaros son\u00a0muy curiosos porque se han adaptado al humo del volc\u00e1n, y de hecho viven en las paredes del cr\u00e1ter. Durante el d\u00eda pasan fuera buscando alimentos, pero cerca de la puesta del sol regresan a sus nidos, y aunque se espera poder verlos a esas horas, su llegada\u00a0podr\u00eda\u00a0variar, por lo que no se puede garantizar su avistamiento.<\/strong><\/li>\n<\/ul>\n<ul>\n<li><strong>La segunda atracci\u00f3n de este tour es mirar una gran cantidad de murci\u00e9lagos que salen en grupo de su cueva. \u00a1Otro gran espect\u00e1culo de la naturaleza! \u00c9stos murci\u00e9lagos tambi\u00e9n pueden ser vistos durante el d\u00eda dentro de sus cuevas, pero solo durante la noche puede verseles salir masivamente.<\/strong><\/li>\n<\/ul>\n<ul>\n<li><strong>Despu\u00e9s caminaremos por el sendero bajando hacia la cueva de los\u00a0murci\u00e9lagos\u00a0es un t\u00fanel que fue formado por las corrientes de\u00a0lava de las erupciones. podemos entrar y observar las interesantes formaciones, equipados con casco y linterna. El tour termina con una visita al mirador, desde donde se puede ver el reflejo de la\u00a0incandescencia\u00a0de lava ardiente dentro\u00a0de la boca del cr\u00e1ter. Este intra\u00a0cr\u00e1ter\u00a0se form\u00f3 recientemente (a finales del a\u00f1o 2006) se encuentra al fondo, y solo puede apreciarse durante la noche, cuando las lava roja encendida ilumina los alrededores.<\/strong><\/li>\n<\/ul>\n<\/td>\n<\/tr>\n<tr style=\"height: 25px;\">\n<td style=\"height: 25px;\" bgcolor=\"#FFFF00\"><img loading=\"lazy\" decoding=\"async\" class=\"alignnone size-full wp-image-10789\" src=\"http:\/\/nicaragua-travel-guide.com\/site\/wp-content\/uploads\/2016\/07\/headervolcanmasayatournocturnomurcielagos.jpg\" alt=\"headervolcanmasayatournocturnomurcielagos\" width=\"1025\" height=\"345\" srcset=\"https:\/\/nicaragua-travel-guide.com\/site\/wp-content\/uploads\/2016\/07\/headervolcanmasayatournocturnomurcielagos.jpg 1025w, https:\/\/nicaragua-travel-guide.com\/site\/wp-content\/uploads\/2016\/07\/headervolcanmasayatournocturnomurcielagos-600x202.jpg 600w\" sizes=\"(max-width: 1025px) 100vw, 1025px\" \/><\/td>\n<\/tr>\n<tr style=\"height: 25px;\">\n<td style=\"height: 25px;\" bgcolor=\"#FF6600\"><strong>Preguntarnos el precio del tour nocturno por persona.<\/strong><\/td>\n<\/tr>\n<tr style=\"height: 71px;\">\n<td style=\"height: 71px;\" bgcolor=\"#FFFFFF\"><strong>Importante saber que para el tour nocturno se debe hacer una reservaci\u00f3n por lo menos con un d\u00eda de anticipaci\u00f3n. Las linternas, m\u00e1scaras y cascos son\u00a0prove\u00eddas\u00a0en el parque; por su parte, los visitantes deben traer ropa gruesa y agua.<\/strong><\/p>\n<p><strong>Salimos de\u00a0Granada\u00a0a las 3:00 pm todos los d\u00edas: Visitaremos el museo de parque y llegaremos al parque alrededor del\u00a0cr\u00e1ter\u00a0a\u00a0las\u00a05:00 pm saliendo del parque a las 7:30-8:00pm<\/strong><\/td>\n<\/tr>\n<tr style=\"height: 21px;\">\n<td style=\"height: 21px;\" bgcolor=\"#FF6600\"><strong>\u00a0<a href=\"http:\/\/nicaragua-travel-guide.com\/site\/tours\/volcan-masaya-parque-nacional-ciudad-y-pueblos-blancos\/\">*LES OFRECEMOS OTRAS RUTAS COMBINADAS \u00a0GUIADAS POR \u00a0MASAYA Y OTROS DESTINOS\u00a0TUR\u00cdSTICOS.\u00a0<\/a><\/strong><\/td>\n<\/tr>\n<tr style=\"height: 21px;\">\n<td style=\"height: 21px;\" bgcolor=\"#FF6600\"><strong><img loading=\"lazy\" decoding=\"async\" class=\"alignnone size-full wp-image-10820\" src=\"http:\/\/nicaragua-travel-guide.com\/site\/wp-content\/uploads\/2016\/07\/masayavolcanohalfdaytour-1.jpg\" alt=\"masayavolcanohalfdaytour\" width=\"1025\" height=\"345\" srcset=\"https:\/\/nicaragua-travel-guide.com\/site\/wp-content\/uploads\/2016\/07\/masayavolcanohalfdaytour-1.jpg 1025w, https:\/\/nicaragua-travel-guide.com\/site\/wp-content\/uploads\/2016\/07\/masayavolcanohalfdaytour-1-600x202.jpg 600w\" sizes=\"(max-width: 1025px) 100vw, 1025px\" \/><\/strong><\/td>\n<\/tr>\n<tr style=\"height: 21px;\">\n<td style=\"height: 21px;\" bgcolor=\"#FF6600\"><strong><a href=\"http:\/\/nicaragua-travel-guide.com\/site\/volcan-masaya-galeria-de-imagenes\/\">Galer\u00eda de Im\u00e1genes del Parque Nacional Volc\u00e1n Masaya<\/a><\/strong><\/td>\n<\/tr>\n<tr style=\"height: 21px;\">\n<td style=\"height: 21px;\" bgcolor=\"#FF6600\"><strong>Por mayor informaci\u00f3n y reservacion Contactarnos<\/strong><\/td>\n<\/tr>\n<\/tbody>\n<\/table>\n<p>&nbsp;<\/p>\n","protected":false},"excerpt":{"rendered":"<p>Volc\u00e1n Masaya \u00a0 \u00a0 \u00a0 \u00a0 \u00a0 \u00a0 visitas guiadas \u00a0 \u00a0 \u00a0 \u00a0 \u00a0 \u00a0 \u00a0 \u00a0Ruta Colonial y de los Volcanes Informaci\u00f3n General Descripci\u00f3n: El Parque Nacional Volc\u00e1n Masaya comprende un \u00e1rea de 54 km\u00b2 que incluye dos volcanes y cinco cr\u00e1teres. Los volcanes han hecho erupci\u00f3n en variadas ocasiones y antiguamente atemorizaron [&hellip;]<\/p>\n","protected":false},"author":2,"featured_media":0,"parent":0,"menu_order":0,"comment_status":"closed","ping_status":"closed","template":"","meta":{"footnotes":""},"_links":{"self":[{"href":"https:\/\/nicaragua-travel-guide.com\/site\/wp-json\/wp\/v2\/pages\/6368"}],"collection":[{"href":"https:\/\/nicaragua-travel-guide.com\/site\/wp-json\/wp\/v2\/pages"}],"about":[{"href":"https:\/\/nicaragua-travel-guide.com\/site\/wp-json\/wp\/v2\/types\/page"}],"author":[{"embeddable":true,"href":"https:\/\/nicaragua-travel-guide.com\/site\/wp-json\/wp\/v2\/users\/2"}],"replies":[{"embeddable":true,"href":"https:\/\/nicaragua-travel-guide.com\/site\/wp-json\/wp\/v2\/comments?post=6368"}],"version-history":[{"count":9,"href":"https:\/\/nicaragua-travel-guide.com\/site\/wp-json\/wp\/v2\/pages\/6368\/revisions"}],"predecessor-version":[{"id":10823,"href":"https:\/\/nicaragua-travel-guide.com\/site\/wp-json\/wp\/v2\/pages\/6368\/revisions\/10823"}],"wp:attachment":[{"href":"https:\/\/nicaragua-travel-guide.com\/site\/wp-json\/wp\/v2\/media?parent=6368"}],"curies":[{"name":"wp","href":"https:\/\/api.w.org\/{rel}","templated":true}]}}