{"id":6389,"date":"2016-07-10T00:02:42","date_gmt":"2016-07-10T00:02:42","guid":{"rendered":"http:\/\/nicaragua-travel-guide.com\/site\/?page_id=6389"},"modified":"2016-08-31T22:50:53","modified_gmt":"2016-08-31T22:50:53","slug":"managua-futbolmania-la-meca-del-futbol","status":"publish","type":"page","link":"https:\/\/nicaragua-travel-guide.com\/site\/managua-futbolmania-la-meca-del-futbol\/","title":{"rendered":"Managua Futbolmania la Meca del F\u00fatbol"},"content":{"rendered":"<table style=\"height: 706px; width: 1000px;\">\n<tbody>\n<tr style=\"height: 17px;\">\n<td style=\"width: 992px; height: 17px;\"><img loading=\"lazy\" decoding=\"async\" class=\"alignnone wp-image-12963\" src=\"http:\/\/nicaragua-travel-guide.com\/site\/wp-content\/uploads\/2016\/07\/la-meca-del-futbol-managua-tour-por-hora.jpg\" alt=\"la meca del futbol managua tour por hora\" width=\"993\" height=\"766\" \/><\/td>\n<\/tr>\n<tr style=\"height: 6px;\">\n<td style=\"width: 992px; height: 6px; background-color: #54d115;\">Futbolmania, Eventos en La Meca<\/td>\n<\/tr>\n<tr style=\"height: 249px;\">\n<td style=\"width: 992px; height: 249px; background-color: #daf7d7;\">Descripci\u00f3n:<\/p>\n<p>&nbsp;<\/p>\n<p>FUTBOLMANIA, La Meca del F\u00fatbol, cuenta con tres canchas de f\u00fatbol sala (5 contra 5) tama\u00f1o oficial, enmalladas y con iluminaci\u00f3n de estadio. \u00c9stas se puedan alquilar por hora y para juegos casuales o torneos de todo tipo.<\/p>\n<p>&nbsp;<\/p>\n<p>Las mismas son de grama artificial, por lo que son requeridos tacos de f\u00fatbol para jugar sobre ella.<\/p>\n<p>&nbsp;<\/p>\n<p>Hay un bar\/restaurante, llamado Champions, en donde tambi\u00e9n se hacen eventos de todo tipo.<\/p>\n<p>&nbsp;<\/p>\n<p>En el restaurante se pueden ver juegos deportivos internacionales en varias pantallas planas. Adem\u00e1s, es posible reservar para realizar desde pi\u00f1atas infantiles hasta reuniones empresariales.<\/p>\n<p>Futbolman\u00eda tambi\u00e9n cuenta con una Academia de F\u00fatbol para ni\u00f1os entre 3 y 14 a\u00f1os de edad.<\/td>\n<\/tr>\n<tr style=\"height: 22px;\">\n<td style=\"width: 992px; height: 22px;\"><img loading=\"lazy\" decoding=\"async\" class=\"alignnone wp-image-12964\" src=\"http:\/\/nicaragua-travel-guide.com\/site\/wp-content\/uploads\/2016\/07\/futbolmania-la-meca-managua.jpg\" alt=\"futbolmania la meca managua\" width=\"989\" height=\"554\" \/><\/td>\n<\/tr>\n<tr style=\"height: 22px;\">\n<td style=\"width: 992px; height: 22px; background-color: #daf7d7;\">La Academia funciona de lunes a viernes, de 3:00 pm a 6:00 pm.<\/p>\n<p>Adicionalmente, se ofrecen espacios publicitarios en las canchas y sobre la pista Jean Paul Genie.<\/p>\n<p>Alquilar las canchas una hora durante la ma\u00f1ana \u00a0(hasta las 11:59 am)<\/p>\n<ul>\n<li>a partir de las 12:00<\/li>\n<li>de las 5:00 pm en adelante<\/li>\n<\/ul>\n<p>Precios ya incluyen Impuestos.<\/p>\n<p>En este local desarrolla torneos todo el tiempo; constantemente hay entre dos y cinco torneos simult\u00e1neos.<\/p>\n<p>&nbsp;<\/p>\n<p>Horas de atenci\u00f3n: Abre todos los d\u00edas y se puede jugar a cualquier hora.<\/p>\n<p>&nbsp;<\/p>\n<p>Se \u00a0abre entre 8:00 am y 10:30 pm todos los d\u00edas, excepto los feriados.<\/p>\n<p>&nbsp;<\/p>\n<p>Luego de reservar durante las horas en que abre, \u00a0se puede jugar a cualquier hora que se desee.<\/td>\n<\/tr>\n<tr style=\"height: 22px;\">\n<td style=\"width: 992px; height: 22px; background-color: #26bd15;\">Por mayor informaci\u00f3n y reservaci\u00f3n <strong>Contactarnos<\/strong><\/td>\n<\/tr>\n<\/tbody>\n<\/table>\n","protected":false},"excerpt":{"rendered":"<p>Futbolmania, Eventos en La Meca Descripci\u00f3n: &nbsp; FUTBOLMANIA, La Meca del F\u00fatbol, cuenta con tres canchas de f\u00fatbol sala (5 contra 5) tama\u00f1o oficial, enmalladas y con iluminaci\u00f3n de estadio. \u00c9stas se puedan alquilar por hora y para juegos casuales o torneos de todo tipo. &nbsp; Las mismas son de grama artificial, por lo que [&hellip;]<\/p>\n","protected":false},"author":2,"featured_media":0,"parent":0,"menu_order":0,"comment_status":"closed","ping_status":"closed","template":"","meta":{"footnotes":""},"_links":{"self":[{"href":"https:\/\/nicaragua-travel-guide.com\/site\/wp-json\/wp\/v2\/pages\/6389"}],"collection":[{"href":"https:\/\/nicaragua-travel-guide.com\/site\/wp-json\/wp\/v2\/pages"}],"about":[{"href":"https:\/\/nicaragua-travel-guide.com\/site\/wp-json\/wp\/v2\/types\/page"}],"author":[{"embeddable":true,"href":"https:\/\/nicaragua-travel-guide.com\/site\/wp-json\/wp\/v2\/users\/2"}],"replies":[{"embeddable":true,"href":"https:\/\/nicaragua-travel-guide.com\/site\/wp-json\/wp\/v2\/comments?post=6389"}],"version-history":[{"count":4,"href":"https:\/\/nicaragua-travel-guide.com\/site\/wp-json\/wp\/v2\/pages\/6389\/revisions"}],"predecessor-version":[{"id":12966,"href":"https:\/\/nicaragua-travel-guide.com\/site\/wp-json\/wp\/v2\/pages\/6389\/revisions\/12966"}],"wp:attachment":[{"href":"https:\/\/nicaragua-travel-guide.com\/site\/wp-json\/wp\/v2\/media?parent=6389"}],"curies":[{"name":"wp","href":"https:\/\/api.w.org\/{rel}","templated":true}]}}