{"id":6391,"date":"2016-07-10T00:09:15","date_gmt":"2016-07-10T00:09:15","guid":{"rendered":"http:\/\/nicaragua-travel-guide.com\/site\/?page_id=6391"},"modified":"2016-08-31T21:22:14","modified_gmt":"2016-08-31T21:22:14","slug":"managua-paintball-game","status":"publish","type":"page","link":"https:\/\/nicaragua-travel-guide.com\/site\/managua-paintball-game\/","title":{"rendered":"Managua Paintball Game"},"content":{"rendered":"<table style=\"width: 1013px;\" border=\"0\">\n<tbody>\n<tr style=\"height: 17px;\">\n<td style=\"width: 513.42px; height: 17px;\" bgcolor=\"#009933\"><img loading=\"lazy\" decoding=\"async\" class=\"wp-image-12942 aligncenter\" src=\"http:\/\/nicaragua-travel-guide.com\/site\/wp-content\/uploads\/2016\/07\/nicaragua-travel-guide-managua-visita-guiada-arboles.jpg\" alt=\"nicaragua travel guide managua visita guiada arboles\" width=\"1011\" height=\"355\" \/><\/td>\n<\/tr>\n<tr style=\"height: 4px;\">\n<td style=\"width: 513.42px; height: 4px; background-color: #7ad177;\" bgcolor=\"#009933\"><strong>Paintball en Managua<\/strong><\/td>\n<\/tr>\n<tr style=\"height: 11px;\">\n<td style=\"width: 513.42px; height: 11px; background-color: #cae8de;\" bgcolor=\"#FFFFFF\">\n<table style=\"height: 46px; width: 1001px;\">\n<tbody>\n<tr>\n<td style=\"width: 531px; background-color: #cae8de; border-color: #cae8de;\">\n<h4>Descripci\u00f3n:<\/h4>\n<p>Paintball Las Colinas ofrece un deporte extremo, para todas las edades, con una adrenalina inigualable.<\/p>\n<p>&nbsp;<\/p>\n<p>Esta actividad incluye 100 unidades y una gran variedad de armas y el quipo de protecci\u00f3n.<\/p>\n<p>&nbsp;<\/p>\n<p>Tambi\u00e9n se ofrece a la venta armas y todo tipo de art\u00edculos para paintball.<\/p>\n<p>&nbsp;<\/p>\n<p>Se recomienda llevar pantalon Jeans, camiseta manga larga, alg\u00fan tipo de chaqueta de nylon y zapatos tennis o botas.<\/p>\n<p>&nbsp;<\/p>\n<p>Esto es para que las personas tengan una mejor protecci\u00f3n.<\/p>\n<p>&nbsp;<\/p>\n<p>Paintball Las Colinas pone a disposici\u00f3n un BBQ para los asistentes que deseen llevar su comida y solamente consumir las bebidas en el local.<\/p>\n<p>&nbsp;<\/p>\n<p>&nbsp;<\/p>\n<p>El horario de atenci\u00f3n es: Martes a Viernes 1:00 pm &#8211; 6:00 pm<\/p>\n<p>S\u00e1bado a Domingo 9:00 am &#8211; 6:00 pm<\/td>\n<td style=\"width: 531px; background-color: #fcfcfc;\"><img loading=\"lazy\" decoding=\"async\" class=\"alignnone wp-image-12943\" src=\"http:\/\/nicaragua-travel-guide.com\/site\/wp-content\/uploads\/2016\/07\/paintball-managua.jpg\" alt=\"paintball managua\" width=\"517\" height=\"453\" \/><\/td>\n<\/tr>\n<\/tbody>\n<\/table>\n<\/td>\n<\/tr>\n<tr style=\"height: 26px;\">\n<td style=\"width: 513.42px; height: 26px; background-color: #7ad177;\" bgcolor=\"#009933\">Para mayor informaci\u00f3n y reservacion <strong>Contactarnos<\/strong><\/td>\n<\/tr>\n<\/tbody>\n<\/table>\n","protected":false},"excerpt":{"rendered":"<p>Paintball en Managua Descripci\u00f3n: Paintball Las Colinas ofrece un deporte extremo, para todas las edades, con una adrenalina inigualable. &nbsp; Esta actividad incluye 100 unidades y una gran variedad de armas y el quipo de protecci\u00f3n. &nbsp; Tambi\u00e9n se ofrece a la venta armas y todo tipo de art\u00edculos para paintball. &nbsp; Se recomienda llevar [&hellip;]<\/p>\n","protected":false},"author":2,"featured_media":0,"parent":0,"menu_order":0,"comment_status":"closed","ping_status":"closed","template":"","meta":{"footnotes":""},"_links":{"self":[{"href":"https:\/\/nicaragua-travel-guide.com\/site\/wp-json\/wp\/v2\/pages\/6391"}],"collection":[{"href":"https:\/\/nicaragua-travel-guide.com\/site\/wp-json\/wp\/v2\/pages"}],"about":[{"href":"https:\/\/nicaragua-travel-guide.com\/site\/wp-json\/wp\/v2\/types\/page"}],"author":[{"embeddable":true,"href":"https:\/\/nicaragua-travel-guide.com\/site\/wp-json\/wp\/v2\/users\/2"}],"replies":[{"embeddable":true,"href":"https:\/\/nicaragua-travel-guide.com\/site\/wp-json\/wp\/v2\/comments?post=6391"}],"version-history":[{"count":7,"href":"https:\/\/nicaragua-travel-guide.com\/site\/wp-json\/wp\/v2\/pages\/6391\/revisions"}],"predecessor-version":[{"id":12948,"href":"https:\/\/nicaragua-travel-guide.com\/site\/wp-json\/wp\/v2\/pages\/6391\/revisions\/12948"}],"wp:attachment":[{"href":"https:\/\/nicaragua-travel-guide.com\/site\/wp-json\/wp\/v2\/media?parent=6391"}],"curies":[{"name":"wp","href":"https:\/\/api.w.org\/{rel}","templated":true}]}}