{"id":6393,"date":"2016-07-10T00:23:57","date_gmt":"2016-07-10T00:23:57","guid":{"rendered":"http:\/\/nicaragua-travel-guide.com\/site\/?page_id=6393"},"modified":"2016-07-10T00:40:25","modified_gmt":"2016-07-10T00:40:25","slug":"managua-reservas-naturales","status":"publish","type":"page","link":"https:\/\/nicaragua-travel-guide.com\/site\/managua-reservas-naturales\/","title":{"rendered":"Managua Reservas Naturales"},"content":{"rendered":"<table style=\"height: 138px; width: 594px;\">\n<tbody>\n<tr style=\"height: 28.0278px;\">\n<td style=\"width: 546.66px; text-align: left; height: 28.0278px;\" colspan=\"2\"><\/td>\n<\/tr>\n<tr style=\"height: 498px;\">\n<td style=\"width: 546.66px; text-align: left; height: 498px;\"><strong>Reservas Naturales\u00a0<\/strong><\/p>\n<p>&nbsp;<\/p>\n<p>El departamento de la capital alberga a varias reservas naturales interesantes. Por ejemplo, la Reserva de Montibelli, ubicada cerca de Managua a una elevaci\u00f3n m\u00e1s alta que varias zonas del Pac\u00edfico, lo que da un clima m\u00e1s fresco y rica flora y fauna. Montibelli es un buen lugar para el avistamiento de aves y dentro de las otras especies animales est\u00e1n los monos, culebras, ranas, lagartijas y mariposas. Hay varios senderos que var\u00edan en nivel de dificultad y longitud, que ofrecen lindas vistas. Lea m\u00e1s acerca de la <strong>Reserva Natural Privada \u00abMontibelli\u00bb <\/strong>en nuestra Gu\u00eda de Actividades.<\/p>\n<p>Otra reserva natural es el Parque Nacional \u00ab<strong>Chocoyero el brujo\u00bb\u00a0<\/strong>en Ticuantepe, en la misma municipalidad que la reserva Montibelli. Este parque nacional es famoso por ser hogar de grandes n\u00fameros de Chocoyos, los cuales tienen su nido junto a una de las dos cascadas ubicadas dentro de la reserva. Se puede admirar a estas aves al amanecer o al atardecer, cuando dejan o regresan a sus nidos. Es posible acampar o alquilar tiendas de campa\u00f1a en el lugar.<\/p>\n<p>Se puede encontrar m\u00e1s informaci\u00f3n acerca de Parque Nacional Chocoyero en nuestra Gu\u00eda de Actividades.<\/p>\n<p>Por mayor informaci\u00f3n y reservacion Contactarnos<\/td>\n<td style=\"width: 37.3403px; height: 498px;\"><\/td>\n<\/tr>\n<\/tbody>\n<\/table>\n","protected":false},"excerpt":{"rendered":"<p>Reservas Naturales\u00a0 &nbsp; El departamento de la capital alberga a varias reservas naturales interesantes. Por ejemplo, la Reserva de Montibelli, ubicada cerca de Managua a una elevaci\u00f3n m\u00e1s alta que varias zonas del Pac\u00edfico, lo que da un clima m\u00e1s fresco y rica flora y fauna. Montibelli es un buen lugar para el avistamiento de [&hellip;]<\/p>\n","protected":false},"author":2,"featured_media":0,"parent":0,"menu_order":0,"comment_status":"closed","ping_status":"closed","template":"","meta":{"footnotes":""},"_links":{"self":[{"href":"https:\/\/nicaragua-travel-guide.com\/site\/wp-json\/wp\/v2\/pages\/6393"}],"collection":[{"href":"https:\/\/nicaragua-travel-guide.com\/site\/wp-json\/wp\/v2\/pages"}],"about":[{"href":"https:\/\/nicaragua-travel-guide.com\/site\/wp-json\/wp\/v2\/types\/page"}],"author":[{"embeddable":true,"href":"https:\/\/nicaragua-travel-guide.com\/site\/wp-json\/wp\/v2\/users\/2"}],"replies":[{"embeddable":true,"href":"https:\/\/nicaragua-travel-guide.com\/site\/wp-json\/wp\/v2\/comments?post=6393"}],"version-history":[{"count":5,"href":"https:\/\/nicaragua-travel-guide.com\/site\/wp-json\/wp\/v2\/pages\/6393\/revisions"}],"predecessor-version":[{"id":6398,"href":"https:\/\/nicaragua-travel-guide.com\/site\/wp-json\/wp\/v2\/pages\/6393\/revisions\/6398"}],"wp:attachment":[{"href":"https:\/\/nicaragua-travel-guide.com\/site\/wp-json\/wp\/v2\/media?parent=6393"}],"curies":[{"name":"wp","href":"https:\/\/api.w.org\/{rel}","templated":true}]}}