{"id":6416,"date":"2016-07-10T23:52:11","date_gmt":"2016-07-10T23:52:11","guid":{"rendered":"http:\/\/nicaragua-travel-guide.com\/site\/?page_id=6416"},"modified":"2016-08-15T18:50:42","modified_gmt":"2016-08-15T18:50:42","slug":"volcan-mombacho-visita-guiada-sendero-el-crater-1-5-km-caminata-2-horas","status":"publish","type":"page","link":"https:\/\/nicaragua-travel-guide.com\/site\/volcan-mombacho-visita-guiada-sendero-el-crater-1-5-km-caminata-2-horas\/","title":{"rendered":"Volcan Mombacho visita guiada sendero \u00abEl CRATER\u00bb 1.5 km caminata  2 horas"},"content":{"rendered":"<table style=\"width: 874px;\" border=\"0\">\n<tbody>\n<tr style=\"height: 299px;\">\n<td style=\"width: 872px; height: 299px;\" colspan=\"2\" align=\"center\" valign=\"top\" bgcolor=\"#FFFF00\"><img loading=\"lazy\" decoding=\"async\" class=\"alignnone size-full wp-image-5033\" src=\"http:\/\/nicaragua-travel-guide.com\/site\/wp-content\/uploads\/2016\/06\/reservanaturlavolcanmombachosenderoelcrater.jpg\" alt=\"reservanaturlavolcanmombachosenderoelcrater\" width=\"1025\" height=\"345\" srcset=\"https:\/\/nicaragua-travel-guide.com\/site\/wp-content\/uploads\/2016\/06\/reservanaturlavolcanmombachosenderoelcrater.jpg 1025w, https:\/\/nicaragua-travel-guide.com\/site\/wp-content\/uploads\/2016\/06\/reservanaturlavolcanmombachosenderoelcrater-600x202.jpg 600w\" sizes=\"(max-width: 1025px) 100vw, 1025px\" \/><\/td>\n<\/tr>\n<tr style=\"height: 24px;\">\n<td style=\"width: 872px; height: 24px; background-color: #38a31d;\" colspan=\"2\" align=\"center\" valign=\"top\" bgcolor=\"#99CC99\"><strong>Tour a la Reserva Natural Volcan Mombacho Sendero el Crater 1 1\/2 km &#8211; 2 horas<\/strong><\/td>\n<\/tr>\n<tr style=\"height: 154px;\">\n<td style=\"width: 872px; height: 154px;\" colspan=\"2\" align=\"center\" valign=\"top\" bgcolor=\"#99CC99\">\n<table style=\"height: 142px;\" width=\"631\">\n<tbody>\n<tr>\n<td style=\"width: 306px; background-color: #d7f5ce;\"><strong>COMBOS:<\/strong><\/p>\n<ul>\n<li>Volc\u00e1n + Isletas<\/li>\n<li>Volc\u00e1n + Ciudad Granada<\/li>\n<li>Volc\u00e1n +Tour del Cafe<\/li>\n<\/ul>\n<\/td>\n<td style=\"width: 309px; background-color: #fcf6ca;\">\n<ul>\n<li style=\"text-align: left;\">Volc\u00e1n + Canopy<\/li>\n<li style=\"text-align: left;\">Volc\u00e1n + Aves<\/li>\n<li style=\"text-align: left;\">Volc\u00e1n + Comunidad rural<\/li>\n<\/ul>\n<\/td>\n<\/tr>\n<\/tbody>\n<\/table>\n<\/td>\n<\/tr>\n<tr style=\"height: 48px;\">\n<td style=\"width: 589px; height: 48px; background-color: #e1fadc;\" align=\"center\" valign=\"top\" bgcolor=\"#CCFFCC\">La Reserva Natural Volc\u00e1n Mombacho cuenta con 3 senderos\u00a0eco tur\u00edsticos\u00a0que podemos visitar independiente o combinados:<\/td>\n<td style=\"width: 283px; height: 831px;\" rowspan=\"11\" align=\"center\" valign=\"top\" bgcolor=\"#009900\">\n<table border=\"0\" width=\"334\">\n<tbody>\n<tr style=\"height: 193px;\">\n<td style=\"height: 193px;\" width=\"328\"><img loading=\"lazy\" decoding=\"async\" class=\"alignnone wp-image-11212\" src=\"http:\/\/nicaragua-travel-guide.com\/site\/wp-content\/uploads\/2016\/07\/volcan-mombacho-sendero-el-crater.jpg\" alt=\"volcan mombacho sendero el crater\" width=\"334\" height=\"260\" \/><\/td>\n<\/tr>\n<tr style=\"height: 222px;\">\n<td style=\"height: 222px;\"><img loading=\"lazy\" decoding=\"async\" class=\"alignnone wp-image-10403\" src=\"http:\/\/nicaragua-travel-guide.com\/site\/wp-content\/uploads\/2015\/02\/eltunelmombacho.jpeg\" alt=\"eltunelmombacho\" width=\"328\" height=\"247\" \/><\/td>\n<\/tr>\n<tr style=\"height: 222px;\">\n<td style=\"height: 222px;\"><img loading=\"lazy\" decoding=\"async\" class=\"alignnone wp-image-11224\" src=\"http:\/\/nicaragua-travel-guide.com\/site\/wp-content\/uploads\/2016\/07\/mariposatransparente.jpg\" alt=\"mariposatransparente\" width=\"355\" height=\"236\" srcset=\"https:\/\/nicaragua-travel-guide.com\/site\/wp-content\/uploads\/2016\/07\/mariposatransparente.jpg 275w, https:\/\/nicaragua-travel-guide.com\/site\/wp-content\/uploads\/2016\/07\/mariposatransparente-180x120.jpg 180w\" sizes=\"(max-width: 355px) 100vw, 355px\" \/><\/td>\n<\/tr>\n<tr style=\"height: 205px;\">\n<td style=\"height: 205px;\"><img loading=\"lazy\" decoding=\"async\" class=\"alignnone wp-image-11217\" src=\"http:\/\/nicaragua-travel-guide.com\/site\/wp-content\/uploads\/2016\/07\/volcanmombahosalamandra.jpg\" alt=\"volcanmombahosalamandra\" width=\"324\" height=\"243\" \/><\/td>\n<\/tr>\n<tr style=\"height: 180px;\">\n<td style=\"height: 180px;\"><img loading=\"lazy\" decoding=\"async\" class=\"alignnone wp-image-11222\" src=\"http:\/\/nicaragua-travel-guide.com\/site\/wp-content\/uploads\/2016\/07\/granadavolcanmombachorquidea.jpg\" alt=\"granadavolcanmombachorquidea\" width=\"331\" height=\"248\" \/><\/td>\n<\/tr>\n<tr style=\"height: 231px;\">\n<td style=\"height: 231px;\"><img loading=\"lazy\" decoding=\"async\" class=\"alignnone wp-image-11221\" src=\"http:\/\/nicaragua-travel-guide.com\/site\/wp-content\/uploads\/2016\/07\/granadavolcanmombachoperesoso.jpg\" alt=\"granadavolcanmombachoperesoso\" width=\"324\" height=\"244\" \/><\/td>\n<\/tr>\n<tr style=\"height: 231px;\">\n<td style=\"height: 231px;\"><img loading=\"lazy\" decoding=\"async\" class=\" wp-image-11213 aligncenter\" src=\"http:\/\/nicaragua-travel-guide.com\/site\/wp-content\/uploads\/2016\/07\/avecolibry.jpg\" alt=\"avecolibry\" width=\"322\" height=\"257\" \/><\/td>\n<\/tr>\n<\/tbody>\n<\/table>\n<\/td>\n<\/tr>\n<tr style=\"height: 24px;\">\n<td style=\"width: 589px; height: 24px; background-color: #6ecc81;\" bgcolor=\"#99CC99\">Descripci\u00f3n:<\/td>\n<\/tr>\n<tr style=\"height: 24px;\">\n<td style=\"width: 589px; height: 24px; background-color: #e1fadc;\" bgcolor=\"#CCFFCC\">Llegando a la recepci\u00f3n y parqueo del Volc\u00e1n Mombacho (abajo)<\/td>\n<\/tr>\n<tr style=\"height: 24px;\">\n<td style=\"width: 589px; height: 24px; background-color: #6ecc81;\" bgcolor=\"#99CC99\">Tenemos una variedad de opciones: Antes o despu\u00e9s del recorrido:<\/td>\n<\/tr>\n<tr style=\"height: 13px;\">\n<td style=\"width: 589px; height: 13px; background-color: #e1fadc;\" bgcolor=\"#99CC99\">1- Visitar el orquideario donde podremos ver la colecci\u00f3n de orqu\u00eddeas del Mombacho. junto al mariposario y el peque\u00f1o laboratorio donde se cultivan y puede ver el proceso del nacimiento y vida de las mariposas.<\/p>\n<p>2-Te ofrecemos \u00e1rea de pic-nic a la sombra de distintas especies de arboles.<br \/>\npodemos llevar comidas rapidas &#8211; servicio de Cafeter\u00eda<\/p>\n<p>Tomaremos el Ecomovil \/ Camion militar con todos los visitantes en el parqueo (abajo)<\/p>\n<p>3- Bajaremos en la hacienda cafetalera ( 700 mts snm) estaremos de 5 a 10 minutos, tomar fotos con vista panor\u00e1mica<br \/>\ny si gustas puedes tomar una tasita de caf\u00e9 gratis ( suvenirs)<\/p>\n<p>4 &#8211; Puedemos hacer el <strong>Tour Origen del Caf\u00e9<\/strong> por 45 minutos. (Pago adicional)<\/p>\n<p>5- <strong>Si te gusta la aventura rumbo hacia arriba o hacia abajo podemos hacer el tour deCanopy 700 msnm en la hacienda cafetalera. <\/strong><strong>Son 11 plataformas 45 minutos de aventura, siente tu adrenalina<\/strong><strong>! (<\/strong>Pago Adicional)<\/p>\n<p>Llegaremos en transporte hasta la Estaci\u00f3n biol\u00f3gica de la reserva natural Volcan Mombacho.<\/p>\n<p>6- Informacion general 5-10 minutos, seguir las orientaciones del gu\u00eda, servicio de restaurante y recuerdos para comprar.<\/td>\n<\/tr>\n<tr style=\"height: 48px;\">\n<td style=\"width: 589px; height: 48px; background-color: #6ecc81;\" bgcolor=\"#99CC99\">#1 Sendero el<strong> Cr\u00e1ter <\/strong>Principal<strong>:<\/strong> 1 \u00bd Km \u2013 Caminaremos 2 horas &#8211;<\/td>\n<\/tr>\n<tr style=\"height: 144px;\">\n<td style=\"width: 589px; height: 144px; background-color: #e1fadc;\" bgcolor=\"#CCFFCC\"><strong>Precio:<\/strong><\/p>\n<p>Es el segundo en tama\u00f1o, completamente circular alrededor del cr\u00e1ter cubierto de bosque denso. Consiste en 1.5 km de longitud que lo lleva hasta el bosque enano, y fumarolas con vista espectacular hacia la parte norte donde se observa Granada, las isletas, laguna de Apoyo y el Parque Nacional Volc\u00e1n Masaya. Es auto guiado y se hace en una hora y media. Va desde los 900 a los 1150 msnm.<\/td>\n<\/tr>\n<tr style=\"height: 24px;\">\n<td style=\"width: 589px; height: 24px;\" bgcolor=\"#99CC99\">Comenzaremos a caminar por el sendero elegido:<\/td>\n<\/tr>\n<tr style=\"height: 288px;\">\n<td style=\"width: 589px; height: 288px; background-color: #e1fadc;\" valign=\"top\" bgcolor=\"#CCFFCC\">Hay diferentes miradores con vista panor\u00e1mica alrededor del cr\u00e1ter cubierto de bosque, En el area silvestre, veras orqu\u00eddeas, hongos, elechos,l\u00edquenes, muzgo, bromelias, plantas epifitas. con menci\u00f3n de raros animalitos insectos y especies end\u00e9micas.Si tenemos suerte podemos ver ardillas, monos, perezosos, ranas etc\u2026en la sombra del tremendo bosque nuboso con ecosistema muy particular donde se pueden ver las fumarolas volc\u00e1nicas naturales con emanaci\u00f3n de gases sulfurosos, admirar la belleza natural y vistas panor\u00e1micas, tomar fotos desde la parte m\u00e1s alta durante el recorrido por los senderos de nuestro gigante y majestuoso centinela que se mantiene en pie y firme, podr\u00e1s ver el gran lago de Nicaragua, la ciudad de Granada, el archipi\u00e9lago 365 Isletas alrededor de la pen\u00ednsula, el Volcan Masaya y un poquito de la laguna de Apoyo.<\/td>\n<\/tr>\n<tr style=\"height: 17px;\">\n<td style=\"width: 589px; height: 17px; background-color: #82c930;\" valign=\"top\" bgcolor=\"#99CC99\"><strong>El Tour Nocturno:<\/strong><\/td>\n<\/tr>\n<tr style=\"height: 177px;\">\n<td style=\"width: 589px; height: 177px; background-color: #94d49c;\" valign=\"top\" bgcolor=\"#99CC99\"><span style=\"font-family: inherit; font-size: inherit; line-height: 1.5;\">Se puede alojar en el eco albergue de la estaci\u00f3n biol\u00f3gica del Volc\u00e1n Mombacho a 1,150 msnm. hay dormitorio con capacidad m\u00e1ximo para 25 personas, incluye desayuno, cena y a las 9:00pm comienza el tour nocturno con el gu\u00eda de la reserva acompa\u00f1ados con focos, y abrigados por el fr\u00edo, por media hora en busca de las ranitas verdes de ojos rojos y las salamandras end\u00e9micas en su temporada de reproducci\u00f3n.<\/span><\/p>\n<p>Precio con alojamiento:<\/p>\n<p>&nbsp;<\/p>\n<p><img loading=\"lazy\" decoding=\"async\" class=\"alignnone wp-image-11216\" src=\"http:\/\/nicaragua-travel-guide.com\/site\/wp-content\/uploads\/2016\/07\/combo-mombacho-reserva-dormitorio.jpg\" alt=\"combo mombacho reserva dormitorio\" width=\"513\" height=\"173\" srcset=\"https:\/\/nicaragua-travel-guide.com\/site\/wp-content\/uploads\/2016\/07\/combo-mombacho-reserva-dormitorio.jpg 1025w, https:\/\/nicaragua-travel-guide.com\/site\/wp-content\/uploads\/2016\/07\/combo-mombacho-reserva-dormitorio-600x202.jpg 600w\" sizes=\"(max-width: 513px) 100vw, 513px\" \/><\/td>\n<\/tr>\n<tr style=\"height: 37px;\">\n<td style=\"width: 872px; height: 37px; background-color: #49cc4c;\" colspan=\"2\" valign=\"top\" bgcolor=\"#CCFFCC\">Por mayor informaci\u00f3n y reservaci\u00f3n <strong>Contactarnos<\/strong><\/td>\n<\/tr>\n<\/tbody>\n<\/table>\n","protected":false},"excerpt":{"rendered":"<p>Tour a la Reserva Natural Volcan Mombacho Sendero el Crater 1 1\/2 km &#8211; 2 horas COMBOS: Volc\u00e1n + Isletas Volc\u00e1n + Ciudad Granada Volc\u00e1n +Tour del Cafe Volc\u00e1n + Canopy Volc\u00e1n + Aves Volc\u00e1n + Comunidad rural La Reserva Natural Volc\u00e1n Mombacho cuenta con 3 senderos\u00a0eco tur\u00edsticos\u00a0que podemos visitar independiente o combinados: Descripci\u00f3n: Llegando [&hellip;]<\/p>\n","protected":false},"author":2,"featured_media":0,"parent":0,"menu_order":0,"comment_status":"closed","ping_status":"closed","template":"","meta":{"footnotes":""},"_links":{"self":[{"href":"https:\/\/nicaragua-travel-guide.com\/site\/wp-json\/wp\/v2\/pages\/6416"}],"collection":[{"href":"https:\/\/nicaragua-travel-guide.com\/site\/wp-json\/wp\/v2\/pages"}],"about":[{"href":"https:\/\/nicaragua-travel-guide.com\/site\/wp-json\/wp\/v2\/types\/page"}],"author":[{"embeddable":true,"href":"https:\/\/nicaragua-travel-guide.com\/site\/wp-json\/wp\/v2\/users\/2"}],"replies":[{"embeddable":true,"href":"https:\/\/nicaragua-travel-guide.com\/site\/wp-json\/wp\/v2\/comments?post=6416"}],"version-history":[{"count":7,"href":"https:\/\/nicaragua-travel-guide.com\/site\/wp-json\/wp\/v2\/pages\/6416\/revisions"}],"predecessor-version":[{"id":11228,"href":"https:\/\/nicaragua-travel-guide.com\/site\/wp-json\/wp\/v2\/pages\/6416\/revisions\/11228"}],"wp:attachment":[{"href":"https:\/\/nicaragua-travel-guide.com\/site\/wp-json\/wp\/v2\/media?parent=6416"}],"curies":[{"name":"wp","href":"https:\/\/api.w.org\/{rel}","templated":true}]}}