{"id":6420,"date":"2016-07-11T00:07:30","date_gmt":"2016-07-11T00:07:30","guid":{"rendered":"http:\/\/nicaragua-travel-guide.com\/site\/?page_id=6420"},"modified":"2016-08-15T19:35:52","modified_gmt":"2016-08-15T19:35:52","slug":"volcan-mombacho-reserva-natural-visita-sendero-el-tigrillo-guiado-2km-caminata-2-12-horas","status":"publish","type":"page","link":"https:\/\/nicaragua-travel-guide.com\/site\/volcan-mombacho-reserva-natural-visita-sendero-el-tigrillo-guiado-2km-caminata-2-12-horas\/","title":{"rendered":"Volc\u00e1n Mombacho Reserva Natural visita sendero \u00abEl Tigrillo\u00bb guiado 2km caminata 2 1\/2  horas"},"content":{"rendered":"<table style=\"width: 892.3333740234375px;\" border=\"0\">\n<tbody>\n<tr style=\"height: 25px;\">\n<td style=\"height: 25px; width: 885.3333740234375px;\" align=\"center\" valign=\"top\" bgcolor=\"#FFFFFF\"><strong><img loading=\"lazy\" decoding=\"async\" class=\"alignnone size-full wp-image-5031\" style=\"font-family: inherit; font-size: inherit; line-height: 1.5;\" src=\"http:\/\/nicaragua-travel-guide.com\/site\/wp-content\/uploads\/2016\/06\/headereservanaturlavolcanmombachosenderoeltigrillo.jpg\" alt=\"headereservanaturlavolcanmombachosenderoeltigrillo\" width=\"1025\" height=\"345\" srcset=\"https:\/\/nicaragua-travel-guide.com\/site\/wp-content\/uploads\/2016\/06\/headereservanaturlavolcanmombachosenderoeltigrillo.jpg 1025w, https:\/\/nicaragua-travel-guide.com\/site\/wp-content\/uploads\/2016\/06\/headereservanaturlavolcanmombachosenderoeltigrillo-600x202.jpg 600w\" sizes=\"(max-width: 1025px) 100vw, 1025px\" \/>\u00a0\u00a0<\/strong><\/td>\n<\/tr>\n<tr style=\"height: 8px;\">\n<td style=\"height: 8px; width: 885.3333740234375px; background-color: #c6f0c2;\" align=\"center\" valign=\"top\" bgcolor=\"#99CC99\">\n<table style=\"height: 213px;\" width=\"676\">\n<tbody>\n<tr>\n<td style=\"width: 327.3333435058594px; background-color: #e6f7e7;\"><strong>COMBOS:<\/strong><\/p>\n<p><strong>Volcan + Isletas<\/strong><\/p>\n<p><strong>Volc\u00e1n\u00a0+ Ciudad Gda<\/strong><\/p>\n<p><strong>Volc\u00e1n\u00a0+Tour del Cafe<\/strong><\/td>\n<td style=\"width: 332.6666564941406px; background-color: #faf6d9;\"><strong>Volc\u00e1n\u00a0+ Canopy<\/strong><\/p>\n<p><strong>Volc\u00e1n\u00a0+ Aves<\/strong><\/p>\n<p><strong>Volc\u00e1n\u00a0+ tour rural<\/strong><\/td>\n<\/tr>\n<\/tbody>\n<\/table>\n<\/td>\n<\/tr>\n<tr style=\"height: 8px;\">\n<td style=\"height: 8px; background-color: #ffffff; width: 885.3333740234375px;\" align=\"center\" valign=\"top\" bgcolor=\"#99CC99\"><strong>Tour \u00a0 guiado en la Reserva Natural Volc\u00e1n Mombacho<\/strong><\/td>\n<\/tr>\n<tr style=\"height: 11.66668701171875px;\">\n<td style=\"height: 11.66668701171875px; width: 885.3333740234375px; background-color: #b1e0a4;\" align=\"left\" valign=\"top\" bgcolor=\"#99CC00\"><strong>Sendero el Tigrillo 2 km &#8211; 2 horas y media<\/strong><\/td>\n<\/tr>\n<tr style=\"height: 26px;\">\n<td style=\"height: 26px; width: 885.3333740234375px;\" align=\"left\" valign=\"top\" bgcolor=\"#99CC99\"><strong>Tenemos una variedad de opciones para combinar antes o despu\u00e9s del recorrido:<\/strong><\/p>\n<p><strong>La Reserva Natural Volc\u00e1n Mombacho cuenta con 3 senderos ecotur\u00edsticos que podemos visitar independiente o combinados:<\/strong><\/td>\n<\/tr>\n<tr style=\"height: 15px;\">\n<td style=\"height: 15px; width: 885.3333740234375px; background-color: #aae89e;\" align=\"left\" valign=\"top\" bgcolor=\"#99CC33\"><strong>Descripci\u00f3n:<\/strong><\/td>\n<\/tr>\n<tr style=\"height: 448px;\">\n<td style=\"height: 448px; width: 885.3333740234375px;\" align=\"left\" valign=\"top\" bgcolor=\"#99CC99\"><strong>Llegando a la recepci\u00f3n y parqueo del Volc\u00e1n Mombacho (abajo)<\/strong><\/p>\n<p><strong>Tomaremos el Ecomovil -Camion militar con todos los visitantes en el area de parqueo (abajo)<\/strong><\/p>\n<p>&nbsp;<\/p>\n<p><strong>1- Visitar el orquideario donde podremos ver la colecci\u00f3n de orqu\u00eddeas del Mombacho. junto al mariposario y el peque\u00f1o laboratorio donde se cultivan y puede ver el proceso del nacimiento y vida de las mariposas.<\/strong><\/p>\n<p>&nbsp;<\/p>\n<p><strong>2-Te ofrecemos\u00a0\u00e1rea\u00a0de pic-nic a la sombra de distintas especies de arboles. podemos llevar comidas\u00a0r\u00e1pidas\u00a0&#8211; Servicio de Cafeter\u00eda.<\/strong><\/p>\n<p>&nbsp;<\/p>\n<p><strong>3- Bajaremos en la hacienda cafetalera ( 700 mts snm) estaremos de 5 a 10 minutos, tomar fotos con vista panor\u00e1mica y si gustas puedes tomar una tasita de caf\u00e9 gratis (Suvenirs)<\/strong><\/p>\n<p>&nbsp;<\/p>\n<p><strong>4 &#8211; Podemos hacer el Tour Origen del Caf\u00e9 por 45 minutos. ( Pago adicional)<\/strong><\/p>\n<p>&nbsp;<\/p>\n<p><strong>5- Si te gusta la aventura rumbo hacia arriba o hacia abajo podemos hacer el tour de Canopy 700 msnm en hacienda cafetalera son 11 plataformas 45 minutos de aventura, siente tu adrenalina! (Pago adicional)<\/strong><\/p>\n<p><strong>Llegaremos en transporte hasta la Estaci\u00f3n Biol\u00f3gica de la Reserva Natural Volc\u00e1n Mombacho.<\/strong><\/p>\n<p>&nbsp;<\/p>\n<p><strong>6- Informaci\u00f3n general en la estacion 5-10 minutos, seguir las orientaciones del gu\u00eda, servicio de restaurante y venta de recuerdos.<\/strong><\/td>\n<\/tr>\n<tr style=\"height: 29px;\">\n<td style=\"height: 29px; width: 885.3333740234375px;\" bgcolor=\"#99CC99\"><strong><img loading=\"lazy\" decoding=\"async\" class=\"alignnone size-full wp-image-5028\" src=\"http:\/\/nicaragua-travel-guide.com\/site\/wp-content\/uploads\/2016\/06\/reservanaturlavolcanmombachosenderoeltigrillo.jpg\" alt=\"reservanaturlavolcanmombachosenderoeltigrillo\" width=\"1025\" height=\"345\" srcset=\"https:\/\/nicaragua-travel-guide.com\/site\/wp-content\/uploads\/2016\/06\/reservanaturlavolcanmombachosenderoeltigrillo.jpg 1025w, https:\/\/nicaragua-travel-guide.com\/site\/wp-content\/uploads\/2016\/06\/reservanaturlavolcanmombachosenderoeltigrillo-600x202.jpg 600w\" sizes=\"(max-width: 1025px) 100vw, 1025px\" \/><\/strong><\/td>\n<\/tr>\n<tr style=\"height: 24px;\">\n<td style=\"height: 24px; width: 885.3333740234375px; background-color: #b1e0a4;\" bgcolor=\"#99CC00\"><strong>#2 Sendero el Tigrillo\u00a0 \u00a0 combinado: 2km caminando 2 \u00bd horas\u00a0<\/strong><\/td>\n<\/tr>\n<tr style=\"height: 184px;\">\n<td style=\"height: 184px; width: 885.3333740234375px;\" bgcolor=\"#99CC99\"><strong>Precio:<\/strong><\/p>\n<p>Es un recorrido arriba de los 1,240 msnm que dura 2 horas y media. Esta es una ruta para los que desean un recorrido fuerte pero corto, los lleva a los 2 mejores miradores y a la vista del cr\u00e1ter principal colapsado por una avalancha en 1,570. Otras vistas es la\u00a0pen\u00ednsula\u00a0de Asese completa con las Isletas de Granada y el Lago Cocibolca y el pico m\u00e1s alto del Mombacho a 1,345 msnm.<\/p>\n<p>Es de categor\u00eda guiado para esto es necesario contactar a los guarda-parques y los gu\u00edas para organizar la caminata.<\/p>\n<p>La dificultad es alta, si embargo existe una ruta de salida para los que no puedan completar el trayecto regresando a la estaci\u00f3n Mombacho.<\/td>\n<\/tr>\n<tr style=\"height: 24px;\">\n<td style=\"height: 24px; width: 885.3333740234375px; background-color: #d1f0d2;\" bgcolor=\"#99CC00\"><strong>Comenzaremos a caminar por el sendero elegido:<\/strong><\/td>\n<\/tr>\n<tr style=\"height: 182px;\">\n<td style=\"height: 182px; width: 885.3333740234375px;\" valign=\"top\" bgcolor=\"#99CC99\">Hay diferentes miradores con vista panor\u00e1mica alrededor del cr\u00e1ter cubierto de bosque, En el \u00e1rea silvestre, veras orqu\u00eddeas, hongos,elechos,l\u00edquenes, muzgo, bromelias, plantas epifitas. con menci\u00f3n de raros animalitos insectos y especies end\u00e9micas.<\/p>\n<p>&nbsp;<\/p>\n<p>Si tenemos suerte podemos ver ardillas, monos, perezosos, ranas etc\u2026en la sombra del tremendo bosque nuboso con ecosistema muy particular donde se pueden ver las fumarolas volc\u00e1nicas naturales con emanaci\u00f3n de gases sulfurosos, admirar la belleza natural y vistas panor\u00e1micas, tomar fotos desde la parte m\u00e1s alta durante el recorrido por los senderos de nuestro gigante y majestuoso centinela que se mantiene en pie y firme, podr\u00e1s ver el gran lago de Nicaragua, la ciudad de Granada, el archipi\u00e9lago 365 Isletas alrededor de la pen\u00ednsula, el Volc\u00e1n Masaya y un poquito de la laguna de Apoyo.<\/td>\n<\/tr>\n<tr style=\"height: 15px;\">\n<td style=\"height: 15px; background-color: #ffffff; width: 885.3333740234375px;\" valign=\"top\" bgcolor=\"#99CC99\"><strong><img loading=\"lazy\" decoding=\"async\" class=\"alignnone wp-image-6401\" src=\"http:\/\/nicaragua-travel-guide.com\/site\/wp-content\/uploads\/2016\/07\/volcanmombachocafe.jpg\" alt=\"volcanmombachocafe\" width=\"881\" height=\"297\" srcset=\"https:\/\/nicaragua-travel-guide.com\/site\/wp-content\/uploads\/2016\/07\/volcanmombachocafe.jpg 1025w, https:\/\/nicaragua-travel-guide.com\/site\/wp-content\/uploads\/2016\/07\/volcanmombachocafe-600x202.jpg 600w\" sizes=\"(max-width: 881px) 100vw, 881px\" \/><\/strong><\/td>\n<\/tr>\n<tr style=\"height: 15px;\">\n<td style=\"height: 15px; background-color: #f2d116; width: 885.3333740234375px;\" valign=\"top\" bgcolor=\"#99CC99\"><strong>El Tour Nocturno:<\/strong><\/td>\n<\/tr>\n<tr style=\"height: 15px;\">\n<td style=\"height: 15px; width: 885.3333740234375px;\" valign=\"top\" bgcolor=\"#99CC99\">Para los hu\u00e9spedes del Ecoalbergue de la Estaci\u00f3n Biol\u00f3gica del Volc\u00e1n Mombacho a 1,150 snm.<\/p>\n<p>Hay dormitorio con capacidad m\u00e1ximo para 25 personas, incluye desayuno, cena y a las 9:00 pm comienza el tour nocturno con el gu\u00eda de la reserva acompa\u00f1ados con focos, y abrigados por el\u00a0fr\u00edo\u00a0 por media hora en busca de las ranitas verdes de ojos rojos y las salamandras end\u00e9micas en su temporada de reproducci\u00f3n. (mayo a diciembre)<\/p>\n<p>Precio:U$55 P\/P<\/td>\n<\/tr>\n<tr style=\"height: 19px;\">\n<td style=\"height: 19px; width: 885.3333740234375px;\" valign=\"top\" bgcolor=\"#99CC00\"><img loading=\"lazy\" decoding=\"async\" class=\"alignnone size-full wp-image-11216\" src=\"http:\/\/nicaragua-travel-guide.com\/site\/wp-content\/uploads\/2016\/07\/combo-mombacho-reserva-dormitorio.jpg\" alt=\"combo mombacho reserva dormitorio\" width=\"1025\" height=\"345\" srcset=\"https:\/\/nicaragua-travel-guide.com\/site\/wp-content\/uploads\/2016\/07\/combo-mombacho-reserva-dormitorio.jpg 1025w, https:\/\/nicaragua-travel-guide.com\/site\/wp-content\/uploads\/2016\/07\/combo-mombacho-reserva-dormitorio-600x202.jpg 600w\" sizes=\"(max-width: 1025px) 100vw, 1025px\" \/><\/td>\n<\/tr>\n<tr style=\"height: 26px;\">\n<td style=\"height: 26px; width: 885.3333740234375px; background-color: #73c26e;\" valign=\"top\" bgcolor=\"#99CC00\">Por mayor informaci\u00f3n y reservaci\u00f3n <strong><a href=\"http:\/\/nicaragua-travel-guide.com\/site\/contactanos\/\">Contactarnos<\/a><\/strong><\/td>\n<\/tr>\n<\/tbody>\n<\/table>\n","protected":false},"excerpt":{"rendered":"<p>\u00a0\u00a0 COMBOS: Volcan + Isletas Volc\u00e1n\u00a0+ Ciudad Gda Volc\u00e1n\u00a0+Tour del Cafe Volc\u00e1n\u00a0+ Canopy Volc\u00e1n\u00a0+ Aves Volc\u00e1n\u00a0+ tour rural Tour \u00a0 guiado en la Reserva Natural Volc\u00e1n Mombacho Sendero el Tigrillo 2 km &#8211; 2 horas y media Tenemos una variedad de opciones para combinar antes o despu\u00e9s del recorrido: La Reserva Natural Volc\u00e1n Mombacho cuenta [&hellip;]<\/p>\n","protected":false},"author":2,"featured_media":0,"parent":0,"menu_order":0,"comment_status":"closed","ping_status":"closed","template":"","meta":{"footnotes":""},"_links":{"self":[{"href":"https:\/\/nicaragua-travel-guide.com\/site\/wp-json\/wp\/v2\/pages\/6420"}],"collection":[{"href":"https:\/\/nicaragua-travel-guide.com\/site\/wp-json\/wp\/v2\/pages"}],"about":[{"href":"https:\/\/nicaragua-travel-guide.com\/site\/wp-json\/wp\/v2\/types\/page"}],"author":[{"embeddable":true,"href":"https:\/\/nicaragua-travel-guide.com\/site\/wp-json\/wp\/v2\/users\/2"}],"replies":[{"embeddable":true,"href":"https:\/\/nicaragua-travel-guide.com\/site\/wp-json\/wp\/v2\/comments?post=6420"}],"version-history":[{"count":14,"href":"https:\/\/nicaragua-travel-guide.com\/site\/wp-json\/wp\/v2\/pages\/6420\/revisions"}],"predecessor-version":[{"id":11238,"href":"https:\/\/nicaragua-travel-guide.com\/site\/wp-json\/wp\/v2\/pages\/6420\/revisions\/11238"}],"wp:attachment":[{"href":"https:\/\/nicaragua-travel-guide.com\/site\/wp-json\/wp\/v2\/media?parent=6420"}],"curies":[{"name":"wp","href":"https:\/\/api.w.org\/{rel}","templated":true}]}}