{"id":6422,"date":"2016-07-11T00:20:23","date_gmt":"2016-07-11T00:20:23","guid":{"rendered":"http:\/\/nicaragua-travel-guide.com\/site\/?page_id=6422"},"modified":"2016-08-15T20:24:20","modified_gmt":"2016-08-15T20:24:20","slug":"volcan-mombacho-reserva-natural-sendero-guiado-el-puma-4-km-caminata-4-horas-y-media","status":"publish","type":"page","link":"https:\/\/nicaragua-travel-guide.com\/site\/volcan-mombacho-reserva-natural-sendero-guiado-el-puma-4-km-caminata-4-horas-y-media\/","title":{"rendered":"Volc\u00e1n Mombacho Reserva Natural Sendero guiado \u00abEL PUMA\u00bb 4 km caminata 4 horas y 30 minutos"},"content":{"rendered":"<table style=\"width: 978px;\" border=\"0\">\n<tbody>\n<tr style=\"height: 28px;\">\n<td style=\"height: 28px; width: 45px;\" colspan=\"2\" bgcolor=\"#FFFFFF\"><img loading=\"lazy\" decoding=\"async\" class=\"alignnone wp-image-5030\" src=\"http:\/\/nicaragua-travel-guide.com\/site\/wp-content\/uploads\/2016\/06\/reservanaturlavolcanmombachosenderoelpumamirador.jpg\" alt=\"reservanaturlavolcanmombachosenderoelpumamirador\" width=\"979\" height=\"329\" srcset=\"https:\/\/nicaragua-travel-guide.com\/site\/wp-content\/uploads\/2016\/06\/reservanaturlavolcanmombachosenderoelpumamirador.jpg 1025w, https:\/\/nicaragua-travel-guide.com\/site\/wp-content\/uploads\/2016\/06\/reservanaturlavolcanmombachosenderoelpumamirador-600x202.jpg 600w\" sizes=\"(max-width: 979px) 100vw, 979px\" \/><\/td>\n<\/tr>\n<tr style=\"height: 28px;\">\n<td style=\"height: 28px; width: 45px;\" colspan=\"2\" bgcolor=\"#FFFFFF\">\n<table style=\"height: 179px; width: 781px;\">\n<tbody>\n<tr>\n<td style=\"width: 367px; background-color: #ffffff; border-color: #ffffff;\"><\/td>\n<td style=\"width: 390px; background-color: #fcefbb;\"><strong>COMBOS:<\/strong><\/p>\n<p>Volcan + Isletas<\/p>\n<p>Volcan + Ciudad Gda<\/p>\n<p>Volcan +Tour del Cafe<\/td>\n<td style=\"width: 375px; background-color: #e5fade;\">Volcan + Canopy<\/p>\n<p>Volcan + Aves<\/p>\n<p>Volcan + Comunidad rural<\/td>\n<\/tr>\n<\/tbody>\n<\/table>\n<\/td>\n<\/tr>\n<tr style=\"height: 10px;\">\n<td style=\"height: 10px; width: 35px;\" valign=\"top\" bgcolor=\"#FFCC66\"><strong>Tour a la Reserva Natural\u00a0Volc\u00e1n\u00a0Mombacho:<\/strong><\/td>\n<td style=\"height: 973.33349609375px; width: 10px;\" rowspan=\"9\" valign=\"top\" bgcolor=\"#009900\">\n<table border=\"0\" width=\"372\">\n<tbody>\n<tr>\n<td width=\"366\">\u00a0\u00a0<img loading=\"lazy\" decoding=\"async\" class=\"alignnone size-full wp-image-11241\" src=\"http:\/\/nicaragua-travel-guide.com\/site\/wp-content\/uploads\/2016\/07\/granadavolcamombachomiradorlasflores.jpg\" alt=\"granadavolcamombachomiradorlasflores\" width=\"550\" height=\"413\" \/><\/td>\n<\/tr>\n<tr>\n<td><img loading=\"lazy\" decoding=\"async\" class=\"alignnone wp-image-11222\" src=\"http:\/\/nicaragua-travel-guide.com\/site\/wp-content\/uploads\/2016\/07\/granadavolcanmombachorquidea.jpg\" alt=\"granadavolcanmombachorquidea\" width=\"363\" height=\"272\" \/><\/td>\n<\/tr>\n<tr>\n<td><img loading=\"lazy\" decoding=\"async\" class=\"alignnone wp-image-11221\" src=\"http:\/\/nicaragua-travel-guide.com\/site\/wp-content\/uploads\/2016\/07\/granadavolcanmombachoperesoso.jpg\" alt=\"granadavolcanmombachoperesoso\" width=\"359\" height=\"271\" \/><\/td>\n<\/tr>\n<tr>\n<td><img loading=\"lazy\" decoding=\"async\" class=\"alignnone wp-image-11239\" src=\"http:\/\/nicaragua-travel-guide.com\/site\/wp-content\/uploads\/2016\/07\/monocongo.jpg\" alt=\"monocongo\" width=\"365\" height=\"275\" \/><\/td>\n<\/tr>\n<tr>\n<td><img loading=\"lazy\" decoding=\"async\" class=\"alignnone wp-image-11245\" src=\"http:\/\/nicaragua-travel-guide.com\/site\/wp-content\/uploads\/2016\/07\/ranitaverde.jpg\" alt=\"ranitaverde\" width=\"361\" height=\"238\" srcset=\"https:\/\/nicaragua-travel-guide.com\/site\/wp-content\/uploads\/2016\/07\/ranitaverde.jpg 276w, https:\/\/nicaragua-travel-guide.com\/site\/wp-content\/uploads\/2016\/07\/ranitaverde-180x120.jpg 180w\" sizes=\"(max-width: 361px) 100vw, 361px\" \/><\/td>\n<\/tr>\n<tr>\n<td><img loading=\"lazy\" decoding=\"async\" class=\"alignnone wp-image-11217\" src=\"http:\/\/nicaragua-travel-guide.com\/site\/wp-content\/uploads\/2016\/07\/volcanmombahosalamandra.jpg\" alt=\"volcanmombahosalamandra\" width=\"367\" height=\"276\" \/><\/td>\n<\/tr>\n<\/tbody>\n<\/table>\n<p>&nbsp;<\/td>\n<\/tr>\n<tr style=\"height: 30px;\">\n<td style=\"height: 30px; background-color: #d1ff6e; width: 35px;\" bgcolor=\"#CCFF00\"><strong>Sendero El Puma 4 km &#8211; 4 1\/2 hrs<\/strong><\/td>\n<\/tr>\n<tr style=\"height: 507px;\">\n<td style=\"height: 507px; width: 35px;\" bgcolor=\"#FFCC66\">Descripcion:<\/p>\n<p>&nbsp;<\/p>\n<p>Llegando a la recepci\u00f3n y parqueo del Volc\u00e1n Mombacho (abajo)<\/p>\n<p>&nbsp;<\/p>\n<p>Tomaremos el Ecomovil -Cami\u00f3n militar con todos los visitantes en el parqueo.<\/p>\n<p>&nbsp;<\/p>\n<p>&nbsp;<\/p>\n<p>Tenemos una variedad de opciones: Hay 3 senderos ecotur\u00edsticos y otras opciones para hacer antes o despu\u00e9s que del recorrido esto puede ser independiente o combinados:<\/p>\n<p>&nbsp;<\/p>\n<p>&nbsp;<\/p>\n<p>1- Visitar el orquideario donde podremos ver la colecci\u00f3n de orqu\u00eddeas del Mombacho. junto al mariposario y el pequeno laboratorio donde se cultivan y puede ver el proceso del nacimiento y vida de las mariposas.<\/p>\n<p>&nbsp;<\/p>\n<p>2-Te ofrecemos \u00e1rea de pic-nic a la sombra de distintas especies de arboles.<br \/>\npodemos llevar comidas rapidas &#8211; servicio de Cafeter\u00eda<\/p>\n<p>&nbsp;<\/p>\n<p>&nbsp;<\/p>\n<p>4- Bajaremos en la hacienda cafetalera ( 700 mts snm) estaremos de 5 a 10 minutos, tomar fotos con vista panor\u00e1mica\u00a0y si gustas puedes tomar una tasita de caf\u00e9 gratis ( suvenirs)<\/p>\n<p>&nbsp;<\/p>\n<p>5 &#8211; Puedemos hacer el <strong>Tour Origen del Caf\u00e9<\/strong> por 45 minutos (Pago adicional)<\/p>\n<p>&nbsp;<\/p>\n<p>6- Si te gusta la aventura rumbo hacia arriba o hacia abajo podemos hacer el tour de Canopy 700 msnm en la hacienda cafetalera. Son 11 plataformas 40 minutos de aventura, siente tu adrenalina! (Pago Adicional)<\/p>\n<p>&nbsp;<\/p>\n<p>Llegaremos en transporte hasta la Estaci\u00f3n Biol\u00f3gica de la Reserva Natural Volc\u00e1n Mombacho.<\/p>\n<p>&nbsp;<\/p>\n<p>6- Informaci\u00f3n general 5-10 minutos, seguir las orientaciones del gu\u00eda, servicio de restaurante y suvenir para comprar.<\/td>\n<\/tr>\n<tr style=\"height: 31px;\">\n<td style=\"height: 31px; background-color: #d1ff6e; width: 35px;\" bgcolor=\"#CCFF00\">#3 Sendero<strong> el Puma<\/strong> : 4km &#8211; caminando 4 \u00bd horas &#8211; <strong>Precio:<\/strong><\/td>\n<\/tr>\n<tr style=\"height: 128px;\">\n<td style=\"height: 128px; width: 35px;\" bgcolor=\"#FFCC66\">Es el sendero m\u00e1s largo, dif\u00edcil y desafiante de la Reserva. Consiste en 4 Km de c\u00edrculo el\u00edptico con paisajes en medio de la vegetaci\u00f3n densa e intacta y con miradores en los puntos m\u00e1s altos de la Reserva donde la vista es espectacular de todo el Lago de Nicaragua. Se necesita un gu\u00eda para hacerlo en unas 4 horas. Va desde los 900 hasta los 1222 msnm.<\/td>\n<\/tr>\n<tr style=\"height: 31px;\">\n<td style=\"height: 31px; background-color: #d1ff6e; width: 35px;\" bgcolor=\"#CCFF00\">Comenzaremos a caminar por el o los senderos a su elecci\u00f3n:<\/td>\n<\/tr>\n<tr style=\"height: 259px;\">\n<td style=\"height: 259px; width: 35px;\" valign=\"top\" bgcolor=\"#FFCC66\">Hay diferentes miradores con vista panor\u00e1mica alrededor del cr\u00e1ter cubierto de bosque, En el \u00e1rea silvestre, veras orqu\u00eddeas, hongos, elechos,l\u00edquenes, muzgo, bromelias, plantas epifitas. con menci\u00f3n de raros animalitos insectos y especies end\u00e9micas.Si tenemos suerte podemos ver ardillas, monos, perezosos, ranas etc\u2026en la sombra del tremendo bosque nuboso con ecosistema muy particular donde se pueden ver las fumarolas volc\u00e1nicas naturales con emanaci\u00f3n de gases sulfurosos, admirar la belleza natural y vistas panor\u00e1micas, tomar fotos desde la parte m\u00e1s alta durante el recorrido por los senderos de nuestro gigante y majestuoso centinela que se mantiene en pie y firme, podr\u00e1s ver el gran lago de Nicaragua, la ciudad de Granada, el archipi\u00e9lago 365 Isletas alrededor de la pen\u00ednsula, el Volc\u00e1n Masaya y un poquito de la laguna de Apoyo.<\/td>\n<\/tr>\n<tr style=\"height: 11px;\">\n<td style=\"height: 11px; background-color: #38e012; width: 35px; text-align: left;\" align=\"center\" valign=\"middle\" bgcolor=\"#CCFF99\"><strong>El Tour Nocturno:<\/strong><\/td>\n<\/tr>\n<tr style=\"height: 11px;\">\n<td style=\"height: 11px; background-color: #fce8a4; width: 35px; text-align: left;\" align=\"center\" valign=\"middle\" bgcolor=\"#CCFF99\"><span style=\"font-family: inherit; font-size: inherit; line-height: 1.5;\">Para los hu\u00e9spedes del eco-albergue de la estaci\u00f3n biol\u00f3gica del Volc\u00e1n Mombacho a 1,150 snm.<\/span><\/p>\n<p>Hay dormitorio con capacidad m\u00e1ximo para 25 personas, incluye desayuno, cena y a las 9:00 pm comienza el tour nocturno con el gu\u00eda de la reserva acompa\u00f1ados con focos, y abrigados por el fr\u00edo, por media hora en busca de las ranitas verdes de ojos rojos y las salamandras end\u00e9micas en su temporada de reproducci\u00f3n. (mayo a diciembre)<\/p>\n<p>Precio con alojamiento:U$55 P\/P<\/td>\n<\/tr>\n<tr style=\"height: 26px;\">\n<td style=\"height: 26px; width: 45px; background-color: #b8f759;\" colspan=\"2\" valign=\"top\" bgcolor=\"#009900\">Por mayor informaci\u00f3n y reservacion <a href=\"http:\/\/nicaragua-travel-guide.com\/site\/contactanos\/\">Contactarnos<\/a><\/td>\n<\/tr>\n<\/tbody>\n<\/table>\n","protected":false},"excerpt":{"rendered":"<p>COMBOS: Volcan + Isletas Volcan + Ciudad Gda Volcan +Tour del Cafe Volcan + Canopy Volcan + Aves Volcan + Comunidad rural Tour a la Reserva Natural\u00a0Volc\u00e1n\u00a0Mombacho: \u00a0\u00a0 &nbsp; Sendero El Puma 4 km &#8211; 4 1\/2 hrs Descripcion: &nbsp; Llegando a la recepci\u00f3n y parqueo del Volc\u00e1n Mombacho (abajo) &nbsp; Tomaremos el Ecomovil -Cami\u00f3n [&hellip;]<\/p>\n","protected":false},"author":2,"featured_media":0,"parent":0,"menu_order":0,"comment_status":"closed","ping_status":"closed","template":"","meta":{"footnotes":""},"_links":{"self":[{"href":"https:\/\/nicaragua-travel-guide.com\/site\/wp-json\/wp\/v2\/pages\/6422"}],"collection":[{"href":"https:\/\/nicaragua-travel-guide.com\/site\/wp-json\/wp\/v2\/pages"}],"about":[{"href":"https:\/\/nicaragua-travel-guide.com\/site\/wp-json\/wp\/v2\/types\/page"}],"author":[{"embeddable":true,"href":"https:\/\/nicaragua-travel-guide.com\/site\/wp-json\/wp\/v2\/users\/2"}],"replies":[{"embeddable":true,"href":"https:\/\/nicaragua-travel-guide.com\/site\/wp-json\/wp\/v2\/comments?post=6422"}],"version-history":[{"count":14,"href":"https:\/\/nicaragua-travel-guide.com\/site\/wp-json\/wp\/v2\/pages\/6422\/revisions"}],"predecessor-version":[{"id":11255,"href":"https:\/\/nicaragua-travel-guide.com\/site\/wp-json\/wp\/v2\/pages\/6422\/revisions\/11255"}],"wp:attachment":[{"href":"https:\/\/nicaragua-travel-guide.com\/site\/wp-json\/wp\/v2\/media?parent=6422"}],"curies":[{"name":"wp","href":"https:\/\/api.w.org\/{rel}","templated":true}]}}