{"id":6437,"date":"2016-07-11T01:11:49","date_gmt":"2016-07-11T01:11:49","guid":{"rendered":"http:\/\/nicaragua-travel-guide.com\/site\/?page_id=6437"},"modified":"2016-08-16T22:48:17","modified_gmt":"2016-08-16T22:48:17","slug":"barco-enp-granada-en-el-gran-lago-de-nicaragua-viaje-ordinario-publico-y-domingo-evento-de-recreacion-familiar","status":"publish","type":"page","link":"https:\/\/nicaragua-travel-guide.com\/site\/barco-enp-granada-en-el-gran-lago-de-nicaragua-viaje-ordinario-publico-y-domingo-evento-de-recreacion-familiar\/","title":{"rendered":"Barco EPN Granada \u00abLago de Nicaragua \u00bb horario de viaje ordinario publico y recreaci\u00f3n"},"content":{"rendered":"<table style=\"width: 1021px;\" border=\"0\">\n<tbody>\n<tr>\n<td style=\"width: 1003px;\" colspan=\"3\"><img loading=\"lazy\" decoding=\"async\" class=\"alignnone wp-image-10732\" src=\"http:\/\/nicaragua-travel-guide.com\/site\/wp-content\/uploads\/2016\/07\/cruceroturisticopuertoprincipaldegranada-1.jpg\" alt=\"cruceroturisticopuertoprincipaldegranada\" width=\"1025\" height=\"378\" \/><\/td>\n<\/tr>\n<tr>\n<td style=\"width: 339px; background-color: #ff5cfa; height: 25px;\" bgcolor=\"#FF33FF\" height=\"25\"><strong>D\u00eda\u00a0Domingo:<\/strong> Especial Crucero Familiar<\/td>\n<td style=\"width: 329px; background-color: #2bdaed;\" bgcolor=\"#00CCFF\">Transporte Publico desde Granada:<\/td>\n<td style=\"width: 335px; background-color: #f2f53b;\" bgcolor=\"#FFFF00\">Transporte publico desde San Carlos:<\/td>\n<\/tr>\n<tr>\n<td style=\"width: 1003px;\" colspan=\"3\" valign=\"top\" height=\"247\">\n<table style=\"width: 1026.666748046875px;\" border=\"0\">\n<tbody>\n<tr style=\"height: 21px;\">\n<td style=\"height: 196.33334350585938px; width: 519px; background-color: #ff8cf9;\" rowspan=\"9\" bgcolor=\"#FFFFFF\">Ofrecemos un divertido recorrido tur\u00edstico de 2 horas en el Crucero Familiar, (Gran Barco) del gran lago de nicaragua entre las Isletas, con informaci\u00f3n de la flora,fauna,volcanes,Isletas y su historia, principalmente pensando en los ni\u00f1os, animando con payasos,juegos y bromas, globo flexia,bailes,y mucho mas para que disfruten en familia, el d\u00eda domingo.<\/p>\n<p>Horarios de salida: 11:00am y 3:00pm<\/p>\n<p>Por mayor informaci\u00f3n y reservacion <strong>Contactarnos<\/strong><\/td>\n<td style=\"height: 21px; width: 533px; background-color: #cd83f2;\" bgcolor=\"#99CC00\">Origen:Granada<\/td>\n<td style=\"height: 21px; width: 533px; background-color: #cd83f2;\" bgcolor=\"#99CC00\">Salida:Lunes \/ Jueves<\/td>\n<td style=\"height: 21px; width: 533px; background-color: #cd83f2;\" bgcolor=\"#99CC00\">Estaciones:<\/td>\n<td style=\"height: 21px; width: 574.666748046875px; background-color: #cd83f2;\" bgcolor=\"#99CC00\">Hora de llegada<\/td>\n<\/tr>\n<tr style=\"height: 22.333343505859375px;\">\n<td style=\"height: 22.333343505859375px; width: 533px; background-color: #c2edec;\" bgcolor=\"#99FF00\"><\/td>\n<td style=\"height: 22.333343505859375px; width: 533px; background-color: #c2edec;\" bgcolor=\"#99FF00\">Hora :2:00 pm<\/td>\n<td style=\"height: 22.333343505859375px; width: 533px; background-color: #c2edec;\" bgcolor=\"#99FF00\">Isla de Ometepe<\/td>\n<td style=\"height: 22.333343505859375px; width: 574.666748046875px; background-color: #c2edec;\" bgcolor=\"#99FF00\">6:00 pm<\/td>\n<\/tr>\n<tr style=\"height: 22px;\">\n<td style=\"height: 22.333343505859375px; width: 533px; background-color: #c2edec;\" bgcolor=\"#99FF00\"><\/td>\n<td style=\"height: 22.333343505859375px; width: 533px; background-color: #c2edec;\" bgcolor=\"#99FF00\"><\/td>\n<td style=\"height: 22.333343505859375px; width: 533px; background-color: #c2edec;\" bgcolor=\"#99FF00\">Morrito<\/td>\n<td style=\"height: 22.333343505859375px; width: 574.666748046875px; background-color: #c2edec;\" bgcolor=\"#99FF00\"><\/td>\n<\/tr>\n<tr style=\"height: 22px;\">\n<td style=\"height: 22.333343505859375px; width: 533px; background-color: #c2edec;\" bgcolor=\"#99FF00\"><\/td>\n<td style=\"height: 22.333343505859375px; width: 533px; background-color: #c2edec;\" bgcolor=\"#99FF00\"><\/td>\n<td style=\"height: 22.333343505859375px; width: 533px; background-color: #c2edec;\" bgcolor=\"#99FF00\">San Miguelito<\/td>\n<td style=\"height: 22.333343505859375px; width: 574.666748046875px; background-color: #c2edec;\" bgcolor=\"#99FF00\"><\/td>\n<\/tr>\n<tr style=\"height: 22px;\">\n<td style=\"height: 22.333343505859375px; width: 533px; background-color: #c2edec;\" bgcolor=\"#99FF00\">Puerto Terminal:<\/td>\n<td style=\"height: 22.333343505859375px; width: 533px; background-color: #c2edec;\" bgcolor=\"#99FF00\">Martes\/Viernes<\/td>\n<td style=\"height: 22.333343505859375px; width: 533px; background-color: #c2edec;\" bgcolor=\"#99FF00\">San Carlos<\/td>\n<td style=\"height: 22.333343505859375px; width: 574.666748046875px; background-color: #c2edec;\" bgcolor=\"#99FF00\">5:30 am<\/td>\n<\/tr>\n<tr style=\"height: 21px;\">\n<td style=\"height: 21px; width: 2173.666748046875px; background-color: #f2f218;\" colspan=\"4\" bgcolor=\"#CCCC00\"><strong>Retorno: \u00a0 \u00a0desde \u00a0San Carlos\u00a0\u00a0<\/strong><\/td>\n<\/tr>\n<tr style=\"height: 22px;\">\n<td style=\"height: 22px; width: 2173.666748046875px; background-color: #f7f7da;\" colspan=\"4\" bgcolor=\"#FFFF99\">\u00a0Salida: Martes y Viernes<\/td>\n<\/tr>\n<tr style=\"height: 22px;\">\n<td style=\"height: 22px; width: 533px; background-color: #f7f7da;\" bgcolor=\"#FFFF99\"><\/td>\n<td style=\"height: 22px; width: 533px; background-color: #f7f7da;\" bgcolor=\"#FFFF99\">2:00pm<\/td>\n<td style=\"height: 22px; width: 533px; background-color: #f7f7da;\" bgcolor=\"#FFFF99\"><\/td>\n<td style=\"height: 22px; width: 574.666748046875px; background-color: #f7f7da;\" bgcolor=\"#FFFF99\"><\/td>\n<\/tr>\n<tr style=\"height: 22px;\">\n<td style=\"height: 22px; width: 533px; background-color: #f7f7da;\" bgcolor=\"#FFFF99\">Llega a Granada<\/td>\n<td style=\"height: 22px; width: 533px; background-color: #f7f7da;\" bgcolor=\"#FFFF99\">Miercoles \/ Sabado<\/td>\n<td style=\"height: 22px; width: 533px; background-color: #f7f7da;\" bgcolor=\"#FFFF99\"><\/td>\n<td style=\"height: 22px; width: 574.666748046875px; background-color: #f7f7da;\" bgcolor=\"#FFFF99\">5:30am<\/td>\n<\/tr>\n<\/tbody>\n<\/table>\n<\/td>\n<\/tr>\n<tr>\n<td style=\"width: 339px;\"><img loading=\"lazy\" decoding=\"async\" class=\"alignnone size-medium wp-image-10738\" src=\"http:\/\/nicaragua-travel-guide.com\/site\/wp-content\/uploads\/2016\/07\/cruceroturisticopuertoprincipaldegranadamuelle.jpg\" alt=\"cruceroturisticopuertoprincipaldegranadamuelle\" width=\"960\" height=\"643\" srcset=\"https:\/\/nicaragua-travel-guide.com\/site\/wp-content\/uploads\/2016\/07\/cruceroturisticopuertoprincipaldegranadamuelle.jpg 960w, https:\/\/nicaragua-travel-guide.com\/site\/wp-content\/uploads\/2016\/07\/cruceroturisticopuertoprincipaldegranadamuelle-600x402.jpg 600w, https:\/\/nicaragua-travel-guide.com\/site\/wp-content\/uploads\/2016\/07\/cruceroturisticopuertoprincipaldegranadamuelle-180x120.jpg 180w\" sizes=\"(max-width: 960px) 100vw, 960px\" \/><\/td>\n<td style=\"width: 329px;\" valign=\"top\"><img loading=\"lazy\" decoding=\"async\" class=\"alignnone size-medium wp-image-10734\" src=\"http:\/\/nicaragua-travel-guide.com\/site\/wp-content\/uploads\/2016\/07\/cruceroturisticopuertoprincipaldegranadasalonprivadopeq.jpg\" alt=\"cruceroturisticopuertoprincipaldegranadasalonprivadopeq\" width=\"960\" height=\"643\" srcset=\"https:\/\/nicaragua-travel-guide.com\/site\/wp-content\/uploads\/2016\/07\/cruceroturisticopuertoprincipaldegranadasalonprivadopeq.jpg 960w, https:\/\/nicaragua-travel-guide.com\/site\/wp-content\/uploads\/2016\/07\/cruceroturisticopuertoprincipaldegranadasalonprivadopeq-600x402.jpg 600w, https:\/\/nicaragua-travel-guide.com\/site\/wp-content\/uploads\/2016\/07\/cruceroturisticopuertoprincipaldegranadasalonprivadopeq-180x120.jpg 180w\" sizes=\"(max-width: 960px) 100vw, 960px\" \/><\/td>\n<td style=\"width: 335px;\"><img loading=\"lazy\" decoding=\"async\" class=\"alignnone size-medium wp-image-10741\" src=\"http:\/\/nicaragua-travel-guide.com\/site\/wp-content\/uploads\/2016\/07\/cruceroturisticopuertoprincipaldegranadasaliendo.jpg\" alt=\"cruceroturisticopuertoprincipaldegranadasaliendo\" width=\"960\" height=\"643\" srcset=\"https:\/\/nicaragua-travel-guide.com\/site\/wp-content\/uploads\/2016\/07\/cruceroturisticopuertoprincipaldegranadasaliendo.jpg 960w, https:\/\/nicaragua-travel-guide.com\/site\/wp-content\/uploads\/2016\/07\/cruceroturisticopuertoprincipaldegranadasaliendo-600x402.jpg 600w, https:\/\/nicaragua-travel-guide.com\/site\/wp-content\/uploads\/2016\/07\/cruceroturisticopuertoprincipaldegranadasaliendo-180x120.jpg 180w\" sizes=\"(max-width: 960px) 100vw, 960px\" \/><\/td>\n<\/tr>\n<tr>\n<td style=\"width: 339px;\"><img loading=\"lazy\" decoding=\"async\" class=\"alignnone size-medium wp-image-10735\" src=\"http:\/\/nicaragua-travel-guide.com\/site\/wp-content\/uploads\/2016\/07\/cruceroturisticopuertoprincipaldegranada.breakdancejpg.jpg\" alt=\"cruceroturisticopuertoprincipaldegranada.breakdancejpg\" width=\"960\" height=\"643\" srcset=\"https:\/\/nicaragua-travel-guide.com\/site\/wp-content\/uploads\/2016\/07\/cruceroturisticopuertoprincipaldegranada.breakdancejpg.jpg 960w, https:\/\/nicaragua-travel-guide.com\/site\/wp-content\/uploads\/2016\/07\/cruceroturisticopuertoprincipaldegranada.breakdancejpg-600x402.jpg 600w, https:\/\/nicaragua-travel-guide.com\/site\/wp-content\/uploads\/2016\/07\/cruceroturisticopuertoprincipaldegranada.breakdancejpg-180x120.jpg 180w\" sizes=\"(max-width: 960px) 100vw, 960px\" \/><\/td>\n<td style=\"width: 329px;\"><img loading=\"lazy\" decoding=\"async\" class=\"alignnone size-medium wp-image-10740\" src=\"http:\/\/nicaragua-travel-guide.com\/site\/wp-content\/uploads\/2016\/07\/cruceroturisticopuertoprincipaldegranadapinata.jpg\" alt=\"cruceroturisticopuertoprincipaldegranadapinata\" width=\"960\" height=\"643\" srcset=\"https:\/\/nicaragua-travel-guide.com\/site\/wp-content\/uploads\/2016\/07\/cruceroturisticopuertoprincipaldegranadapinata.jpg 960w, https:\/\/nicaragua-travel-guide.com\/site\/wp-content\/uploads\/2016\/07\/cruceroturisticopuertoprincipaldegranadapinata-600x402.jpg 600w, https:\/\/nicaragua-travel-guide.com\/site\/wp-content\/uploads\/2016\/07\/cruceroturisticopuertoprincipaldegranadapinata-180x120.jpg 180w\" sizes=\"(max-width: 960px) 100vw, 960px\" \/><\/td>\n<td style=\"width: 335px;\"><img loading=\"lazy\" decoding=\"async\" class=\"alignnone size-medium wp-image-10739\" src=\"http:\/\/nicaragua-travel-guide.com\/site\/wp-content\/uploads\/2016\/07\/cruceroturisticopuertoprincipaldegranadanina.jpg\" alt=\"cruceroturisticopuertoprincipaldegranadanina\" width=\"960\" height=\"643\" srcset=\"https:\/\/nicaragua-travel-guide.com\/site\/wp-content\/uploads\/2016\/07\/cruceroturisticopuertoprincipaldegranadanina.jpg 960w, https:\/\/nicaragua-travel-guide.com\/site\/wp-content\/uploads\/2016\/07\/cruceroturisticopuertoprincipaldegranadanina-600x402.jpg 600w, https:\/\/nicaragua-travel-guide.com\/site\/wp-content\/uploads\/2016\/07\/cruceroturisticopuertoprincipaldegranadanina-180x120.jpg 180w\" sizes=\"(max-width: 960px) 100vw, 960px\" \/><\/td>\n<\/tr>\n<tr>\n<td style=\"width: 339px;\" valign=\"top\"><img loading=\"lazy\" decoding=\"async\" class=\"alignnone wp-image-10737\" src=\"http:\/\/nicaragua-travel-guide.com\/site\/wp-content\/uploads\/2016\/07\/cruceroturisticopuertoprincipaldegranadamombacho.jpg\" alt=\"cruceroturisticopuertoprincipaldegranadamombacho\" width=\"316\" height=\"211\" srcset=\"https:\/\/nicaragua-travel-guide.com\/site\/wp-content\/uploads\/2016\/07\/cruceroturisticopuertoprincipaldegranadamombacho.jpg 960w, https:\/\/nicaragua-travel-guide.com\/site\/wp-content\/uploads\/2016\/07\/cruceroturisticopuertoprincipaldegranadamombacho-600x402.jpg 600w, https:\/\/nicaragua-travel-guide.com\/site\/wp-content\/uploads\/2016\/07\/cruceroturisticopuertoprincipaldegranadamombacho-180x120.jpg 180w\" sizes=\"(max-width: 316px) 100vw, 316px\" \/><\/td>\n<td style=\"width: 329px;\" valign=\"top\"><img loading=\"lazy\" decoding=\"async\" class=\"wp-image-10736 aligncenter\" src=\"http:\/\/nicaragua-travel-guide.com\/site\/wp-content\/uploads\/2016\/07\/cruceroturisticopuertoprincipaldegranadaisletas.jpg\" alt=\"cruceroturisticopuertoprincipaldegranadaisletas\" width=\"320\" height=\"214\" srcset=\"https:\/\/nicaragua-travel-guide.com\/site\/wp-content\/uploads\/2016\/07\/cruceroturisticopuertoprincipaldegranadaisletas.jpg 960w, https:\/\/nicaragua-travel-guide.com\/site\/wp-content\/uploads\/2016\/07\/cruceroturisticopuertoprincipaldegranadaisletas-600x402.jpg 600w, https:\/\/nicaragua-travel-guide.com\/site\/wp-content\/uploads\/2016\/07\/cruceroturisticopuertoprincipaldegranadaisletas-180x120.jpg 180w\" sizes=\"(max-width: 320px) 100vw, 320px\" \/><\/td>\n<td style=\"width: 335px;\" valign=\"top\"><img loading=\"lazy\" decoding=\"async\" class=\"wp-image-10686 aligncenter\" src=\"http:\/\/nicaragua-travel-guide.com\/site\/wp-content\/uploads\/2016\/07\/hotelisletaelroble.jpg\" alt=\"hotelisletaelroble\" width=\"291\" height=\"218\" \/><\/td>\n<\/tr>\n<tr>\n<td style=\"width: 1003px;\" colspan=\"3\"><img loading=\"lazy\" decoding=\"async\" class=\"alignnone size-medium wp-image-10733\" src=\"http:\/\/nicaragua-travel-guide.com\/site\/wp-content\/uploads\/2016\/07\/crucero-familiar-de-recreacion-entre-las-sletas-de-granada.jpg\" alt=\"crucero familiar de recreacion entre las sletas de granada\" width=\"1025\" height=\"345\" srcset=\"https:\/\/nicaragua-travel-guide.com\/site\/wp-content\/uploads\/2016\/07\/crucero-familiar-de-recreacion-entre-las-sletas-de-granada.jpg 1025w, https:\/\/nicaragua-travel-guide.com\/site\/wp-content\/uploads\/2016\/07\/crucero-familiar-de-recreacion-entre-las-sletas-de-granada-600x202.jpg 600w\" sizes=\"(max-width: 1025px) 100vw, 1025px\" \/><\/td>\n<\/tr>\n<\/tbody>\n<\/table>\n","protected":false},"excerpt":{"rendered":"<p>D\u00eda\u00a0Domingo: Especial Crucero Familiar Transporte Publico desde Granada: Transporte publico desde San Carlos: Ofrecemos un divertido recorrido tur\u00edstico de 2 horas en el Crucero Familiar, (Gran Barco) del gran lago de nicaragua entre las Isletas, con informaci\u00f3n de la flora,fauna,volcanes,Isletas y su historia, principalmente pensando en los ni\u00f1os, animando con payasos,juegos y bromas, globo flexia,bailes,y [&hellip;]<\/p>\n","protected":false},"author":2,"featured_media":0,"parent":0,"menu_order":0,"comment_status":"closed","ping_status":"closed","template":"","meta":{"footnotes":""},"_links":{"self":[{"href":"https:\/\/nicaragua-travel-guide.com\/site\/wp-json\/wp\/v2\/pages\/6437"}],"collection":[{"href":"https:\/\/nicaragua-travel-guide.com\/site\/wp-json\/wp\/v2\/pages"}],"about":[{"href":"https:\/\/nicaragua-travel-guide.com\/site\/wp-json\/wp\/v2\/types\/page"}],"author":[{"embeddable":true,"href":"https:\/\/nicaragua-travel-guide.com\/site\/wp-json\/wp\/v2\/users\/2"}],"replies":[{"embeddable":true,"href":"https:\/\/nicaragua-travel-guide.com\/site\/wp-json\/wp\/v2\/comments?post=6437"}],"version-history":[{"count":12,"href":"https:\/\/nicaragua-travel-guide.com\/site\/wp-json\/wp\/v2\/pages\/6437\/revisions"}],"predecessor-version":[{"id":11409,"href":"https:\/\/nicaragua-travel-guide.com\/site\/wp-json\/wp\/v2\/pages\/6437\/revisions\/11409"}],"wp:attachment":[{"href":"https:\/\/nicaragua-travel-guide.com\/site\/wp-json\/wp\/v2\/media?parent=6437"}],"curies":[{"name":"wp","href":"https:\/\/api.w.org\/{rel}","templated":true}]}}