{"id":6451,"date":"2016-07-11T18:36:24","date_gmt":"2016-07-11T18:36:24","guid":{"rendered":"http:\/\/nicaragua-travel-guide.com\/site\/?page_id=6451"},"modified":"2016-08-10T19:31:37","modified_gmt":"2016-08-10T19:31:37","slug":"alquiler-y-alojamiento-en-isleta-privada-evento-especial-por-horas-visita-guiada-en-lancha","status":"publish","type":"page","link":"https:\/\/nicaragua-travel-guide.com\/site\/alquiler-y-alojamiento-en-isleta-privada-evento-especial-por-horas-visita-guiada-en-lancha\/","title":{"rendered":"Alquiler y alojamiento en Isleta privada \u00abevento especial por horas \u00bb visita guiada en lancha"},"content":{"rendered":"<table style=\"width: 999.701px;\" border=\"0\">\n<tbody>\n<tr style=\"height: 37px;\">\n<td style=\"height: 37px; width: 986.701px;\" colspan=\"2\" bgcolor=\"#0066FF\"><img loading=\"lazy\" decoding=\"async\" class=\"alignnone size-full wp-image-10626\" src=\"http:\/\/nicaragua-travel-guide.com\/site\/wp-content\/uploads\/2016\/07\/header-booat-tour-1.jpg\" alt=\"header booat tour\" width=\"1025\" height=\"345\" srcset=\"https:\/\/nicaragua-travel-guide.com\/site\/wp-content\/uploads\/2016\/07\/header-booat-tour-1.jpg 1025w, https:\/\/nicaragua-travel-guide.com\/site\/wp-content\/uploads\/2016\/07\/header-booat-tour-1-600x202.jpg 600w\" sizes=\"(max-width: 1025px) 100vw, 1025px\" \/><\/td>\n<\/tr>\n<tr style=\"height: 13px;\">\n<td style=\"height: 13px; width: 986.701px;\" colspan=\"2\" bgcolor=\"#0066FF\"><strong>Alquiler de Isleta \u00a0 \u00a0 \u00a0 Por medio\u00a0d\u00eda\u00a0\/ Todo el\u00a0d\u00eda\u00a0\/ 24 horas y m\u00e1s&#8230;\u00a0<\/strong><\/td>\n<\/tr>\n<tr style=\"height: 25px;\">\n<td style=\"height: 25px; width: 646px;\" bgcolor=\"#FFFFFF\">Opci\u00f3n de Combinar\u2026\u2026\u2026a su elecci\u00f3n\u2026<\/td>\n<td style=\"height: 280px; width: 340.701px;\" rowspan=\"4\" valign=\"top\" bgcolor=\"#FFFFFF\">\n<table border=\"0\" width=\"339\">\n<tbody>\n<tr style=\"height: 229px;\">\n<td style=\"height: 229px;\" valign=\"top\" bgcolor=\"#FFFFFF\" width=\"333\"><img loading=\"lazy\" decoding=\"async\" class=\"alignnone size-full wp-image-10660\" src=\"http:\/\/nicaragua-travel-guide.com\/site\/wp-content\/uploads\/2016\/07\/islataitisalamesatronco.jpg\" alt=\"islataitisalamesatronco\" width=\"340\" height=\"227\" srcset=\"https:\/\/nicaragua-travel-guide.com\/site\/wp-content\/uploads\/2016\/07\/islataitisalamesatronco.jpg 340w, https:\/\/nicaragua-travel-guide.com\/site\/wp-content\/uploads\/2016\/07\/islataitisalamesatronco-180x120.jpg 180w\" sizes=\"(max-width: 340px) 100vw, 340px\" \/><\/td>\n<\/tr>\n<tr style=\"height: 8.99658px;\">\n<td style=\"height: 8.99658px;\" valign=\"top\" bgcolor=\"#FFFFFF\"><\/td>\n<\/tr>\n<tr style=\"height: 23px;\">\n<td style=\"height: 23px;\" valign=\"top\" bgcolor=\"#FFFFFF\">\u00a0<img loading=\"lazy\" decoding=\"async\" class=\"alignnone size-medium wp-image-10680\" src=\"http:\/\/nicaragua-travel-guide.com\/site\/wp-content\/uploads\/2016\/07\/isletaitirefrige.jpg\" alt=\"isletaitirefrige\" width=\"340\" height=\"227\" srcset=\"https:\/\/nicaragua-travel-guide.com\/site\/wp-content\/uploads\/2016\/07\/isletaitirefrige.jpg 340w, https:\/\/nicaragua-travel-guide.com\/site\/wp-content\/uploads\/2016\/07\/isletaitirefrige-180x120.jpg 180w\" sizes=\"(max-width: 340px) 100vw, 340px\" \/><\/td>\n<\/tr>\n<tr style=\"height: 23px;\">\n<td style=\"height: 23px;\" valign=\"top\" bgcolor=\"#FFFFFF\"><\/td>\n<\/tr>\n<\/tbody>\n<\/table>\n<\/td>\n<\/tr>\n<tr style=\"height: 209px;\">\n<td style=\"height: 209px; width: 646px;\" bgcolor=\"#0066FF\">Para disfrutar de su estad\u00eda y de la vista panor\u00e1mica podemos\u00a0 alquilar una Isleta privada por todo el d\u00eda es una Isleta ideal para celebrar fiestas de cumplea\u00f1os y reuniones para grupos. tiene todas las comodidades necesarias servicio de ba\u00f1o, piscina, corredores con sala amueblado, comedor, tv, habitaciones para dos personas y dormitorios para cuatro, y habitaci\u00f3n con cama matrimonial, hay que reservar con anticipaci\u00f3n, para tu estad\u00eda y organizar tu fiesta de todo el d\u00eda, para grupo de 10 personas, si deseas\u00a0pasar dos dos noches\u00a0y dos d\u00edas, tambi\u00e9n puede ser cualquier d\u00eda de la semana, s\u00e1bado y domingo. Nosotros frecemos\u00a0 servicio de buffet\u00a0 o entrega de alimentos y bebidas o puedes llevar tus alimentos y bebidas, podemos organizar tu viaje con gu\u00eda biling\u00fce para hacer el recorrido explorando el archipi\u00e9lago de Isletas.<\/td>\n<\/tr>\n<tr style=\"height: 25px;\">\n<td style=\"height: 25px; width: 646px;\" bgcolor=\"#FFFFFF\">Alquiler de Isleta ideal para realizar celebraciones, fiesta de cumplea\u00f1os, bodas :<\/td>\n<\/tr>\n<tr style=\"height: 21px;\">\n<td style=\"height: 21px; width: 646px;\" valign=\"top\" bgcolor=\"#0066FF\">\n<ul>\n<li>Alquiler de Isleta por todo el d\u00eda: $200-250 \/24 hrs<\/li>\n<li>Habitaciones con camas y dormitorio para 10 personas, cocina, piscina, \u00e1rea de pic-nic<\/li>\n<li>Precio de la Isleta por dos d\u00edas: $350<\/li>\n<li>Servicio de transporte en Veh\u00edculo ida y vuelta desde granada $40<\/li>\n<li>Transporte en Lancha ida y vuelta $50 por lancha<\/li>\n<li>Grupo Musical de Guitarras $50 h<\/li>\n<li>Grupo de Danza Folcl\u00f3rica $120 h<\/li>\n<li>Servicio de Alimentos y bebidas ( arreglos especiales con chef, Meseros, Bar tender)<\/li>\n<li>Sillas\u00a0 y mesas, manteles, vajillas, hielo, y otros servicios<\/li>\n<\/ul>\n<\/td>\n<\/tr>\n<tr style=\"height: 17px;\">\n<td style=\"height: 17px; width: 986.701px;\" colspan=\"2\" bgcolor=\"#FFFFFF\">\n<table style=\"height: 48px; width: 1000px;\">\n<tbody>\n<tr>\n<td style=\"width: 490.323px;\"><img loading=\"lazy\" decoding=\"async\" class=\"alignnone size-full wp-image-10663\" src=\"http:\/\/nicaragua-travel-guide.com\/site\/wp-content\/uploads\/2016\/07\/isleta-titi-bancas.jpg\" alt=\"isleta titi bancas\" width=\"639\" height=\"426\" srcset=\"https:\/\/nicaragua-travel-guide.com\/site\/wp-content\/uploads\/2016\/07\/isleta-titi-bancas.jpg 639w, https:\/\/nicaragua-travel-guide.com\/site\/wp-content\/uploads\/2016\/07\/isleta-titi-bancas-600x400.jpg 600w, https:\/\/nicaragua-travel-guide.com\/site\/wp-content\/uploads\/2016\/07\/isleta-titi-bancas-180x120.jpg 180w\" sizes=\"(max-width: 639px) 100vw, 639px\" \/><\/td>\n<td style=\"width: 498.677px;\"><img loading=\"lazy\" decoding=\"async\" class=\"alignnone size-full wp-image-10664\" src=\"http:\/\/nicaragua-travel-guide.com\/site\/wp-content\/uploads\/2016\/07\/Isleta-titi-piscina.jpg\" alt=\"Isleta titi piscina\" width=\"639\" height=\"426\" srcset=\"https:\/\/nicaragua-travel-guide.com\/site\/wp-content\/uploads\/2016\/07\/Isleta-titi-piscina.jpg 639w, https:\/\/nicaragua-travel-guide.com\/site\/wp-content\/uploads\/2016\/07\/Isleta-titi-piscina-600x400.jpg 600w, https:\/\/nicaragua-travel-guide.com\/site\/wp-content\/uploads\/2016\/07\/Isleta-titi-piscina-180x120.jpg 180w\" sizes=\"(max-width: 639px) 100vw, 639px\" \/><\/td>\n<td style=\"width: 498.677px;\"><img loading=\"lazy\" decoding=\"async\" class=\"alignnone size-full wp-image-10665\" src=\"http:\/\/nicaragua-travel-guide.com\/site\/wp-content\/uploads\/2016\/07\/isleta-titi-sofa.jpg\" alt=\"isleta titi sofa\" width=\"639\" height=\"426\" srcset=\"https:\/\/nicaragua-travel-guide.com\/site\/wp-content\/uploads\/2016\/07\/isleta-titi-sofa.jpg 639w, https:\/\/nicaragua-travel-guide.com\/site\/wp-content\/uploads\/2016\/07\/isleta-titi-sofa-600x400.jpg 600w, https:\/\/nicaragua-travel-guide.com\/site\/wp-content\/uploads\/2016\/07\/isleta-titi-sofa-180x120.jpg 180w\" sizes=\"(max-width: 639px) 100vw, 639px\" \/><\/td>\n<\/tr>\n<\/tbody>\n<\/table>\n<\/td>\n<\/tr>\n<tr style=\"height: 228.3333740234375px;\">\n<td style=\"height: 228.3333740234375px; width: 986.701px;\" colspan=\"2\" bgcolor=\"#FFFFFF\">\n<table style=\"width: 1002.3333740234375px;\" border=\"0\">\n<tbody>\n<tr style=\"height: 20.666748046875px;\">\n<td style=\"height: 20.666748046875px; width: 337px;\"><img loading=\"lazy\" decoding=\"async\" class=\"alignnone size-full wp-image-10666\" src=\"http:\/\/nicaragua-travel-guide.com\/site\/wp-content\/uploads\/2016\/07\/isleta-titi-banca-de-patio.jpg\" alt=\"isleta titi banca de patio\" width=\"312\" height=\"227\" \/><\/td>\n<td style=\"height: 20.666748046875px; width: 320px;\"><img loading=\"lazy\" decoding=\"async\" class=\"alignnone size-full wp-image-10661\" src=\"http:\/\/nicaragua-travel-guide.com\/site\/wp-content\/uploads\/2016\/07\/isleta-titi-cocina.jpg\" alt=\"isleta titi cocina\" width=\"340\" height=\"227\" srcset=\"https:\/\/nicaragua-travel-guide.com\/site\/wp-content\/uploads\/2016\/07\/isleta-titi-cocina.jpg 340w, https:\/\/nicaragua-travel-guide.com\/site\/wp-content\/uploads\/2016\/07\/isleta-titi-cocina-180x120.jpg 180w\" sizes=\"(max-width: 340px) 100vw, 340px\" \/><\/td>\n<td style=\"height: 20.666748046875px; width: 339.3333740234375px;\"><img loading=\"lazy\" decoding=\"async\" class=\"alignnone size-full wp-image-10668\" src=\"http:\/\/nicaragua-travel-guide.com\/site\/wp-content\/uploads\/2016\/07\/isleta-titi-cabana.jpg\" alt=\"isleta titi cabana\" width=\"340\" height=\"227\" srcset=\"https:\/\/nicaragua-travel-guide.com\/site\/wp-content\/uploads\/2016\/07\/isleta-titi-cabana.jpg 340w, https:\/\/nicaragua-travel-guide.com\/site\/wp-content\/uploads\/2016\/07\/isleta-titi-cabana-180x120.jpg 180w\" sizes=\"(max-width: 340px) 100vw, 340px\" \/><\/td>\n<\/tr>\n<tr style=\"height: 21px;\">\n<td style=\"height: 21px; width: 337px;\">mesa de jard\u00edn<\/td>\n<td style=\"height: 21px; width: 320px;\">cocina<\/td>\n<td style=\"height: 21px; width: 339.3333740234375px;\">corredor y cuarto<\/td>\n<\/tr>\n<tr style=\"height: 21px;\">\n<td style=\"height: 21px; width: 337px;\"><img loading=\"lazy\" decoding=\"async\" class=\"alignnone size-full wp-image-10672\" src=\"http:\/\/nicaragua-travel-guide.com\/site\/wp-content\/uploads\/2016\/07\/isleta-titi-dormitorio.jpg\" alt=\"isleta titi dormitorio\" width=\"639\" height=\"426\" srcset=\"https:\/\/nicaragua-travel-guide.com\/site\/wp-content\/uploads\/2016\/07\/isleta-titi-dormitorio.jpg 639w, https:\/\/nicaragua-travel-guide.com\/site\/wp-content\/uploads\/2016\/07\/isleta-titi-dormitorio-600x400.jpg 600w, https:\/\/nicaragua-travel-guide.com\/site\/wp-content\/uploads\/2016\/07\/isleta-titi-dormitorio-180x120.jpg 180w\" sizes=\"(max-width: 639px) 100vw, 639px\" \/><\/td>\n<td style=\"height: 21px; width: 320px;\"><img loading=\"lazy\" decoding=\"async\" class=\"alignnone size-full wp-image-10671\" src=\"http:\/\/nicaragua-travel-guide.com\/site\/wp-content\/uploads\/2016\/07\/isleta-titi-comedor.jpg\" alt=\"isleta titi comedor\" width=\"639\" height=\"426\" srcset=\"https:\/\/nicaragua-travel-guide.com\/site\/wp-content\/uploads\/2016\/07\/isleta-titi-comedor.jpg 639w, https:\/\/nicaragua-travel-guide.com\/site\/wp-content\/uploads\/2016\/07\/isleta-titi-comedor-600x400.jpg 600w, https:\/\/nicaragua-travel-guide.com\/site\/wp-content\/uploads\/2016\/07\/isleta-titi-comedor-180x120.jpg 180w\" sizes=\"(max-width: 639px) 100vw, 639px\" \/><\/td>\n<td style=\"height: 21px; width: 339.3333740234375px;\"><img loading=\"lazy\" decoding=\"async\" class=\"alignnone size-full wp-image-10675\" src=\"http:\/\/nicaragua-travel-guide.com\/site\/wp-content\/uploads\/2016\/07\/isleta-titi-habitacion-cama-king.jpg\" alt=\"isleta titi habitacion  cama king\" width=\"639\" height=\"426\" srcset=\"https:\/\/nicaragua-travel-guide.com\/site\/wp-content\/uploads\/2016\/07\/isleta-titi-habitacion-cama-king.jpg 639w, https:\/\/nicaragua-travel-guide.com\/site\/wp-content\/uploads\/2016\/07\/isleta-titi-habitacion-cama-king-600x400.jpg 600w, https:\/\/nicaragua-travel-guide.com\/site\/wp-content\/uploads\/2016\/07\/isleta-titi-habitacion-cama-king-180x120.jpg 180w\" sizes=\"(max-width: 639px) 100vw, 639px\" \/><\/td>\n<\/tr>\n<tr style=\"height: 21px;\">\n<td style=\"height: 21px; width: 337px;\">cuarto con 2 literas<\/td>\n<td style=\"height: 21px; width: 320px;\">sala comedor<\/td>\n<td style=\"height: 21px; width: 339.3333740234375px;\">cuarto con cama matrimonial<\/td>\n<\/tr>\n<tr style=\"height: 21px;\">\n<td style=\"height: 21px; width: 337px;\"><img loading=\"lazy\" decoding=\"async\" class=\"alignnone size-full wp-image-10673\" src=\"http:\/\/nicaragua-travel-guide.com\/site\/wp-content\/uploads\/2016\/07\/Isleta-titi-habitacion-dos-camas-individuales.jpg\" alt=\"Isleta titi habitacion dos camas individuales\" width=\"639\" height=\"426\" srcset=\"https:\/\/nicaragua-travel-guide.com\/site\/wp-content\/uploads\/2016\/07\/Isleta-titi-habitacion-dos-camas-individuales.jpg 639w, https:\/\/nicaragua-travel-guide.com\/site\/wp-content\/uploads\/2016\/07\/Isleta-titi-habitacion-dos-camas-individuales-600x400.jpg 600w, https:\/\/nicaragua-travel-guide.com\/site\/wp-content\/uploads\/2016\/07\/Isleta-titi-habitacion-dos-camas-individuales-180x120.jpg 180w\" sizes=\"(max-width: 639px) 100vw, 639px\" \/><\/td>\n<td style=\"height: 21px; width: 320px;\"><img loading=\"lazy\" decoding=\"async\" class=\"wp-image-10669 aligncenter\" src=\"http:\/\/nicaragua-travel-guide.com\/site\/wp-content\/uploads\/2016\/07\/isleta-titi-bano.jpg\" alt=\"isleta titi bano\" width=\"190\" height=\"228\" \/><\/td>\n<td style=\"height: 21px; width: 339.3333740234375px;\"><img loading=\"lazy\" decoding=\"async\" class=\"alignnone  wp-image-10676\" src=\"http:\/\/nicaragua-travel-guide.com\/site\/wp-content\/uploads\/2016\/07\/isleta-titi-habitacion-matrimonial.jpg\" alt=\"isleta titi habitacion matrimonial\" width=\"340\" height=\"228\" srcset=\"https:\/\/nicaragua-travel-guide.com\/site\/wp-content\/uploads\/2016\/07\/isleta-titi-habitacion-matrimonial.jpg 255w, https:\/\/nicaragua-travel-guide.com\/site\/wp-content\/uploads\/2016\/07\/isleta-titi-habitacion-matrimonial-180x120.jpg 180w\" sizes=\"(max-width: 340px) 100vw, 340px\" \/><\/td>\n<\/tr>\n<tr style=\"height: 21px;\">\n<td style=\"height: 21px; width: 337px;\">dos camas unipersonales<\/td>\n<td style=\"height: 21px; width: 320px;\">servicio de ba\u00f1o<\/td>\n<td style=\"height: 21px; width: 339.3333740234375px;\">cama matrimonial<\/td>\n<\/tr>\n<tr style=\"height: 21px;\">\n<td style=\"height: 21px; width: 337px;\"><img loading=\"lazy\" decoding=\"async\" class=\"alignnone  wp-image-10677\" src=\"http:\/\/nicaragua-travel-guide.com\/site\/wp-content\/uploads\/2016\/07\/isleta-titi-habitacion-cama-matrimonial-tv.jpg\" alt=\"isleta titi habitacion cama matrimonial tv\" width=\"308\" height=\"206\" srcset=\"https:\/\/nicaragua-travel-guide.com\/site\/wp-content\/uploads\/2016\/07\/isleta-titi-habitacion-cama-matrimonial-tv.jpg 255w, https:\/\/nicaragua-travel-guide.com\/site\/wp-content\/uploads\/2016\/07\/isleta-titi-habitacion-cama-matrimonial-tv-180x120.jpg 180w\" sizes=\"(max-width: 308px) 100vw, 308px\" \/><\/td>\n<td style=\"height: 21px; width: 320px;\"><img loading=\"lazy\" decoding=\"async\" class=\"alignnone  wp-image-10670\" src=\"http:\/\/nicaragua-travel-guide.com\/site\/wp-content\/uploads\/2016\/07\/isleta-titi-lavamano-y-bano.jpg\" alt=\"isleta titi lavamano y bano\" width=\"319\" height=\"214\" srcset=\"https:\/\/nicaragua-travel-guide.com\/site\/wp-content\/uploads\/2016\/07\/isleta-titi-lavamano-y-bano.jpg 255w, https:\/\/nicaragua-travel-guide.com\/site\/wp-content\/uploads\/2016\/07\/isleta-titi-lavamano-y-bano-180x120.jpg 180w\" sizes=\"(max-width: 319px) 100vw, 319px\" \/><\/td>\n<td style=\"height: 21px; width: 339.3333740234375px;\"><img loading=\"lazy\" decoding=\"async\" class=\"wp-image-10674 aligncenter\" src=\"http:\/\/nicaragua-travel-guide.com\/site\/wp-content\/uploads\/2016\/07\/isleta-tit-ihabitacion-doble-matrimonial.jpg\" alt=\"isleta tit ihabitacion doble matrimonial\" width=\"306\" height=\"204\" srcset=\"https:\/\/nicaragua-travel-guide.com\/site\/wp-content\/uploads\/2016\/07\/isleta-tit-ihabitacion-doble-matrimonial.jpg 255w, https:\/\/nicaragua-travel-guide.com\/site\/wp-content\/uploads\/2016\/07\/isleta-tit-ihabitacion-doble-matrimonial-180x120.jpg 180w\" sizes=\"(max-width: 306px) 100vw, 306px\" \/><\/td>\n<\/tr>\n<\/tbody>\n<\/table>\n<\/td>\n<\/tr>\n<tr style=\"height: 25px;\">\n<td style=\"height: 25px; width: 986.701px; background-color: #b3e01d;\" colspan=\"2\" bgcolor=\"#FFFFFF\">Por mayor informaci\u00f3n y reservacion \u00a0\u00a0<strong>Contactarnos<\/strong><\/td>\n<\/tr>\n<\/tbody>\n<\/table>\n","protected":false},"excerpt":{"rendered":"<p>Alquiler de Isleta \u00a0 \u00a0 \u00a0 Por medio\u00a0d\u00eda\u00a0\/ Todo el\u00a0d\u00eda\u00a0\/ 24 horas y m\u00e1s&#8230;\u00a0 Opci\u00f3n de Combinar\u2026\u2026\u2026a su elecci\u00f3n\u2026 \u00a0 Para disfrutar de su estad\u00eda y de la vista panor\u00e1mica podemos\u00a0 alquilar una Isleta privada por todo el d\u00eda es una Isleta ideal para celebrar fiestas de cumplea\u00f1os y reuniones para grupos. tiene todas las [&hellip;]<\/p>\n","protected":false},"author":2,"featured_media":0,"parent":0,"menu_order":0,"comment_status":"closed","ping_status":"closed","template":"","meta":{"footnotes":""},"_links":{"self":[{"href":"https:\/\/nicaragua-travel-guide.com\/site\/wp-json\/wp\/v2\/pages\/6451"}],"collection":[{"href":"https:\/\/nicaragua-travel-guide.com\/site\/wp-json\/wp\/v2\/pages"}],"about":[{"href":"https:\/\/nicaragua-travel-guide.com\/site\/wp-json\/wp\/v2\/types\/page"}],"author":[{"embeddable":true,"href":"https:\/\/nicaragua-travel-guide.com\/site\/wp-json\/wp\/v2\/users\/2"}],"replies":[{"embeddable":true,"href":"https:\/\/nicaragua-travel-guide.com\/site\/wp-json\/wp\/v2\/comments?post=6451"}],"version-history":[{"count":19,"href":"https:\/\/nicaragua-travel-guide.com\/site\/wp-json\/wp\/v2\/pages\/6451\/revisions"}],"predecessor-version":[{"id":10681,"href":"https:\/\/nicaragua-travel-guide.com\/site\/wp-json\/wp\/v2\/pages\/6451\/revisions\/10681"}],"wp:attachment":[{"href":"https:\/\/nicaragua-travel-guide.com\/site\/wp-json\/wp\/v2\/media?parent=6451"}],"curies":[{"name":"wp","href":"https:\/\/api.w.org\/{rel}","templated":true}]}}