{"id":6458,"date":"2016-07-11T18:56:36","date_gmt":"2016-07-11T18:56:36","guid":{"rendered":"http:\/\/nicaragua-travel-guide.com\/site\/?page_id=6458"},"modified":"2016-08-10T17:08:58","modified_gmt":"2016-08-10T17:08:58","slug":"alquiler-y-alojamiento-en-isleta-de-granada-evento-especial-visita-guiada-en-lancha","status":"publish","type":"page","link":"https:\/\/nicaragua-travel-guide.com\/site\/alquiler-y-alojamiento-en-isleta-de-granada-evento-especial-visita-guiada-en-lancha\/","title":{"rendered":"\u00abAlquiler y alojamiento en Isleta de Granada\u00bb Evento especial  visita guiada en lancha"},"content":{"rendered":"<table style=\"width: 968.6666870117188px;\" border=\"0\">\n<tbody>\n<tr>\n<td style=\"width: 772.6666870117188px;\" bgcolor=\"#FFFFFF\"><img loading=\"lazy\" decoding=\"async\" class=\"alignnone wp-image-10627\" src=\"http:\/\/nicaragua-travel-guide.com\/site\/wp-content\/uploads\/2016\/07\/Isleta-de-alquiler-para-19-personas.jpg\" alt=\"Isleta de alquiler para 19 personas\" width=\"1039\" height=\"350\" srcset=\"https:\/\/nicaragua-travel-guide.com\/site\/wp-content\/uploads\/2016\/07\/Isleta-de-alquiler-para-19-personas.jpg 1025w, https:\/\/nicaragua-travel-guide.com\/site\/wp-content\/uploads\/2016\/07\/Isleta-de-alquiler-para-19-personas-600x202.jpg 600w\" sizes=\"(max-width: 1039px) 100vw, 1039px\" \/><\/td>\n<\/tr>\n<tr>\n<td style=\"width: 772.6666870117188px; background-color: #4d8c41;\" bgcolor=\"#99CC00\">Isleta Ecol\u00f3gica para compartir tu d\u00eda&#8230;.<\/td>\n<\/tr>\n<tr>\n<td style=\"width: 772.6666870117188px;\" bgcolor=\"#FFFFFF\">\n<table style=\"width: 1001.3333740234375px;\" border=\"0\">\n<tbody>\n<tr>\n<td style=\"width: 302px; background-color: #8eba6e;\" bgcolor=\"#CCFF33\">D\u00edas Corrientes<\/td>\n<td style=\"width: 282px; background-color: #c9e043;\" bgcolor=\"#99CC66\">D\u00edas Festivos<\/td>\n<td style=\"width: 418.3333740234375px; background-color: #76c4a9;\" bgcolor=\"#669933\">D\u00edas fin de Semana<\/td>\n<\/tr>\n<\/tbody>\n<\/table>\n<\/td>\n<\/tr>\n<tr>\n<td style=\"width: 772.6666870117188px;\" bgcolor=\"#FFFFFF\">\n<table style=\"height: 115px; width: 992px;\" border=\"0\">\n<tbody>\n<tr style=\"height: 22px;\">\n<td style=\"height: 22px; width: 504px;\" bgcolor=\"#FFFFFF\">Capacidad para alojar 19 personas<\/td>\n<td style=\"height: 22px; width: 475px;\">Para evento especial con 40 Invitados<\/td>\n<\/tr>\n<tr style=\"height: 22.666748046875px;\">\n<td style=\"height: 22.666748046875px; width: 504px;\" bgcolor=\"#FFFFFF\">Medio d\u00eda<\/td>\n<td style=\"height: 22.666748046875px; width: 475px;\"><\/td>\n<\/tr>\n<tr style=\"height: 22px;\">\n<td style=\"height: 22px; width: 504px;\" bgcolor=\"#FFFFFF\">1 d\u00eda y 1 noche<\/td>\n<td style=\"height: 22px; width: 475px;\"><\/td>\n<\/tr>\n<tr style=\"height: 22px;\">\n<td style=\"height: 22px; width: 504px;\" bgcolor=\"#FFFFFF\">2 d\u00edas y 1 Noche<\/td>\n<td style=\"height: 22px; width: 475px;\"><\/td>\n<\/tr>\n<tr style=\"height: 22px;\">\n<td style=\"height: 22px; width: 504px;\" bgcolor=\"#FFFFFF\">3 d\u00edas y 2 noches<\/td>\n<td style=\"height: 22px; width: 475px;\"><\/td>\n<\/tr>\n<\/tbody>\n<\/table>\n<\/td>\n<\/tr>\n<tr>\n<td style=\"background-color: #8cd4c4; width: 772.6666870117188px;\" bgcolor=\"#66CCFF\">Ideal para celebraciones especiales privadas el fin de semana, d\u00edas de vacaciones con tu familia y amistades, te ofrecemos esta Isla amueblada, capacidad para 19 personas ubicadas en camas, esta Isla tiene dormitorio para 6 personas y cuartos para dos personas en cama matrimonial y para dos personas en cama individual, servicio con ba\u00f1o, cocina, frezer, parrilla, comedor, espacios de sala de estar, patio jard\u00edn, hamacas, sillas de sol. (Para grupos mayor de 7 incluimos transporte en lancha ida y vuelta)<\/td>\n<\/tr>\n<tr>\n<td style=\"width: 772.6666870117188px;\" bgcolor=\"#FFFFFF\" height=\"885\">\n<table border=\"0\" width=\"1009\">\n<tbody>\n<tr>\n<td width=\"521\"><img loading=\"lazy\" decoding=\"async\" class=\"alignnone size-full wp-image-10630\" src=\"http:\/\/nicaragua-travel-guide.com\/site\/wp-content\/uploads\/2016\/07\/Isla-grande-piscina.jpg\" alt=\"Isla grande piscina\" width=\"959\" height=\"572\" srcset=\"https:\/\/nicaragua-travel-guide.com\/site\/wp-content\/uploads\/2016\/07\/Isla-grande-piscina.jpg 959w, https:\/\/nicaragua-travel-guide.com\/site\/wp-content\/uploads\/2016\/07\/Isla-grande-piscina-600x358.jpg 600w\" sizes=\"(max-width: 959px) 100vw, 959px\" \/><\/td>\n<td width=\"481\"><img loading=\"lazy\" decoding=\"async\" class=\"alignnone size-full wp-image-10634\" src=\"http:\/\/nicaragua-travel-guide.com\/site\/wp-content\/uploads\/2016\/07\/Granada-isla-grande-casa-y-piscina.jpg\" alt=\"Granada isla grande casa y piscina\" width=\"960\" height=\"640\" srcset=\"https:\/\/nicaragua-travel-guide.com\/site\/wp-content\/uploads\/2016\/07\/Granada-isla-grande-casa-y-piscina.jpg 960w, https:\/\/nicaragua-travel-guide.com\/site\/wp-content\/uploads\/2016\/07\/Granada-isla-grande-casa-y-piscina-600x400.jpg 600w, https:\/\/nicaragua-travel-guide.com\/site\/wp-content\/uploads\/2016\/07\/Granada-isla-grande-casa-y-piscina-180x120.jpg 180w\" sizes=\"(max-width: 960px) 100vw, 960px\" \/><\/td>\n<\/tr>\n<tr>\n<td>Con grupo de amigos nadando en la piscina.<\/td>\n<td width=\"481\">Casa junto a la piscina.<\/td>\n<\/tr>\n<tr>\n<td><img loading=\"lazy\" decoding=\"async\" class=\"alignnone size-full wp-image-10629\" src=\"http:\/\/nicaragua-travel-guide.com\/site\/wp-content\/uploads\/2016\/07\/Isla-grande-sillas-reclinables.jpg\" alt=\"Isla grande sillas reclinables\" width=\"865\" height=\"474\" srcset=\"https:\/\/nicaragua-travel-guide.com\/site\/wp-content\/uploads\/2016\/07\/Isla-grande-sillas-reclinables.jpg 865w, https:\/\/nicaragua-travel-guide.com\/site\/wp-content\/uploads\/2016\/07\/Isla-grande-sillas-reclinables-600x329.jpg 600w\" sizes=\"(max-width: 865px) 100vw, 865px\" \/><\/td>\n<td><img loading=\"lazy\" decoding=\"async\" class=\"alignnone size-full wp-image-10638\" src=\"http:\/\/nicaragua-travel-guide.com\/site\/wp-content\/uploads\/2016\/07\/Isla-grande-hamacas-patio.jpg\" alt=\"Isla grande hamacas patio\" width=\"960\" height=\"606\" srcset=\"https:\/\/nicaragua-travel-guide.com\/site\/wp-content\/uploads\/2016\/07\/Isla-grande-hamacas-patio.jpg 960w, https:\/\/nicaragua-travel-guide.com\/site\/wp-content\/uploads\/2016\/07\/Isla-grande-hamacas-patio-600x379.jpg 600w\" sizes=\"(max-width: 960px) 100vw, 960px\" \/><\/td>\n<\/tr>\n<tr>\n<td>Sillas reclinables pasillo con vista hacia le\u00a0volc\u00e1n\u00a0Mombacho.<\/td>\n<td>Hamacas en el patio bajo la sombra de los \u00e1rboles de mango.<\/td>\n<\/tr>\n<tr>\n<td><img loading=\"lazy\" decoding=\"async\" class=\"alignnone size-full wp-image-10632\" src=\"http:\/\/nicaragua-travel-guide.com\/site\/wp-content\/uploads\/2016\/07\/Isla-grande-comedor.jpg\" alt=\"Isla grande comedor\" width=\"960\" height=\"633\" srcset=\"https:\/\/nicaragua-travel-guide.com\/site\/wp-content\/uploads\/2016\/07\/Isla-grande-comedor.jpg 960w, https:\/\/nicaragua-travel-guide.com\/site\/wp-content\/uploads\/2016\/07\/Isla-grande-comedor-600x396.jpg 600w, https:\/\/nicaragua-travel-guide.com\/site\/wp-content\/uploads\/2016\/07\/Isla-grande-comedor-180x120.jpg 180w\" sizes=\"(max-width: 960px) 100vw, 960px\" \/><\/td>\n<td><img loading=\"lazy\" decoding=\"async\" class=\"alignnone size-full wp-image-10636\" src=\"http:\/\/nicaragua-travel-guide.com\/site\/wp-content\/uploads\/2016\/07\/Isla-grande-sala.jpg\" alt=\"Isla grande sala\" width=\"960\" height=\"640\" srcset=\"https:\/\/nicaragua-travel-guide.com\/site\/wp-content\/uploads\/2016\/07\/Isla-grande-sala.jpg 960w, https:\/\/nicaragua-travel-guide.com\/site\/wp-content\/uploads\/2016\/07\/Isla-grande-sala-600x400.jpg 600w, https:\/\/nicaragua-travel-guide.com\/site\/wp-content\/uploads\/2016\/07\/Isla-grande-sala-180x120.jpg 180w\" sizes=\"(max-width: 960px) 100vw, 960px\" \/><\/td>\n<\/tr>\n<tr>\n<td>Sala de \u00a0comedor.<\/td>\n<td>Sala de\u00a0estar.<\/td>\n<\/tr>\n<tr>\n<td><img loading=\"lazy\" decoding=\"async\" class=\"alignnone size-full wp-image-10633\" src=\"http:\/\/nicaragua-travel-guide.com\/site\/wp-content\/uploads\/2016\/07\/Isla-grande-dormitorio-literas.jpg\" alt=\"Isla grande dormitorio literas\" width=\"960\" height=\"640\" srcset=\"https:\/\/nicaragua-travel-guide.com\/site\/wp-content\/uploads\/2016\/07\/Isla-grande-dormitorio-literas.jpg 960w, https:\/\/nicaragua-travel-guide.com\/site\/wp-content\/uploads\/2016\/07\/Isla-grande-dormitorio-literas-600x400.jpg 600w, https:\/\/nicaragua-travel-guide.com\/site\/wp-content\/uploads\/2016\/07\/Isla-grande-dormitorio-literas-180x120.jpg 180w\" sizes=\"(max-width: 960px) 100vw, 960px\" \/><\/td>\n<td><img loading=\"lazy\" decoding=\"async\" class=\"alignnone size-full wp-image-10635\" src=\"http:\/\/nicaragua-travel-guide.com\/site\/wp-content\/uploads\/2016\/07\/Isla-grande-cuarto-para-dos-personas-1.jpg\" alt=\"Isla grande cuarto para dos personas\" width=\"960\" height=\"640\" srcset=\"https:\/\/nicaragua-travel-guide.com\/site\/wp-content\/uploads\/2016\/07\/Isla-grande-cuarto-para-dos-personas-1.jpg 960w, https:\/\/nicaragua-travel-guide.com\/site\/wp-content\/uploads\/2016\/07\/Isla-grande-cuarto-para-dos-personas-1-600x400.jpg 600w, https:\/\/nicaragua-travel-guide.com\/site\/wp-content\/uploads\/2016\/07\/Isla-grande-cuarto-para-dos-personas-1-180x120.jpg 180w\" sizes=\"(max-width: 960px) 100vw, 960px\" \/><\/td>\n<\/tr>\n<tr>\n<td>Dormitorio para 6 personas.<\/td>\n<td>Habitaci\u00f3n para dos personas cama individual.<\/td>\n<\/tr>\n<tr>\n<td style=\"background-color: #6abaae;\" colspan=\"2\" bgcolor=\"#33CCFF\">Por mayor informaci\u00f3n y reservaci\u00f3n\u00a0<a href=\"http:\/\/nicaragua-travel-guide.com\/site\/contactanos\/\">Contactarnos<\/a><\/td>\n<\/tr>\n<\/tbody>\n<\/table>\n<\/td>\n<\/tr>\n<\/tbody>\n<\/table>\n","protected":false},"excerpt":{"rendered":"<p>Isleta Ecol\u00f3gica para compartir tu d\u00eda&#8230;. D\u00edas Corrientes D\u00edas Festivos D\u00edas fin de Semana Capacidad para alojar 19 personas Para evento especial con 40 Invitados Medio d\u00eda 1 d\u00eda y 1 noche 2 d\u00edas y 1 Noche 3 d\u00edas y 2 noches Ideal para celebraciones especiales privadas el fin de semana, d\u00edas de vacaciones con [&hellip;]<\/p>\n","protected":false},"author":2,"featured_media":0,"parent":0,"menu_order":0,"comment_status":"closed","ping_status":"closed","template":"","meta":{"footnotes":""},"_links":{"self":[{"href":"https:\/\/nicaragua-travel-guide.com\/site\/wp-json\/wp\/v2\/pages\/6458"}],"collection":[{"href":"https:\/\/nicaragua-travel-guide.com\/site\/wp-json\/wp\/v2\/pages"}],"about":[{"href":"https:\/\/nicaragua-travel-guide.com\/site\/wp-json\/wp\/v2\/types\/page"}],"author":[{"embeddable":true,"href":"https:\/\/nicaragua-travel-guide.com\/site\/wp-json\/wp\/v2\/users\/2"}],"replies":[{"embeddable":true,"href":"https:\/\/nicaragua-travel-guide.com\/site\/wp-json\/wp\/v2\/comments?post=6458"}],"version-history":[{"count":11,"href":"https:\/\/nicaragua-travel-guide.com\/site\/wp-json\/wp\/v2\/pages\/6458\/revisions"}],"predecessor-version":[{"id":10641,"href":"https:\/\/nicaragua-travel-guide.com\/site\/wp-json\/wp\/v2\/pages\/6458\/revisions\/10641"}],"wp:attachment":[{"href":"https:\/\/nicaragua-travel-guide.com\/site\/wp-json\/wp\/v2\/media?parent=6458"}],"curies":[{"name":"wp","href":"https:\/\/api.w.org\/{rel}","templated":true}]}}