{"id":6460,"date":"2016-07-11T19:11:34","date_gmt":"2016-07-11T19:11:34","guid":{"rendered":"http:\/\/nicaragua-travel-guide.com\/site\/?page_id=6460"},"modified":"2016-08-12T18:12:09","modified_gmt":"2016-08-12T18:12:09","slug":"alquiler-y-alojamiento-en-isleta-hotel-privado-y-compartido-visita-guiada-en-lancha","status":"publish","type":"page","link":"https:\/\/nicaragua-travel-guide.com\/site\/alquiler-y-alojamiento-en-isleta-hotel-privado-y-compartido-visita-guiada-en-lancha\/","title":{"rendered":"Alquiler y alojamiento en Isleta \u00abHotel privado y compartido\u00bb visita guiada en lancha"},"content":{"rendered":"<table style=\"width: 1081.666748046875px;\" border=\"0\">\n<tbody>\n<tr>\n<td style=\"width: 1074.666748046875px;\" bgcolor=\"#FFCC66\" height=\"18\"><img loading=\"lazy\" decoding=\"async\" class=\"wp-image-10684 alignnone\" src=\"http:\/\/nicaragua-travel-guide.com\/site\/wp-content\/uploads\/2016\/07\/nicadescansoisla.jpg\" alt=\"nicadescansoisla\" width=\"1098\" height=\"537\" srcset=\"https:\/\/nicaragua-travel-guide.com\/site\/wp-content\/uploads\/2016\/07\/nicadescansoisla.jpg 941w, https:\/\/nicaragua-travel-guide.com\/site\/wp-content\/uploads\/2016\/07\/nicadescansoisla-600x293.jpg 600w\" sizes=\"(max-width: 1098px) 100vw, 1098px\" \/><\/td>\n<\/tr>\n<tr>\n<td style=\"width: 1074.666748046875px; height: 18px; background-color: #6cb565;\" bgcolor=\"#FFCC66\" height=\"18\"><strong>Descripci\u00f3n:<\/strong><\/td>\n<\/tr>\n<tr>\n<td style=\"width: 1074.666748046875px; background-color: #d1e0d5;\" bgcolor=\"#003333\">Pocos hoteles ofrecen la clase de privacidad y exclusividad de El Roble. Este hotel est\u00e1 ubicado en una isleta privada del Lago de Nicaragua, localizada a 15 minutos del puerto de Asese. El local ofrece espacio, confortables habitaciones y el perfecto entorno para una escapada relajante en una bella isleta.<\/p>\n<p>El Roble puede albergar a un grupo de 12 personas, o una sola pareja por igual. Todas las habitaciones est\u00e1n equipadas con ba\u00f1os y la isla tiene disponible una piscina. La vista desde el hotel es sorprendente: los hu\u00e9spedes pueden ver el entorno del lago de Nicaragua, junto con el resto de isletas y la larga isla Zapatera como fondo, con el cono del volc\u00e1n Concepci\u00f3n de Ometepe m\u00e1s hacia el horizonte. El impresionante volc\u00e1n Mombacho se observa justo frente a la isleta, proveyendo as\u00ed otra vista espectacular.<\/p>\n<p>Adem\u00e1s del car\u00e1cter relajante, los hu\u00e9spedes pueden disfrutar de otras actividades desde aqu\u00ed. Hay disponibles dos kayaks \u00a0de uso gratuito para hu\u00e9spedes con los que se puede explorar por agua los alrededores. Adem\u00e1s, se rentan ca\u00f1as de pescar y se organizan viajes de pesca y tours al Mombacho.<\/p>\n<p>Una sala de estar con cocina est\u00e1 disponible para los hu\u00e9spedes, quienes est\u00e1n en libertad de preparar su propia comida; para ello el \u00e1rea cuenta tambi\u00e9n con un refrigerador. El hotel puede servir los tres tiempos de comida por un pago adicional. Tambi\u00e9n pueden arreglarse paquetes de estad\u00eda por varios d\u00edas (ej. 3 d\u00edas\/2 noches). Asimismo, Hotel El Roble ofrece estad\u00edas por el d\u00eda para quienes buscan unas tranquilas horas en una Isleta privada.<\/p>\n<p>T\u00f3mese en cuenta que el trasporte ida y regreso desde el puerto de Asese a la Isleta est\u00e1 incluido en el precio, no as\u00ed desde la ciudad hasta el puerto.<\/td>\n<\/tr>\n<tr>\n<td style=\"width: 1074.666748046875px;\" valign=\"top\" bgcolor=\"#003333\" height=\"333\">\n<table style=\"width: 1073.666748046875px;\" border=\"0\" summary=\"overview of the room prices and amenities\" cellspacing=\"0\" cellpadding=\"5\">\n<tbody>\n<tr style=\"height: 22px;\">\n<td style=\"height: 22px; width: 161px;\" bgcolor=\"#CCCC00\">Precios<\/td>\n<td style=\"height: 22px; width: 243px;\" bgcolor=\"#CCCC00\"><\/td>\n<td style=\"height: 22px; width: 190px;\" bgcolor=\"#CCCC00\"><\/td>\n<td style=\"height: 22px; width: 434.666748046875px;\" bgcolor=\"#CCCC00\"><\/td>\n<\/tr>\n<tr style=\"height: 34px;\">\n<td style=\"height: 34px; width: 161px;\" bgcolor=\"#003333\">Tipo<\/td>\n<td style=\"height: 34px; width: 243px;\" bgcolor=\"#003333\">Precios<\/td>\n<td style=\"height: 34px; width: 190px;\" bgcolor=\"#003333\">Hu\u00e9spedes<\/td>\n<td style=\"height: 34px; width: 434.666748046875px;\" bgcolor=\"#003333\">Comodidades<\/td>\n<\/tr>\n<tr style=\"height: 22px;\">\n<td style=\"height: 22px; width: 161px;\" bgcolor=\"#CCCC00\">Villa<\/td>\n<td style=\"height: 22px; width: 243px;\" bgcolor=\"#CCCC00\">US$95.00<\/td>\n<td style=\"height: 22px; width: 190px;\" bgcolor=\"#CCCC00\">2<\/td>\n<td style=\"height: 22px; width: 434.666748046875px;\" bgcolor=\"#CCCC00\">Ba\u00f1o Privado<\/td>\n<\/tr>\n<tr style=\"height: 22px;\">\n<td style=\"height: 22px; width: 161px;\" bgcolor=\"#CCCC00\">Villa<\/td>\n<td style=\"height: 22px; width: 243px;\" bgcolor=\"#CCCC00\">US$115.00<\/td>\n<td style=\"height: 22px; width: 190px;\" bgcolor=\"#CCCC00\">3<\/td>\n<td style=\"height: 22px; width: 434.666748046875px;\" bgcolor=\"#CCCC00\">Ba\u00f1o Privado<\/td>\n<\/tr>\n<tr style=\"height: 22px;\">\n<td style=\"height: 22px; width: 161px;\" bgcolor=\"#CCCC00\">Villa<\/td>\n<td style=\"height: 22px; width: 243px;\" bgcolor=\"#CCCC00\">US$135.00<\/td>\n<td style=\"height: 22px; width: 190px;\" bgcolor=\"#CCCC00\">4<\/td>\n<td style=\"height: 22px; width: 434.666748046875px;\" bgcolor=\"#CCCC00\">Ba\u00f1o Privado<\/td>\n<\/tr>\n<tr style=\"height: 22px;\">\n<td style=\"height: 22px; width: 161px;\" bgcolor=\"#CCCC00\">Villa<\/td>\n<td style=\"height: 22px; width: 243px;\" bgcolor=\"#CCCC00\">US$155.00<\/td>\n<td style=\"height: 22px; width: 190px;\" bgcolor=\"#CCCC00\">5<\/td>\n<td style=\"height: 22px; width: 434.666748046875px;\" bgcolor=\"#CCCC00\">Ba\u00f1o Privado<\/td>\n<\/tr>\n<tr style=\"height: 22px;\">\n<td style=\"height: 22px; width: 161px;\" bgcolor=\"#CCCC00\">Villa<\/td>\n<td style=\"height: 22px; width: 243px;\" bgcolor=\"#CCCC00\">US$175.00<\/td>\n<td style=\"height: 22px; width: 190px;\" bgcolor=\"#CCCC00\">6<\/td>\n<td style=\"height: 22px; width: 434.666748046875px;\" bgcolor=\"#CCCC00\">Ba\u00f1o Privado<\/td>\n<\/tr>\n<tr style=\"height: 22px;\">\n<td style=\"height: 22px; width: 161px;\" bgcolor=\"#CCCC00\">Villa<\/td>\n<td style=\"height: 22px; width: 243px;\" bgcolor=\"#CCCC00\">US$195.00<\/td>\n<td style=\"height: 22px; width: 190px;\" bgcolor=\"#CCCC00\">7<\/td>\n<td style=\"height: 22px; width: 434.666748046875px;\" bgcolor=\"#CCCC00\">Ba\u00f1o Privado<\/td>\n<\/tr>\n<tr style=\"height: 22px;\">\n<td style=\"height: 22px; width: 161px;\" bgcolor=\"#CCCC00\">Villa<\/td>\n<td style=\"height: 22px; width: 243px;\" bgcolor=\"#CCCC00\">US$215.00<\/td>\n<td style=\"height: 22px; width: 190px;\" bgcolor=\"#CCCC00\">8<\/td>\n<td style=\"height: 22px; width: 434.666748046875px;\" bgcolor=\"#CCCC00\">Ba\u00f1o Privado<\/td>\n<\/tr>\n<tr style=\"height: 33px;\">\n<td style=\"height: 33px; width: 1028.666748046875px;\" colspan=\"4\" valign=\"top\" bgcolor=\"#99CC00\"><strong>Los precios ya incluyen impuesto. <\/strong><strong>Los precios pueden variar por temporada.<\/strong><\/td>\n<\/tr>\n<\/tbody>\n<\/table>\n<\/td>\n<\/tr>\n<tr>\n<td style=\"width: 1074.666748046875px; background-color: #d1e0d5; height: 60px;\" valign=\"top\" bgcolor=\"#003333\" height=\"60\">\n<table style=\"width: 1084px;\" border=\"0\">\n<tbody>\n<tr style=\"height: 22px;\">\n<td style=\"height: 22px; width: 517px; background-color: #d1e0d5; border-color: #d1e0d5;\" bgcolor=\"#003333\"><img loading=\"lazy\" decoding=\"async\" class=\"wp-image-10685 aligncenter\" src=\"http:\/\/nicaragua-travel-guide.com\/site\/wp-content\/uploads\/2016\/07\/hotelisletaelroblepiscina.jpg\" alt=\"hotelisletaelroblepiscina\" width=\"448\" height=\"335\" \/><\/td>\n<td style=\"height: 22px; width: 569.6666870117188px; background-color: #d1e0d5; border-color: #d1e0d5;\" colspan=\"2\" bgcolor=\"#003333\"><img loading=\"lazy\" decoding=\"async\" class=\"wp-image-10686 aligncenter\" src=\"http:\/\/nicaragua-travel-guide.com\/site\/wp-content\/uploads\/2016\/07\/hotelisletaelroble.jpg\" alt=\"hotelisletaelroble\" width=\"444\" height=\"333\" \/><\/td>\n<\/tr>\n<tr style=\"height: 22px;\">\n<td style=\"height: 22px; width: 517px; background-color: #d1e0d5; border-color: #d1e0d5;\" bgcolor=\"#003333\"><img loading=\"lazy\" decoding=\"async\" class=\" wp-image-10687 aligncenter\" src=\"http:\/\/nicaragua-travel-guide.com\/site\/wp-content\/uploads\/2016\/07\/hotelisletaelroblelancha.jpg\" alt=\"hotelisletaelroblelancha\" width=\"442\" height=\"331\" \/><\/td>\n<td style=\"height: 22px; width: 569.6666870117188px; background-color: #d1e0d5; border-color: #d1e0d5;\" colspan=\"2\" bgcolor=\"#003333\"><img loading=\"lazy\" decoding=\"async\" class=\" wp-image-10688 aligncenter\" src=\"http:\/\/nicaragua-travel-guide.com\/site\/wp-content\/uploads\/2016\/07\/hotelisletaelroblepanorama.jpg\" alt=\"hotelisletaelroblepanorama\" width=\"443\" height=\"326\" \/><\/td>\n<\/tr>\n<tr style=\"height: 22.66668701171875px;\">\n<td style=\"height: 22.66668701171875px; width: 1086.6666870117188px; background-color: #6cb565; border-color: #6cb565;\" colspan=\"3\" bgcolor=\"#99CC00\">&lt;&lt;Donde dormir en Granada y sus alrededores<\/td>\n<\/tr>\n<tr style=\"height: 22px;\">\n<td style=\"height: 22.66668701171875px; width: 1086.6666870117188px; background-color: #6cb565; border-color: #6cb565;\" colspan=\"2\" bgcolor=\"#99CC33\">&lt;&lt; Volver a Granada<\/td>\n<td style=\"height: 22.66668701171875px; width: 1086.6666870117188px; background-color: #6cb565; border-color: #6cb565;\" bgcolor=\"#99CC33\"><a href=\"http:\/\/nicaragua-travel-guide.com\/site\/contactanos\/\">Contactarnos<\/a><\/td>\n<\/tr>\n<\/tbody>\n<\/table>\n<\/td>\n<\/tr>\n<\/tbody>\n<\/table>\n","protected":false},"excerpt":{"rendered":"<p>Descripci\u00f3n: Pocos hoteles ofrecen la clase de privacidad y exclusividad de El Roble. Este hotel est\u00e1 ubicado en una isleta privada del Lago de Nicaragua, localizada a 15 minutos del puerto de Asese. El local ofrece espacio, confortables habitaciones y el perfecto entorno para una escapada relajante en una bella isleta. El Roble puede albergar [&hellip;]<\/p>\n","protected":false},"author":2,"featured_media":0,"parent":0,"menu_order":0,"comment_status":"closed","ping_status":"closed","template":"","meta":{"footnotes":""},"_links":{"self":[{"href":"https:\/\/nicaragua-travel-guide.com\/site\/wp-json\/wp\/v2\/pages\/6460"}],"collection":[{"href":"https:\/\/nicaragua-travel-guide.com\/site\/wp-json\/wp\/v2\/pages"}],"about":[{"href":"https:\/\/nicaragua-travel-guide.com\/site\/wp-json\/wp\/v2\/types\/page"}],"author":[{"embeddable":true,"href":"https:\/\/nicaragua-travel-guide.com\/site\/wp-json\/wp\/v2\/users\/2"}],"replies":[{"embeddable":true,"href":"https:\/\/nicaragua-travel-guide.com\/site\/wp-json\/wp\/v2\/comments?post=6460"}],"version-history":[{"count":15,"href":"https:\/\/nicaragua-travel-guide.com\/site\/wp-json\/wp\/v2\/pages\/6460\/revisions"}],"predecessor-version":[{"id":10698,"href":"https:\/\/nicaragua-travel-guide.com\/site\/wp-json\/wp\/v2\/pages\/6460\/revisions\/10698"}],"wp:attachment":[{"href":"https:\/\/nicaragua-travel-guide.com\/site\/wp-json\/wp\/v2\/media?parent=6460"}],"curies":[{"name":"wp","href":"https:\/\/api.w.org\/{rel}","templated":true}]}}