{"id":6476,"date":"2016-07-11T21:06:14","date_gmt":"2016-07-11T21:06:14","guid":{"rendered":"http:\/\/nicaragua-travel-guide.com\/site\/?page_id=6476"},"modified":"2016-08-12T23:35:39","modified_gmt":"2016-08-12T23:35:39","slug":"viaje-en-lancha-entre-las-lsletas-de-granada-traslado-privado","status":"publish","type":"page","link":"https:\/\/nicaragua-travel-guide.com\/site\/viaje-en-lancha-entre-las-lsletas-de-granada-traslado-privado\/","title":{"rendered":"Viaje en lancha entre las lsletas de Granada \u00abTraslado privado\u00bb"},"content":{"rendered":"<table style=\"width: 997.139px;\" border=\"0\">\n<tbody>\n<tr style=\"height: 370.118px;\">\n<td style=\"height: 370.118px; width: 994.139px; border-color: #f7f2f2;\" bgcolor=\"#CCCC00\">\n<table style=\"width: 992px;\" border=\"0\">\n<tbody>\n<tr style=\"height: 32px;\">\n<td style=\"height: 32px; width: 986px; border-color: #e0e007; background-color: #deed0c;\" bgcolor=\"#CCCC00\"><img loading=\"lazy\" decoding=\"async\" class=\"wp-image-7423 aligncenter\" src=\"http:\/\/nicaragua-travel-guide.com\/site\/wp-content\/uploads\/2016\/07\/header-booat-tour.jpg\" alt=\"header booat tour\" width=\"1026\" height=\"345\" srcset=\"https:\/\/nicaragua-travel-guide.com\/site\/wp-content\/uploads\/2016\/07\/header-booat-tour.jpg 1025w, https:\/\/nicaragua-travel-guide.com\/site\/wp-content\/uploads\/2016\/07\/header-booat-tour-600x202.jpg 600w\" sizes=\"(max-width: 1026px) 100vw, 1026px\" \/><\/td>\n<\/tr>\n<tr style=\"height: 32px;\">\n<td style=\"height: 32px; width: 986px; border-color: #e3f2a0; background-color: #e2f590;\" bgcolor=\"#CCCC00\">Alquile una o mas lanchas para hacer un paseo entre la flora y fauna, admire la naturaleza de las Isletas con capit\u00e1n de lancha por horas Precio de principal ruta por hora $25-$35.<\/p>\n<p>Viaje privado en lancha con m\u00ednimo 1 persona, 8, 16, 20 pasajeros m\u00e1ximo, tambi\u00e9n puedes reunirte con amigos y familiares y hacer tu peque\u00f1a fiesta reuni\u00f3n con m\u00fasica incluida o en silencio para escuchar el canto de las aves.<\/td>\n<\/tr>\n<tr style=\"height: 25px;\">\n<td style=\"height: 25px; width: 986px; background-color: #47cc1b;\" bgcolor=\"#CCFF33\">Leer descripci\u00f3n de los<a href=\"http:\/\/nicaragua-travel-guide.com\/site\/tours\/viaje-en-lancha-entre-las-isletas-de-alquiler-por-horas-evento-privado-y-compartido-restaurante-y-alojamiento\/\"> Tours en lancha entre las Isletas con capit\u00e1n y gu\u00eda nacional certificado organizado con nuestra compa\u00f1\u00eda<\/a><\/td>\n<\/tr>\n<tr style=\"height: 25px;\">\n<td style=\"height: 25px; width: 986px; background-color: #dce30e;\" bgcolor=\"#CCCC00\">\n<table style=\"height: 125px; width: 980px;\">\n<tbody>\n<tr>\n<td style=\"width: 329px; border-color: #e3f2a0; background-color: #e2f590;\">\u00a0<img loading=\"lazy\" decoding=\"async\" class=\"wp-image-10539 aligncenter\" src=\"http:\/\/nicaragua-travel-guide.com\/site\/wp-content\/uploads\/2016\/06\/isletaslancha.jpg\" alt=\"isletaslancha\" width=\"213\" height=\"284\" \/><\/td>\n<td style=\"width: 329px; border-color: #e3f2a0; background-color: #e2f590;\"><img loading=\"lazy\" decoding=\"async\" class=\"wp-image-10102 aligncenter\" src=\"http:\/\/nicaragua-travel-guide.com\/site\/wp-content\/uploads\/2015\/02\/lancha-entre-las-isletas-de-granada-tours.jpg\" alt=\"lancha entre las isletas de granada tours\" width=\"314\" height=\"195\" \/><\/td>\n<td style=\"width: 329px; border-color: #e3f2a0; background-color: #e2f590;\"><img loading=\"lazy\" decoding=\"async\" class=\"wp-image-10132 aligncenter\" src=\"http:\/\/nicaragua-travel-guide.com\/site\/wp-content\/uploads\/2015\/02\/las-ilsetas-en-lancha-granada-tours.jpg\" alt=\"las ilsetas en lancha granada tours\" width=\"268\" height=\"201\" \/><\/td>\n<\/tr>\n<\/tbody>\n<\/table>\n<\/td>\n<\/tr>\n<tr style=\"height: 2px;\">\n<td style=\"height: 2px; width: 986px; background-color: #47cc1b;\" bgcolor=\"#CCCC00\">Por mas Informaci\u00f3n, y reservaci\u00f3n \u00a0 <strong>Contactarnos<\/strong><\/td>\n<\/tr>\n<\/tbody>\n<\/table>\n<\/td>\n<\/tr>\n<\/tbody>\n<\/table>\n","protected":false},"excerpt":{"rendered":"<p>Alquile una o mas lanchas para hacer un paseo entre la flora y fauna, admire la naturaleza de las Isletas con capit\u00e1n de lancha por horas Precio de principal ruta por hora $25-$35. Viaje privado en lancha con m\u00ednimo 1 persona, 8, 16, 20 pasajeros m\u00e1ximo, tambi\u00e9n puedes reunirte con amigos y familiares y hacer [&hellip;]<\/p>\n","protected":false},"author":2,"featured_media":0,"parent":0,"menu_order":0,"comment_status":"closed","ping_status":"closed","template":"","meta":{"footnotes":""},"_links":{"self":[{"href":"https:\/\/nicaragua-travel-guide.com\/site\/wp-json\/wp\/v2\/pages\/6476"}],"collection":[{"href":"https:\/\/nicaragua-travel-guide.com\/site\/wp-json\/wp\/v2\/pages"}],"about":[{"href":"https:\/\/nicaragua-travel-guide.com\/site\/wp-json\/wp\/v2\/types\/page"}],"author":[{"embeddable":true,"href":"https:\/\/nicaragua-travel-guide.com\/site\/wp-json\/wp\/v2\/users\/2"}],"replies":[{"embeddable":true,"href":"https:\/\/nicaragua-travel-guide.com\/site\/wp-json\/wp\/v2\/comments?post=6476"}],"version-history":[{"count":26,"href":"https:\/\/nicaragua-travel-guide.com\/site\/wp-json\/wp\/v2\/pages\/6476\/revisions"}],"predecessor-version":[{"id":10766,"href":"https:\/\/nicaragua-travel-guide.com\/site\/wp-json\/wp\/v2\/pages\/6476\/revisions\/10766"}],"wp:attachment":[{"href":"https:\/\/nicaragua-travel-guide.com\/site\/wp-json\/wp\/v2\/media?parent=6476"}],"curies":[{"name":"wp","href":"https:\/\/api.w.org\/{rel}","templated":true}]}}