{"id":6482,"date":"2016-07-11T21:25:48","date_gmt":"2016-07-11T21:25:48","guid":{"rendered":"http:\/\/nicaragua-travel-guide.com\/site\/?page_id=6482"},"modified":"2016-08-12T22:14:47","modified_gmt":"2016-08-12T22:14:47","slug":"tour-en-lancha-entre-las-isletas-de-granada-combinado-norte-y-sur","status":"publish","type":"page","link":"https:\/\/nicaragua-travel-guide.com\/site\/tour-en-lancha-entre-las-isletas-de-granada-combinado-norte-y-sur\/","title":{"rendered":"Tour en Lancha entre las Isletas de Granada \u00abCOMBINADO\u00bb Norte y Sur"},"content":{"rendered":"<table style=\"width: 932.3333740234375px;\" border=\"0\">\n<tbody>\n<tr style=\"height: 26px;\">\n<td style=\"height: 26px; width: 886.3333740234375px; background-color: #ffffff; border-color: #90bf56;\" bgcolor=\"#009933\"><img loading=\"lazy\" decoding=\"async\" class=\"alignnone wp-image-10748\" src=\"http:\/\/nicaragua-travel-guide.com\/site\/wp-content\/uploads\/2016\/07\/combo-entre-dos-puertos-norte-y-sur-1.jpg\" alt=\"combo entre dos puertos norte y sur\" width=\"927\" height=\"312\" srcset=\"https:\/\/nicaragua-travel-guide.com\/site\/wp-content\/uploads\/2016\/07\/combo-entre-dos-puertos-norte-y-sur-1.jpg 1025w, https:\/\/nicaragua-travel-guide.com\/site\/wp-content\/uploads\/2016\/07\/combo-entre-dos-puertos-norte-y-sur-1-600x202.jpg 600w\" sizes=\"(max-width: 927px) 100vw, 927px\" \/><\/td>\n<\/tr>\n<tr style=\"height: 26px;\">\n<td style=\"height: 26px; width: 886.3333740234375px; background-color: #90bf56; border-color: #90bf56;\" bgcolor=\"#009933\"><strong>Guiado entre las Isletas \u00a0de 5 a 6 \u00a0horas COMBO: \u201cNorte y Sur\u201d<\/strong><\/td>\n<\/tr>\n<tr style=\"height: 31px;\">\n<td style=\"height: 26px; width: 886.3333740234375px; background-color: #90bf56; border-color: #90bf56;\" valign=\"top\" bgcolor=\"#FFFF00\">\n<table style=\"width: 912.6666870117188px;\" border=\"0\">\n<tbody>\n<tr>\n<td style=\"width: 202px; background-color: #1ea81e; height: 25px;\" bgcolor=\"#009933\" height=\"25\">Geolog\u00eda<\/td>\n<td style=\"width: 173px; background-color: #f7e91b;\" bgcolor=\"#FFFF00\">Volcanes<\/td>\n<td style=\"width: 162px; background-color: #eb1ad9;\" bgcolor=\"#FF0099\">Hist\u00f3ria<\/td>\n<td style=\"width: 169px; background-color: #2bf0dc;\" bgcolor=\"#0033FF\">Naturaleza<\/td>\n<td style=\"width: 107px; background-color: #f7f7f7;\" bgcolor=\"#FFFFFF\">Flora<\/td>\n<td style=\"width: 123.66668701171875px; background-color: #cc2ef0;\" bgcolor=\"#CC33CC\">Fauna<\/td>\n<\/tr>\n<\/tbody>\n<\/table>\n<\/td>\n<\/tr>\n<tr style=\"height: 14px;\">\n<td style=\"height: 14px; width: 886.3333740234375px; background-color: #ffffff;\" valign=\"top\" bgcolor=\"#009933\">Saliendo desde la ciudad de Granada hacia el \u00a0puerto.<\/td>\n<\/tr>\n<tr style=\"height: 463px;\">\n<td style=\"height: 463px; width: 886.3333740234375px; background-color: #d0e6cc;\" valign=\"top\" bgcolor=\"#99CC00\">mira- escucha\u2026descubre\u2026aprende&#8230;.y conoce mas.<\/p>\n<p>&nbsp;<\/p>\n<p>1.Observaci\u00f3n de flora y fauna<br \/>\n2.Ver el ave que representa a Granada<br \/>\n3.Ver el \u00e1rbol que representa Granada<br \/>\n4.Isla de los monos (opci\u00f3n de acercarnos)<br \/>\n5.Geolog\u00eda general<br \/>\n6.Formaci\u00f3n del lago<br \/>\n7.Formaci\u00f3n del Volc\u00e1n Mombacho<br \/>\n8.Formaci\u00f3n de las Isletas<br \/>\n9.\u00c9poca precolombina<br \/>\n10.Colonizaci\u00f3n Espa\u00f1ola<br \/>\n11.Cultura<br \/>\n12. Extensi\u00f3n del Territorio de Granada<br \/>\n13.Navegaci\u00f3n comercial<br \/>\n14.Eventos y personajes hist\u00f3ricos<br \/>\n15.Incursiones Piratas<br \/>\n16.saber de la gente local actual<br \/>\n17.Islas en venta y alquiler<br \/>\n18. Astillero Fabrica de Barcos.<br \/>\n21.Ver el Cementerio local<br \/>\n22. Tiempo para pensar&#8230;.<\/td>\n<\/tr>\n<tr style=\"height: 21px;\">\n<td style=\"height: 21px; width: 886.3333740234375px; background-color: #90bf56;\" valign=\"top\" bgcolor=\"#009933\">Opci\u00f3n de Combinar\u2026\u2026\u2026a su elecci\u00f3n\u2026\u2026\u2026<\/td>\n<\/tr>\n<tr style=\"height: 256px;\">\n<td style=\"height: 256px; width: 886.3333740234375px; background-color: #d0e6cc;\" align=\"center\" valign=\"middle\" bgcolor=\"#99CC33\">\n<p style=\"text-align: center;\">Antes o despu\u00e9s del recorrido de una hora y media \u00a0en lancha +3 horas en catamaran \u00a0 para mayor disfrute de su estad\u00eda y disfrutar de la vista panor\u00e1mica desde dos diferentes puntos de vista, \u00a0y \u00a0en el restaurante para \u00a0la hora de su\u00a0 almuerzo podemos\u00a0 ver el men\u00fa y ordenar en el restaurante , con un \u00a0ambiente rodeado de naturaleza con m\u00fasica rom\u00e1ntica, cl\u00e1sica, instrumental.<\/p>\n<p>&nbsp;<\/p>\n<p>Si desea incluir su almuerzo podemos reservar \u00a0su servicio de carne, pollo, res, pescado especial \u00a0 con\u00a0anticipaci\u00f3n.<\/p>\n<p>(El cliente paga lo que consume del men\u00fa)<\/td>\n<\/tr>\n<tr style=\"height: 21px;\">\n<td style=\"height: 21px; width: 886.3333740234375px;\" bgcolor=\"#990000\"><img loading=\"lazy\" decoding=\"async\" class=\"alignnone size-full wp-image-6445\" src=\"http:\/\/nicaragua-travel-guide.com\/site\/wp-content\/uploads\/2016\/07\/headertourentrelasisletaswatamaran.jpg\" alt=\"headertourentrelasisletaswatamaran\" width=\"1025\" height=\"345\" srcset=\"https:\/\/nicaragua-travel-guide.com\/site\/wp-content\/uploads\/2016\/07\/headertourentrelasisletaswatamaran.jpg 1025w, https:\/\/nicaragua-travel-guide.com\/site\/wp-content\/uploads\/2016\/07\/headertourentrelasisletaswatamaran-600x202.jpg 600w\" sizes=\"(max-width: 1025px) 100vw, 1025px\" \/><\/td>\n<\/tr>\n<\/tbody>\n<\/table>\n","protected":false},"excerpt":{"rendered":"<p>Guiado entre las Isletas \u00a0de 5 a 6 \u00a0horas COMBO: \u201cNorte y Sur\u201d Geolog\u00eda Volcanes Hist\u00f3ria Naturaleza Flora Fauna Saliendo desde la ciudad de Granada hacia el \u00a0puerto. mira- escucha\u2026descubre\u2026aprende&#8230;.y conoce mas. &nbsp; 1.Observaci\u00f3n de flora y fauna 2.Ver el ave que representa a Granada 3.Ver el \u00e1rbol que representa Granada 4.Isla de los monos [&hellip;]<\/p>\n","protected":false},"author":2,"featured_media":0,"parent":0,"menu_order":0,"comment_status":"closed","ping_status":"closed","template":"","meta":{"footnotes":""},"_links":{"self":[{"href":"https:\/\/nicaragua-travel-guide.com\/site\/wp-json\/wp\/v2\/pages\/6482"}],"collection":[{"href":"https:\/\/nicaragua-travel-guide.com\/site\/wp-json\/wp\/v2\/pages"}],"about":[{"href":"https:\/\/nicaragua-travel-guide.com\/site\/wp-json\/wp\/v2\/types\/page"}],"author":[{"embeddable":true,"href":"https:\/\/nicaragua-travel-guide.com\/site\/wp-json\/wp\/v2\/users\/2"}],"replies":[{"embeddable":true,"href":"https:\/\/nicaragua-travel-guide.com\/site\/wp-json\/wp\/v2\/comments?post=6482"}],"version-history":[{"count":16,"href":"https:\/\/nicaragua-travel-guide.com\/site\/wp-json\/wp\/v2\/pages\/6482\/revisions"}],"predecessor-version":[{"id":10757,"href":"https:\/\/nicaragua-travel-guide.com\/site\/wp-json\/wp\/v2\/pages\/6482\/revisions\/10757"}],"wp:attachment":[{"href":"https:\/\/nicaragua-travel-guide.com\/site\/wp-json\/wp\/v2\/media?parent=6482"}],"curies":[{"name":"wp","href":"https:\/\/api.w.org\/{rel}","templated":true}]}}