{"id":6496,"date":"2016-07-11T23:45:36","date_gmt":"2016-07-11T23:45:36","guid":{"rendered":"http:\/\/nicaragua-travel-guide.com\/site\/?page_id=6496"},"modified":"2016-09-14T04:12:26","modified_gmt":"2016-09-14T04:12:26","slug":"transport-around-nicaragua-and-central-america-marcopolo-buses-school-bus-bluebird-bus-higer-bus-coaster-bus-microbus-rentals-private-trips-shuttle-transffers-for-special-events","status":"publish","type":"page","link":"https:\/\/nicaragua-travel-guide.com\/site\/transport-around-nicaragua-and-central-america-marcopolo-buses-school-bus-bluebird-bus-higer-bus-coaster-bus-microbus-rentals-private-trips-shuttle-transffers-for-special-events\/","title":{"rendered":"Buses"},"content":{"rendered":"<table style=\"width: 1009.6666870117188px;\" border=\"0\">\n<tbody>\n<tr style=\"height: 21px;\">\n<td style=\"height: 21px; width: 903.6666870117188px;\" valign=\"top\" bgcolor=\"#FFFF00\"><strong><img loading=\"lazy\" decoding=\"async\" class=\"wp-image-5117 aligncenter\" src=\"http:\/\/nicaragua-travel-guide.com\/site\/wp-content\/uploads\/2016\/06\/headertransportealquileryviajes.jpg\" alt=\"headertransportealquileryviajes\" width=\"1029\" height=\"347\" srcset=\"https:\/\/nicaragua-travel-guide.com\/site\/wp-content\/uploads\/2016\/06\/headertransportealquileryviajes.jpg 1025w, https:\/\/nicaragua-travel-guide.com\/site\/wp-content\/uploads\/2016\/06\/headertransportealquileryviajes-600x202.jpg 600w\" sizes=\"(max-width: 1029px) 100vw, 1029px\" \/><\/strong><\/td>\n<\/tr>\n<tr style=\"height: 21px;\">\n<td style=\"height: 21px; width: 903.6666870117188px;\" valign=\"top\" bgcolor=\"#FFFF00\">Servicio de transporte:<\/p>\n<p>Traslado de un dest\u00edno a otro, dentro del territorio nacional , tambi\u00e9n se hacen viajes privados a la regi\u00f3n Centroamericana en veh\u00edculo p\u00fablico o privado, a su elecci\u00f3n y de acuerdo a su capacidad.<\/p>\n<p>Le pondremos en contacto con servicio de conductor y opci\u00f3n ir acompa\u00f1ado con gu\u00eda tur\u00edstico nacional bilingue.<\/td>\n<\/tr>\n<tr style=\"height: 21px;\">\n<td style=\"height: 21px; width: 903.6666870117188px;\" valign=\"top\" bgcolor=\"#FFFF00\">\u00a0\u00a0<a href=\"http:\/\/nicaragua-travel-guide.com\/site\/alquiler-viaje-bus-marcopolo-privado-por-nicaragua-y-la-region-centroamericana\/\"><img loading=\"lazy\" decoding=\"async\" class=\"wp-image-10886 alignnone\" src=\"http:\/\/nicaragua-travel-guide.com\/site\/wp-content\/uploads\/2016\/07\/transportebusmarcopoloheader.jpg\" alt=\"transportebusmarcopoloheader\" width=\"993\" height=\"334\" srcset=\"https:\/\/nicaragua-travel-guide.com\/site\/wp-content\/uploads\/2016\/07\/transportebusmarcopoloheader.jpg 1025w, https:\/\/nicaragua-travel-guide.com\/site\/wp-content\/uploads\/2016\/07\/transportebusmarcopoloheader-600x202.jpg 600w\" sizes=\"(max-width: 993px) 100vw, 993px\" \/><\/a><\/td>\n<\/tr>\n<tr style=\"height: 21.66668701171875px;\">\n<td style=\"height: 21.66668701171875px; width: 903.6666870117188px;\" valign=\"top\" bgcolor=\"#FFFF00\"><\/td>\n<\/tr>\n<tr style=\"height: 21px;\">\n<td style=\"height: 21px; width: 903.6666870117188px;\" valign=\"top\" bgcolor=\"#FFFF00\"><img loading=\"lazy\" decoding=\"async\" class=\"size-full wp-image-10879 aligncenter\" src=\"http:\/\/nicaragua-travel-guide.com\/site\/wp-content\/uploads\/2016\/07\/headertransportebusesrusosnicaragua-1.jpg\" alt=\"headertransportebusesrusosnicaragua\" width=\"1025\" height=\"345\" srcset=\"https:\/\/nicaragua-travel-guide.com\/site\/wp-content\/uploads\/2016\/07\/headertransportebusesrusosnicaragua-1.jpg 1025w, https:\/\/nicaragua-travel-guide.com\/site\/wp-content\/uploads\/2016\/07\/headertransportebusesrusosnicaragua-1-600x202.jpg 600w\" sizes=\"(max-width: 1025px) 100vw, 1025px\" \/><\/td>\n<\/tr>\n<tr style=\"height: 21px;\">\n<td style=\"height: 21px; width: 903.6666870117188px;\" valign=\"top\" bgcolor=\"#FFFF00\"><\/td>\n<\/tr>\n<tr style=\"height: 21px;\">\n<td style=\"height: 21px; width: 903.6666870117188px;\" valign=\"top\" bgcolor=\"#FFFF00\"><a href=\"http:\/\/nicaragua-travel-guide.com\/site\/bus-escolar-capacidad-60-70-pasajeros-viaje-privado-nicaragua\/\"><img loading=\"lazy\" decoding=\"async\" class=\"alignnone size-full wp-image-10878\" src=\"http:\/\/nicaragua-travel-guide.com\/site\/wp-content\/uploads\/2016\/07\/headertransportebusescolarviajesprivados-1.jpg\" alt=\"headertransportebusescolarviajesprivados\" width=\"1025\" height=\"345\" srcset=\"https:\/\/nicaragua-travel-guide.com\/site\/wp-content\/uploads\/2016\/07\/headertransportebusescolarviajesprivados-1.jpg 1025w, https:\/\/nicaragua-travel-guide.com\/site\/wp-content\/uploads\/2016\/07\/headertransportebusescolarviajesprivados-1-600x202.jpg 600w\" sizes=\"(max-width: 1025px) 100vw, 1025px\" \/><\/a><\/td>\n<\/tr>\n<tr style=\"height: 21px;\">\n<td style=\"height: 21px; width: 903.6666870117188px;\" valign=\"top\" bgcolor=\"#FFFF00\"><\/td>\n<\/tr>\n<tr style=\"height: 21px;\">\n<td style=\"height: 21px; width: 903.6666870117188px;\" valign=\"top\" bgcolor=\"#FFFF00\"><a href=\"http:\/\/nicaragua-travel-guide.com\/site\/bus-toyota-coaster-nicaragua-viaje-privado-con-conductor-incluido\/\"><img loading=\"lazy\" decoding=\"async\" class=\"alignnone size-full wp-image-10874\" src=\"http:\/\/nicaragua-travel-guide.com\/site\/wp-content\/uploads\/2016\/07\/headercoastertransportenicaraguagranada-1.jpg\" alt=\"headercoastertransportenicaraguagranada\" width=\"1025\" height=\"345\" srcset=\"https:\/\/nicaragua-travel-guide.com\/site\/wp-content\/uploads\/2016\/07\/headercoastertransportenicaraguagranada-1.jpg 1025w, https:\/\/nicaragua-travel-guide.com\/site\/wp-content\/uploads\/2016\/07\/headercoastertransportenicaraguagranada-1-600x202.jpg 600w\" sizes=\"(max-width: 1025px) 100vw, 1025px\" \/><\/a><\/td>\n<\/tr>\n<tr style=\"height: 21px;\">\n<td style=\"height: 21px; width: 903.6666870117188px;\" valign=\"top\" bgcolor=\"#FFFF00\"><\/td>\n<\/tr>\n<tr style=\"height: 21px;\">\n<td style=\"height: 21px; width: 903.6666870117188px;\" valign=\"top\" bgcolor=\"#FFFF00\">\u00a0<a href=\"http:\/\/nicaragua-travel-guide.com\/site\/microbus-toyota-hiace-viaje-privado-con-conductor-nicaragua\/\"><img loading=\"lazy\" decoding=\"async\" class=\"alignnone size-full wp-image-10884\" src=\"http:\/\/nicaragua-travel-guide.com\/site\/wp-content\/uploads\/2016\/07\/headertransportemocrobustoyotahiaceviajesprivadosyalquiler-1.jpg\" alt=\"headertransportemocrobustoyotahiaceviajesprivadosyalquiler\" width=\"1025\" height=\"345\" srcset=\"https:\/\/nicaragua-travel-guide.com\/site\/wp-content\/uploads\/2016\/07\/headertransportemocrobustoyotahiaceviajesprivadosyalquiler-1.jpg 1025w, https:\/\/nicaragua-travel-guide.com\/site\/wp-content\/uploads\/2016\/07\/headertransportemocrobustoyotahiaceviajesprivadosyalquiler-1-600x202.jpg 600w\" sizes=\"(max-width: 1025px) 100vw, 1025px\" \/><\/a><\/td>\n<\/tr>\n<tr style=\"height: 21px;\">\n<td style=\"height: 21px; width: 903.6666870117188px;\" valign=\"top\" bgcolor=\"#FFFF00\">\n<table style=\"width: 1007.6666870117188px;\" border=\"0\">\n<tbody>\n<tr style=\"height: 34px;\">\n<td style=\"width: 275px; height: 34px; background-color: #d9e687;\" align=\"center\" bgcolor=\"#FFFFFF\"><strong>Or\u00edgen<\/strong><\/td>\n<td style=\"width: 40px; border-color: #ffffff; height: 638.33349609375px; background-color: #def50c;\" colspan=\"4\" rowspan=\"22\" valign=\"top\" bgcolor=\"#FFFF00\"><\/td>\n<\/tr>\n<tr style=\"height: 35px;\">\n<td style=\"width: 275px; height: 35px;\" align=\"center\" bgcolor=\"#FFFFFF\">Managua<\/td>\n<\/tr>\n<tr style=\"height: 31px;\">\n<td style=\"width: 275px; height: 31px;\" align=\"center\" bgcolor=\"#FFFFFF\">Frontera<\/td>\n<\/tr>\n<tr style=\"height: 32px;\">\n<td style=\"width: 275px; height: 32px;\" align=\"center\" bgcolor=\"#FFFFFF\">Granada<\/td>\n<\/tr>\n<tr style=\"height: 35px;\">\n<td style=\"width: 275px; height: 35px;\" bgcolor=\"#CCFFFF\">Taxi Privado 3 +conductor y gu\u00eda<\/td>\n<\/tr>\n<tr style=\"height: 35px;\">\n<td style=\"width: 275px; height: 35px;\" bgcolor=\"#CCFFFF\"><a href=\"http:\/\/nicaragua-travel-guide.com\/site\/viaje-en-taxi-privado-o-compartido\/\">Taxi para \u00a04 \u00a0pasajeros<\/a> + conductor<\/td>\n<\/tr>\n<tr style=\"height: 32px;\" bgcolor=\"#FFCC00\">\n<td style=\"width: 275px; height: 32px;\" bgcolor=\"#CCFFFF\">Carro 4 pasajeros<\/td>\n<\/tr>\n<tr style=\"height: 32px;\" bgcolor=\"#FFCC00\">\n<td style=\"width: 275px; height: 32px;\" bgcolor=\"#CCFFFF\">Land Cruiser 4&#215;4 8 pasajeros<\/td>\n<\/tr>\n<tr style=\"height: 32px;\" bgcolor=\"#FFCC00\">\n<td style=\"width: 275px; height: 32px;\" bgcolor=\"#CCFFFF\">Ford Runner 4&#215;4 8 pasajeros<\/td>\n<\/tr>\n<tr style=\"height: 33px;\" bgcolor=\"#FFCC00\">\n<td style=\"width: 275px; height: 33px;\" bgcolor=\"#CCFFFF\">Camioneta 2 cabina 5 pasajeros<\/td>\n<\/tr>\n<tr style=\"height: 32px;\" bgcolor=\"#FFCC00\">\n<td style=\"width: 275px; height: 32px;\" bgcolor=\"#CCFFFF\">Camioneta 1 cabina<\/td>\n<\/tr>\n<tr style=\"height: 32px;\" bgcolor=\"#FFCC00\">\n<td style=\"width: 275px; height: 32px;\" bgcolor=\"#CCFFFF\">Van 10 pasajeros + conductor y guia<\/td>\n<\/tr>\n<tr style=\"height: 32px;\" bgcolor=\"#FFCC00\">\n<td style=\"width: 275px; height: 32px;\" bgcolor=\"#CCFFFF\">Van 11 pasajeros<\/td>\n<\/tr>\n<tr style=\"height: 33px;\" bgcolor=\"#FFCC00\">\n<td style=\"width: 275px; height: 33px;\" bgcolor=\"#CCFFFF\">BUSES<\/td>\n<\/tr>\n<tr style=\"height: 32px;\" bgcolor=\"#FFCC00\">\n<td style=\"width: 275px; height: 32px;\" bgcolor=\"#CCFFFF\"><a href=\"http:\/\/nicaragua-travel-guide.com\/site\/microbus-toyota-hiace-viaje-privado-con-conductor-nicaragua\/\">Microbus 15 p conductor + Gu\u00eda<\/a><\/td>\n<\/tr>\n<tr style=\"height: 32px;\" bgcolor=\"#FFCC00\">\n<td style=\"width: 275px; height: 32px;\" bgcolor=\"#CCFFFF\"><a href=\"http:\/\/nicaragua-travel-guide.com\/site\/bus-toyota-coaster-nicaragua-viaje-privado-con-conductor-incluido\/\">Coaster 29 pasajeros<\/a><\/td>\n<\/tr>\n<tr style=\"height: 32px;\" bgcolor=\"#FFCC00\">\n<td style=\"width: 275px; height: 32px;\" bgcolor=\"#CCFFFF\"><a href=\"http:\/\/nicaragua-travel-guide.com\/site\/bus-escolar-capacidad-60-70-pasajeros-viaje-privado-nicaragua\/\">Bus Escolar 60 \/70 pasajeros<\/a><\/td>\n<\/tr>\n<tr style=\"height: 33px;\" bgcolor=\"#FFCC00\">\n<td style=\"width: 275px; height: 33px;\" bgcolor=\"#CCFFFF\"><a href=\"http:\/\/nicaragua-travel-guide.com\/site\/alquiler-viaje-bus-marcopolo-privado-por-nicaragua-y-la-region-centroamericana\/\">B Marcopolo 50 \/ 59 pasajeros<\/a><\/td>\n<\/tr>\n<tr style=\"height: 32px;\" bgcolor=\"#FFCC00\">\n<td style=\"width: 275px; height: 32px;\" bgcolor=\"#CCFFFF\">Higer 45 pasajeros<\/td>\n<\/tr>\n<tr style=\"height: 32px;\" bgcolor=\"#FFCC00\">\n<td style=\"width: 275px; height: 32px;\" bgcolor=\"#FFFF00\">Buses Rusos<\/td>\n<\/tr>\n<tr style=\"height: 33px;\" bgcolor=\"#FFCC00\">\n<td style=\"width: 275px; height: 33px;\" bgcolor=\"#CCFFFF\">Una v\u00eda<\/td>\n<\/tr>\n<tr style=\"height: 25px;\" bgcolor=\"#FFCC00\">\n<td style=\"width: 275px; height: 25px;\" bgcolor=\"#FFFFFF\">Dos v\u00edas<\/td>\n<\/tr>\n<\/tbody>\n<\/table>\n<\/td>\n<\/tr>\n<tr style=\"height: 21px;\">\n<td style=\"height: 21px; width: 903.6666870117188px;\" valign=\"top\" bgcolor=\"#FFFF00\">\n<table style=\"width: 1001.6666870117188px;\" border=\"0\">\n<tbody>\n<tr style=\"height: 21px;\">\n<td style=\"width: 50px; border-color: #ffffff; height: 21px;\" colspan=\"5\" bgcolor=\"#FFFFFF\">Viajes de larga distancia dentro de Nicaragua 24 horas y mas das de servicio con espera en parqueo. (Ida y vuelta)<\/td>\n<\/tr>\n<tr style=\"height: 21px;\">\n<td style=\"width: 50px; border-color: #ffffff; height: 21px;\" colspan=\"5\" bgcolor=\"#FFFFFF\">Viajes locales dentro de Nicaragua : todo el d\u00eda desde 8-12 horas. (Ida y vuelta)<\/td>\n<\/tr>\n<\/tbody>\n<\/table>\n<\/td>\n<\/tr>\n<tr style=\"height: 21px;\">\n<td style=\"height: 21px; width: 903.6666870117188px;\" valign=\"top\" bgcolor=\"#FFFF00\">\n<table style=\"width: 1000.6666870117188px;\" border=\"0\">\n<tbody>\n<tr>\n<td style=\"border-color: #ffffff; width: 50px;\" colspan=\"5\" bgcolor=\"#FFFFFF\">Managua: Tour nocturno traslado \u00a0hacia la zona viva por la noche. desde las :8:00pm hasta 12:00pm<\/td>\n<\/tr>\n<tr>\n<td style=\"border-color: #ffffff; width: 50px;\" colspan=\"5\" bgcolor=\"#FFFFFF\">Managua + Volc\u00e1n Masaya: traslado desde el hotel -tour medio d\u00eda \/ tour todo el d\u00eda<\/td>\n<\/tr>\n<tr>\n<td style=\"border-color: #ffffff; width: 50px;\" colspan=\"5\" bgcolor=\"#FFFFCC\">Viaje con servicio de conductor y gu\u00eda, a su elecci\u00f3n, combustible incluido. por horas, medio d\u00eda, todo el d\u00eda y 24 horas.<\/td>\n<\/tr>\n<\/tbody>\n<\/table>\n<\/td>\n<\/tr>\n<tr style=\"height: 21px;\">\n<td style=\"height: 21px; width: 903.6666870117188px;\" valign=\"top\" bgcolor=\"#FFFF00\">Por mayor informaci\u00f3n y reservaci\u00f3n <strong>Contactarnos<\/strong><\/td>\n<\/tr>\n<\/tbody>\n<\/table>\n","protected":false},"excerpt":{"rendered":"<p>Servicio de transporte: Traslado de un dest\u00edno a otro, dentro del territorio nacional , tambi\u00e9n se hacen viajes privados a la regi\u00f3n Centroamericana en veh\u00edculo p\u00fablico o privado, a su elecci\u00f3n y de acuerdo a su capacidad. Le pondremos en contacto con servicio de conductor y opci\u00f3n ir acompa\u00f1ado con gu\u00eda tur\u00edstico nacional bilingue. \u00a0\u00a0 [&hellip;]<\/p>\n","protected":false},"author":2,"featured_media":0,"parent":0,"menu_order":0,"comment_status":"closed","ping_status":"closed","template":"","meta":{"footnotes":""},"_links":{"self":[{"href":"https:\/\/nicaragua-travel-guide.com\/site\/wp-json\/wp\/v2\/pages\/6496"}],"collection":[{"href":"https:\/\/nicaragua-travel-guide.com\/site\/wp-json\/wp\/v2\/pages"}],"about":[{"href":"https:\/\/nicaragua-travel-guide.com\/site\/wp-json\/wp\/v2\/types\/page"}],"author":[{"embeddable":true,"href":"https:\/\/nicaragua-travel-guide.com\/site\/wp-json\/wp\/v2\/users\/2"}],"replies":[{"embeddable":true,"href":"https:\/\/nicaragua-travel-guide.com\/site\/wp-json\/wp\/v2\/comments?post=6496"}],"version-history":[{"count":45,"href":"https:\/\/nicaragua-travel-guide.com\/site\/wp-json\/wp\/v2\/pages\/6496\/revisions"}],"predecessor-version":[{"id":13473,"href":"https:\/\/nicaragua-travel-guide.com\/site\/wp-json\/wp\/v2\/pages\/6496\/revisions\/13473"}],"wp:attachment":[{"href":"https:\/\/nicaragua-travel-guide.com\/site\/wp-json\/wp\/v2\/media?parent=6496"}],"curies":[{"name":"wp","href":"https:\/\/api.w.org\/{rel}","templated":true}]}}