{"id":6505,"date":"2016-07-12T21:38:18","date_gmt":"2016-07-12T21:38:18","guid":{"rendered":"http:\/\/nicaragua-travel-guide.com\/site\/?page_id=6505"},"modified":"2016-08-20T05:10:30","modified_gmt":"2016-08-20T05:10:30","slug":"budget-rent-a-car-compania-nicaragua","status":"publish","type":"page","link":"https:\/\/nicaragua-travel-guide.com\/site\/budget-rent-a-car-compania-nicaragua\/","title":{"rendered":"\u00abBudget Rent a Car Compa\u00f1ia Nicaragua\u00bb Coberturas"},"content":{"rendered":"<table id=\"tabla_ml\" style=\"width: 949px;\" cellspacing=\"0\" cellpadding=\"0\">\n<tbody>\n<tr style=\"height: 154px;\">\n<td style=\"height: 154px; width: 1411px;\" colspan=\"4\" valign=\"top\"><img loading=\"lazy\" decoding=\"async\" class=\"wp-image-11387 aligncenter\" src=\"http:\/\/nicaragua-travel-guide.com\/site\/wp-content\/uploads\/2016\/07\/header-budget-rent-a-car-1.jpg\" alt=\"header budget rent a car\" width=\"940\" height=\"316\" srcset=\"https:\/\/nicaragua-travel-guide.com\/site\/wp-content\/uploads\/2016\/07\/header-budget-rent-a-car-1.jpg 1025w, https:\/\/nicaragua-travel-guide.com\/site\/wp-content\/uploads\/2016\/07\/header-budget-rent-a-car-1-600x202.jpg 600w\" sizes=\"(max-width: 940px) 100vw, 940px\" \/><\/td>\n<\/tr>\n<tr style=\"height: 29px;\">\n<td style=\"height: 29px; width: 1411px; text-align: center;\" colspan=\"4\" valign=\"top\"><img loading=\"lazy\" decoding=\"async\" class=\"wp-image-10284 aligncenter\" src=\"http:\/\/nicaragua-travel-guide.com\/site\/wp-content\/uploads\/2015\/02\/budgetrentacarlogo.png\" alt=\"budgetrentacarlogo\" width=\"940\" height=\"49\" srcset=\"https:\/\/nicaragua-travel-guide.com\/site\/wp-content\/uploads\/2015\/02\/budgetrentacarlogo.png 982w, https:\/\/nicaragua-travel-guide.com\/site\/wp-content\/uploads\/2015\/02\/budgetrentacarlogo-600x31.png 600w\" sizes=\"(max-width: 940px) 100vw, 940px\" \/><\/td>\n<\/tr>\n<tr style=\"height: 109px;\">\n<td style=\"height: 109px; width: 1411px; background-color: #f7831e;\" colspan=\"4\" valign=\"top\">\n<table style=\"height: 88px;\" width=\"868\">\n<tbody>\n<tr style=\"height: 18.666671752929688px;\">\n<td style=\"width: 276.6666564941406px; height: 18.666671752929688px; background-color: #f7831e; border-color: #f7831e;\"><strong>COBERTURAS<\/strong><\/td>\n<td style=\"width: 276.6666564941406px; height: 18.666671752929688px; background-color: #f7831e; border-color: #f7831e;\">\n<ul>\n<li><a href=\"http:\/\/nicaragua-travel-guide.com\/site\/budget-rent-a-car-compania-nicaragua-sucursales\/\">SUCURSALES<\/a><\/li>\n<li><a href=\"http:\/\/nicaragua-travel-guide.com\/site\/budget-rent-a-car-compania-nicaragua-terminos-y-condiciones\/\">T\u00c9RMINOS Y CONDICIONES<\/a><\/li>\n<li><a href=\"http:\/\/nicaragua-travel-guide.com\/site\/budget-rent-a-car-compania-nicaragua-accesorios-y-servicios\/\">ACCESORIOS Y SERVICIOS<\/a><\/li>\n<\/ul>\n<\/td>\n<td style=\"width: 276.6666564941406px; height: 18.666671752929688px; background-color: #f7831e; border-color: #f7831e;\">\n<ul>\n<li><a href=\"http:\/\/nicaragua-travel-guide.com\/site\/budget-rent-a-car-compania-nicaragua-reservaciones\/\">RESERVACIONES<\/a><\/li>\n<li><a href=\"http:\/\/nicaragua-travel-guide.com\/site\/budget-rent-a-car-compania-nicaragua-promociones\/\">PROMOCIONES<\/a><\/li>\n<li>CONT\u00c1CTENOS<\/li>\n<\/ul>\n<\/td>\n<\/tr>\n<\/tbody>\n<\/table>\n<\/td>\n<\/tr>\n<tr style=\"height: 154px;\">\n<td style=\"height: 154px; width: 1411px;\" colspan=\"4\" valign=\"top\">\n<table style=\"width: 877.6666870117188px;\" align=\"left\">\n<tbody>\n<tr style=\"height: 14px;\">\n<td style=\"background-color: #ffffff; width: 80px; border-color: #ffffff; height: 14px;\" bgcolor=\"#FFFFFF\"><\/td>\n<td style=\"width: 832.6666870117188px; height: 14px; background-color: #fae4b9; border-color: #fae4b9; text-align: center;\" bgcolor=\"#FFFFFF\"><strong>COBERTURAS<\/strong><\/td>\n<\/tr>\n<tr style=\"height: 118px;\">\n<td style=\"background-color: #ffffff; width: 80px; border-color: #ffffff; height: 14px;\" bgcolor=\"#FFFFFF\"><\/td>\n<td id=\"ec\" style=\"width: 832.6666870117188px; height: 14px; background-color: #fae4b9; border-color: #fae4b9; text-align: center;\" bgcolor=\"#FFFFFF\">Cobertura con Cero Deducible por Colisi\u00f3n (SLDW)US $ 37.99 diario<br \/>\nProtecci\u00f3n Individual por Accidente (PIA) US $ 1.00 diario<br \/>\nCobertura con Cero Deducible por Colisi\u00f3n (SCDW)US $ 29.99 diario<br \/>\nCobertura con Deducible por Colisi\u00f3n y Robo (CDW) US $ 19.99 diario<br \/>\nRelevo de Responsabilidad a Terceros (SLI)US $ 12.99 diario<\/td>\n<\/tr>\n<\/tbody>\n<\/table>\n<\/td>\n<\/tr>\n<tr style=\"height: 154px;\">\n<td style=\"height: 154px; width: 1411px;\" colspan=\"4\" valign=\"top\">\n<div id=\"r44\"><strong>Requisitos:<\/strong><\/div>\n<div><\/div>\n<div>Estas coberturas no protegen en los casos que resultasen cuando:<\/div>\n<div><\/div>\n<div>a)El uso del veh\u00edculo rentado viole las restricciones espec\u00edficas del contrato de renta<\/div>\n<div><\/div>\n<div>b)El conductor est\u00e9 bajo influencia de alcohol o drogas, o en actos il\u00edcitos.<\/div>\n<div><\/div>\n<div>c)El conductor es menor de 25 a\u00f1os<\/div>\n<div><\/div>\n<div>d)La licencia de conducir no esta vigente<\/div>\n<div><\/div>\n<div>e)No se presenta certificado de polic\u00eda<\/div>\n<div><\/div>\n<div>f)El conductor no est\u00e1 registrado en el contrato<\/div>\n<div><\/div>\n<\/td>\n<\/tr>\n<tr style=\"height: 17px;\">\n<td style=\"height: 17px; width: 367px;\" valign=\"top\">\u00a0<img loading=\"lazy\" decoding=\"async\" class=\" wp-image-11327 aligncenter\" src=\"http:\/\/nicaragua-travel-guide.com\/site\/wp-content\/uploads\/2016\/07\/budgetrentacarcoaster.jpg\" alt=\"budgetrentacarcoaster\" width=\"180\" height=\"120\" \/><\/td>\n<td style=\"height: 17px; width: 354.3333435058594px;\" valign=\"top\">\u00a0<img loading=\"lazy\" decoding=\"async\" class=\" wp-image-11326 alignleft\" src=\"http:\/\/nicaragua-travel-guide.com\/site\/wp-content\/uploads\/2016\/07\/budgetrentacarcamion.jpg\" alt=\"????????????????????????????????????\" width=\"197\" height=\"131\" srcset=\"https:\/\/nicaragua-travel-guide.com\/site\/wp-content\/uploads\/2016\/07\/budgetrentacarcamion.jpg 215w, https:\/\/nicaragua-travel-guide.com\/site\/wp-content\/uploads\/2016\/07\/budgetrentacarcamion-180x120.jpg 180w\" sizes=\"(max-width: 197px) 100vw, 197px\" \/><\/td>\n<td style=\"height: 17px; width: 326.6666564941406px;\" valign=\"top\"><img loading=\"lazy\" decoding=\"async\" class=\"alignnone size-medium wp-image-11341\" src=\"http:\/\/nicaragua-travel-guide.com\/site\/wp-content\/uploads\/2016\/07\/rentacartoyothiluxblack.jpg\" alt=\"rentacartoyothiluxblack\" width=\"269\" height=\"144\" \/><\/td>\n<td style=\"height: 17px; width: 363px;\" valign=\"top\"><img loading=\"lazy\" decoding=\"async\" class=\"alignnone size-medium wp-image-11334\" src=\"http:\/\/nicaragua-travel-guide.com\/site\/wp-content\/uploads\/2016\/07\/rentacarnissanfrontierbudget.jpg\" alt=\"rentacarnissanfrontierbudget\" width=\"265\" height=\"144\" \/><\/td>\n<\/tr>\n<tr style=\"height: 24px;\">\n<td style=\"height: 24px; width: 367px;\">U$ por\u00a0d\u00eda<\/td>\n<td style=\"height: 24px; width: 354.3333435058594px;\" valign=\"top\">U$ por\u00a0d\u00eda<\/td>\n<td style=\"height: 24px; width: 326.6666564941406px;\" valign=\"top\">U$ por\u00a0d\u00eda<\/td>\n<td style=\"height: 24px; width: 363px;\" valign=\"top\">U$ por\u00a0d\u00eda<\/td>\n<\/tr>\n<tr style=\"height: 14px;\">\n<td style=\"height: 14px; width: 367px;\" valign=\"top\">\u00a0<img loading=\"lazy\" decoding=\"async\" class=\"alignnone size-medium wp-image-11336\" src=\"http:\/\/nicaragua-travel-guide.com\/site\/wp-content\/uploads\/2016\/07\/rentacarsuzukiapvwhitebudget.jpg\" alt=\"rentacarsuzukiapvwhitebudget\" width=\"194\" height=\"115\" \/><\/td>\n<td style=\"height: 14px; width: 354.3333435058594px;\" valign=\"top\">\u00a0<img loading=\"lazy\" decoding=\"async\" class=\"alignnone size-medium wp-image-11338\" src=\"http:\/\/nicaragua-travel-guide.com\/site\/wp-content\/uploads\/2016\/07\/rentacartoyotahiacewhite.jpg\" alt=\"rentacartoyotahiacewhite\" width=\"248\" height=\"144\" \/><\/td>\n<td style=\"height: 14px; width: 326.6666564941406px;\" valign=\"top\"><img loading=\"lazy\" decoding=\"async\" class=\"alignnone size-medium wp-image-11332\" src=\"http:\/\/nicaragua-travel-guide.com\/site\/wp-content\/uploads\/2016\/07\/rentacarmahindrascorpiosilver.jpg\" alt=\"rentacarmahindrascorpiosilver\" width=\"213\" height=\"144\" \/><\/td>\n<td style=\"height: 14px; width: 363px;\" valign=\"top\"><img loading=\"lazy\" decoding=\"async\" class=\"alignnone size-medium wp-image-11339\" src=\"http:\/\/nicaragua-travel-guide.com\/site\/wp-content\/uploads\/2016\/07\/rentacartoyotayaris.jpg\" alt=\"rentacartoyotayaris\" width=\"205\" height=\"144\" \/><\/td>\n<\/tr>\n<tr style=\"height: 30px;\">\n<td style=\"height: 30px; width: 367px;\">U$ por\u00a0d\u00eda<\/td>\n<td style=\"height: 30px; width: 354.3333435058594px;\" valign=\"top\">U$ por\u00a0d\u00eda<\/td>\n<td style=\"height: 30px; width: 326.6666564941406px;\" valign=\"top\">U$ por\u00a0d\u00eda<\/td>\n<td style=\"height: 30px; width: 363px;\" valign=\"top\">U$ por\u00a0d\u00eda<\/td>\n<\/tr>\n<tr style=\"height: 20px;\">\n<td style=\"height: 20px; width: 367px;\">\u00a0<img loading=\"lazy\" decoding=\"async\" class=\"alignnone size-medium wp-image-11330\" src=\"http:\/\/nicaragua-travel-guide.com\/site\/wp-content\/uploads\/2016\/07\/mitsubishimontero.jpg\" alt=\"mitsubishimontero\" width=\"244\" height=\"116\" \/><\/td>\n<td style=\"height: 20px; width: 354.3333435058594px;\" valign=\"top\">\u00a0<img loading=\"lazy\" decoding=\"async\" class=\"wp-image-11337 aligncenter\" src=\"http:\/\/nicaragua-travel-guide.com\/site\/wp-content\/uploads\/2016\/07\/rentacarterrios.jpg.bmp\" alt=\"rentacarterrios.jpg\" width=\"184\" height=\"126\" \/><\/td>\n<td style=\"height: 20px; width: 326.6666564941406px;\" valign=\"top\"><img loading=\"lazy\" decoding=\"async\" class=\"alignnone size-full wp-image-11323\" src=\"http:\/\/nicaragua-travel-guide.com\/site\/wp-content\/uploads\/2016\/07\/toyota-corolla-managua-1.jpg\" alt=\"toyota corolla managua\" width=\"301\" height=\"152\" \/><\/td>\n<td style=\"height: 20px; width: 363px;\" valign=\"top\"><img loading=\"lazy\" decoding=\"async\" class=\"alignnone size-medium wp-image-11340\" src=\"http:\/\/nicaragua-travel-guide.com\/site\/wp-content\/uploads\/2016\/07\/rentacartoyotayariswhite.jpg\" alt=\"rentacartoyotayariswhite\" width=\"228\" height=\"144\" \/><\/td>\n<\/tr>\n<tr style=\"height: 24px;\">\n<td style=\"height: 24px; width: 367px;\">U$por\u00a0d\u00eda<\/td>\n<td style=\"height: 24px; width: 354.3333435058594px;\">U$ por\u00a0d\u00eda<\/td>\n<td style=\"height: 24px; width: 326.6666564941406px;\">U$ por\u00a0d\u00eda<\/td>\n<td style=\"height: 24px; width: 363px;\">U$ por\u00a0d\u00eda<\/td>\n<\/tr>\n<tr style=\"height: 24px;\">\n<td style=\"height: 24px; width: 367px;\">\u00a0<img loading=\"lazy\" decoding=\"async\" class=\"alignnone size-medium wp-image-11331\" src=\"http:\/\/nicaragua-travel-guide.com\/site\/wp-content\/uploads\/2016\/07\/rentacarlandcruiserpradomodelbudget.jpg\" alt=\"rentacarlandcruiserpradomodelbudget\" width=\"218\" height=\"144\" srcset=\"https:\/\/nicaragua-travel-guide.com\/site\/wp-content\/uploads\/2016\/07\/rentacarlandcruiserpradomodelbudget.jpg 218w, https:\/\/nicaragua-travel-guide.com\/site\/wp-content\/uploads\/2016\/07\/rentacarlandcruiserpradomodelbudget-180x120.jpg 180w\" sizes=\"(max-width: 218px) 100vw, 218px\" \/><\/td>\n<td style=\"height: 24px; width: 354.3333435058594px;\">\u00a0<img loading=\"lazy\" decoding=\"async\" class=\"alignnone size-medium wp-image-11329\" src=\"http:\/\/nicaragua-travel-guide.com\/site\/wp-content\/uploads\/2016\/07\/everestrentacar.jpg.bmp\" alt=\"everestrentacar.jpg\" width=\"198\" height=\"139\" \/><\/td>\n<td style=\"height: 24px; width: 326.6666564941406px;\"><img loading=\"lazy\" decoding=\"async\" class=\"alignnone size-medium wp-image-11335\" src=\"http:\/\/nicaragua-travel-guide.com\/site\/wp-content\/uploads\/2016\/07\/rentacarsuzukiablack.jpg\" alt=\"rentacarsuzukiablack\" width=\"249\" height=\"144\" \/><\/td>\n<td style=\"height: 24px; width: 363px;\"><img loading=\"lazy\" decoding=\"async\" class=\"alignnone size-medium wp-image-11328\" src=\"http:\/\/nicaragua-travel-guide.com\/site\/wp-content\/uploads\/2016\/07\/dihatsuterioscincopax.jpg\" alt=\"dihatsuterioscincopax\" width=\"242\" height=\"144\" \/><\/td>\n<\/tr>\n<tr style=\"height: 24px;\">\n<td style=\"height: 24px; width: 367px;\">U$ por\u00a0d\u00eda<\/td>\n<td style=\"height: 24px; width: 354.3333435058594px;\">U$ por\u00a0d\u00eda<\/td>\n<td style=\"height: 24px; width: 326.6666564941406px;\">U$ por\u00a0d\u00eda<\/td>\n<td style=\"height: 24px; width: 363px;\">U$ por\u00a0d\u00eda<\/td>\n<\/tr>\n<tr style=\"height: 24px;\">\n<td style=\"height: 24px; width: 367px;\" colspan=\"4\">\n<div><\/div>\n<div id=\"d44\">Protege al veh\u00edculo rentado.<\/div>\n<div><\/div>\n<div><\/div>\n<div>Exime al cliente de responsabilidad total por los da\u00f1os en caso de colisi\u00f3n y del 80% del valor del veh\u00edculo en caso de robo total del mismo. Protege en caso de colisi\u00f3n fuera del territorio nacional y asonadas en Nicaragua.<\/div>\n<div><\/div>\n<div>Activa las restantes coberturas fuera de Nicaragua.<\/div>\n<div><\/div>\n<div><\/div>\n<div id=\"d43\">Protege a los pasajeros del veh\u00edculo rentado en caso de lesiones producto de una colisi\u00f3n.<\/div>\n<div><\/div>\n<div><\/div>\n<div>El monto m\u00e1ximo a pagar es de US$ 5,000.00 independientemente del n\u00famero de pasajeros al momento de la colisi\u00f3n y que no exceda, la capacidad del veh\u00edculo.<\/div>\n<div><\/div>\n<div><\/div>\n<div id=\"d42\">Protege al veh\u00edculo rentado. Exime al cliente de responsabilidad total por los da\u00f1os en caso de colisi\u00f3n y del 80% del valor del veh\u00edculo en caso de robo total del mismo.<\/div>\n<div><\/div>\n<div><\/div>\n<div>No cubre robos parciales.<\/div>\n<div><\/div>\n<div><\/div>\n<div id=\"d41\">Protege al veh\u00edculo rentado. En caso de robo del veh\u00edculo, el Cliente pagar\u00eda solamente el 20% del valor del mismo. En caso de da\u00f1os pagar\u00eda un deducible de US $1,000.0 d\u00f3lares.<\/div>\n<div><\/div>\n<div><\/div>\n<div id=\"d40\">La Compa\u00f1\u00eda pagar\u00e1 da\u00f1os a terceros hasta la suma m\u00e1xima de US$ 15,000.00, limitando dicho pago al monto de la factura de restauraci\u00f3n o reparaci\u00f3n (previa presentaci\u00f3n de tres presupuestos), tanto en los da\u00f1os corporales como en los materiales.<\/div>\n<div><\/div>\n<div>Tiene un deducible del 20%<\/div>\n<div><\/div>\n<\/td>\n<\/tr>\n<tr style=\"height: 24px;\">\n<td style=\"height: 24px; width: 367px;\" colspan=\"4\">\n<div><img loading=\"lazy\" decoding=\"async\" class=\"alignnone wp-image-10285\" src=\"http:\/\/nicaragua-travel-guide.com\/site\/wp-content\/uploads\/2015\/02\/budgetrentacarunocopia.png\" alt=\"budgetrentacarunocopia\" width=\"943\" height=\"142\" srcset=\"https:\/\/nicaragua-travel-guide.com\/site\/wp-content\/uploads\/2015\/02\/budgetrentacarunocopia.png 968w, https:\/\/nicaragua-travel-guide.com\/site\/wp-content\/uploads\/2015\/02\/budgetrentacarunocopia-600x90.png 600w\" sizes=\"(max-width: 943px) 100vw, 943px\" \/><\/div>\n<\/td>\n<\/tr>\n<tr style=\"height: 10px;\">\n<td style=\"height: 25.33349609375px; width: 367px; background-color: #ffb700;\" colspan=\"4\" rowspan=\"13\">Por mayor\u00a0informaci\u00f3n\u00a0y reservacion <strong>Contactarnos<\/strong><\/td>\n<\/tr>\n<\/tbody>\n<\/table>\n<p>&nbsp;<\/p>\n","protected":false},"excerpt":{"rendered":"<p>COBERTURAS SUCURSALES T\u00c9RMINOS Y CONDICIONES ACCESORIOS Y SERVICIOS RESERVACIONES PROMOCIONES CONT\u00c1CTENOS COBERTURAS Cobertura con Cero Deducible por Colisi\u00f3n (SLDW)US $ 37.99 diario Protecci\u00f3n Individual por Accidente (PIA) US $ 1.00 diario Cobertura con Cero Deducible por Colisi\u00f3n (SCDW)US $ 29.99 diario Cobertura con Deducible por Colisi\u00f3n y Robo (CDW) US $ 19.99 diario Relevo de [&hellip;]<\/p>\n","protected":false},"author":2,"featured_media":0,"parent":0,"menu_order":0,"comment_status":"closed","ping_status":"closed","template":"","meta":{"footnotes":""},"_links":{"self":[{"href":"https:\/\/nicaragua-travel-guide.com\/site\/wp-json\/wp\/v2\/pages\/6505"}],"collection":[{"href":"https:\/\/nicaragua-travel-guide.com\/site\/wp-json\/wp\/v2\/pages"}],"about":[{"href":"https:\/\/nicaragua-travel-guide.com\/site\/wp-json\/wp\/v2\/types\/page"}],"author":[{"embeddable":true,"href":"https:\/\/nicaragua-travel-guide.com\/site\/wp-json\/wp\/v2\/users\/2"}],"replies":[{"embeddable":true,"href":"https:\/\/nicaragua-travel-guide.com\/site\/wp-json\/wp\/v2\/comments?post=6505"}],"version-history":[{"count":25,"href":"https:\/\/nicaragua-travel-guide.com\/site\/wp-json\/wp\/v2\/pages\/6505\/revisions"}],"predecessor-version":[{"id":11675,"href":"https:\/\/nicaragua-travel-guide.com\/site\/wp-json\/wp\/v2\/pages\/6505\/revisions\/11675"}],"wp:attachment":[{"href":"https:\/\/nicaragua-travel-guide.com\/site\/wp-json\/wp\/v2\/media?parent=6505"}],"curies":[{"name":"wp","href":"https:\/\/api.w.org\/{rel}","templated":true}]}}