{"id":6509,"date":"2016-07-12T21:45:47","date_gmt":"2016-07-12T21:45:47","guid":{"rendered":"http:\/\/nicaragua-travel-guide.com\/site\/?page_id=6509"},"modified":"2016-08-16T19:46:23","modified_gmt":"2016-08-16T19:46:23","slug":"budget-rent-a-car-compania-nicaragua-reservaciones","status":"publish","type":"page","link":"https:\/\/nicaragua-travel-guide.com\/site\/budget-rent-a-car-compania-nicaragua-reservaciones\/","title":{"rendered":"\u00abBudget Rent a Car Compa\u00f1ia Nicaragua\u00bb Reservaciones"},"content":{"rendered":"<table style=\"width: 975px;\" border=\"0\">\n<tbody>\n<tr style=\"height: 4px;\">\n<td style=\"height: 4px; width: 3066px;\" colspan=\"2\"><img loading=\"lazy\" decoding=\"async\" class=\"wp-image-11387 aligncenter\" src=\"http:\/\/nicaragua-travel-guide.com\/site\/wp-content\/uploads\/2016\/07\/header-budget-rent-a-car-1.jpg\" alt=\"header budget rent a car\" width=\"997\" height=\"335\" srcset=\"https:\/\/nicaragua-travel-guide.com\/site\/wp-content\/uploads\/2016\/07\/header-budget-rent-a-car-1.jpg 1025w, https:\/\/nicaragua-travel-guide.com\/site\/wp-content\/uploads\/2016\/07\/header-budget-rent-a-car-1-600x202.jpg 600w\" sizes=\"(max-width: 997px) 100vw, 997px\" \/><\/td>\n<\/tr>\n<tr style=\"height: 16px;\">\n<td style=\"height: 16px; width: 3066px; background-color: #fa900f;\" colspan=\"2\">\n<table style=\"height: 45px; width: 977.6666870117188px;\">\n<tbody>\n<tr>\n<td style=\"width: 323.3333435058594px; background-color: #fa900f; border-color: #fa900f;\"><strong>RESERVA<\/strong><\/td>\n<td style=\"width: 323.3333435058594px; background-color: #fa900f; border-color: #fa900f;\">\n<ul>\n<li>PROMOCIONES<\/li>\n<li>ACCESORIOS Y SERVICIOS<\/li>\n<li>COBERTURAS<\/li>\n<\/ul>\n<\/td>\n<td style=\"width: 323.3333435058594px; background-color: #fa900f; border-color: #fa900f;\">\n<ul>\n<li><a href=\"http:\/\/nicaragua-travel-guide.com\/site\/budget-rent-a-car-compania-nicaragua-terminos-y-condiciones\/\">T\u00c9RMINOS Y CONDICIONES<\/a><\/li>\n<li>SUCURSALES<\/li>\n<li>CONT\u00c1CTENOS<\/li>\n<\/ul>\n<\/td>\n<\/tr>\n<\/tbody>\n<\/table>\n<\/td>\n<\/tr>\n<tr style=\"height: 9px;\">\n<td style=\"height: 9px; width: 3066px; background-color: #ffffff;\" colspan=\"2\"><img loading=\"lazy\" decoding=\"async\" class=\"alignnone wp-image-10284\" src=\"http:\/\/nicaragua-travel-guide.com\/site\/wp-content\/uploads\/2015\/02\/budgetrentacarlogo.png\" alt=\"budgetrentacarlogo\" width=\"980\" height=\"50\" srcset=\"https:\/\/nicaragua-travel-guide.com\/site\/wp-content\/uploads\/2015\/02\/budgetrentacarlogo.png 982w, https:\/\/nicaragua-travel-guide.com\/site\/wp-content\/uploads\/2015\/02\/budgetrentacarlogo-600x31.png 600w\" sizes=\"(max-width: 980px) 100vw, 980px\" \/><\/td>\n<\/tr>\n<tr style=\"height: 9px;\">\n<td style=\"height: 9px; width: 1637px; background-color: #faefd4;\" bgcolor=\"#FF6600\">\n<table id=\"tabla_reservacion\" style=\"width: 507.66668701171875px;\" cellspacing=\"0\" cellpadding=\"0\">\n<tbody>\n<tr>\n<td style=\"background-color: #fc830a; width: 956.6666870117188px; border-color: #fc830a;\" colspan=\"2\" bgcolor=\"#FF6633\"><\/td>\n<\/tr>\n<tr>\n<td id=\"td_nombre\" style=\"background-color: #fc830a; width: 453px; border-color: #fc830a;\" bgcolor=\"#FF6633\">Nombre Completo<\/td>\n<td style=\"background-color: #fc830a; width: 503.66668701171875px; border-color: #fc830a;\" align=\"left\" bgcolor=\"#FF6633\"><input id=\"nombre\" name=\"nombre\" type=\"text\" \/><\/td>\n<\/tr>\n<tr>\n<td id=\"td_nombre\" style=\"background-color: #fc830a; width: 453px; border-color: #fc830a;\" bgcolor=\"#FF6633\">Tel\u00e9fono<\/td>\n<td style=\"background-color: #fc830a; width: 503.66668701171875px; border-color: #fc830a;\" align=\"left\" bgcolor=\"#FF6633\"><input id=\"telefono\" name=\"telefono\" type=\"text\" \/><\/td>\n<\/tr>\n<tr>\n<td id=\"td_email\" style=\"background-color: #fc830a; width: 453px; border-color: #fc830a;\" bgcolor=\"#FF6633\">E-mail<\/td>\n<td style=\"background-color: #fc830a; width: 503.66668701171875px; border-color: #fc830a;\" align=\"left\" bgcolor=\"#FF6633\"><input id=\"email\" name=\"email\" type=\"text\" \/><\/td>\n<\/tr>\n<tr>\n<td style=\"background-color: #fc830a; width: 453px; border-color: #fc830a;\" bgcolor=\"#FF6633\">Sucursal de alquiler<\/td>\n<td style=\"background-color: #fc830a; width: 503.66668701171875px; border-color: #fc830a;\" align=\"left\" bgcolor=\"#FF6633\"><select id=\"sucursal\" name=\"sucursal\"><option value=\"Chinandega\">Chinandega<\/option><option value=\"Granada\">Granada<\/option><option value=\"Matagalpa\">Matagalpa<\/option><option selected=\"selected\" value=\"Aeropuerto Internacional\">Aeropuerto Internacional<\/option><option value=\"Central\">Central<\/option><option value=\"Carretera a Masaya\">Carretera a Masaya<\/option><option value=\"Holiday Inn\">Holiday Inn<\/option><option value=\"Pe\u00f1as Blancas\">Pe\u00f1as Blancas<\/option><option value=\"Esteli\">Esteli<\/option><\/select><\/td>\n<\/tr>\n<tr>\n<td style=\"background-color: #fc830a; width: 453px; border-color: #fc830a;\" bgcolor=\"#FF6633\">Fecha y hora de alquiler<\/td>\n<td style=\"background-color: #fc830a; width: 503.66668701171875px; border-color: #fc830a;\" align=\"left\" bgcolor=\"#FF6633\"><input id=\"fecha_hora_alq\" name=\"fecha_hora_alq\" type=\"text\" \/><\/td>\n<\/tr>\n<tr>\n<td style=\"background-color: #fc830a; width: 453px; border-color: #fc830a;\" bgcolor=\"#FF6633\">Sucursal de devoluci\u00f3n<\/td>\n<td style=\"background-color: #fc830a; width: 503.66668701171875px; border-color: #fc830a;\" align=\"left\" bgcolor=\"#FF6633\"><select id=\"sucursal_ret\" name=\"sucursal_ret\"><option value=\"Chinandega\">Chinandega<\/option><option value=\"Granada\">Granada<\/option><option value=\"Matagalpa\">Matagalpa<\/option><option selected=\"selected\" value=\"Aeropuerto Internacional\">Aeropuerto Internacional<\/option><option value=\"Central\">Central<\/option><option value=\"Carretera a Masaya\">Carretera a Masaya<\/option><option value=\"Holiday Inn\">Holiday Inn<\/option><option value=\"Pe\u00f1as Blancas\">Pe\u00f1as Blancas<\/option><option value=\"Esteli\">Esteli<\/option><\/select><\/td>\n<\/tr>\n<tr>\n<td style=\"background-color: #fc830a; width: 453px; border-color: #fc830a;\" bgcolor=\"#FF6633\">Fecha y hora de devoluci\u00f3n<\/td>\n<td style=\"background-color: #fc830a; width: 503.66668701171875px; border-color: #fc830a;\" align=\"left\" bgcolor=\"#FF6633\"><input id=\"fecha_hora_dev\" name=\"fecha_hora_dev\" type=\"text\" \/><\/td>\n<\/tr>\n<tr>\n<td style=\"background-color: #fc830a; width: 956.6666870117188px; border-color: #fc830a;\" colspan=\"2\" bgcolor=\"#FF6633\"><\/td>\n<\/tr>\n<tr>\n<td style=\"background-color: #fc830a; width: 956.6666870117188px; border-color: #fc830a;\" colspan=\"2\" align=\"center\" bgcolor=\"#FF6633\" height=\"89\">\n<div><input name=\"btnTramite\" type=\"submit\" value=\"Tramitar\" \/><\/div>\n<\/td>\n<\/tr>\n<\/tbody>\n<\/table>\n<\/td>\n<td style=\"height: 9px; width: 1429px; background-color: #ffffff;\">\n<table style=\"width: 448.3333740234375px; height: 383px;\">\n<tbody>\n<tr style=\"height: 27px;\">\n<td style=\"background-color: #ffffff; border-color: #ffffff; width: 40px; height: 27px;\" colspan=\"4\" bgcolor=\"#FFFFFF\">Noticias<\/td>\n<\/tr>\n<tr style=\"height: 27px;\">\n<td style=\"background-color: #ffffff; border-color: #ffffff; width: 40px; height: 27px;\" colspan=\"4\" bgcolor=\"#FFFFFF\">Vive el Verano Con Budget Rent a Car y sus Amigos<\/td>\n<\/tr>\n<tr style=\"height: 42.3333740234375px;\">\n<td style=\"background-color: #ffffff; border-color: #ffffff; width: 40px; height: 42.3333740234375px;\" colspan=\"4\" bgcolor=\"#FFFFFF\">Renta de Internet y GPS<\/td>\n<\/tr>\n<tr style=\"height: 27px;\">\n<td style=\"background-color: #ffffff; border-color: #ffffff; width: 40px; height: 27px;\" colspan=\"4\" valign=\"top\" bgcolor=\"#FFFFFF\">Es un gusto para nosotros el ofrecerles la m\u00e1s variada flota de veh\u00edculos econ\u00f3micos, compacto, intermedios, lujo, doble tracci\u00f3n y camiones. Con Budget usted puede viajar sin preocupaciones, ya que todas nuestras tarifas incluyen kilometraje ilimitado y servicio de asistencia las 24 horas en cualquier lugar del pa\u00eds.<br \/>\nContamos con sucursales estrat\u00e9gicamente ubicadas para mayor comodidad de Usted: Oficina central Montoya, Aeropuerto, Carretera a Masaya, Hotel Holiday Inn, Granada, Matagalpa, Chinandega, Estel\u00ed y Pe\u00f1as Blancas.<strong>Reservaciones Nacionales:<\/strong><br \/>\nReservaciones desde USA:<\/td>\n<\/tr>\n<\/tbody>\n<\/table>\n<\/td>\n<\/tr>\n<tr style=\"height: 6px;\">\n<td style=\"background-color: #ffffff; width: 3066px; height: 6px;\" colspan=\"2\"><img loading=\"lazy\" decoding=\"async\" class=\"wp-image-10285 aligncenter\" src=\"http:\/\/nicaragua-travel-guide.com\/site\/wp-content\/uploads\/2015\/02\/budgetrentacarunocopia.png\" alt=\"budgetrentacarunocopia\" width=\"972\" height=\"146\" srcset=\"https:\/\/nicaragua-travel-guide.com\/site\/wp-content\/uploads\/2015\/02\/budgetrentacarunocopia.png 968w, https:\/\/nicaragua-travel-guide.com\/site\/wp-content\/uploads\/2015\/02\/budgetrentacarunocopia-600x90.png 600w\" sizes=\"(max-width: 972px) 100vw, 972px\" \/><\/td>\n<\/tr>\n<\/tbody>\n<\/table>\n","protected":false},"excerpt":{"rendered":"<p>RESERVA PROMOCIONES ACCESORIOS Y SERVICIOS COBERTURAS T\u00c9RMINOS Y CONDICIONES SUCURSALES CONT\u00c1CTENOS Nombre Completo Tel\u00e9fono E-mail Sucursal de alquiler ChinandegaGranadaMatagalpaAeropuerto InternacionalCentralCarretera a MasayaHoliday InnPe\u00f1as BlancasEsteli Fecha y hora de alquiler Sucursal de devoluci\u00f3n ChinandegaGranadaMatagalpaAeropuerto InternacionalCentralCarretera a MasayaHoliday InnPe\u00f1as BlancasEsteli Fecha y hora de devoluci\u00f3n Noticias Vive el Verano Con Budget Rent a Car y sus Amigos [&hellip;]<\/p>\n","protected":false},"author":2,"featured_media":0,"parent":0,"menu_order":0,"comment_status":"closed","ping_status":"closed","template":"","meta":{"footnotes":""},"_links":{"self":[{"href":"https:\/\/nicaragua-travel-guide.com\/site\/wp-json\/wp\/v2\/pages\/6509"}],"collection":[{"href":"https:\/\/nicaragua-travel-guide.com\/site\/wp-json\/wp\/v2\/pages"}],"about":[{"href":"https:\/\/nicaragua-travel-guide.com\/site\/wp-json\/wp\/v2\/types\/page"}],"author":[{"embeddable":true,"href":"https:\/\/nicaragua-travel-guide.com\/site\/wp-json\/wp\/v2\/users\/2"}],"replies":[{"embeddable":true,"href":"https:\/\/nicaragua-travel-guide.com\/site\/wp-json\/wp\/v2\/comments?post=6509"}],"version-history":[{"count":27,"href":"https:\/\/nicaragua-travel-guide.com\/site\/wp-json\/wp\/v2\/pages\/6509\/revisions"}],"predecessor-version":[{"id":11391,"href":"https:\/\/nicaragua-travel-guide.com\/site\/wp-json\/wp\/v2\/pages\/6509\/revisions\/11391"}],"wp:attachment":[{"href":"https:\/\/nicaragua-travel-guide.com\/site\/wp-json\/wp\/v2\/media?parent=6509"}],"curies":[{"name":"wp","href":"https:\/\/api.w.org\/{rel}","templated":true}]}}