{"id":6514,"date":"2016-07-12T21:54:34","date_gmt":"2016-07-12T21:54:34","guid":{"rendered":"http:\/\/nicaragua-travel-guide.com\/site\/?page_id=6514"},"modified":"2016-08-16T20:15:24","modified_gmt":"2016-08-16T20:15:24","slug":"budget-rent-a-car-compania-nicaragua-promociones","status":"publish","type":"page","link":"https:\/\/nicaragua-travel-guide.com\/site\/budget-rent-a-car-compania-nicaragua-promociones\/","title":{"rendered":"\u00abBudget Rent  a Car Compa\u00f1ia Nicaragua\u00bb Promociones"},"content":{"rendered":"<table style=\"width: 780px;\" align=\"center\">\n<tbody>\n<tr style=\"height: 22px;\">\n<td style=\"background-color: #ffffff; height: 22px; width: 684px;\" bgcolor=\"#FF6600\"><strong><img loading=\"lazy\" decoding=\"async\" class=\"wp-image-11387 aligncenter\" src=\"http:\/\/nicaragua-travel-guide.com\/site\/wp-content\/uploads\/2016\/07\/header-budget-rent-a-car-1.jpg\" alt=\"header budget rent a car\" width=\"849\" height=\"286\" srcset=\"https:\/\/nicaragua-travel-guide.com\/site\/wp-content\/uploads\/2016\/07\/header-budget-rent-a-car-1.jpg 1025w, https:\/\/nicaragua-travel-guide.com\/site\/wp-content\/uploads\/2016\/07\/header-budget-rent-a-car-1-600x202.jpg 600w\" sizes=\"(max-width: 849px) 100vw, 849px\" \/><\/strong><\/td>\n<\/tr>\n<tr style=\"height: 20px;\">\n<td style=\"height: 20px; background-color: #ed8709; width: 684px;\" bgcolor=\"#FFFFFF\">\n<table style=\"height: 33px; width: 822px;\">\n<tbody>\n<tr>\n<td style=\"width: 246px; background-color: #ed8709; border-color: #ed8709;\"><strong>PROMOCIONES<\/strong><\/td>\n<td style=\"width: 279.66668701171875px; background-color: #ed8709; border-color: #ed8709;\">\n<ul>\n<li>ACCESORIOS Y SERVICIOS<\/li>\n<li>COBERTURAS<\/li>\n<li>RESERVACIONES<\/li>\n<\/ul>\n<\/td>\n<td style=\"width: 282.33331298828125px; background-color: #ed8709; border-color: #ed8709;\">\n<ul>\n<li><a href=\"http:\/\/nicaragua-travel-guide.com\/site\/budget-rent-a-car-compania-nicaragua-terminos-y-condiciones\/\">T\u00c9RMINOS Y CONDICIONES<\/a><\/li>\n<li>SUCURSALES<\/li>\n<li><a href=\"http:\/\/nicaragua-travel-guide.com\/site\/contactanos\/\">CONT\u00c1CTENOS<\/a><\/li>\n<\/ul>\n<\/td>\n<\/tr>\n<\/tbody>\n<\/table>\n<\/td>\n<\/tr>\n<tr style=\"height: 20px;\">\n<td style=\"height: 20px; width: 684px;\" bgcolor=\"#FFFFFF\"><strong><img loading=\"lazy\" decoding=\"async\" class=\"wp-image-10284 aligncenter\" src=\"http:\/\/nicaragua-travel-guide.com\/site\/wp-content\/uploads\/2015\/02\/budgetrentacarlogo.png\" alt=\"budgetrentacarlogo\" width=\"850\" height=\"44\" srcset=\"https:\/\/nicaragua-travel-guide.com\/site\/wp-content\/uploads\/2015\/02\/budgetrentacarlogo.png 982w, https:\/\/nicaragua-travel-guide.com\/site\/wp-content\/uploads\/2015\/02\/budgetrentacarlogo-600x31.png 600w\" sizes=\"(max-width: 850px) 100vw, 850px\" \/><\/strong><\/td>\n<\/tr>\n<tr style=\"height: 20px;\">\n<td style=\"height: 20px; background-color: #f58905; width: 684px;\" bgcolor=\"#FFFFFF\"><strong>PROMOCIONES<\/strong><\/td>\n<\/tr>\n<tr style=\"height: 414px;\">\n<td style=\"height: 414px; width: 684px;\" bgcolor=\"#FFFFFF\">\n<ul>\n<li>Vive el Verano con Budget y sus Amigos<br \/>\nEste Verano Budget te trae dos grandes promociones, bajo el lema \u201cVive el Verano con Budget Rent a Car y sus amigos\u201d. Una de las promociones consiste en alquilar su veh\u00edculo llamando al numero 2255-9000 de reservaciones de Budget. Al retirar su\u00a0veh\u00edculo\u00a0en cualquiera de las sucursales Budget se le entregara un cuponario de descuentos en noches de hoteles y restaurantes en todo el pa\u00eds. Solo tiene que presentar el llavero de Budget con su cup\u00f3n en el establecimiento amigo para recibir su descuento. Los establecimientos amigos son: Hotel Frontera, Hotel Selva Negra, Hotel S\u00e1balos, Hotel Boutique Villa Maya, Hotel Internacional, Hotel Mozonte, Hotel Mansi\u00f3n Teodolinda y Restaurante Girasoles, Hotel Real Altamira, Hotel Hacienda Puerta del Cielo Eco-Spa y Montecristo River Lodge. Esta promoci\u00f3n es valida hasta el 30 de junio. La otra promoci\u00f3n que Budget Rent a Car ofrece es para clientes extranjeros y nacionales. Reservando en la pagina Web www.budget.com.ni y retirando su veh\u00edculo en la sucursal de Budget aeropuerto recibir\u00e1 un certificado de regalo desde $10 hasta $50. Solo tiene que presentar el llavero de Budget con su certificado en el establecimiento amigo de su preferencia para que se le aplique la promoci\u00f3n. Los certificados son valido por una vez en cualquiera de los siguientes establecimientos: Restaurante Woodys, Restaurante Don Parrillon, Restaurante Hippos, Restaurante El Eskimo, Restaurante La Taquiza y Hotel Holiday Inn. Esta promoci\u00f3n es valida hasta el 30 de junio.<\/li>\n<\/ul>\n<\/td>\n<\/tr>\n<tr style=\"height: 22px;\">\n<td style=\"background-color: #faca6b; height: 22px; width: 684px;\" bgcolor=\"#FFCC66\"><\/td>\n<\/tr>\n<tr style=\"height: 126px;\">\n<td style=\"height: 126px; width: 684px;\" bgcolor=\"#FFFFFF\">\n<ul>\n<li>Paquete Auto Hotel<br \/>\nSu ventaja con Budget es mayor y m\u00e1s efectiva, a trav\u00e9s de los paquetes Auto-Hotel que le ofrecemos en conjunto con varios Hoteles de Nicaragua. Pregunte en nuestro Departamento de Reservaciones por el Hotel de su preferencia.<\/li>\n<\/ul>\n<\/td>\n<\/tr>\n<tr style=\"height: 22px;\">\n<td style=\"background-color: #faca6b; height: 22px; width: 684px;\" bgcolor=\"#FFCC66\"><\/td>\n<\/tr>\n<tr style=\"height: 174px;\">\n<td style=\"height: 174px; width: 684px;\" bgcolor=\"#FFFFFF\">\n<ul>\n<li>Peque\u00f1os Hoteles de Nicaragua<br \/>\nBudget ofrece un d\u00eda de tarifa gratis a los clientes que se hospeden en la Red de Peque\u00f1os Hoteles Nacionales acogidos al programa de Un D\u00eda de Auto Gratis. Tenemos presencia en las principales ciudades tur\u00edsticas de Nicaragua: Managua, Le\u00f3n, Chinandega, Estel\u00ed, Granada, Matagalpa, Jinotega, San Juan del Sur, Jinotepe y Masaya. Aplicar es muy sencillo, s\u00f3lo debe preguntar en nuestro Departamento de Reservaciones o en su Hotel de preferencia por este plan.<\/li>\n<\/ul>\n<\/td>\n<\/tr>\n<tr style=\"height: 22px;\">\n<td style=\"background-color: #faca6b; height: 22px; width: 684px;\" bgcolor=\"#FFCC66\"><\/td>\n<\/tr>\n<tr style=\"height: 126px;\">\n<td style=\"height: 126px; width: 684px;\" bgcolor=\"#FFFFFF\">\n<ul>\n<li>Obtenga Millas con sus viajes<br \/>\nPor cada d\u00eda de renta de uno de nuestros autos, usted recibe 200 millas de regalo en sus viajes a trav\u00e9s de TACA o 50 millas si viaja con American, Delta, Continental, COPA y otras l\u00edneas a\u00e9reas. \u00danicamente debe informar su n\u00famero de viajero frecuente al momento de realizar la renta.<\/li>\n<\/ul>\n<\/td>\n<\/tr>\n<tr style=\"height: 22px;\">\n<td style=\"background-color: #faca6b; height: 22px; width: 684px;\" bgcolor=\"#FFCC66\"><\/td>\n<\/tr>\n<tr style=\"height: 78px;\">\n<td style=\"height: 78px; width: 684px;\" bgcolor=\"#FFFFFF\">\n<ul>\n<li>Kilometraje Libre<br \/>\nEn territorio nacional, nuestros veh\u00edculos son libres de kilometraje.<\/li>\n<\/ul>\n<\/td>\n<\/tr>\n<tr style=\"height: 22px;\">\n<td style=\"height: 22px; background-color: #faca6b; width: 684px;\" bgcolor=\"#FFCC66\"><\/td>\n<\/tr>\n<tr style=\"height: 102px;\">\n<td style=\"height: 102px; width: 684px;\" bgcolor=\"#FFFFFF\">\n<ul>\n<li>Garant\u00eda de Precios<br \/>\nEn Budget le igualamos o mejoramos cualquier oferta que le presenten las empresas del ramo de alquiler de veh\u00edculos radicadas en Nicaragua. Le garantizamos los mejores precios del mercado nicarag\u00fcense.<\/li>\n<\/ul>\n<\/td>\n<\/tr>\n<tr style=\"height: 5px;\">\n<td style=\"height: 5px; width: 684px;\" bgcolor=\"#FFFFFF\"><strong><img loading=\"lazy\" decoding=\"async\" class=\"wp-image-10285 aligncenter\" src=\"http:\/\/nicaragua-travel-guide.com\/site\/wp-content\/uploads\/2015\/02\/budgetrentacarunocopia.png\" alt=\"budgetrentacarunocopia\" width=\"844\" height=\"127\" srcset=\"https:\/\/nicaragua-travel-guide.com\/site\/wp-content\/uploads\/2015\/02\/budgetrentacarunocopia.png 968w, https:\/\/nicaragua-travel-guide.com\/site\/wp-content\/uploads\/2015\/02\/budgetrentacarunocopia-600x90.png 600w\" sizes=\"(max-width: 844px) 100vw, 844px\" \/><\/strong><\/td>\n<\/tr>\n<\/tbody>\n<\/table>\n","protected":false},"excerpt":{"rendered":"<p>PROMOCIONES ACCESORIOS Y SERVICIOS COBERTURAS RESERVACIONES T\u00c9RMINOS Y CONDICIONES SUCURSALES CONT\u00c1CTENOS PROMOCIONES Vive el Verano con Budget y sus Amigos Este Verano Budget te trae dos grandes promociones, bajo el lema \u201cVive el Verano con Budget Rent a Car y sus amigos\u201d. Una de las promociones consiste en alquilar su veh\u00edculo llamando al numero 2255-9000 [&hellip;]<\/p>\n","protected":false},"author":2,"featured_media":0,"parent":0,"menu_order":0,"comment_status":"closed","ping_status":"closed","template":"","meta":{"footnotes":""},"_links":{"self":[{"href":"https:\/\/nicaragua-travel-guide.com\/site\/wp-json\/wp\/v2\/pages\/6514"}],"collection":[{"href":"https:\/\/nicaragua-travel-guide.com\/site\/wp-json\/wp\/v2\/pages"}],"about":[{"href":"https:\/\/nicaragua-travel-guide.com\/site\/wp-json\/wp\/v2\/types\/page"}],"author":[{"embeddable":true,"href":"https:\/\/nicaragua-travel-guide.com\/site\/wp-json\/wp\/v2\/users\/2"}],"replies":[{"embeddable":true,"href":"https:\/\/nicaragua-travel-guide.com\/site\/wp-json\/wp\/v2\/comments?post=6514"}],"version-history":[{"count":13,"href":"https:\/\/nicaragua-travel-guide.com\/site\/wp-json\/wp\/v2\/pages\/6514\/revisions"}],"predecessor-version":[{"id":11398,"href":"https:\/\/nicaragua-travel-guide.com\/site\/wp-json\/wp\/v2\/pages\/6514\/revisions\/11398"}],"wp:attachment":[{"href":"https:\/\/nicaragua-travel-guide.com\/site\/wp-json\/wp\/v2\/media?parent=6514"}],"curies":[{"name":"wp","href":"https:\/\/api.w.org\/{rel}","templated":true}]}}