{"id":6517,"date":"2016-07-12T22:03:36","date_gmt":"2016-07-12T22:03:36","guid":{"rendered":"http:\/\/nicaragua-travel-guide.com\/site\/?page_id=6517"},"modified":"2016-08-16T17:40:29","modified_gmt":"2016-08-16T17:40:29","slug":"budget-rent-a-car-compania-nicaragua-accesorios-y-servicios","status":"publish","type":"page","link":"https:\/\/nicaragua-travel-guide.com\/site\/budget-rent-a-car-compania-nicaragua-accesorios-y-servicios\/","title":{"rendered":"\u00abBudget Rent a Car Compa\u00f1ia Nicaragua\u00bb Accesorios y servicios"},"content":{"rendered":"<table style=\"width: 997px;\" border=\"0\">\n<tbody>\n<tr style=\"height: 17.666667938232422px;\">\n<td style=\"height: 17.666667938232422px; width: 70px;\" colspan=\"7\" valign=\"top\"><img loading=\"lazy\" decoding=\"async\" class=\"alignnone wp-image-11346\" src=\"http:\/\/nicaragua-travel-guide.com\/site\/wp-content\/uploads\/2016\/07\/header-budget-rent-a-car-reserva-gioconda.jpg\" alt=\"header budget rent a car reserva gioconda\" width=\"994\" height=\"335\" srcset=\"https:\/\/nicaragua-travel-guide.com\/site\/wp-content\/uploads\/2016\/07\/header-budget-rent-a-car-reserva-gioconda.jpg 1025w, https:\/\/nicaragua-travel-guide.com\/site\/wp-content\/uploads\/2016\/07\/header-budget-rent-a-car-reserva-gioconda-600x202.jpg 600w\" sizes=\"(max-width: 994px) 100vw, 994px\" \/><\/td>\n<\/tr>\n<tr style=\"height: 17.666667938232422px;\">\n<td style=\"height: 17.666667938232422px; width: 70px;\" colspan=\"7\" valign=\"top\"><img loading=\"lazy\" decoding=\"async\" class=\"alignnone wp-image-10284\" src=\"http:\/\/nicaragua-travel-guide.com\/site\/wp-content\/uploads\/2015\/02\/budgetrentacarlogo.png\" alt=\"budgetrentacarlogo\" width=\"983\" height=\"51\" srcset=\"https:\/\/nicaragua-travel-guide.com\/site\/wp-content\/uploads\/2015\/02\/budgetrentacarlogo.png 982w, https:\/\/nicaragua-travel-guide.com\/site\/wp-content\/uploads\/2015\/02\/budgetrentacarlogo-600x31.png 600w\" sizes=\"(max-width: 983px) 100vw, 983px\" \/><\/td>\n<\/tr>\n<tr style=\"height: 27px;\">\n<td style=\"height: 27px; width: 70px; background-color: #fa9420;\" colspan=\"7\" bgcolor=\"#FFFFFF\">\n<table style=\"width: 952px;\" border=\"0\">\n<tbody>\n<tr>\n<td style=\"width: 401.33335304260254px; height: 21px; border-color: #fa9420;\" colspan=\"3\" height=\"21\">ACCESORIOS Y SERVICIOS<\/td>\n<td style=\"width: 401.33335304260254px; height: 21px; border-color: #fa9420;\">\n<ul>\n<li>COBERTURAS<\/li>\n<li>PROMOCIONES<\/li>\n<li>RESERVACIONES<\/li>\n<\/ul>\n<\/td>\n<td style=\"width: 401.33335304260254px; height: 21px; border-color: #fa9420;\" colspan=\"3\">\n<ul>\n<li>T\u00c9RMINOS Y CONDICIONES<\/li>\n<li>SUCURSALES<\/li>\n<li>CONT\u00c1CTENOS<\/li>\n<\/ul>\n<\/td>\n<\/tr>\n<\/tbody>\n<\/table>\n<\/td>\n<\/tr>\n<tr style=\"height: 610px;\">\n<td style=\"height: 610px; width: 70px;\" colspan=\"7\" valign=\"top\" bgcolor=\"#FFFFFF\">\n<table id=\"tabla_ml\" style=\"width: 981px;\" cellspacing=\"0\" cellpadding=\"0\">\n<tbody>\n<tr style=\"height: 48.3333740234375px;\">\n<td style=\"width: 257px; height: 48.3333740234375px; background-color: #ffffff; border-color: #ffffff;\" bgcolor=\"#FF6600\">\u00a0ACCESORIOS Y SERVICIOS<\/td>\n<td style=\"width: 625px; height: 837.3333740234375px; background-color: #ffffff; border-color: #ffffff;\" rowspan=\"2\" valign=\"top\">\n<div id=\"d30\">Con el alquiler de su veh\u00edculo, le proporcionamos un mapa tur\u00edstico de Nicaragua actualizado, libre de cualquier costo.<\/div>\n<div id=\"d29\">Con nosotros no hay fronteras! Usted puede ir en su veh\u00edculo rentado de BUDGET a cualquier parte de Centroam\u00e9rica. Se requiere hacer reservaci\u00f3n con 3 d\u00edas de anticipaci\u00f3n. Para mayor informaci\u00f3n cont\u00e1ctenos!<\/div>\n<div id=\"d28\">BUDGET le ofrece protecci\u00f3n las 24 horas en cualquier emergencia con su veh\u00edculo rentado, en caso de que usted lo solicite al sufrir un accidente, un desperfecto mec\u00e1nico de su auto rentado o tenga problemas legales. Nuestros n\u00fameros de emergencia de 24 horas son 8856 1509 \/ (505) 2278 9568<\/div>\n<div id=\"d27\">Tenemos a su disposici\u00f3n personal altamente responsable para prestar este servicio. Cabe se\u00f1alar que estas personas no laboran en Budget Rent a Car, sin embargo las recomendamos, por su alto grado de confiabilidad y pericia profesional.<\/div>\n<div id=\"d26\">Budget ofrece GPS o mapas electr\u00f3nicos; los cuales a trav\u00e9s de tecnolog\u00eda satelital lo ubican en las principales v\u00edas y sitios tur\u00edsticos de Nicaragua y Costa Rica.<\/div>\n<div id=\"d25\">En BUDGET nos preocupamos por la seguridad de nuestros clientes, especialmente cuando se trata de ni\u00f1os. Por esta raz\u00f3n tenemos disponibles sillas de seguridad para infantes, las que pueden ser rentadas, en todas nuestras sucursales. Este servicio requiere de su solicitud anticipada, para garantizar la efectividad del mismo.<\/div>\n<div id=\"d24\">Cuando alquile uno de nuestros veh\u00edculos recibir\u00e1, si lo desea, un tel\u00e9fono celular activado mientras dura la renta, TOTALMENTE GRATIS, con el cual puede recibir y realizar llamadas nacionales e internacionales. Adem\u00e1s, si usted lo requiere, puede solicitar con tres d\u00edas de anticipaci\u00f3n a la renta del veh\u00edculo que se le env\u00ede el n\u00famero del tel\u00e9fono celular asignado a usted. De esta forma, podr\u00e1 dejar un n\u00famero de tel\u00e9fono a sus familiares u oficina, en el cual lo pueden localizar en caso de emergencia. Usted tiene que tomar un seguro por el aparato telef\u00f3nico con costo de US$ 5.00 por renta m\u00e1s IVA con un deducible de US $ 20.00 por da\u00f1o.<\/div>\n<\/td>\n<\/tr>\n<tr style=\"height: 789px;\">\n<td style=\"width: 257px; height: 48.3333740234375px; background-color: #ffffff; border-color: #ffffff;\" valign=\"top\" bgcolor=\"#FF6600\">\n<table style=\"width: 309px; height: 122px;\">\n<tbody>\n<tr>\n<td id=\"ec\" style=\"width: 298px; background-color: #fad28c;\" bgcolor=\"#FFFFFF\">Mapa Tur\u00edstico Gratis<br \/>\nRentas a Cualquier Pa\u00eds de Centroam\u00e9rica<br \/>\nAsistencia T\u00e9cnicay Legal las 24 horas<br \/>\nServicio de Conductores<br \/>\nRenta de GPSSillas de Seguridad para Ni\u00f1os<br \/>\nTel\u00e9fonos Celulares gratis<\/td>\n<\/tr>\n<\/tbody>\n<\/table>\n<\/td>\n<\/tr>\n<\/tbody>\n<\/table>\n<\/td>\n<\/tr>\n<tr style=\"height: 26px;\">\n<td style=\"height: 26px; width: 70px;\" colspan=\"7\"><img loading=\"lazy\" decoding=\"async\" class=\"alignnone wp-image-10285\" src=\"http:\/\/nicaragua-travel-guide.com\/site\/wp-content\/uploads\/2015\/02\/budgetrentacarunocopia.png\" alt=\"budgetrentacarunocopia\" width=\"988\" height=\"150\" srcset=\"https:\/\/nicaragua-travel-guide.com\/site\/wp-content\/uploads\/2015\/02\/budgetrentacarunocopia.png 968w, https:\/\/nicaragua-travel-guide.com\/site\/wp-content\/uploads\/2015\/02\/budgetrentacarunocopia-600x90.png 600w\" sizes=\"(max-width: 988px) 100vw, 988px\" \/><\/td>\n<\/tr>\n<\/tbody>\n<\/table>\n","protected":false},"excerpt":{"rendered":"<p>ACCESORIOS Y SERVICIOS COBERTURAS PROMOCIONES RESERVACIONES T\u00c9RMINOS Y CONDICIONES SUCURSALES CONT\u00c1CTENOS \u00a0ACCESORIOS Y SERVICIOS Con el alquiler de su veh\u00edculo, le proporcionamos un mapa tur\u00edstico de Nicaragua actualizado, libre de cualquier costo. Con nosotros no hay fronteras! Usted puede ir en su veh\u00edculo rentado de BUDGET a cualquier parte de Centroam\u00e9rica. Se requiere hacer reservaci\u00f3n [&hellip;]<\/p>\n","protected":false},"author":2,"featured_media":0,"parent":0,"menu_order":0,"comment_status":"closed","ping_status":"closed","template":"","meta":{"footnotes":""},"_links":{"self":[{"href":"https:\/\/nicaragua-travel-guide.com\/site\/wp-json\/wp\/v2\/pages\/6517"}],"collection":[{"href":"https:\/\/nicaragua-travel-guide.com\/site\/wp-json\/wp\/v2\/pages"}],"about":[{"href":"https:\/\/nicaragua-travel-guide.com\/site\/wp-json\/wp\/v2\/types\/page"}],"author":[{"embeddable":true,"href":"https:\/\/nicaragua-travel-guide.com\/site\/wp-json\/wp\/v2\/users\/2"}],"replies":[{"embeddable":true,"href":"https:\/\/nicaragua-travel-guide.com\/site\/wp-json\/wp\/v2\/comments?post=6517"}],"version-history":[{"count":8,"href":"https:\/\/nicaragua-travel-guide.com\/site\/wp-json\/wp\/v2\/pages\/6517\/revisions"}],"predecessor-version":[{"id":11363,"href":"https:\/\/nicaragua-travel-guide.com\/site\/wp-json\/wp\/v2\/pages\/6517\/revisions\/11363"}],"wp:attachment":[{"href":"https:\/\/nicaragua-travel-guide.com\/site\/wp-json\/wp\/v2\/media?parent=6517"}],"curies":[{"name":"wp","href":"https:\/\/api.w.org\/{rel}","templated":true}]}}