{"id":6523,"date":"2016-07-12T22:12:40","date_gmt":"2016-07-12T22:12:40","guid":{"rendered":"http:\/\/nicaragua-travel-guide.com\/site\/?page_id=6523"},"modified":"2016-08-16T17:09:05","modified_gmt":"2016-08-16T17:09:05","slug":"budget-rent-a-car-compania-nicaragua-sucursales","status":"publish","type":"page","link":"https:\/\/nicaragua-travel-guide.com\/site\/budget-rent-a-car-compania-nicaragua-sucursales\/","title":{"rendered":"\u00abBudget Rent a Car Compa\u00f1ia Nicaragua\u00bb Sucursales"},"content":{"rendered":"<table style=\"width: 867.6666870117188px;\" border=\"0\">\n<tbody>\n<tr>\n<td style=\"width: 199px;\" colspan=\"7\"><img loading=\"lazy\" decoding=\"async\" class=\"alignnone size-full wp-image-11346\" src=\"http:\/\/nicaragua-travel-guide.com\/site\/wp-content\/uploads\/2016\/07\/header-budget-rent-a-car-reserva-gioconda.jpg\" alt=\"header budget rent a car reserva gioconda\" width=\"1025\" height=\"345\" srcset=\"https:\/\/nicaragua-travel-guide.com\/site\/wp-content\/uploads\/2016\/07\/header-budget-rent-a-car-reserva-gioconda.jpg 1025w, https:\/\/nicaragua-travel-guide.com\/site\/wp-content\/uploads\/2016\/07\/header-budget-rent-a-car-reserva-gioconda-600x202.jpg 600w\" sizes=\"(max-width: 1025px) 100vw, 1025px\" \/><\/td>\n<\/tr>\n<tr>\n<td style=\"width: 199px;\" colspan=\"7\"><img loading=\"lazy\" decoding=\"async\" class=\"alignnone size-full wp-image-10284\" src=\"http:\/\/nicaragua-travel-guide.com\/site\/wp-content\/uploads\/2015\/02\/budgetrentacarlogo.png\" alt=\"budgetrentacarlogo\" width=\"982\" height=\"51\" srcset=\"https:\/\/nicaragua-travel-guide.com\/site\/wp-content\/uploads\/2015\/02\/budgetrentacarlogo.png 982w, https:\/\/nicaragua-travel-guide.com\/site\/wp-content\/uploads\/2015\/02\/budgetrentacarlogo-600x31.png 600w\" sizes=\"(max-width: 982px) 100vw, 982px\" \/><\/td>\n<\/tr>\n<tr>\n<td style=\"width: 139px;\" bgcolor=\"#FFFFFF\">SUCURSALES<\/td>\n<td style=\"width: 30px;\" colspan=\"3\" bgcolor=\"#FFFFFF\">\n<ul>\n<li>PROMOCIONES<\/li>\n<li>RESERVACIONES<\/li>\n<li>COBERTURAS<\/li>\n<\/ul>\n<\/td>\n<td style=\"width: 30px;\" colspan=\"3\" bgcolor=\"#FFFFFF\">\n<ul>\n<li><a href=\"http:\/\/nicaragua-travel-guide.com\/site\/budget-rent-a-car-compania-nicaragua-terminos-y-condiciones\/\">T\u00c9RMINOS Y CONDICIONES<\/a><\/li>\n<li>ACCESORIOS Y SERVICIOS<\/li>\n<li>CONT\u00c1CTENOS<\/li>\n<\/ul>\n<\/td>\n<\/tr>\n<tr>\n<td style=\"width: 199px;\" colspan=\"7\" bgcolor=\"#FFFFFF\">\n<table id=\"locales\" align=\"center\">\n<tbody>\n<tr>\n<td width=\"1015\">\n<table id=\"datos_Aeropuerto Internacional\" width=\"100%\" cellspacing=\"0\" cellpadding=\"0\">\n<tbody>\n<tr>\n<td style=\"background-color: #f77707; width: 97%;\" colspan=\"2\" bgcolor=\"#FF6600\">Sucursales<\/td>\n<\/tr>\n<tr>\n<td style=\"background-color: #ffffff; height: 25px; width: 69.00551855930482%;\" bgcolor=\"#FFCC33\" height=\"25\">Aeropuerto Internacional<\/td>\n<td style=\"width: 27.994481440695182%;\"><\/td>\n<\/tr>\n<tr>\n<td style=\"width: 69.00551855930482%; background-color: #fce9b8;\" valign=\"bottom\" bgcolor=\"#FFFFFF\"><strong>Direcci\u00f3n<\/strong>: Aeropuerto Internacional de Nicaragua<\/td>\n<td style=\"background-color: #f7cb5c; width: 27.994481440695182%;\" valign=\"bottom\" bgcolor=\"#FFCC33\"><strong>Departamento<\/strong>: Managua<\/td>\n<\/tr>\n<tr>\n<td style=\"width: 69.00551855930482%;\" bgcolor=\"#FFFFFF\"><strong>Tel\u00e9fono<\/strong>:<\/td>\n<td style=\"width: 27.994481440695182%;\" bgcolor=\"#FFFFFF\"><strong>Email<\/strong>:<\/td>\n<\/tr>\n<\/tbody>\n<\/table>\n<\/td>\n<\/tr>\n<tr>\n<td><\/td>\n<\/tr>\n<tr>\n<td>\n<table id=\"datos_Carretera a Masaya\" width=\"100%\" cellspacing=\"0\" cellpadding=\"0\">\n<tbody>\n<tr>\n<td style=\"width: 68.39952718676123%;\" bgcolor=\"#FFCC33\">Carretera a Masaya<\/td>\n<td style=\"width: 27.600472813238767%;\"><\/td>\n<\/tr>\n<tr>\n<td style=\"width: 68.39952718676123%; background-color: #fce9b8;\" valign=\"bottom\"><strong>Direcci\u00f3n<\/strong>: Centro Comercial Alfa, Caterret \u00a0Masaya Fte. al Colegio Teresiano.<\/td>\n<td style=\"background-color: #f7cb5c; width: 27.600472813238767%;\" valign=\"top\" bgcolor=\"#FFCC33\"><strong>Departamento<\/strong>: Managua<\/td>\n<\/tr>\n<tr>\n<td style=\"width: 68.39952718676123%;\"><strong>Tel\u00e9fono<\/strong>:<\/td>\n<td style=\"width: 27.600472813238767%;\"><strong>Email<\/strong>:<\/td>\n<\/tr>\n<\/tbody>\n<\/table>\n<\/td>\n<\/tr>\n<tr>\n<td><\/td>\n<\/tr>\n<tr>\n<td>\n<table id=\"datos_Central\" width=\"100%\" cellspacing=\"0\" cellpadding=\"0\">\n<tbody>\n<tr>\n<td style=\"width: 68.37510331246307%;\" bgcolor=\"#FFCC33\">Central<\/td>\n<td style=\"width: 28.624896687536932%;\"><\/td>\n<\/tr>\n<tr>\n<td style=\"width: 68.37510331246307%; background-color: #fce9b8;\" valign=\"bottom\"><strong>Direcci\u00f3n<\/strong>: Estatua de Montoya 1C. al S, 1C. E<\/td>\n<td style=\"width: 28.624896687536932%; background-color: #f7cb5c;\" valign=\"bottom\" bgcolor=\"#FFCC33\"><strong>Departamento<\/strong>: Managua<\/td>\n<\/tr>\n<tr>\n<td style=\"width: 68.37510331246307%;\"><strong>Tel\u00e9fono<\/strong>:<\/td>\n<td style=\"width: 28.624896687536932%;\"><strong>Email<\/strong>:<\/td>\n<\/tr>\n<\/tbody>\n<\/table>\n<\/td>\n<\/tr>\n<tr>\n<td><\/td>\n<\/tr>\n<tr>\n<td>\n<table id=\"datos_Chinandega\" width=\"100%\" cellspacing=\"0\" cellpadding=\"0\">\n<tbody>\n<tr>\n<td style=\"width: 67.51773049645391%;\" bgcolor=\"#FFCC33\">Chinandega<\/td>\n<td style=\"width: 28.482269503546092%;\"><\/td>\n<\/tr>\n<tr>\n<td style=\"width: 67.51773049645391%; background-color: #fce9b8;\" valign=\"bottom\"><strong>Direcci\u00f3n<\/strong>: Hotel Cosiguina Calle de los Bancos<\/td>\n<td style=\"background-color: #f7cb5c; width: 28.482269503546092%;\" valign=\"bottom\" bgcolor=\"#FFCC33\"><strong>Departamento<\/strong>: Chinandega<\/td>\n<\/tr>\n<tr>\n<td style=\"width: 67.51773049645391%;\"><strong>Tel\u00e9fono<\/strong>:<\/td>\n<td style=\"width: 28.482269503546092%;\"><strong>Email<\/strong>:<\/td>\n<\/tr>\n<\/tbody>\n<\/table>\n<\/td>\n<\/tr>\n<tr>\n<td><\/td>\n<\/tr>\n<tr>\n<td>\n<table id=\"datos_Esteli\" width=\"100%\" cellspacing=\"0\" cellpadding=\"0\">\n<tbody>\n<tr>\n<td style=\"width: 68.49724432762633%;\" bgcolor=\"#FFCC33\">Esteli<\/td>\n<td style=\"width: 28.50275567237367%;\"><\/td>\n<\/tr>\n<tr>\n<td style=\"width: 68.49724432762633%;\" valign=\"bottom\"><strong>Direcci\u00f3n<\/strong>: Casa Esteli. Monumento El Centenario 25vrs. S<\/td>\n<td style=\"background-color: #f7cb5c; width: 28.50275567237367%;\" valign=\"bottom\" bgcolor=\"#FFCC33\"><strong>Departamento<\/strong>: Esteli<\/td>\n<\/tr>\n<tr>\n<td style=\"width: 68.49724432762633%;\"><strong>Tel\u00e9fono<\/strong>:<\/td>\n<td style=\"width: 28.50275567237367%;\"><strong>Email<\/strong>:<\/td>\n<\/tr>\n<\/tbody>\n<\/table>\n<\/td>\n<\/tr>\n<tr>\n<td><\/td>\n<\/tr>\n<tr>\n<td>\n<table id=\"datos_Granada\" width=\"100%\" cellspacing=\"0\" cellpadding=\"0\">\n<tbody>\n<tr>\n<td style=\"width: 68.5760489389406%;\" bgcolor=\"#FFCC33\">Granada<\/td>\n<td style=\"width: 28.423951061059398%;\"><\/td>\n<\/tr>\n<tr>\n<td style=\"width: 68.5760489389406%; background-color: #fce9b8;\" valign=\"bottom\"><strong>Direcci\u00f3n<\/strong>: Gasolinera Shell Guapinol, Calle Inmaculada<\/td>\n<td style=\"background-color: #f7cb5c; width: 28.423951061059398%;\" valign=\"bottom\" bgcolor=\"#FFCC33\"><strong>Departamento<\/strong>: Granada<\/td>\n<\/tr>\n<tr>\n<td style=\"width: 68.5760489389406%;\"><strong>Tel\u00e9fono<\/strong>:<\/td>\n<td style=\"width: 28.423951061059398%;\"><strong>Email<\/strong>:<\/td>\n<\/tr>\n<\/tbody>\n<\/table>\n<\/td>\n<\/tr>\n<tr>\n<td><\/td>\n<\/tr>\n<tr>\n<td>\n<table id=\"datos_Holiday Inn\" width=\"100%\" cellspacing=\"0\" cellpadding=\"0\">\n<tbody>\n<tr>\n<td style=\"width: 68.26083770824098%;\" bgcolor=\"#FFCC33\">Holiday Inn<\/td>\n<td style=\"width: 28.739162291759012%;\"><\/td>\n<\/tr>\n<tr>\n<td style=\"width: 68.26083770824098%; background-color: #fce9b8;\" valign=\"bottom\"><strong>Direcci\u00f3n<\/strong>: Holiday Inn, Pista Juan Pablo II<\/td>\n<td style=\"width: 28.739162291759012%;\" valign=\"bottom\" bgcolor=\"#FFCC33\"><strong>Departamento<\/strong>: Managua<\/td>\n<\/tr>\n<tr>\n<td style=\"width: 68.26083770824098%;\"><strong>Tel\u00e9fono<\/strong>:<\/td>\n<td style=\"width: 28.739162291759012%;\"><strong>Email<\/strong>:<\/td>\n<\/tr>\n<\/tbody>\n<\/table>\n<\/td>\n<\/tr>\n<tr>\n<td><\/td>\n<\/tr>\n<tr>\n<td>\n<table id=\"datos_Matagalpa\" width=\"100%\" cellspacing=\"0\" cellpadding=\"0\">\n<tbody>\n<tr>\n<td style=\"width: 69.41843971631205%;\" bgcolor=\"#FFCC33\">Matagalpa<\/td>\n<td style=\"width: 29.581560283687942%;\"><\/td>\n<\/tr>\n<tr>\n<td style=\"width: 69.41843971631205%; background-color: #fce9b8;\" valign=\"bottom\"><strong>Direcci\u00f3n<\/strong>: Shell La Virgen, Km. 126<\/td>\n<td style=\"background-color: #f7cb5c; width: 29.581560283687942%;\" valign=\"bottom\" bgcolor=\"#FFCC33\"><strong>Departamento<\/strong>: Matagalpa<\/td>\n<\/tr>\n<tr>\n<td style=\"width: 69.41843971631205%;\"><strong>Tel\u00e9fono<\/strong>:<\/td>\n<td style=\"width: 29.581560283687942%;\"><strong>Email<\/strong>:<\/td>\n<\/tr>\n<\/tbody>\n<\/table>\n<\/td>\n<\/tr>\n<tr>\n<td><\/td>\n<\/tr>\n<tr>\n<td>\n<table id=\"datos_Pe\u00f1as Blancas\" width=\"100%\" cellspacing=\"0\" cellpadding=\"0\">\n<tbody>\n<tr>\n<td style=\"width: 69.30654539284131%;\" bgcolor=\"#FFCC33\">Pe\u00f1as Blancas<\/td>\n<td style=\"width: 29.984234749002653%;\"><\/td>\n<\/tr>\n<tr>\n<td style=\"width: 69.30654539284131%; background-color: #fce9b8;\" valign=\"bottom\"><strong>Direcci\u00f3n<\/strong>: Duty Free Tienda AeroCigar&#8217;s Frontera Sur.<\/td>\n<td style=\"background-color: #f7cb5c; width: 29.984234749002653%;\" valign=\"bottom\" bgcolor=\"#FFCC33\"><strong>Departamento<\/strong>: Rivas<\/td>\n<\/tr>\n<tr>\n<td style=\"width: 69.30654539284131%;\"><strong>Tel\u00e9fono<\/strong>:<\/td>\n<td style=\"width: 29.984234749002653%;\"><strong>Email<\/strong>:<\/td>\n<\/tr>\n<\/tbody>\n<\/table>\n<\/td>\n<\/tr>\n<\/tbody>\n<\/table>\n<\/td>\n<\/tr>\n<tr>\n<td style=\"width: 199px;\" colspan=\"7\"><img loading=\"lazy\" decoding=\"async\" class=\"alignnone wp-image-10285\" src=\"http:\/\/nicaragua-travel-guide.com\/site\/wp-content\/uploads\/2015\/02\/budgetrentacarunocopia.png\" alt=\"budgetrentacarunocopia\" width=\"981\" height=\"149\" srcset=\"https:\/\/nicaragua-travel-guide.com\/site\/wp-content\/uploads\/2015\/02\/budgetrentacarunocopia.png 968w, https:\/\/nicaragua-travel-guide.com\/site\/wp-content\/uploads\/2015\/02\/budgetrentacarunocopia-600x90.png 600w\" sizes=\"(max-width: 981px) 100vw, 981px\" \/><\/td>\n<\/tr>\n<\/tbody>\n<\/table>\n","protected":false},"excerpt":{"rendered":"<p>SUCURSALES PROMOCIONES RESERVACIONES COBERTURAS T\u00c9RMINOS Y CONDICIONES ACCESORIOS Y SERVICIOS CONT\u00c1CTENOS Sucursales Aeropuerto Internacional Direcci\u00f3n: Aeropuerto Internacional de Nicaragua Departamento: Managua Tel\u00e9fono: Email: Carretera a Masaya Direcci\u00f3n: Centro Comercial Alfa, Caterret \u00a0Masaya Fte. al Colegio Teresiano. Departamento: Managua Tel\u00e9fono: Email: Central Direcci\u00f3n: Estatua de Montoya 1C. al S, 1C. E Departamento: Managua Tel\u00e9fono: Email: Chinandega [&hellip;]<\/p>\n","protected":false},"author":2,"featured_media":0,"parent":0,"menu_order":0,"comment_status":"closed","ping_status":"closed","template":"","meta":{"footnotes":""},"_links":{"self":[{"href":"https:\/\/nicaragua-travel-guide.com\/site\/wp-json\/wp\/v2\/pages\/6523"}],"collection":[{"href":"https:\/\/nicaragua-travel-guide.com\/site\/wp-json\/wp\/v2\/pages"}],"about":[{"href":"https:\/\/nicaragua-travel-guide.com\/site\/wp-json\/wp\/v2\/types\/page"}],"author":[{"embeddable":true,"href":"https:\/\/nicaragua-travel-guide.com\/site\/wp-json\/wp\/v2\/users\/2"}],"replies":[{"embeddable":true,"href":"https:\/\/nicaragua-travel-guide.com\/site\/wp-json\/wp\/v2\/comments?post=6523"}],"version-history":[{"count":12,"href":"https:\/\/nicaragua-travel-guide.com\/site\/wp-json\/wp\/v2\/pages\/6523\/revisions"}],"predecessor-version":[{"id":11353,"href":"https:\/\/nicaragua-travel-guide.com\/site\/wp-json\/wp\/v2\/pages\/6523\/revisions\/11353"}],"wp:attachment":[{"href":"https:\/\/nicaragua-travel-guide.com\/site\/wp-json\/wp\/v2\/media?parent=6523"}],"curies":[{"name":"wp","href":"https:\/\/api.w.org\/{rel}","templated":true}]}}