{"id":6526,"date":"2016-07-12T22:17:36","date_gmt":"2016-07-12T22:17:36","guid":{"rendered":"http:\/\/nicaragua-travel-guide.com\/site\/?page_id=6526"},"modified":"2016-08-16T17:23:42","modified_gmt":"2016-08-16T17:23:42","slug":"budget-rent-a-car-compania-nicaragua-terminos-y-condiciones","status":"publish","type":"page","link":"https:\/\/nicaragua-travel-guide.com\/site\/budget-rent-a-car-compania-nicaragua-terminos-y-condiciones\/","title":{"rendered":"\u00abBudget Rent a Car Compa\u00f1ia Nicaragua\u00bb T\u00e9rminos y condiciones"},"content":{"rendered":"<table style=\"height: 1169px; width: 985px;\" border=\"0\" cellspacing=\"0\" cellpadding=\"0\" align=\"left\">\n<tbody>\n<tr style=\"height: 338px;\">\n<td style=\"width: 70.6666669845581px; height: 338px;\" colspan=\"7\" valign=\"top\" bgcolor=\"#FF9900\"><img loading=\"lazy\" decoding=\"async\" class=\"alignnone wp-image-11346\" src=\"http:\/\/nicaragua-travel-guide.com\/site\/wp-content\/uploads\/2016\/07\/header-budget-rent-a-car-reserva-gioconda.jpg\" alt=\"header budget rent a car reserva gioconda\" width=\"1014\" height=\"341\" srcset=\"https:\/\/nicaragua-travel-guide.com\/site\/wp-content\/uploads\/2016\/07\/header-budget-rent-a-car-reserva-gioconda.jpg 1025w, https:\/\/nicaragua-travel-guide.com\/site\/wp-content\/uploads\/2016\/07\/header-budget-rent-a-car-reserva-gioconda-600x202.jpg 600w\" sizes=\"(max-width: 1014px) 100vw, 1014px\" \/><\/td>\n<\/tr>\n<tr style=\"height: 8px;\">\n<td style=\"width: 70.6666669845581px; height: 8px; background-color: #f2800f;\" colspan=\"7\" valign=\"top\" bgcolor=\"#FF9900\"><img loading=\"lazy\" decoding=\"async\" class=\"alignnone wp-image-10284\" src=\"http:\/\/nicaragua-travel-guide.com\/site\/wp-content\/uploads\/2015\/02\/budgetrentacarlogo.png\" alt=\"budgetrentacarlogo\" width=\"974\" height=\"50\" srcset=\"https:\/\/nicaragua-travel-guide.com\/site\/wp-content\/uploads\/2015\/02\/budgetrentacarlogo.png 982w, https:\/\/nicaragua-travel-guide.com\/site\/wp-content\/uploads\/2015\/02\/budgetrentacarlogo-600x31.png 600w\" sizes=\"(max-width: 974px) 100vw, 974px\" \/><\/td>\n<\/tr>\n<tr style=\"height: 112px;\">\n<td style=\"width: 70.6666669845581px; height: 112px;\" colspan=\"7\" valign=\"top\" bgcolor=\"#FF6600\">\n<table style=\"width: 983.3333740234375px;\" border=\"0\">\n<tbody>\n<tr>\n<td style=\"width: 245px; height: 25px;\" bgcolor=\"#FF6600\" height=\"25\">TERMINOS Y CONDICIONES<\/td>\n<td style=\"width: 368.66668701171875px;\" colspan=\"2\" bgcolor=\"#FFFFFF\">\n<ul>\n<li>PROMOCIONES<\/li>\n<li>ACCESORIOS Y SERVICIOS<\/li>\n<li>COBERTURAS<\/li>\n<\/ul>\n<\/td>\n<td style=\"width: 40px;\" colspan=\"4\" bgcolor=\"#FFFFFF\">\n<ul>\n<li>RESERVACIONES<\/li>\n<li>SUCURSALES<\/li>\n<li>CONT\u00c1CTENOS<\/li>\n<\/ul>\n<\/td>\n<\/tr>\n<\/tbody>\n<\/table>\n<\/td>\n<\/tr>\n<tr style=\"height: 24px;\">\n<td style=\"width: 70.6666669845581px; height: 24px; background-color: #2734f2;\" colspan=\"7\" valign=\"top\" bgcolor=\"#000066\"><strong>Rent a Car en Nicaragua<\/strong><\/td>\n<\/tr>\n<tr style=\"height: 24px;\">\n<td style=\"width: 70.6666669845581px; height: 24px; background-color: #f28f05;\" colspan=\"7\" valign=\"top\" bgcolor=\"#FF6600\"><strong>Terminos y condiciones generales de renta de veh\u00edculos:<\/strong><\/td>\n<\/tr>\n<tr style=\"height: 128px;\">\n<td style=\"width: 70.6666669845581px; height: 128px;\" colspan=\"7\" valign=\"top\" bgcolor=\"#FFFFFF\">\n<ul>\n<li>Reservaciones con anticipaci\u00f3n m\u00ednima de 24 horas.<\/li>\n<li>Tarifa diaria aplica por un m\u00e1ximo de 24 horas de alquiler<\/li>\n<li>Edad m\u00ednima para clientes y conductores, 25 a\u00f1os.<\/li>\n<li>Tarjeta de cr\u00e9dito propia del cliente.<\/li>\n<\/ul>\n<\/td>\n<\/tr>\n<tr style=\"height: 24px;\">\n<td style=\"width: 70.6666669845581px; height: 24px; background-color: #fab14b;\" colspan=\"7\" valign=\"top\" bgcolor=\"#FF9900\">Para la renta se requiere:<\/td>\n<\/tr>\n<tr style=\"height: 224px;\">\n<td style=\"width: 70.6666669845581px; height: 224px;\" colspan=\"7\" valign=\"top\" bgcolor=\"#FFFFFF\">(C\u00e9dula de identidad o pasaporte en el caso de extranjeros) y licencia de conducir vigentes.<\/p>\n<p>Conductor adicional: Conductor adicional US$2.50 por d\u00eda<br \/>\nEl veh\u00edculo debe ser devuelto con la misma cantidad de combustible con que fue recibido, la cual se especifica en el contrato<\/p>\n<p>Para la renta del veh\u00edculo se requiere un dep\u00f3sito con tarjeta de cr\u00e9dito, el que oscila entre US$600.00 y US$1,500.00, dependiendo de la categor\u00eda del veh\u00edculo y la duraci\u00f3n de la renta.<\/p>\n<p>Para cancelar la renta del veh\u00edculo usted puede utilizar tarjeta de cr\u00e9dito, de d\u00e9bito o efectivo.<\/td>\n<\/tr>\n<tr style=\"height: 24px;\">\n<td style=\"width: 70.6666669845581px; height: 24px; background-color: #fab14b;\" colspan=\"7\" valign=\"top\" bgcolor=\"#FF9900\">Las tarifas NO incluyen:<\/td>\n<\/tr>\n<tr style=\"height: 128px;\">\n<td style=\"width: 70.6666669845581px; height: 128px;\" colspan=\"7\" valign=\"top\" bgcolor=\"#FFFFFF\">\n<ul>\n<li>Combustible<\/li>\n<li>Coberturas<\/li>\n<li>Conductores adicionales<\/li>\n<li>Otros Gastos<\/li>\n<\/ul>\n<\/td>\n<\/tr>\n<tr style=\"height: 24px;\">\n<td style=\"width: 70.6666669845581px; height: 24px; background-color: #f28f05;\" colspan=\"7\" valign=\"top\" bgcolor=\"#FF9900\"><strong>Nota:Puede\u00a0recoger\u00a0y dejar el\u00a0veh\u00edculo\u00a0en agencias departamentales<\/strong> en Nicararagua<\/td>\n<\/tr>\n<tr style=\"height: 24px;\">\n<td style=\"width: 70.6666669845581px; height: 24px;\" colspan=\"7\" valign=\"top\" bgcolor=\"#FFFFFF\">\u00a0<img loading=\"lazy\" decoding=\"async\" class=\"alignnone  wp-image-10285\" src=\"http:\/\/nicaragua-travel-guide.com\/site\/wp-content\/uploads\/2015\/02\/budgetrentacarunocopia.png\" alt=\"budgetrentacarunocopia\" width=\"975\" height=\"148\" srcset=\"https:\/\/nicaragua-travel-guide.com\/site\/wp-content\/uploads\/2015\/02\/budgetrentacarunocopia.png 968w, https:\/\/nicaragua-travel-guide.com\/site\/wp-content\/uploads\/2015\/02\/budgetrentacarunocopia-600x90.png 600w\" sizes=\"(max-width: 975px) 100vw, 975px\" \/><\/td>\n<\/tr>\n<\/tbody>\n<\/table>\n","protected":false},"excerpt":{"rendered":"<p>TERMINOS Y CONDICIONES PROMOCIONES ACCESORIOS Y SERVICIOS COBERTURAS RESERVACIONES SUCURSALES CONT\u00c1CTENOS Rent a Car en Nicaragua Terminos y condiciones generales de renta de veh\u00edculos: Reservaciones con anticipaci\u00f3n m\u00ednima de 24 horas. Tarifa diaria aplica por un m\u00e1ximo de 24 horas de alquiler Edad m\u00ednima para clientes y conductores, 25 a\u00f1os. Tarjeta de cr\u00e9dito propia del [&hellip;]<\/p>\n","protected":false},"author":2,"featured_media":0,"parent":0,"menu_order":0,"comment_status":"closed","ping_status":"closed","template":"","meta":{"footnotes":""},"_links":{"self":[{"href":"https:\/\/nicaragua-travel-guide.com\/site\/wp-json\/wp\/v2\/pages\/6526"}],"collection":[{"href":"https:\/\/nicaragua-travel-guide.com\/site\/wp-json\/wp\/v2\/pages"}],"about":[{"href":"https:\/\/nicaragua-travel-guide.com\/site\/wp-json\/wp\/v2\/types\/page"}],"author":[{"embeddable":true,"href":"https:\/\/nicaragua-travel-guide.com\/site\/wp-json\/wp\/v2\/users\/2"}],"replies":[{"embeddable":true,"href":"https:\/\/nicaragua-travel-guide.com\/site\/wp-json\/wp\/v2\/comments?post=6526"}],"version-history":[{"count":9,"href":"https:\/\/nicaragua-travel-guide.com\/site\/wp-json\/wp\/v2\/pages\/6526\/revisions"}],"predecessor-version":[{"id":11359,"href":"https:\/\/nicaragua-travel-guide.com\/site\/wp-json\/wp\/v2\/pages\/6526\/revisions\/11359"}],"wp:attachment":[{"href":"https:\/\/nicaragua-travel-guide.com\/site\/wp-json\/wp\/v2\/media?parent=6526"}],"curies":[{"name":"wp","href":"https:\/\/api.w.org\/{rel}","templated":true}]}}