{"id":6545,"date":"2016-07-12T22:54:07","date_gmt":"2016-07-12T22:54:07","guid":{"rendered":"http:\/\/nicaragua-travel-guide.com\/site\/?page_id=6545"},"modified":"2016-07-12T23:38:16","modified_gmt":"2016-07-12T23:38:16","slug":"turismo-rural-granada-reserva-natural-finca-privada-domitila-bienvenidos","status":"publish","type":"page","link":"https:\/\/nicaragua-travel-guide.com\/site\/turismo-rural-granada-reserva-natural-finca-privada-domitila-bienvenidos\/","title":{"rendered":"Turismo rural Granada Reserva Natural \u00abFinca Privada Domitila\u00bb Bienvenidos"},"content":{"rendered":"<table border=\"0\" width=\"1011\">\n<tbody>\n<tr>\n<td valign=\"top\" bgcolor=\"#FFFFFF\" width=\"1005\" height=\"111\">\n<table border=\"0\" width=\"988\">\n<tbody>\n<tr>\n<td width=\"251\"><img loading=\"lazy\" decoding=\"async\" src=\"http:\/\/www.nicaragua-travel-guide.com\/imangenestres\/domitilalogo.jpg\" width=\"251\" height=\"103\" \/><\/td>\n<td style=\"text-align: center;\" bgcolor=\"#FFFFFF\" width=\"727\"><\/td>\n<\/tr>\n<\/tbody>\n<\/table>\n<\/td>\n<\/tr>\n<tr>\n<td valign=\"top\" bgcolor=\"#CCFF99\">La Reserva Silvestre Privada de Domitila se dedica a conservar la fauna y flora de uno de los antiguos remanentes del bosque tropical seco en la costa pac\u00edfica de Am\u00e9rica Central. Nuestras facilidades y el programa de actividades se dise\u00f1an para ofrecer eco turismo de bajo-impacto, investigaci\u00f3n cient\u00edfica, educaci\u00f3n ambiental, y tambi\u00e9n para promover el desarrollo sustentable de comunidades alrededor de la reserva.<\/p>\n<table border=\"0\" width=\"1002\">\n<tbody>\n<tr>\n<td><img loading=\"lazy\" decoding=\"async\" src=\"http:\/\/www.nicaragua-travel-guide.com\/imangenestres\/ruralcomunitariodomitilavistamombacho.jpg\" width=\"283\" height=\"217\" \/><\/td>\n<td><img loading=\"lazy\" decoding=\"async\" src=\"http:\/\/www.nicaragua-travel-guide.com\/imangenestres\/ruralcomunitariodomitilalbergue.jpg\" width=\"253\" height=\"222\" \/><\/td>\n<td><img loading=\"lazy\" decoding=\"async\" src=\"http:\/\/www.nicaragua-travel-guide.com\/imangenestres\/ruralcomunitariodomitilacomedor.jpg\" width=\"243\" height=\"223\" \/><\/td>\n<td><img loading=\"lazy\" decoding=\"async\" src=\"http:\/\/www.nicaragua-travel-guide.com\/imangenestres\/ruralcomunitariococinadomitila.jpg\" width=\"211\" height=\"222\" \/><\/td>\n<\/tr>\n<\/tbody>\n<\/table>\n<p>Localizado en el coraz\u00f3n del Corredor Biol\u00f3gico Mesoamericano, una de las \u00e1reas biol\u00f3gicas m\u00e1s ricas de Nicaragua, la reserva es un refugio para especies amenazadas y en peligro de extinci\u00f3n del bosque tropical seco. Ofrece una representaci\u00f3n muy completa de la flora y fauna para este tipo de bosque. Domitila es un para\u00edso para investigadores y amantes de la naturaleza, posee alrededor de 65 especies de mam\u00edferos incluyendo monos congos y los gatos salvajes. La reserva tiene m\u00e1s de 125 especies de p\u00e1jaros, reptiles, mariposas e insectos tropicales. Una porci\u00f3n de la reserva colinda con la orilla sudoeste del lago Cocibolca (Lago de Nicaragua), atrayendo gran numero de p\u00e1jaros migratorios neo tropicales.<\/p>\n<p>Durante el d\u00eda, se puede realizar una excursi\u00f3n y atravesar la reserva de a pie o montando a caballo utilizando los senderos interpretativos. Tambi\u00e9n se puede navegar en barco por un corto tiempo para visitar varios sitios Pre-Colombinos en el parque nacional de Isla Zapatera, una joya arqueol\u00f3gica.<\/p>\n<p>Pase la noche con nosotros en el medio del bosque tropical seco, donde se escuchan los sonidos que emanan del bosque, susurros de los p\u00e1jaros nocturnos, parloteos de los monos, y sobretodo bajo un cielo completamente cubierto por estrellas y constelaciones. Nuestras instalaciones en el albergue y los dormitorios son r\u00fasticas, muy limpias y c\u00f3modas. Las habitaciones para los hu\u00e9spedes poseen ba\u00f1o privado y ducha. Tambi\u00e9n, ofrecemos una opci\u00f3n para estudiantes, con dormitorios espaciosos, ba\u00f1os y duchas disponibles.<\/p>\n<p>Por la ma\u00f1ana, lo despertar\u00e1n los sonidos de p\u00e1jaros tales como oropendulas, blackheaded trogans, p\u00e1jaros carpinteros, y los guardabarrancos, el p\u00e1jaro nacional de Nicaragua.Disfrute de nuestras deliciosas comidas que ofrecen muchos ingredientes de cosecha propia y cene de noche a la luz de una linterna. Experimente la tranquilidad y la belleza natural de Domitila, lejos del ruido de la ciudad, los tel\u00e9fonos y la televisi\u00f3n. El acceso a nuestras instalaciones es de f\u00e1cil reconocimiento, estamos situados a 10 kil\u00f3metros de la carretera Panamericana, a 80 kil\u00f3metros al norte de la frontera con Costa Rica, a 85 km de Managua, y a 33 km de la ciudad colonial de Granada (ver el mapa).<\/td>\n<\/tr>\n<tr>\n<td bgcolor=\"#009900\">\n<table style=\"width: 595.17px;\" border=\"0\">\n<tbody>\n<tr>\n<td style=\"width: 589.17px;\"><a href=\"http:\/\/nicaragua-travel-guide.com\/site\/turismo-rural-granada-visita-reserva-natural-finca-privada-domitila-ecoalbegue\/\">Eco albergue \/ Alojamiento en Reserva Privada Domitila<\/a><\/td>\n<\/tr>\n<tr>\n<td style=\"width: 589.17px;\"><a href=\"http:\/\/nicaragua-travel-guide.com\/site\/turismo-rural-granada-finca-privada-domitila-actividades\/\">Actividades para hacer en Domitila<\/a><\/td>\n<\/tr>\n<tr>\n<td style=\"width: 589.17px;\">Por mayor informaci\u00f3n y reservacion Contactarnos<\/td>\n<\/tr>\n<\/tbody>\n<\/table>\n<\/td>\n<\/tr>\n<tr>\n<td valign=\"top\" bgcolor=\"#CCFF99\" height=\"35\">\u00a1Los invitamos a visitarnos pronto!<\/td>\n<\/tr>\n<\/tbody>\n<\/table>\n","protected":false},"excerpt":{"rendered":"<p>La Reserva Silvestre Privada de Domitila se dedica a conservar la fauna y flora de uno de los antiguos remanentes del bosque tropical seco en la costa pac\u00edfica de Am\u00e9rica Central. Nuestras facilidades y el programa de actividades se dise\u00f1an para ofrecer eco turismo de bajo-impacto, investigaci\u00f3n cient\u00edfica, educaci\u00f3n ambiental, y tambi\u00e9n para promover el [&hellip;]<\/p>\n","protected":false},"author":2,"featured_media":0,"parent":0,"menu_order":0,"comment_status":"closed","ping_status":"closed","template":"","meta":{"footnotes":""},"_links":{"self":[{"href":"https:\/\/nicaragua-travel-guide.com\/site\/wp-json\/wp\/v2\/pages\/6545"}],"collection":[{"href":"https:\/\/nicaragua-travel-guide.com\/site\/wp-json\/wp\/v2\/pages"}],"about":[{"href":"https:\/\/nicaragua-travel-guide.com\/site\/wp-json\/wp\/v2\/types\/page"}],"author":[{"embeddable":true,"href":"https:\/\/nicaragua-travel-guide.com\/site\/wp-json\/wp\/v2\/users\/2"}],"replies":[{"embeddable":true,"href":"https:\/\/nicaragua-travel-guide.com\/site\/wp-json\/wp\/v2\/comments?post=6545"}],"version-history":[{"count":12,"href":"https:\/\/nicaragua-travel-guide.com\/site\/wp-json\/wp\/v2\/pages\/6545\/revisions"}],"predecessor-version":[{"id":6574,"href":"https:\/\/nicaragua-travel-guide.com\/site\/wp-json\/wp\/v2\/pages\/6545\/revisions\/6574"}],"wp:attachment":[{"href":"https:\/\/nicaragua-travel-guide.com\/site\/wp-json\/wp\/v2\/media?parent=6545"}],"curies":[{"name":"wp","href":"https:\/\/api.w.org\/{rel}","templated":true}]}}