{"id":6553,"date":"2016-07-12T23:04:52","date_gmt":"2016-07-12T23:04:52","guid":{"rendered":"http:\/\/nicaragua-travel-guide.com\/site\/?page_id=6553"},"modified":"2016-08-02T05:38:59","modified_gmt":"2016-08-02T05:38:59","slug":"turismo-rural-granada-visita-reserva-natural-finca-privada-domitila-ecoalbegue","status":"publish","type":"page","link":"https:\/\/nicaragua-travel-guide.com\/site\/turismo-rural-granada-visita-reserva-natural-finca-privada-domitila-ecoalbegue\/","title":{"rendered":"Turismo Rural Granada \u00abVisita Reserva Natural Finca Privada Domitila\u00bb Ecoalbegue"},"content":{"rendered":"<table style=\"width: 1024.11px;\" border=\"0\">\n<tbody>\n<tr style=\"height: 121px;\">\n<td style=\"height: 121px; border-color: #fcf5f5; width: 1018.11px; background-color: #faf7f7;\" bgcolor=\"#FFFFFF\">\n<table style=\"width: 977px;\" border=\"0\">\n<tbody>\n<tr>\n<td style=\"width: 437.819px; border-color: #fcf7f7; background-color: #fcfafa;\"><strong><img loading=\"lazy\" decoding=\"async\" class=\"\" src=\"http:\/\/www.nicaragua-travel-guide.com\/imangenestres\/domitilalogo.jpg\" width=\"447\" height=\"184\" \/><\/strong><\/td>\n<td style=\"width: 437.819px; border-color: #fcf7f7; background-color: #fcfafa;\"><\/td>\n<\/tr>\n<\/tbody>\n<\/table>\n<\/td>\n<\/tr>\n<tr style=\"height: 282.688px;\">\n<td style=\"height: 282.688px; width: 1018.11px; background-color: #e4f0a3;\" bgcolor=\"#CCFF99\">Nuestras instalaciones reflejan nuestro compromiso de turismo de bajo-impacto y el desarrollo sostenible de la comunidad, construido en el a\u00f1o 2000 por los trabajadores locales, el albergue y el dormitorio utilizan la madera, la piedra y otros materiales obtenidos del \u00e1rea.<\/p>\n<p>&nbsp;<\/p>\n<p>Los edificios ofrecen techos impermeables al agua, elaborados de la palma, que proporcionan cuartos frescos y acogedores.<\/p>\n<p>&nbsp;<\/p>\n<p>Los habitaciones est\u00e1n decoradas con buen gusto y son c\u00f3modas y tienen ba\u00f1os privados (v\u00e9ase las fotos).<\/p>\n<p>&nbsp;<\/p>\n<p>Los residuos del ba\u00f1o se utilizan como abono natural y ayudan a reducir al m\u00ednimo la basura y a crear el fertilizante para nuestro vivero de \u00e1rboles. La energ\u00eda solar abastece el sistema el\u00e9ctrico de energ\u00eda para nuestro abastecimiento de agua y ciertas actividades en la cocina.<\/p>\n<p>&nbsp;<\/p>\n<p>Durante los noches, las linternas iluminan nuestra albergue y dormitorios.<\/p>\n<p>&nbsp;<\/td>\n<\/tr>\n<tr style=\"height: 20px;\">\n<td style=\"height: 20px; width: 1018.11px; background-color: #a4baaa;\" bgcolor=\"#CCFF99\">\n<table>\n<tbody>\n<tr>\n<td><img loading=\"lazy\" decoding=\"async\" class=\"\" src=\"http:\/\/www.nicaragua-travel-guide.com\/imangenestres\/ruralcomunitariodomitilavistamombacho.jpg\" width=\"237\" height=\"166\" \/><\/td>\n<td><img loading=\"lazy\" decoding=\"async\" class=\"\" src=\"http:\/\/www.nicaragua-travel-guide.com\/imangenestres\/ruralcomunitariodomitilabueyes.jpg\" width=\"240\" height=\"168\" \/><\/td>\n<td><img loading=\"lazy\" decoding=\"async\" class=\"\" src=\"http:\/\/www.nicaragua-travel-guide.com\/imangenestres\/monocongo.jpg\" width=\"228\" height=\"171\" \/><\/td>\n<td><img loading=\"lazy\" decoding=\"async\" class=\"\" src=\"http:\/\/www.nicaragua-travel-guide.com\/imangenestres\/ucaballos.jpg\" width=\"231\" height=\"173\" \/><\/td>\n<\/tr>\n<\/tbody>\n<\/table>\n<\/td>\n<\/tr>\n<tr style=\"height: 184px;\">\n<td style=\"height: 184px; width: 1018.11px;\" bgcolor=\"#CCFF99\">Cena en el encantador estilo de nuestro comedor y disfrute de la deliciosa comida preparada por los talentosos cocineros de la comunidad. Muchos de los ingredientes se producen o se cosechan en la propia reserva. Los hu\u00e9spedes hablan con entusiasmo sobre nuestras comidas.<\/p>\n<p>&nbsp;<\/p>\n<p>Durante el descanso y en las tardes, tome una siesta en una de nuestras c\u00f3modas hamacas o si\u00e9ntese y relajese en nuestras acogedoras sillas. Comparta con nuestros amistosos y bien informados due\u00f1os.<\/td>\n<\/tr>\n<tr style=\"height: 184px;\">\n<td style=\"height: 184px; width: 1018.11px; background-color: #a4baaa;\" bgcolor=\"#CCFF99\">\n<table style=\"height: 49px; width: 983.111px;\">\n<tbody>\n<tr>\n<td style=\"width: 243px;\"><img loading=\"lazy\" decoding=\"async\" class=\"\" src=\"http:\/\/www.nicaragua-travel-guide.com\/imangenestres\/ruralcomunitariococinadomitila.jpg\" width=\"235\" height=\"165\" \/><\/td>\n<td style=\"width: 243px;\"><img loading=\"lazy\" decoding=\"async\" src=\"http:\/\/www.nicaragua-travel-guide.com\/imangenestres\/ruralcomunitariodomitilacomedor.jpg\" width=\"239\" height=\"203\" \/><\/td>\n<td style=\"width: 244px;\"><img loading=\"lazy\" decoding=\"async\" src=\"http:\/\/www.nicaragua-travel-guide.com\/imangenestres\/ruralcomunitariodomitilalbergue.jpg\" width=\"243\" height=\"205\" \/><\/td>\n<td style=\"width: 229.111px;\"><img loading=\"lazy\" decoding=\"async\" src=\"http:\/\/www.nicaragua-travel-guide.com\/imangenestres\/ruralcomunitariodomitiladormitorio.jpg\" width=\"272\" height=\"203\" \/><\/td>\n<\/tr>\n<\/tbody>\n<\/table>\n<\/td>\n<\/tr>\n<tr style=\"height: 21px;\">\n<td style=\"height: 21px; width: 1018.11px; background-color: #faf2f2;\" bgcolor=\"#009933\">Nuestros precios son los siguientes:<\/td>\n<\/tr>\n<tr style=\"height: 210px;\">\n<td style=\"height: 210px; width: 1018.11px; background-color: #e4f0a3;\" valign=\"top\" bgcolor=\"#CCFF99\">&nbsp;<\/p>\n<p>&nbsp;<\/p>\n<p>Tarifa de entrada: US$5.00 por persona<\/p>\n<p>Almuerzo gastron\u00f3mico: US$10.00 por persona<\/p>\n<p>Alojamiento por la noche en una habitaci\u00f3n incluyendo 3 comidas: US$65.00 por persona<\/p>\n<p>Tarifas del dormitorio para los estudiantes: US$45.00<\/p>\n<p>Estas tarifas pueden variar seg\u00fan la temporada.<\/td>\n<\/tr>\n<tr style=\"height: 76px;\">\n<td style=\"height: 76px; width: 1018.11px; background-color: #fcfafa;\" bgcolor=\"#009900\">\n<ul>\n<li><strong><a href=\"http:\/\/nicaragua-travel-guide.com\/site\/turismo-rural-granada-reserva-natural-finca-privada-domitila-bienvenidos\/\">Bienvenidos Reserva Natural Privada Domitila<\/a><\/strong><\/li>\n<li><strong><a href=\"http:\/\/nicaragua-travel-guide.com\/site\/turismo-rural-granada-finca-privada-domitila-actividades\/\">Actividades en Domitila<\/a><\/strong><\/li>\n<\/ul>\n<\/td>\n<\/tr>\n<tr style=\"height: 21px;\">\n<td style=\"height: 21px; width: 1018.11px; background-color: #c2f781;\" bgcolor=\"#CCFF99\">Para mayor informaci\u00f3n y reservacion <strong>Contactarnos<\/strong><\/td>\n<\/tr>\n<\/tbody>\n<\/table>\n","protected":false},"excerpt":{"rendered":"<p>Nuestras instalaciones reflejan nuestro compromiso de turismo de bajo-impacto y el desarrollo sostenible de la comunidad, construido en el a\u00f1o 2000 por los trabajadores locales, el albergue y el dormitorio utilizan la madera, la piedra y otros materiales obtenidos del \u00e1rea. &nbsp; Los edificios ofrecen techos impermeables al agua, elaborados de la palma, que proporcionan [&hellip;]<\/p>\n","protected":false},"author":2,"featured_media":0,"parent":0,"menu_order":0,"comment_status":"closed","ping_status":"closed","template":"","meta":{"footnotes":""},"_links":{"self":[{"href":"https:\/\/nicaragua-travel-guide.com\/site\/wp-json\/wp\/v2\/pages\/6553"}],"collection":[{"href":"https:\/\/nicaragua-travel-guide.com\/site\/wp-json\/wp\/v2\/pages"}],"about":[{"href":"https:\/\/nicaragua-travel-guide.com\/site\/wp-json\/wp\/v2\/types\/page"}],"author":[{"embeddable":true,"href":"https:\/\/nicaragua-travel-guide.com\/site\/wp-json\/wp\/v2\/users\/2"}],"replies":[{"embeddable":true,"href":"https:\/\/nicaragua-travel-guide.com\/site\/wp-json\/wp\/v2\/comments?post=6553"}],"version-history":[{"count":19,"href":"https:\/\/nicaragua-travel-guide.com\/site\/wp-json\/wp\/v2\/pages\/6553\/revisions"}],"predecessor-version":[{"id":9652,"href":"https:\/\/nicaragua-travel-guide.com\/site\/wp-json\/wp\/v2\/pages\/6553\/revisions\/9652"}],"wp:attachment":[{"href":"https:\/\/nicaragua-travel-guide.com\/site\/wp-json\/wp\/v2\/media?parent=6553"}],"curies":[{"name":"wp","href":"https:\/\/api.w.org\/{rel}","templated":true}]}}