{"id":6646,"date":"2016-07-13T15:31:15","date_gmt":"2016-07-13T15:31:15","guid":{"rendered":"http:\/\/nicaragua-travel-guide.com\/site\/?page_id=6646"},"modified":"2016-08-14T21:32:52","modified_gmt":"2016-08-14T21:32:52","slug":"microbus-toyota-hiace-viaje-privado-con-conductor-nicaragua","status":"publish","type":"page","link":"https:\/\/nicaragua-travel-guide.com\/site\/microbus-toyota-hiace-viaje-privado-con-conductor-nicaragua\/","title":{"rendered":"Microbus Toyota Hiace \u00abViaje privado con conductor\u00bb Nicaragua"},"content":{"rendered":"<table style=\"width: 1096px;\" border=\"0\">\n<tbody>\n<tr style=\"height: 262px;\">\n<td style=\"width: 1082px; height: 262px;\" bgcolor=\"#FFFFFF\"><img loading=\"lazy\" decoding=\"async\" class=\" wp-image-5117 aligncenter\" src=\"http:\/\/nicaragua-travel-guide.com\/site\/wp-content\/uploads\/2016\/06\/headertransportealquileryviajes.jpg\" alt=\"headertransportealquileryviajes\" width=\"1141\" height=\"384\" srcset=\"https:\/\/nicaragua-travel-guide.com\/site\/wp-content\/uploads\/2016\/06\/headertransportealquileryviajes.jpg 1025w, https:\/\/nicaragua-travel-guide.com\/site\/wp-content\/uploads\/2016\/06\/headertransportealquileryviajes-600x202.jpg 600w\" sizes=\"(max-width: 1141px) 100vw, 1141px\" \/><\/td>\n<\/tr>\n<tr style=\"height: 107px;\">\n<td style=\"width: 1082px; height: 107px;\" valign=\"top\" bgcolor=\"#FFFF00\">\n<h4>Servicio de transporte, traslado de un dest\u00edno a otro, en veh\u00edculo p\u00fablico o privado a su elecci\u00f3n y de acuerdo a su capacidad. Le pondremos en contacto con servicio de choffer y opci\u00f3n ir acompa\u00f1ado con gu\u00eda tur\u00edstico bilingue.<\/h4>\n<\/td>\n<\/tr>\n<tr style=\"height: 13px;\">\n<td style=\"width: 1082px; height: 13px;\" valign=\"top\" bgcolor=\"#FFFF00\">Unidad de Microbus \u00a0<strong>Toyota Hiace<\/strong> Capacidad \u00a015 Pasajeros<\/td>\n<\/tr>\n<tr style=\"height: 11px;\">\n<td style=\"width: 1082px; height: 11px;\" valign=\"top\" bgcolor=\"#FFFF00\"><img loading=\"lazy\" decoding=\"async\" class=\"alignnone  wp-image-10884\" src=\"http:\/\/nicaragua-travel-guide.com\/site\/wp-content\/uploads\/2016\/07\/headertransportemocrobustoyotahiaceviajesprivadosyalquiler-1.jpg\" alt=\"headertransportemocrobustoyotahiaceviajesprivadosyalquiler\" width=\"1087\" height=\"366\" srcset=\"https:\/\/nicaragua-travel-guide.com\/site\/wp-content\/uploads\/2016\/07\/headertransportemocrobustoyotahiaceviajesprivadosyalquiler-1.jpg 1025w, https:\/\/nicaragua-travel-guide.com\/site\/wp-content\/uploads\/2016\/07\/headertransportemocrobustoyotahiaceviajesprivadosyalquiler-1-600x202.jpg 600w\" sizes=\"(max-width: 1087px) 100vw, 1087px\" \/><\/td>\n<\/tr>\n<tr style=\"height: 43px;\">\n<td style=\"width: 1082px; height: 43px;\" bgcolor=\"#FFFFFF\">\n<table style=\"width: 1090px;\" border=\"0\">\n<tbody>\n<tr style=\"height: 35px;\">\n<td style=\"width: 97px; height: 35px;\" bgcolor=\"#FFFFFF\">Car\/Truck<\/td>\n<td style=\"width: 99px; height: 35px;\" bgcolor=\"#FFFF00\"><a href=\"http:\/\/nicaragua-travel-guide.com\/site\/viaje-en-taxi-privado-o-compartido\/\">Taxi 4 pax<\/a><\/td>\n<td style=\"width: 73px; height: 35px;\" bgcolor=\"#FFFF00\">Van7pax<\/td>\n<td style=\"width: 101px; height: 35px;\" bgcolor=\"#FFFF00\">Micro15pax<\/td>\n<td style=\"width: 216px; height: 35px;\" bgcolor=\"#FFFF00\"><a href=\"http:\/\/nicaragua-travel-guide.com\/site\/bus-toyota-coaster-nicaragua-viaje-privado-con-conductor-incluido\/\">Toyota Coaster 29 pax<\/a><\/td>\n<td style=\"width: 140px; height: 35px;\" bgcolor=\"#FFFF00\">Higher 37 pax<\/td>\n<td style=\"width: 261px; height: 35px;\" bgcolor=\"#FFFF00\"><a href=\"http:\/\/nicaragua-travel-guide.com\/site\/bus-marcopolo-viaje-privado-nicaragua\/\"><strong>Marcopolo<\/strong>\u00a045 \/ 55 \/70 pax<\/a><\/td>\n<td style=\"width: 177px; height: 35px;\" bgcolor=\"#FFFF00\">SchoolBus 60 pax<\/td>\n<\/tr>\n<\/tbody>\n<\/table>\n<\/td>\n<\/tr>\n<tr style=\"height: 415px;\">\n<td style=\"width: 1082px; height: 415px;\" valign=\"top\" bgcolor=\"#FFFF00\">\n<table style=\"width: 1083.3333740234375px;\" border=\"0\">\n<tbody>\n<tr>\n<td style=\"width: 14px;\" bgcolor=\"#FFFFFF\">A<\/td>\n<td style=\"width: 135.3333282470703px;\" bgcolor=\"#FFFFFF\">Origen Granada<\/td>\n<td style=\"width: 911.3333129882813px;\" colspan=\"4\" rowspan=\"14\" valign=\"top\" bgcolor=\"#FFFFFF\">\n<table style=\"width: 837px;\" border=\"0\">\n<tbody>\n<tr style=\"height: 22px;\">\n<td style=\"width: 106px; height: 22px;\"><\/td>\n<td style=\"width: 63px; height: 22px;\"><\/td>\n<td style=\"width: 134px; height: 22px;\"><\/td>\n<td style=\"width: 155px; height: 22px;\"><\/td>\n<td style=\"width: 191px; height: 22px;\"><\/td>\n<td style=\"width: 144px; height: 22px;\"><\/td>\n<\/tr>\n<tr style=\"height: 24px;\">\n<td style=\"width: 106px; height: 24px;\">A+B<\/td>\n<td style=\"width: 63px; height: 24px;\"><\/td>\n<td style=\"width: 134px; height: 24px;\"><\/td>\n<td style=\"width: 155px; height: 24px;\"><\/td>\n<td style=\"width: 191px; height: 24px;\"><\/td>\n<td style=\"width: 144px; height: 24px;\"><\/td>\n<\/tr>\n<tr style=\"height: 22px;\">\n<td style=\"width: 106px; height: 22px;\">A+C<\/td>\n<td style=\"width: 63px; height: 22px;\"><\/td>\n<td style=\"width: 134px; height: 22px;\"><\/td>\n<td style=\"width: 155px; height: 22px;\"><\/td>\n<td style=\"width: 191px; height: 22px;\"><\/td>\n<td style=\"width: 144px; height: 22px;\"><\/td>\n<\/tr>\n<tr style=\"height: 22px;\">\n<td style=\"width: 106px; height: 22px;\">A+D<\/td>\n<td style=\"width: 63px; height: 22px;\"><\/td>\n<td style=\"width: 134px; height: 22px;\"><\/td>\n<td style=\"width: 155px; height: 22px;\"><\/td>\n<td style=\"width: 191px; height: 22px;\"><\/td>\n<td style=\"width: 144px; height: 22px;\"><\/td>\n<\/tr>\n<tr style=\"height: 22px;\">\n<td style=\"width: 106px; height: 22px;\">A+E<\/td>\n<td style=\"width: 63px; height: 22px;\"><\/td>\n<td style=\"width: 134px; height: 22px;\"><\/td>\n<td style=\"width: 155px; height: 22px;\"><\/td>\n<td style=\"width: 191px; height: 22px;\"><\/td>\n<td style=\"width: 144px; height: 22px;\"><\/td>\n<\/tr>\n<tr style=\"height: 22px;\">\n<td style=\"width: 106px; height: 22px;\">A+F<\/td>\n<td style=\"width: 63px; height: 22px;\"><\/td>\n<td style=\"width: 134px; height: 22px;\"><\/td>\n<td style=\"width: 155px; height: 22px;\"><\/td>\n<td style=\"width: 191px; height: 22px;\"><\/td>\n<td style=\"width: 144px; height: 22px;\"><\/td>\n<\/tr>\n<tr style=\"height: 22px;\">\n<td style=\"width: 106px; height: 22px;\">A+G<\/td>\n<td style=\"width: 63px; height: 22px;\"><\/td>\n<td style=\"width: 134px; height: 22px;\"><\/td>\n<td style=\"width: 155px; height: 22px;\"><\/td>\n<td style=\"width: 191px; height: 22px;\"><\/td>\n<td style=\"width: 144px; height: 22px;\"><\/td>\n<\/tr>\n<tr style=\"height: 22px;\">\n<td style=\"width: 106px; height: 22px;\">A+H<\/td>\n<td style=\"width: 63px; height: 22px;\"><\/td>\n<td style=\"width: 134px; height: 22px;\"><\/td>\n<td style=\"width: 155px; height: 22px;\"><\/td>\n<td style=\"width: 191px; height: 22px;\"><\/td>\n<td style=\"width: 144px; height: 22px;\"><\/td>\n<\/tr>\n<tr style=\"height: 22.3333740234375px;\">\n<td style=\"width: 106px; height: 22.3333740234375px;\">A+I<\/td>\n<td style=\"width: 63px; height: 22.3333740234375px;\"><\/td>\n<td style=\"width: 134px; height: 22.3333740234375px;\"><\/td>\n<td style=\"width: 155px; height: 22.3333740234375px;\"><\/td>\n<td style=\"width: 191px; height: 22.3333740234375px;\"><\/td>\n<td style=\"width: 144px; height: 22.3333740234375px;\"><\/td>\n<\/tr>\n<tr style=\"height: 22px;\">\n<td style=\"width: 106px; height: 22px;\">A+J<\/td>\n<td style=\"width: 63px; height: 22px;\"><\/td>\n<td style=\"width: 134px; height: 22px;\"><\/td>\n<td style=\"width: 155px; height: 22px;\"><\/td>\n<td style=\"width: 191px; height: 22px;\"><\/td>\n<td style=\"width: 144px; height: 22px;\"><\/td>\n<\/tr>\n<tr style=\"height: 22px;\">\n<td style=\"width: 106px; height: 22px;\">A+K<\/td>\n<td style=\"width: 63px; height: 22px;\"><\/td>\n<td style=\"width: 134px; height: 22px;\"><\/td>\n<td style=\"width: 155px; height: 22px;\"><\/td>\n<td style=\"width: 191px; height: 22px;\"><\/td>\n<td style=\"width: 144px; height: 22px;\"><\/td>\n<\/tr>\n<tr style=\"height: 22px;\">\n<td style=\"width: 106px; height: 22px;\">A+L<\/td>\n<td style=\"width: 63px; height: 22px;\"><\/td>\n<td style=\"width: 134px; height: 22px;\"><\/td>\n<td style=\"width: 155px; height: 22px;\"><\/td>\n<td style=\"width: 191px; height: 22px;\"><\/td>\n<td style=\"width: 144px; height: 22px;\"><\/td>\n<\/tr>\n<tr style=\"height: 22px;\">\n<td style=\"width: 106px; height: 22px;\">A+M<\/td>\n<td style=\"width: 63px; height: 22px;\"><\/td>\n<td style=\"width: 134px; height: 22px;\"><\/td>\n<td style=\"width: 155px; height: 22px;\"><\/td>\n<td style=\"width: 191px; height: 22px;\"><\/td>\n<td style=\"width: 144px; height: 22px;\"><\/td>\n<\/tr>\n<tr style=\"height: 22px;\">\n<td style=\"width: 106px; height: 22px;\">A+N<\/td>\n<td style=\"width: 63px; height: 22px;\"><\/td>\n<td style=\"width: 134px; height: 22px;\"><\/td>\n<td style=\"width: 155px; height: 22px;\"><\/td>\n<td style=\"width: 191px; height: 22px;\"><\/td>\n<td style=\"width: 144px; height: 22px;\"><\/td>\n<\/tr>\n<\/tbody>\n<\/table>\n<\/td>\n<\/tr>\n<tr>\n<td style=\"width: 14px;\" bgcolor=\"#FFFFFF\">B<\/td>\n<td style=\"width: 135.3333282470703px;\" bgcolor=\"#FFCC00\">Chinandega<\/td>\n<\/tr>\n<tr bgcolor=\"#FFCC00\">\n<td style=\"width: 14px;\" bgcolor=\"#FFFFFF\">C<\/td>\n<td style=\"width: 135.3333282470703px;\">Leon<\/td>\n<\/tr>\n<tr bgcolor=\"#FFCC00\">\n<td style=\"width: 14px;\" bgcolor=\"#FFFFFF\">D<\/td>\n<td style=\"width: 135.3333282470703px;\">Managua<\/td>\n<\/tr>\n<tr bgcolor=\"#FFCC00\">\n<td style=\"width: 14px;\" bgcolor=\"#FFFFFF\">E<\/td>\n<td style=\"width: 135.3333282470703px;\">Carazo<\/td>\n<\/tr>\n<tr bgcolor=\"#FFCC00\">\n<td style=\"width: 14px;\" bgcolor=\"#FFFFFF\">F<\/td>\n<td style=\"width: 135.3333282470703px;\">Masaya<\/td>\n<\/tr>\n<tr bgcolor=\"#FFCC00\">\n<td style=\"width: 14px;\" bgcolor=\"#FFFFFF\">G<\/td>\n<td style=\"width: 135.3333282470703px;\">Rivas<\/td>\n<\/tr>\n<tr bgcolor=\"#FFCC00\">\n<td style=\"width: 14px;\" bgcolor=\"#FFFFFF\">H<\/td>\n<td style=\"width: 135.3333282470703px;\">Madriz<\/td>\n<\/tr>\n<tr bgcolor=\"#FFCC00\">\n<td style=\"width: 14px;\" bgcolor=\"#FFFFFF\">I<\/td>\n<td style=\"width: 135.3333282470703px;\">Jinotega<\/td>\n<\/tr>\n<tr bgcolor=\"#FFCC00\">\n<td style=\"width: 14px;\" bgcolor=\"#FFFFFF\">J<\/td>\n<td style=\"width: 135.3333282470703px;\">Nueva Segovia<\/td>\n<\/tr>\n<tr bgcolor=\"#FFCC00\">\n<td style=\"width: 14px;\" bgcolor=\"#FFFFFF\">K<\/td>\n<td style=\"width: 135.3333282470703px;\">Esteli<\/td>\n<\/tr>\n<tr bgcolor=\"#FFCC00\">\n<td style=\"width: 14px;\" bgcolor=\"#FFFFFF\">L<\/td>\n<td style=\"width: 135.3333282470703px;\">Matagalpa<\/td>\n<\/tr>\n<tr bgcolor=\"#FFCC00\">\n<td style=\"width: 14px;\" bgcolor=\"#FFFFFF\">M<\/td>\n<td style=\"width: 135.3333282470703px;\">Aeropuerto<\/td>\n<\/tr>\n<tr bgcolor=\"#FFCC00\">\n<td style=\"width: 14px;\" bgcolor=\"#FFFFFF\">N<\/td>\n<td style=\"width: 135.3333282470703px;\">Chontales<\/td>\n<\/tr>\n<tr>\n<td style=\"width: 1072.6666259765625px;\" colspan=\"6\" bgcolor=\"#FFFF00\">Por mayor informaci\u00f3n y reservacion <strong>Contactarnos<\/strong><\/td>\n<\/tr>\n<\/tbody>\n<\/table>\n<\/td>\n<\/tr>\n<\/tbody>\n<\/table>\n","protected":false},"excerpt":{"rendered":"<p>Servicio de transporte, traslado de un dest\u00edno a otro, en veh\u00edculo p\u00fablico o privado a su elecci\u00f3n y de acuerdo a su capacidad. Le pondremos en contacto con servicio de choffer y opci\u00f3n ir acompa\u00f1ado con gu\u00eda tur\u00edstico bilingue. Unidad de Microbus \u00a0Toyota Hiace Capacidad \u00a015 Pasajeros Car\/Truck Taxi 4 pax Van7pax Micro15pax Toyota Coaster [&hellip;]<\/p>\n","protected":false},"author":2,"featured_media":0,"parent":0,"menu_order":0,"comment_status":"closed","ping_status":"closed","template":"","meta":{"footnotes":""},"_links":{"self":[{"href":"https:\/\/nicaragua-travel-guide.com\/site\/wp-json\/wp\/v2\/pages\/6646"}],"collection":[{"href":"https:\/\/nicaragua-travel-guide.com\/site\/wp-json\/wp\/v2\/pages"}],"about":[{"href":"https:\/\/nicaragua-travel-guide.com\/site\/wp-json\/wp\/v2\/types\/page"}],"author":[{"embeddable":true,"href":"https:\/\/nicaragua-travel-guide.com\/site\/wp-json\/wp\/v2\/users\/2"}],"replies":[{"embeddable":true,"href":"https:\/\/nicaragua-travel-guide.com\/site\/wp-json\/wp\/v2\/comments?post=6646"}],"version-history":[{"count":3,"href":"https:\/\/nicaragua-travel-guide.com\/site\/wp-json\/wp\/v2\/pages\/6646\/revisions"}],"predecessor-version":[{"id":10903,"href":"https:\/\/nicaragua-travel-guide.com\/site\/wp-json\/wp\/v2\/pages\/6646\/revisions\/10903"}],"wp:attachment":[{"href":"https:\/\/nicaragua-travel-guide.com\/site\/wp-json\/wp\/v2\/media?parent=6646"}],"curies":[{"name":"wp","href":"https:\/\/api.w.org\/{rel}","templated":true}]}}