{"id":6696,"date":"2016-07-13T17:14:00","date_gmt":"2016-07-13T17:14:00","guid":{"rendered":"http:\/\/nicaragua-travel-guide.com\/site\/?page_id=6696"},"modified":"2016-08-10T16:02:27","modified_gmt":"2016-08-10T16:02:27","slug":"entre-las-isletas-de-granada-bote-electrico-y-de-remo-tour-ecologico","status":"publish","type":"page","link":"https:\/\/nicaragua-travel-guide.com\/site\/entre-las-isletas-de-granada-bote-electrico-y-de-remo-tour-ecologico\/","title":{"rendered":"Entre las Isletas de Granada \u00abbote electrico y de remo\u00bb Tour ecologico"},"content":{"rendered":"<table border=\"0\" width=\"1009\">\n<tbody>\n<tr style=\"height: 26px;\">\n<td style=\"height: 26px;\" colspan=\"3\" bgcolor=\"#CCCC00\">Alquiler de<strong> bote el\u00e9ctrico y de remo<\/strong> entre las Isletas Puerto \u00abBah\u00eda\u00bb<\/td>\n<\/tr>\n<tr style=\"height: 139px;\">\n<td style=\"height: 139px;\" colspan=\"3\" valign=\"top\" bgcolor=\"#FFFF00\">\n<table style=\"width: 1002.42px;\" border=\"0\">\n<tbody>\n<tr style=\"height: 28px;\">\n<td style=\"height: 28px; width: 74px;\" bgcolor=\"#99FF00\">Pasajero<\/td>\n<td style=\"height: 28px; width: 109px;\" bgcolor=\"#FFFF00\">Precio<\/td>\n<td style=\"height: 165px; width: 386px;\" rowspan=\"6\" bgcolor=\"#FFFF00\"><img loading=\"lazy\" decoding=\"async\" class=\"wp-image-10618 aligncenter\" src=\"http:\/\/nicaragua-travel-guide.com\/site\/wp-content\/uploads\/2016\/07\/bote-de-remo-y-electrico-tour-entre-las-isletas-obeservacion-de-aves.jpg\" alt=\"bote de remo y electrico tour entre las isletas obeservacion de aves\" width=\"379\" height=\"224\" \/><\/td>\n<td style=\"height: 165px; width: 369.417px;\" rowspan=\"6\" bgcolor=\"#FFFF00\">\u00a0<img loading=\"lazy\" decoding=\"async\" class=\"wp-image-10620 alignnone\" src=\"http:\/\/nicaragua-travel-guide.com\/site\/wp-content\/uploads\/2016\/07\/bote-pivale-marina-tour.jpg\" alt=\"bote pivale marina tour\" width=\"379\" height=\"228\" \/><\/td>\n<\/tr>\n<tr style=\"height: 28px;\">\n<td style=\"height: 28px; width: 74px; text-align: center;\" bgcolor=\"#99FF00\">1<\/td>\n<td style=\"height: 28px; width: 109px;\" bgcolor=\"#FFFF00\"><\/td>\n<\/tr>\n<tr style=\"height: 28px;\">\n<td style=\"height: 28px; width: 74px; text-align: center;\" bgcolor=\"#99FF00\">2<\/td>\n<td style=\"height: 28px; width: 109px;\" bgcolor=\"#FFFF00\"><\/td>\n<\/tr>\n<tr style=\"height: 28px;\">\n<td style=\"height: 28px; width: 74px; text-align: center;\" bgcolor=\"#99FF00\">3<\/td>\n<td style=\"height: 28px; width: 109px;\" bgcolor=\"#FFFF00\"><\/td>\n<\/tr>\n<tr style=\"height: 28px;\">\n<td style=\"height: 28px; width: 74px; text-align: center;\" bgcolor=\"#99FF00\">4<\/td>\n<td style=\"height: 28px; width: 109px;\" bgcolor=\"#FFFF00\"><\/td>\n<\/tr>\n<tr style=\"height: 25px;\">\n<td style=\"height: 25px; width: 74px; text-align: center;\" bgcolor=\"#99FF00\"><\/td>\n<td style=\"height: 25px; width: 109px;\" bgcolor=\"#FFFF00\"><\/td>\n<\/tr>\n<tr style=\"height: 5.66668701171875px;\">\n<td style=\"height: 5.66668701171875px; width: 938.417px;\" colspan=\"4\" align=\"left\" bgcolor=\"#99FF00\"><strong>Opciones con o sin gu\u00eda<\/strong><\/td>\n<\/tr>\n<tr style=\"height: 25px;\">\n<td style=\"height: 25px; width: 938.417px;\" colspan=\"4\" bgcolor=\"#99FF00\"><strong>Servicio de gu\u00eda $5 por hora<\/strong><\/td>\n<\/tr>\n<\/tbody>\n<\/table>\n<\/td>\n<\/tr>\n<tr style=\"height: 21px;\">\n<td style=\"height: 21px;\" bgcolor=\"#006600\" width=\"238\">opci\u00f3n:<\/td>\n<td style=\"height: 21px;\" bgcolor=\"#CCFF33\" width=\"385\">para 1 persona o grupo m\u00e1ximo de 4 pasajeros<\/td>\n<td style=\"height: 21px;\" bgcolor=\"#99CC00\" width=\"372\">bote p\u00edbale para 2\u00a0personas.<\/td>\n<\/tr>\n<tr style=\"height: 359.302px;\">\n<td style=\"height: 359.302px;\" colspan=\"3\" valign=\"top\" bgcolor=\"#CCCC00\">Estos botes est\u00e1n todos equipados con remos y pueden rentarse sin el motor el\u00e9ctrico.<\/p>\n<p>Este tipo de bote puede ser alquilado equipado con un motor el\u00e9ctrico silencioso es algo muy diferente y f\u00e1cil de usar<\/p>\n<p>Alquilamos bote no sumergible \u00a0(aprobados por la Comisi\u00f3n Europea) sin ning\u00fan permiso especial, con un motor silencioso y no contaminante del medio ambiente, desde <strong>nuestra\u00a0base<\/strong> de la <strong>Marina Cocibolca<\/strong>, en la Bah\u00eda de Asese, dentro de la Pen\u00ednsula \u00a0y las laderas del <strong>Volc\u00e1n Mombacho<\/strong> a solamente 15 minutos del centro hist\u00f3rico de\u00a0Granada.<\/p>\n<p>Para descubrir, la flora y fauna de las <strong>Isletas de Granada<\/strong> y la pac\u00edfica vida de los isle\u00f1os,<\/p>\n<p>Nosotros le daremos un itinerario detallado, para su seguridad y comodidad, remos y chaquetas salvavidas, protectores a prueba de agua para sus cosas tambi\u00e9n, hieleras y binoculares ser\u00e1n prove\u00eddos si lo solicita .<\/p>\n<p>Preguntar por nuestra opciones de transporte a su elecci\u00f3n desde su hotel sera incluido..<\/p>\n<p>Con o sin un gu\u00eda desde Granada y entre las Isletas.<\/td>\n<\/tr>\n<tr style=\"height: 28px;\">\n<td style=\"height: 28px;\" colspan=\"3\" align=\"right\" valign=\"top\" bgcolor=\"#FFFF00\">\n<table style=\"height: 20px; width: 1001px;\">\n<tbody>\n<tr>\n<td style=\"width: 459.66668701171875px;\"><img loading=\"lazy\" decoding=\"async\" class=\"wp-image-10621 aligncenter\" src=\"http:\/\/nicaragua-travel-guide.com\/site\/wp-content\/uploads\/2016\/07\/bote-pivale-entre-las-isletas-de-granada-tour.jpg\" alt=\"bote pivale entre las isletas de granada tour\" width=\"386\" height=\"273\" \/><\/td>\n<td style=\"width: 528.3333129882813px;\">\u00a0<img loading=\"lazy\" decoding=\"async\" class=\"wp-image-10619 aligncenter\" src=\"http:\/\/nicaragua-travel-guide.com\/site\/wp-content\/uploads\/2016\/07\/bote-electrico-y-de-remo-tour-ecologico-entre-las-isletas.jpg\" alt=\"bote electrico y de remo tour ecologico entre las isletas\" width=\"476\" height=\"278\" \/><\/td>\n<\/tr>\n<\/tbody>\n<\/table>\n<\/td>\n<\/tr>\n<tr style=\"height: 26px;\">\n<td style=\"height: 26px;\" colspan=\"3\" bgcolor=\"#CCCC00\">Por mayor informaci\u00f3n y reservaci\u00f3n <strong>Contactarnos<\/strong><\/td>\n<\/tr>\n<\/tbody>\n<\/table>\n","protected":false},"excerpt":{"rendered":"<p>Alquiler de bote el\u00e9ctrico y de remo entre las Isletas Puerto \u00abBah\u00eda\u00bb Pasajero Precio \u00a0 1 2 3 4 Opciones con o sin gu\u00eda Servicio de gu\u00eda $5 por hora opci\u00f3n: para 1 persona o grupo m\u00e1ximo de 4 pasajeros bote p\u00edbale para 2\u00a0personas. Estos botes est\u00e1n todos equipados con remos y pueden rentarse sin [&hellip;]<\/p>\n","protected":false},"author":2,"featured_media":0,"parent":0,"menu_order":0,"comment_status":"closed","ping_status":"closed","template":"","meta":{"footnotes":""},"_links":{"self":[{"href":"https:\/\/nicaragua-travel-guide.com\/site\/wp-json\/wp\/v2\/pages\/6696"}],"collection":[{"href":"https:\/\/nicaragua-travel-guide.com\/site\/wp-json\/wp\/v2\/pages"}],"about":[{"href":"https:\/\/nicaragua-travel-guide.com\/site\/wp-json\/wp\/v2\/types\/page"}],"author":[{"embeddable":true,"href":"https:\/\/nicaragua-travel-guide.com\/site\/wp-json\/wp\/v2\/users\/2"}],"replies":[{"embeddable":true,"href":"https:\/\/nicaragua-travel-guide.com\/site\/wp-json\/wp\/v2\/comments?post=6696"}],"version-history":[{"count":9,"href":"https:\/\/nicaragua-travel-guide.com\/site\/wp-json\/wp\/v2\/pages\/6696\/revisions"}],"predecessor-version":[{"id":10625,"href":"https:\/\/nicaragua-travel-guide.com\/site\/wp-json\/wp\/v2\/pages\/6696\/revisions\/10625"}],"wp:attachment":[{"href":"https:\/\/nicaragua-travel-guide.com\/site\/wp-json\/wp\/v2\/media?parent=6696"}],"curies":[{"name":"wp","href":"https:\/\/api.w.org\/{rel}","templated":true}]}}