{"id":6704,"date":"2016-07-13T20:11:32","date_gmt":"2016-07-13T20:11:32","guid":{"rendered":"http:\/\/nicaragua-travel-guide.com\/site\/?page_id=6704"},"modified":"2016-07-15T18:50:25","modified_gmt":"2016-07-15T18:50:25","slug":"pesca-entre-las-isletas-de-granada-tour-organizado","status":"publish","type":"page","link":"https:\/\/nicaragua-travel-guide.com\/site\/pesca-entre-las-isletas-de-granada-tour-organizado\/","title":{"rendered":"Pesca entre las Isletas de Granada \u00abTour organizado\u00bb"},"content":{"rendered":"<table border=\"0\" width=\"1012\">\n<tbody>\n<tr>\n<td colspan=\"2\" bgcolor=\"#CCCC00\" height=\"25\"><strong>Tour de pesca en bote de remo<\/strong> entre las Isletas de Granada<\/td>\n<\/tr>\n<tr>\n<td bgcolor=\"#66CC66\" width=\"649\">Descripci\u00f3n:<\/p>\n<p>Para compartir medio d\u00eda entre las Isletas de Granada con familia locales Pecadores locales que te llevaran entre los canales mas tranquilos esta opci\u00f3n de practicar un poco de pesca artesanal en las costas del \u00e1rea entre el archipi\u00e9lago de la pen\u00ednsula de ASESE . donde los visitantes ser\u00e1n transportados en botes, equipados con atarrayas (red artesanal), y son instruidos en el lanzamiento y recolecci\u00f3n de la misma. Los acompa\u00f1antes e instructores son habitantes de la comunidad local, expertos en este tipo de pesca por ser para ellos una actividad cotidiana.<\/p>\n<p>Generalmente las pescas son buenas, y los nuevos pescadores logran siempre capturar mojarras (y algunas veces guapotes), para almorzar disfrutando de la calma de las aguas costeras y del entorno natural de la zona.<\/td>\n<td bgcolor=\"#CCFF66\" width=\"353\"><img loading=\"lazy\" decoding=\"async\" src=\"http:\/\/www.nicaragua-travel-guide.com\/imangenestres\/isletasbotemaderaderemo.jpg\" width=\"353\" height=\"323\" \/><\/td>\n<\/tr>\n<tr>\n<td colspan=\"2\" bgcolor=\"#CCFF00\">Esta actividad tiene una duraci\u00f3n aproximada de 3 horas o menos, seg\u00fan lo exijan los visitantes.<\/td>\n<\/tr>\n<tr>\n<td bgcolor=\"#66CC66\" height=\"242\">En la zona tambi\u00e9n se puede realizar otras actividades ofrecidas con nuestro servicio de gu\u00eda bilingue, para desplazarnos por mas tiempo entre las Isletas y admirar la flora y fauna, observaci\u00f3n de aves, tomar fotos, 2 horas en lancha ida y vuelta y otras opciones con mas tiempo continuaremos para llegar mas lejos al otro lado de la pen\u00ednsula donde hay otro puerto y restaurante.<\/p>\n<p>Quedarse con familias de pescadores locales en su isla con tiempo para pescar con atarraya en bote de remo, nadar y almorzar pescado frito saliendo hasta las 5:00pm.<\/p>\n<p>Precio:<\/td>\n<td align=\"right\" valign=\"top\" bgcolor=\"#66CC66\"><img loading=\"lazy\" decoding=\"async\" src=\"http:\/\/www.nicaragua-travel-guide.com\/imangenestres\/pesca.jpg\" width=\"350\" height=\"268\" \/><\/td>\n<\/tr>\n<tr>\n<td colspan=\"2\" bgcolor=\"#CCFF00\" height=\"35\">Por mayor informaci\u00f3n y reservaci\u00f3n Contactarnos<\/td>\n<\/tr>\n<\/tbody>\n<\/table>\n","protected":false},"excerpt":{"rendered":"<p>Tour de pesca en bote de remo entre las Isletas de Granada Descripci\u00f3n: Para compartir medio d\u00eda entre las Isletas de Granada con familia locales Pecadores locales que te llevaran entre los canales mas tranquilos esta opci\u00f3n de practicar un poco de pesca artesanal en las costas del \u00e1rea entre el archipi\u00e9lago de la pen\u00ednsula [&hellip;]<\/p>\n","protected":false},"author":2,"featured_media":0,"parent":0,"menu_order":0,"comment_status":"closed","ping_status":"closed","template":"","meta":{"footnotes":""},"_links":{"self":[{"href":"https:\/\/nicaragua-travel-guide.com\/site\/wp-json\/wp\/v2\/pages\/6704"}],"collection":[{"href":"https:\/\/nicaragua-travel-guide.com\/site\/wp-json\/wp\/v2\/pages"}],"about":[{"href":"https:\/\/nicaragua-travel-guide.com\/site\/wp-json\/wp\/v2\/types\/page"}],"author":[{"embeddable":true,"href":"https:\/\/nicaragua-travel-guide.com\/site\/wp-json\/wp\/v2\/users\/2"}],"replies":[{"embeddable":true,"href":"https:\/\/nicaragua-travel-guide.com\/site\/wp-json\/wp\/v2\/comments?post=6704"}],"version-history":[{"count":3,"href":"https:\/\/nicaragua-travel-guide.com\/site\/wp-json\/wp\/v2\/pages\/6704\/revisions"}],"predecessor-version":[{"id":6842,"href":"https:\/\/nicaragua-travel-guide.com\/site\/wp-json\/wp\/v2\/pages\/6704\/revisions\/6842"}],"wp:attachment":[{"href":"https:\/\/nicaragua-travel-guide.com\/site\/wp-json\/wp\/v2\/media?parent=6704"}],"curies":[{"name":"wp","href":"https:\/\/api.w.org\/{rel}","templated":true}]}}