{"id":6722,"date":"2016-07-13T20:50:38","date_gmt":"2016-07-13T20:50:38","guid":{"rendered":"http:\/\/nicaragua-travel-guide.com\/site\/?page_id=6722"},"modified":"2016-08-28T01:40:24","modified_gmt":"2016-08-28T01:40:24","slug":"volcan-mombacho-finca-tour-origen-del-cafe-guiado","status":"publish","type":"page","link":"https:\/\/nicaragua-travel-guide.com\/site\/volcan-mombacho-finca-tour-origen-del-cafe-guiado\/","title":{"rendered":"Volc\u00e1n Mombacho\u00bbTour del Cafe\u00bb guiado"},"content":{"rendered":"<table style=\"width: 924.6666870117188px; height: 2134px;\" border=\"0\">\n<tbody>\n<tr style=\"height: 27px;\">\n<td style=\"height: 27px; width: 850.6666870117188px;\" valign=\"top\" bgcolor=\"#FFFFFF\"><img loading=\"lazy\" decoding=\"async\" class=\"wp-image-12598 aligncenter\" src=\"http:\/\/nicaragua-travel-guide.com\/site\/wp-content\/uploads\/2016\/07\/nicaragua-travel-guide-granada-volcan-mombacho-finca-tour-del-cafe-visita-guiada.jpg\" alt=\"nicaragua travel guide granada volcan mombacho finca tour del cafe visita guiada\" width=\"931\" height=\"313\" srcset=\"https:\/\/nicaragua-travel-guide.com\/site\/wp-content\/uploads\/2016\/07\/nicaragua-travel-guide-granada-volcan-mombacho-finca-tour-del-cafe-visita-guiada.jpg 1025w, https:\/\/nicaragua-travel-guide.com\/site\/wp-content\/uploads\/2016\/07\/nicaragua-travel-guide-granada-volcan-mombacho-finca-tour-del-cafe-visita-guiada-600x202.jpg 600w\" sizes=\"(max-width: 931px) 100vw, 931px\" \/><\/td>\n<\/tr>\n<tr style=\"height: 2px;\">\n<td style=\"height: 2px; width: 850.6666870117188px; background-color: #fae18e; text-align: left;\" valign=\"top\" bgcolor=\"#FFFFFF\">Descripci\u00f3n: \u00a0 Tour Origen del\u00a0Caf\u00e9\u00bb<\/p>\n<p>Finca Hacienda El Progreso, hogar del reconocido Caf\u00e9 Las Flores, ofrece un atractivo recorrido por las plantaciones donde es cosechado este importante producto, s\u00edmbolo de la tradici\u00f3n nicarag\u00fcense.<\/p>\n<p>Durante esta educativa experiencia, adem\u00e1s de conocer y aprender acerca del proceso del cultivo del caf\u00e9, se puede observar la diversidad de flora y fauna exitente en los cafetales de sombra que albergan especies de aves locales y migratorias.<\/p>\n<p>Tambi\u00e9n, el apropiado uso del agua y el importante sistema de manejo de desechos s\u00f3lidos y l\u00edquidos que demuestran el firme y decidido inter\u00e9s de la familia Caf\u00e9 Las Flores por contribuir a nuestra naturaleza y comunidades a trav\u00e9s de buenas pr\u00e1cticas agr\u00edcolas y proyectos continuos de apoyo a la comunidad.<\/p>\n<p>&nbsp;<\/p>\n<p>&nbsp;<\/p>\n<h2>Incluye:<\/h2>\n<ul>\n<li>Transporte desde y hasta Granada<\/li>\n<\/ul>\n<ul>\n<li>Gu\u00eda biling\u00fce<\/li>\n<\/ul>\n<ul>\n<li>Recorrido por las instalaciones de Hacienda El Progreso<\/li>\n<\/ul>\n<ul>\n<li>Degustaci\u00f3n de Caf\u00e9 Las Flores.<\/li>\n<\/ul>\n<p><strong>Disfrute en familia el sabor de la experiencia Caf\u00e9 Las Flores, fruto de la riqueza del Volc\u00e1n Mombacho!<\/strong><\/td>\n<\/tr>\n<tr style=\"height: 7px;\">\n<td style=\"height: 7px; width: 850.6666870117188px; text-align: left;\" valign=\"top\" bgcolor=\"#FFFFFF\"><img loading=\"lazy\" decoding=\"async\" class=\"wp-image-12599 aligncenter\" src=\"http:\/\/nicaragua-travel-guide.com\/site\/wp-content\/uploads\/2016\/07\/nicaragua-travel-guide-granada-volcan-mombacho-finca-tour-origen-del-cafe-visita-guiada.jpg\" alt=\"nicaragua travel guide granada volcan mombacho finca tour origen del cafe visita guiada\" width=\"940\" height=\"316\" srcset=\"https:\/\/nicaragua-travel-guide.com\/site\/wp-content\/uploads\/2016\/07\/nicaragua-travel-guide-granada-volcan-mombacho-finca-tour-origen-del-cafe-visita-guiada.jpg 1025w, https:\/\/nicaragua-travel-guide.com\/site\/wp-content\/uploads\/2016\/07\/nicaragua-travel-guide-granada-volcan-mombacho-finca-tour-origen-del-cafe-visita-guiada-600x202.jpg 600w\" sizes=\"(max-width: 940px) 100vw, 940px\" \/><\/td>\n<\/tr>\n<tr style=\"height: 4px;\">\n<td style=\"height: 4px; width: 850.6666870117188px; background-color: #ddf7c1;\" valign=\"top\" bgcolor=\"#FFFFFF\">\n<table style=\"height: 75px; width: 912px;\">\n<tbody>\n<tr style=\"height: 23.3333740234375px;\">\n<td style=\"width: 416px; height: 23.3333740234375px;\">\n<h2>Informaci\u00f3n Pr\u00e1ctica:<\/h2>\n<p>Localizaci\u00f3n: Hacienda Cafetalera El Progreso<\/p>\n<p>Disponibilidad Anual: 365 d\u00edas de a\u00f1o<\/p>\n<p>Punto de encuentro o partida: Granada, Nicaragua<\/p>\n<p>Horario: Entre las 08:00 AM y 03:00 PM<\/p>\n<p>Edades Apropiadas: 5 a\u00f1os en adelante<\/td>\n<td style=\"width: 487px; height: 23.3333740234375px;\">\n<h2>Precios:<\/h2>\n<h2>1 &#8211; \u00a010 personas U$ 23.10 por persona<\/h2>\n<h2>T\u00e9rminos y Condiciones Generales:<\/h2>\n<p>* Reservaciones:* Deben realizarse con 24hrs de anticipaci\u00f3n<\/p>\n<p>* Cancelaciones:* Si se realiza cancelaci\u00f3n con 24hrs de anticipaci\u00f3n puede rehacer su reservaci\u00f3n para los siguientes 45 d\u00edas \u00f3sea hacer su tour en cualquiera de los siguientes 45 d\u00edas. Si ya no lo hace tenemos derecho a cobrarle el 50% del tour.<\/td>\n<\/tr>\n<\/tbody>\n<\/table>\n<\/td>\n<\/tr>\n<tr style=\"height: 8px;\">\n<td style=\"height: 8px; width: 850.6666870117188px; background-color: #39c904;\" valign=\"top\" bgcolor=\"#FFFFFF\"><\/td>\n<\/tr>\n<tr style=\"height: 8px;\">\n<td style=\"height: 8px; width: 850.6666870117188px; background-color: #fae5bb;\" valign=\"top\" bgcolor=\"#FFFFFF\">\n<table style=\"height: 306px; width: 933.6666870117188px;\">\n<tbody>\n<tr>\n<td style=\"width: 480px;\">\n<p style=\"text-align: left;\"><strong style=\"font-family: inherit; font-size: inherit; line-height: 1.5;\">Nota:<\/strong><\/p>\n<ul>\n<li>Uno de los principales productos de exportaci\u00f3n de Nicaragua.<\/li>\n<li>Cultura y tradici\u00f3n son la mezcla ideal del desarrollo de esta actividad de la que usted podr\u00e1 ser part\u00edcipe.<\/li>\n<li>Certificado por Rainforest Alliance, Caf\u00e9 Las Flores, se ha posicionado como uno de los mejores caf\u00e9s de Nicaragua, producto de calidad nacional e internacional, deleite de aquellos amantes de la bebida m\u00e1s popular del mundo.<\/li>\n<\/ul>\n<\/td>\n<td style=\"width: 439.66668701171875px;\">\n<p style=\"text-align: left;\"><strong>Descuentos especiales:<\/strong><\/p>\n<ul>\n<li>Cumplea\u00f1eros hacen el tour de su elecci\u00f3n gratis<\/li>\n<\/ul>\n<ul>\n<li>8 % para paquetes de 2 tours<\/li>\n<\/ul>\n<ul>\n<li>10 % para estudiantes con identificaci\u00f3n<\/li>\n<\/ul>\n<ul>\n<li>10 % para grupos de escuelas<\/li>\n<\/ul>\n<ul>\n<li>10 % para ni\u00f1os de 12 a\u00f1os o menos<\/li>\n<\/ul>\n<ul>\n<li>10 % grupos de 20 o m\u00e1s perso<\/li>\n<\/ul>\n<\/td>\n<\/tr>\n<\/tbody>\n<\/table>\n<\/td>\n<\/tr>\n<tr style=\"height: 21px;\">\n<td style=\"height: 21px; width: 850.6666870117188px; background-color: #d46911;\" bgcolor=\"#660000\">Por mayor informaci\u00f3n y reservaci\u00f3n \u00a0<strong>Contactarnos<\/strong><\/td>\n<\/tr>\n<\/tbody>\n<\/table>\n","protected":false},"excerpt":{"rendered":"<p>Descripci\u00f3n: \u00a0 Tour Origen del\u00a0Caf\u00e9\u00bb Finca Hacienda El Progreso, hogar del reconocido Caf\u00e9 Las Flores, ofrece un atractivo recorrido por las plantaciones donde es cosechado este importante producto, s\u00edmbolo de la tradici\u00f3n nicarag\u00fcense. Durante esta educativa experiencia, adem\u00e1s de conocer y aprender acerca del proceso del cultivo del caf\u00e9, se puede observar la diversidad de [&hellip;]<\/p>\n","protected":false},"author":2,"featured_media":0,"parent":0,"menu_order":0,"comment_status":"closed","ping_status":"closed","template":"","meta":{"footnotes":""},"_links":{"self":[{"href":"https:\/\/nicaragua-travel-guide.com\/site\/wp-json\/wp\/v2\/pages\/6722"}],"collection":[{"href":"https:\/\/nicaragua-travel-guide.com\/site\/wp-json\/wp\/v2\/pages"}],"about":[{"href":"https:\/\/nicaragua-travel-guide.com\/site\/wp-json\/wp\/v2\/types\/page"}],"author":[{"embeddable":true,"href":"https:\/\/nicaragua-travel-guide.com\/site\/wp-json\/wp\/v2\/users\/2"}],"replies":[{"embeddable":true,"href":"https:\/\/nicaragua-travel-guide.com\/site\/wp-json\/wp\/v2\/comments?post=6722"}],"version-history":[{"count":12,"href":"https:\/\/nicaragua-travel-guide.com\/site\/wp-json\/wp\/v2\/pages\/6722\/revisions"}],"predecessor-version":[{"id":12606,"href":"https:\/\/nicaragua-travel-guide.com\/site\/wp-json\/wp\/v2\/pages\/6722\/revisions\/12606"}],"wp:attachment":[{"href":"https:\/\/nicaragua-travel-guide.com\/site\/wp-json\/wp\/v2\/media?parent=6722"}],"curies":[{"name":"wp","href":"https:\/\/api.w.org\/{rel}","templated":true}]}}