{"id":6726,"date":"2016-07-13T21:01:01","date_gmt":"2016-07-13T21:01:01","guid":{"rendered":"http:\/\/nicaragua-travel-guide.com\/site\/?page_id=6726"},"modified":"2016-08-27T20:02:37","modified_gmt":"2016-08-27T20:02:37","slug":"tour-finca-de-cacao-alrededor-del-volcan-mombacho-guiado","status":"publish","type":"page","link":"https:\/\/nicaragua-travel-guide.com\/site\/tour-finca-de-cacao-alrededor-del-volcan-mombacho-guiado\/","title":{"rendered":"Tour \u00abFinca de Cacao alrededor del volcan Mombacho\u00bb guiado"},"content":{"rendered":"<table style=\"height: 17px; width: 913.6666870117188px;\">\n<tbody>\n<tr style=\"height: 22px;\">\n<td style=\"width: 20px; height: 22px;\" colspan=\"2\"><img loading=\"lazy\" decoding=\"async\" class=\"alignnone size-full wp-image-12548\" src=\"http:\/\/nicaragua-travel-guide.com\/site\/wp-content\/uploads\/2016\/07\/nicaragua-travel-guide-granada-tour-finca-de-cacao-la-calera.jpg\" alt=\"nicaragua travel guide granada tour finca de cacao la calera\" width=\"1025\" height=\"345\" srcset=\"https:\/\/nicaragua-travel-guide.com\/site\/wp-content\/uploads\/2016\/07\/nicaragua-travel-guide-granada-tour-finca-de-cacao-la-calera.jpg 1025w, https:\/\/nicaragua-travel-guide.com\/site\/wp-content\/uploads\/2016\/07\/nicaragua-travel-guide-granada-tour-finca-de-cacao-la-calera-600x202.jpg 600w\" sizes=\"(max-width: 1025px) 100vw, 1025px\" \/><\/td>\n<\/tr>\n<tr style=\"height: 17px;\">\n<td style=\"width: 20px; height: 17px; background-color: #c5ed91;\" colspan=\"2\">Turismo rural comunitario <strong>Finca<\/strong> Plantaci\u00f3n <strong>de \u00a0CACAO<\/strong> \u00abLa Calera\u00bb + \u00a0<strong>ba\u00f1o en aguas termales<\/strong><\/td>\n<\/tr>\n<tr style=\"height: 266px;\">\n<td style=\"width: 20px; height: 266px; background-color: #f7eed0; border-color: #f7eed0;\" colspan=\"2\">\n<table style=\"font-family: inherit; font-size: inherit; line-height: 1.5; height: 517px; width: 947px;\">\n<tbody>\n<tr style=\"height: 10px;\">\n<td style=\"width: 591.3333129882813px; height: 20.666748046875px; background-color: #f7eed0; border-color: #f7eed0;\" rowspan=\"2\">\n<p style=\"text-align: left;\">La Reserva privada La calera, a quince minutos de la Marina Cocibolca en Asese, es una de las \u00e1reas naturales de m\u00e1s alta preservaci\u00f3n ecol\u00f3gica en la zona del Gran Lago.<\/p>\n<p>En esta reserva el visitante tiene acceso a humedales con alta presencia de aves residentes y migratorias, y a lagunas con aguas termales cuyas fuentes provienen de las entra\u00f1as del Mombacho.<\/p>\n<p>Los senderos de La Calera permiten observar una gran diversidad de flora y fauna, incluyendo \u00e1rboles como la plumer\u00eda y mangle blanco; mam\u00edferos como los monos congos y caras blancas; y aves como el tuc\u00e1n pico arcoiris y orop\u00e9ndolas.<\/p>\n<p>Dentro de La Calera es posible remar en kayaks o en canoas, recorrer a caballo o utilizar bicicletas de monta\u00f1a en un ambiente de gran biodiversidad.<\/p>\n<p>La antigua casa hacienda, ubicada en una colina con vistas de gran belleza a las isletas y al Volc\u00e1n Mombacho, ofrece comodidades de todos los d\u00edas que ser\u00e1n altamente apreciadas dentro del entorno selv\u00e1tico.<\/td>\n<td style=\"width: 339.3333435058594px; height: 20.666748046875px; background-color: #ffffff; border-color: #ffffff;\" rowspan=\"2\"><img loading=\"lazy\" decoding=\"async\" class=\" wp-image-12549 aligncenter\" style=\"font-family: inherit; font-size: inherit; line-height: 1.5;\" src=\"http:\/\/nicaragua-travel-guide.com\/site\/wp-content\/uploads\/2016\/07\/logolacalera.gif\" alt=\"logolacalera\" width=\"202\" height=\"134\" \/><img loading=\"lazy\" decoding=\"async\" class=\" wp-image-12551 aligncenter\" src=\"http:\/\/nicaragua-travel-guide.com\/site\/wp-content\/uploads\/2016\/07\/cacaoarbol.jpg\" alt=\"cacaoarbol\" width=\"237\" height=\"378\" \/><\/td>\n<\/tr>\n<\/tbody>\n<\/table>\n<\/td>\n<\/tr>\n<tr style=\"height: 4px;\">\n<td style=\"width: 20px; height: 4px; background-color: #f7eed0;\" colspan=\"2\">\n<table style=\"height: 28px; width: 942.6666870117188px;\">\n<tbody>\n<tr>\n<td style=\"width: 455px; background-color: #ffffff; border-color: #ffffff;\"><img loading=\"lazy\" decoding=\"async\" class=\"wp-image-12550 alignleft\" src=\"http:\/\/nicaragua-travel-guide.com\/site\/wp-content\/uploads\/2016\/07\/chocomuseofincatour.jpg\" alt=\"chocomuseofincatour\" width=\"452\" height=\"302\" srcset=\"https:\/\/nicaragua-travel-guide.com\/site\/wp-content\/uploads\/2016\/07\/chocomuseofincatour.jpg 320w, https:\/\/nicaragua-travel-guide.com\/site\/wp-content\/uploads\/2016\/07\/chocomuseofincatour-180x120.jpg 180w\" sizes=\"(max-width: 452px) 100vw, 452px\" \/><\/td>\n<td style=\"width: 490.66668701171875px; background-color: #f7eed0; border-color: #f7eed0;\">Incluye:<\/p>\n<ol>\n<li>Estad\u00eda en hacienda La Calera<\/li>\n<li>Contacto con actividades agro-productivas (cacao, platanales)<\/li>\n<li>Almuerzo campestre<\/li>\n<li>Descanso con impresionante vista al Mombacho e isletas<\/li>\n<li>Ba\u00f1os relajantes en aguas termales del Volc\u00e1n Mombacho<\/li>\n<li>Recorrido corto por las bellas isletas del Cocibolca<\/li>\n<li>Retorno a Granada<\/li>\n<\/ol>\n<\/td>\n<\/tr>\n<\/tbody>\n<\/table>\n<\/td>\n<\/tr>\n<tr style=\"height: 4px;\">\n<td style=\"width: 20px; height: 4px; background-color: #c5ed91;\" colspan=\"2\"><strong><a href=\"http:\/\/nicaragua-travel-guide.com\/site\/chocolate-tour-workshop-production-granada\/\">Tour \u00abFabrica de Chocolate\u00bb Granada<\/a>\u00a0 \u00a0 \u00a0 \u00a0 \u00a0 \u00a0 \u00a0 \u00a0 \u00a0 \u00a0 \u00a0 \u00a0 \u00a0 \u00a0 \u00a0 \u00a0 \u00a0 \u00a0\u00a0Por mayor informaci\u00f3n y reservacion Contactarnos<\/strong><\/td>\n<\/tr>\n<\/tbody>\n<\/table>\n","protected":false},"excerpt":{"rendered":"<p>Turismo rural comunitario Finca Plantaci\u00f3n de \u00a0CACAO \u00abLa Calera\u00bb + \u00a0ba\u00f1o en aguas termales La Reserva privada La calera, a quince minutos de la Marina Cocibolca en Asese, es una de las \u00e1reas naturales de m\u00e1s alta preservaci\u00f3n ecol\u00f3gica en la zona del Gran Lago. En esta reserva el visitante tiene acceso a humedales con [&hellip;]<\/p>\n","protected":false},"author":2,"featured_media":0,"parent":0,"menu_order":0,"comment_status":"closed","ping_status":"closed","template":"","meta":{"footnotes":""},"_links":{"self":[{"href":"https:\/\/nicaragua-travel-guide.com\/site\/wp-json\/wp\/v2\/pages\/6726"}],"collection":[{"href":"https:\/\/nicaragua-travel-guide.com\/site\/wp-json\/wp\/v2\/pages"}],"about":[{"href":"https:\/\/nicaragua-travel-guide.com\/site\/wp-json\/wp\/v2\/types\/page"}],"author":[{"embeddable":true,"href":"https:\/\/nicaragua-travel-guide.com\/site\/wp-json\/wp\/v2\/users\/2"}],"replies":[{"embeddable":true,"href":"https:\/\/nicaragua-travel-guide.com\/site\/wp-json\/wp\/v2\/comments?post=6726"}],"version-history":[{"count":13,"href":"https:\/\/nicaragua-travel-guide.com\/site\/wp-json\/wp\/v2\/pages\/6726\/revisions"}],"predecessor-version":[{"id":12557,"href":"https:\/\/nicaragua-travel-guide.com\/site\/wp-json\/wp\/v2\/pages\/6726\/revisions\/12557"}],"wp:attachment":[{"href":"https:\/\/nicaragua-travel-guide.com\/site\/wp-json\/wp\/v2\/media?parent=6726"}],"curies":[{"name":"wp","href":"https:\/\/api.w.org\/{rel}","templated":true}]}}