{"id":6757,"date":"2016-07-13T23:10:18","date_gmt":"2016-07-13T23:10:18","guid":{"rendered":"http:\/\/nicaragua-travel-guide.com\/site\/?page_id=6757"},"modified":"2016-08-28T17:53:45","modified_gmt":"2016-08-28T17:53:45","slug":"casa-de-los-tres-mundos-casa-de-los-leones-ciudad-de-granada-visita-guiada","status":"publish","type":"page","link":"https:\/\/nicaragua-travel-guide.com\/site\/casa-de-los-tres-mundos-casa-de-los-leones-ciudad-de-granada-visita-guiada\/","title":{"rendered":"Fundacion Tres mundos \u00abCasa de los Leones\u00bb Ciudad de Granada Visita guiada"},"content":{"rendered":"<table style=\"width: 801px;\" border=\"0\">\n<tbody>\n<tr style=\"height: 12px;\">\n<td style=\"height: 12px; width: 795px;\" valign=\"top\" bgcolor=\"#FFFFFF\"><img loading=\"lazy\" decoding=\"async\" class=\"alignnone size-full wp-image-12684\" src=\"http:\/\/nicaragua-travel-guide.com\/site\/wp-content\/uploads\/2016\/07\/nicaragua-travel-guide-casa-de-los-tres-mundos-fundacion-internacional-granada.jpg\" alt=\"nicaragua travel guide casa de los tres mundos fundacion internacional granada\" width=\"1025\" height=\"345\" srcset=\"https:\/\/nicaragua-travel-guide.com\/site\/wp-content\/uploads\/2016\/07\/nicaragua-travel-guide-casa-de-los-tres-mundos-fundacion-internacional-granada.jpg 1025w, https:\/\/nicaragua-travel-guide.com\/site\/wp-content\/uploads\/2016\/07\/nicaragua-travel-guide-casa-de-los-tres-mundos-fundacion-internacional-granada-600x202.jpg 600w\" sizes=\"(max-width: 1025px) 100vw, 1025px\" \/><\/td>\n<\/tr>\n<tr style=\"height: 5px;\">\n<td style=\"height: 5px; width: 795px; background-color: #f2fa07;\" valign=\"top\" bgcolor=\"#FFFFFF\"><strong>Fundaci\u00f3n Internacional\u00bbCasa de Los Leones\u00bb<\/strong><\/td>\n<\/tr>\n<tr style=\"height: 499px;\">\n<td style=\"height: 499px; background-color: #f2d555; width: 795px;\" bgcolor=\"#FFCC00\">Descripci\u00f3n:<\/p>\n<p>Caminando desde \u00a0la plaza \u00a0principal:<\/p>\n<p>&nbsp;<\/p>\n<p>* Plaza de los Leones &#8211; Portal Casa de los Leones<br \/>\n* Obelisco de la Independencia (significado e historia)<br \/>\n* S\u00edmbolos Nacionales (significado, historia)<br \/>\n* La gu\u00eda cantara el himno nacional de Nicaragua.<br \/>\n* Museo Convento + Iglesia de San Francisco (canci\u00f3n)<br \/>\n*Calle la Calzada<\/p>\n<p>*La gu\u00eda cantara una canci\u00f3n dedicada a Granada<br \/>\nLa Casa de los Tres Mundos es una fundaci\u00f3n creada para iniciar, respaldar y promover proyectos culturales en Nicaragua y Centroam\u00e9rica. La instituci\u00f3n est\u00e1 localizada en un gran edificio colonial en la Plaza de Los Leones, al lado del parque central en Granada.<\/p>\n<p>&nbsp;<\/p>\n<p>La fundaci\u00f3n tiene una escuela de teatro, un estudio de arte y una academia de m\u00fasica. De igual forma, la fundaci\u00f3n tambi\u00e9n administra un centro de investigaci\u00f3n y una biblioteca. La mayor parte de las clases de artes les son impartidas a ni\u00f1os de escasos recursos de Granada quienes de otra manera no tendr\u00edan acceso a este tipo de educaci\u00f3n.<\/p>\n<p>&nbsp;<\/p>\n<p>Adem\u00e1s, La Casa de Los Tres mundo con frecuencia organiza eventos culturales como conciertos, exhibiciones, obras de teatro y presentaci\u00f3n de pel\u00edculas. Para m\u00e1s informaci\u00f3n de los futuros eventos, aseg\u00farese de visitar nuestro Calendario de Eventos.<\/p>\n<p>&nbsp;<\/p>\n<p>Hay una exhibici\u00f3n permanente con bellas pinturas de artistas nicarag\u00fcenses, la cual se puede visitar sin costo alguno. Tambi\u00e9n, se puede aprovechar la oportunidad para admirar el edificio colonial que era anteriormente llamado la Casa de los Leones, o para comprar regalos en la tiendas de recuerdos.<\/p>\n<p>&nbsp;<\/p>\n<p>La Casa de los Tres Mundos tambi\u00e9n cuenta con dos salones de conferencias que pueden ser alquilados por instituciones o privados, para cualquier tipo de evento. Uno de \u00e9stos cuenta con aire acondicionado y tiene capacidad de hasta 45 personas; el otro auditorio m\u00e1s grande puede albergar hasta 250 personas.<\/p>\n<p>&nbsp;<\/p>\n<p>La Casa de los Tres Mundos puede recibir ayuda de donantes, as\u00ed como aquellos estudiantes u otras personas que quieran ayudar con la labor educativa.<\/td>\n<\/tr>\n<tr style=\"height: 8px;\">\n<td style=\"height: 8px; width: 795px;\" bgcolor=\"#FFFF00\"><img loading=\"lazy\" decoding=\"async\" class=\"alignnone size-full wp-image-12695\" src=\"http:\/\/nicaragua-travel-guide.com\/site\/wp-content\/uploads\/2016\/07\/nicaragua-travel-guide-casa-de-los-tres-mundos-fundacion-internacional-granada-visit-the-art-school.jpg\" alt=\"nicaragua travel guide casa de los tres mundos fundacion internacional granada visit the art school\" width=\"1025\" height=\"345\" srcset=\"https:\/\/nicaragua-travel-guide.com\/site\/wp-content\/uploads\/2016\/07\/nicaragua-travel-guide-casa-de-los-tres-mundos-fundacion-internacional-granada-visit-the-art-school.jpg 1025w, https:\/\/nicaragua-travel-guide.com\/site\/wp-content\/uploads\/2016\/07\/nicaragua-travel-guide-casa-de-los-tres-mundos-fundacion-internacional-granada-visit-the-art-school-600x202.jpg 600w\" sizes=\"(max-width: 1025px) 100vw, 1025px\" \/><\/td>\n<\/tr>\n<tr style=\"height: 27px;\">\n<td style=\"height: 27px; width: 795px; background-color: #f2fa07;\" bgcolor=\"#FFFF00\">Para mayor informaci\u00f3n y reservacion <strong>Contactarnos<\/strong><\/td>\n<\/tr>\n<\/tbody>\n<\/table>\n","protected":false},"excerpt":{"rendered":"<p>Fundaci\u00f3n Internacional\u00bbCasa de Los Leones\u00bb Descripci\u00f3n: Caminando desde \u00a0la plaza \u00a0principal: &nbsp; * Plaza de los Leones &#8211; Portal Casa de los Leones * Obelisco de la Independencia (significado e historia) * S\u00edmbolos Nacionales (significado, historia) * La gu\u00eda cantara el himno nacional de Nicaragua. * Museo Convento + Iglesia de San Francisco (canci\u00f3n) *Calle [&hellip;]<\/p>\n","protected":false},"author":2,"featured_media":0,"parent":0,"menu_order":0,"comment_status":"closed","ping_status":"closed","template":"","meta":{"footnotes":""},"_links":{"self":[{"href":"https:\/\/nicaragua-travel-guide.com\/site\/wp-json\/wp\/v2\/pages\/6757"}],"collection":[{"href":"https:\/\/nicaragua-travel-guide.com\/site\/wp-json\/wp\/v2\/pages"}],"about":[{"href":"https:\/\/nicaragua-travel-guide.com\/site\/wp-json\/wp\/v2\/types\/page"}],"author":[{"embeddable":true,"href":"https:\/\/nicaragua-travel-guide.com\/site\/wp-json\/wp\/v2\/users\/2"}],"replies":[{"embeddable":true,"href":"https:\/\/nicaragua-travel-guide.com\/site\/wp-json\/wp\/v2\/comments?post=6757"}],"version-history":[{"count":10,"href":"https:\/\/nicaragua-travel-guide.com\/site\/wp-json\/wp\/v2\/pages\/6757\/revisions"}],"predecessor-version":[{"id":12696,"href":"https:\/\/nicaragua-travel-guide.com\/site\/wp-json\/wp\/v2\/pages\/6757\/revisions\/12696"}],"wp:attachment":[{"href":"https:\/\/nicaragua-travel-guide.com\/site\/wp-json\/wp\/v2\/media?parent=6757"}],"curies":[{"name":"wp","href":"https:\/\/api.w.org\/{rel}","templated":true}]}}