{"id":6762,"date":"2016-07-13T23:37:55","date_gmt":"2016-07-13T23:37:55","guid":{"rendered":"http:\/\/nicaragua-travel-guide.com\/site\/?page_id=6762"},"modified":"2016-08-27T23:17:00","modified_gmt":"2016-08-27T23:17:00","slug":"mariposario-granada-laguna-de-apoyo-visita-guiada","status":"publish","type":"page","link":"https:\/\/nicaragua-travel-guide.com\/site\/mariposario-granada-laguna-de-apoyo-visita-guiada\/","title":{"rendered":"Mariposario \u00abGranada Laguna de Apoyo\u00bb Visita guiada"},"content":{"rendered":"<table style=\"width: 1002px; height: 1585px;\" border=\"0\">\n<tbody>\n<tr style=\"height: 298px;\">\n<td style=\"height: 298px; width: 839px; background-color: #ffffff;\" valign=\"top\" bgcolor=\"#0033FF\"><strong><img loading=\"lazy\" decoding=\"async\" class=\"wp-image-12566 aligncenter\" src=\"http:\/\/nicaragua-travel-guide.com\/site\/wp-content\/uploads\/2016\/07\/nicaragua-travel-guide-granada-mariposario-visita-guiada.jpg\" alt=\"nicaragua travel guide granada mariposario visita guiada\" width=\"1009\" height=\"340\" srcset=\"https:\/\/nicaragua-travel-guide.com\/site\/wp-content\/uploads\/2016\/07\/nicaragua-travel-guide-granada-mariposario-visita-guiada.jpg 1025w, https:\/\/nicaragua-travel-guide.com\/site\/wp-content\/uploads\/2016\/07\/nicaragua-travel-guide-granada-mariposario-visita-guiada-600x202.jpg 600w\" sizes=\"(max-width: 1009px) 100vw, 1009px\" \/><\/strong><\/td>\n<\/tr>\n<tr style=\"height: 7px;\">\n<td style=\"height: 7px; width: 839px; background-color: #f7b314;\" valign=\"top\" bgcolor=\"#0033FF\"><strong>Descripci\u00f3n del Tour:<\/strong><\/td>\n<\/tr>\n<tr style=\"height: 7px;\">\n<td style=\"height: 7px; width: 839px; background-color: #e8f7e4; border-color: #e8f7e4;\" valign=\"top\" bgcolor=\"#0033FF\">Saliendo en propio carro tracci\u00f3n, bus publico, taxi , bicicleta o en moto con la compa\u00f1\u00eda de\u00a0gu\u00eda\u00a0tur\u00edstico\u00a0nacional, hasta llegar al mariposario en un \u00e1rea muy tranquila. Podemos hacer la combinaci\u00f3n para llegar a la Laguna de Apoyo. Llevar agua, y en los caminos bajo el sol se recomienda vertir camisa con mangas largas.<\/td>\n<\/tr>\n<tr style=\"height: 7px;\">\n<td style=\"height: 7px; width: 839px; background-color: #e8f7e4; border-color: #e8f7e4;\" valign=\"top\" bgcolor=\"#0033FF\">\n<table style=\"height: 5px; width: 1002.6666870117188px;\">\n<tbody>\n<tr style=\"height: 138.3333740234375px;\">\n<td style=\"width: 221px; height: 138.3333740234375px; background-color: #ffffff;\">\u00a0<img loading=\"lazy\" decoding=\"async\" class=\"wp-image-12569 aligncenter\" src=\"http:\/\/nicaragua-travel-guide.com\/site\/wp-content\/uploads\/2016\/07\/mariposanegra.jpg\" alt=\"(((ACOMPA\u00d1A CR\u00d3NICA COLOMBIA-MARIPOSAS))) BOG06. CALI (COLOMBIA), 31\/05\/09 .- Vista de dos mariposas este 17 de marzo de 2009, y que hacen parte de las m\u00e1s de 1.000 mariposas que habitan el mariposario interactivo que recrea ecosistemas naturales en el Zool\u00f3gico de Cali (Colombia), y que tiene un fin educativo y de investigaci\u00f3n, con una veintena de especies de mariposas que interact\u00faan con el visitante. Esta iniciativa contribuye a exhibir la biodiversidad del pa\u00eds, una de las m\u00e1s ricas del mundo con cerca de 3.500 tipos de lepid\u00f3pteros frente a los entre 3.500 y 4.000 estimados en Per\u00fa por los investigadores de la naci\u00f3n vecina. EFE\/Carlos Ortega\" width=\"207\" height=\"154\" \/><\/td>\n<td style=\"width: 248px; height: 138.3333740234375px; background-color: #ffffff;\">\u00a0<img loading=\"lazy\" decoding=\"async\" class=\"wp-image-12578 aligncenter\" src=\"http:\/\/nicaragua-travel-guide.com\/site\/wp-content\/uploads\/2016\/07\/mariposadelmombacho-1.jpg\" alt=\"mariposadelmombacho\" width=\"239\" height=\"159\" srcset=\"https:\/\/nicaragua-travel-guide.com\/site\/wp-content\/uploads\/2016\/07\/mariposadelmombacho-1.jpg 275w, https:\/\/nicaragua-travel-guide.com\/site\/wp-content\/uploads\/2016\/07\/mariposadelmombacho-1-180x120.jpg 180w\" sizes=\"(max-width: 239px) 100vw, 239px\" \/><\/td>\n<td style=\"width: 235px; height: 138.3333740234375px; background-color: #ffffff;\">\u00a0<img loading=\"lazy\" decoding=\"async\" class=\"wp-image-12570 aligncenter\" src=\"http:\/\/nicaragua-travel-guide.com\/site\/wp-content\/uploads\/2016\/07\/mariposap.jpg\" alt=\"mariposap\" width=\"219\" height=\"157\" \/><\/td>\n<td style=\"width: 250.66668701171875px; height: 138.3333740234375px; background-color: #ffffff;\">\u00a0<img loading=\"lazy\" decoding=\"async\" class=\"wp-image-12575 aligncenter\" src=\"http:\/\/nicaragua-travel-guide.com\/site\/wp-content\/uploads\/2016\/07\/maripbuho.jpg\" alt=\"maripbuho\" width=\"218\" height=\"163\" \/><\/td>\n<\/tr>\n<\/tbody>\n<\/table>\n<\/td>\n<\/tr>\n<tr style=\"height: 7px;\">\n<td style=\"height: 7px; width: 839px; background-color: #e8f7e4; border-color: #e8f7e4;\" valign=\"top\" bgcolor=\"#0033FF\">La reserva est\u00e1 a s\u00f3lo 20 minutos del centro de Granada, est\u00e1 rodeado de naturaleza en un ambiente calmo y pac\u00edfico. Adem\u00e1s de fijar sus ojos en las coloridas mariposas que revolotean, tambi\u00e9n puede aprender m\u00e1s acerca de esos insectos y hay muchas aves con las que se puede encontrar.<\/td>\n<\/tr>\n<tr style=\"height: 7px;\">\n<td style=\"height: 7px; width: 839px; background-color: #f7b314; border-color: #e8f7e4;\" valign=\"top\" bgcolor=\"#0033FF\"><strong>En el Jard\u00edn de Mariposas<\/strong><\/td>\n<\/tr>\n<tr style=\"height: 7px;\">\n<td style=\"height: 7px; width: 839px; background-color: #e8f7e4; border-color: #e8f7e4;\" valign=\"top\" bgcolor=\"#0033FF\">\n<table style=\"width: 998.6666870117188px;\" border=\"0\">\n<tbody>\n<tr>\n<td style=\"width: 715px; height: 212px; background-color: #e8f7e4;\" bgcolor=\"#FFFFCC\" height=\"212\">El jard\u00edn de mariposas tiene diferentes especies de mariposas. Podemos ver f\u00e1cilmente las grandes y azules mariposas Morpho peleides, as\u00ed como a las mariposas brillantes, anaranjadas, amarillas y blancas.<\/p>\n<p>En la misma propiedad, a unos 2 kil\u00f3metros de caminos podemos disfrutar de la vista panoramica y en sus alrededores encontrar el guardabarranco (el ave nacional), pericos y orioles. Hay tambi\u00e9n muchos otros insectos y si tiene suerte hasta se puede encontrarse con una culebra.<\/td>\n<td style=\"width: 274.66668701171875px; background-color: #ffffff;\"><img loading=\"lazy\" decoding=\"async\" class=\"wp-image-12573 aligncenter\" style=\"font-family: inherit; font-size: inherit; line-height: 1.5;\" src=\"http:\/\/nicaragua-travel-guide.com\/site\/wp-content\/uploads\/2016\/07\/mariparva.jpg\" alt=\"mariparva\" width=\"242\" height=\"181\" \/><\/td>\n<\/tr>\n<\/tbody>\n<\/table>\n<\/td>\n<\/tr>\n<tr style=\"height: 2px;\">\n<td style=\"height: 2px; width: 839px; background-color: #e8f7e4; border-color: #e8f7e4;\" valign=\"top\" bgcolor=\"#0033FF\">\n<table style=\"width: 989px;\" border=\"0\">\n<tbody>\n<tr style=\"height: 218.666748046875px;\">\n<td style=\"background-color: #e8f7e4; width: 520.6666660308838px; height: 218.666748046875px; border-color: #e8f7e4;\" colspan=\"2\" bgcolor=\"#FFFFFF\">Podemos hacer una caminata con un gu\u00eda quien explicara m\u00e1s acerca de los diferentes tipos de mariposas como crecen y sus peculiaridades. La gran variedad de plantas que crecen en la reserva cuidadosamente seleccionadas no s\u00f3lo funcionan como planta hospederas que dan alojamiento a los huevos de las mariposas, tambien sirven de alimento para larvas y tambi\u00e9n enriquecen el entorno y lo hace un lugar m\u00e1s colorido y amigable para.<\/p>\n<p>Los gu\u00edas tambi\u00e9n le pueden decir m\u00e1s acerca del trabajo que se hace fuera del jard\u00edn de mariposas, as\u00ed como de las actividades econ\u00f3micas y el turismo sostenible de la poblaci\u00f3n<\/td>\n<td style=\"height: 218.666748046875px; width: 246.66668701171875px; background-color: #ffffff;\"><img loading=\"lazy\" decoding=\"async\" class=\"wp-image-12571 aligncenter\" src=\"http:\/\/nicaragua-travel-guide.com\/site\/wp-content\/uploads\/2016\/07\/mariposatransparente-1.jpg\" alt=\"mariposatransparente\" width=\"238\" height=\"158\" srcset=\"https:\/\/nicaragua-travel-guide.com\/site\/wp-content\/uploads\/2016\/07\/mariposatransparente-1.jpg 275w, https:\/\/nicaragua-travel-guide.com\/site\/wp-content\/uploads\/2016\/07\/mariposatransparente-1-180x120.jpg 180w\" sizes=\"(max-width: 238px) 100vw, 238px\" \/><\/td>\n<td style=\"height: 218.666748046875px; width: 216.33331298828125px; background-color: #ffffff;\"><img loading=\"lazy\" decoding=\"async\" class=\" wp-image-12579 aligncenter\" style=\"font-family: inherit; font-size: inherit; line-height: 1.5;\" src=\"http:\/\/nicaragua-travel-guide.com\/site\/wp-content\/uploads\/2016\/07\/mariposamariya.jpg.bmp\" alt=\"mariposamariya.jpg\" width=\"218\" height=\"163\" \/><\/td>\n<\/tr>\n<\/tbody>\n<\/table>\n<\/td>\n<\/tr>\n<tr style=\"height: 7px;\">\n<td style=\"height: 7px; width: 839px; background-color: #e8f7e4; border-color: #e8f7e4;\" valign=\"top\" bgcolor=\"#0033FF\">\n<table style=\"width: 989px;\" border=\"0\">\n<tbody>\n<tr style=\"height: 159px;\">\n<td style=\"height: 159px; width: 1126.6666870117188px; background-color: #e8f7e4; border-color: #e8f7e4;\" valign=\"top\">El mariposario sirve como un lugar perfecto para estudios de mariposas, tanto para investigadores como para estudiantes. Las mariposas est\u00e1n concentrados bajo de un techo y pueden ser observados f\u00e1cilmente. Los visitantes pueden tomar ventaja y hacer acercamientos fot\u00f3graficos de mariposas que ser\u00edan dif\u00edciles en otras circunstancias.<\/p>\n<p>Este tour se puede hacer cualquier dia menos el domingo abierto desde las 8AM hasta las 4PM<\/td>\n<td style=\"height: 159px; width: 391.33331298828125px; background-color: #e8f7e4; border-color: #e8f7e4;\" align=\"right\">\u00a0<img loading=\"lazy\" decoding=\"async\" class=\"wp-image-12577 alignnone\" src=\"http:\/\/nicaragua-travel-guide.com\/site\/wp-content\/uploads\/2016\/07\/mariposacopula.jpg\" alt=\"mariposacopula\" width=\"236\" height=\"183\" \/><\/td>\n<\/tr>\n<\/tbody>\n<\/table>\n<\/td>\n<\/tr>\n<tr style=\"height: 7px;\">\n<td style=\"height: 7px; width: 839px; background-color: #29a607;\" valign=\"top\" bgcolor=\"#0033FF\">Ver servicio <strong>de transporte \u00a0 \u00a0 \u00a0 \u00a0 \u00a0 \u00a0 \u00a0 \u00a0 \u00a0 \u00a0 \u00a0 \u00a0 \u00a0 \u00a0 \u00a0 \u00a0 \u00a0 \u00a0 \u00a0 \u00a0 \u00a0 \u00a0 \u00a0 \u00a0 \u00a0 \u00a0 \u00a0 \u00a0 \u00a0 \u00a0 \u00a0 \u00a0 \u00a0 Por mayor\u00a0informaci\u00f3n\u00a0y reservacion <b>Contactarnos<\/b><\/strong><\/td>\n<\/tr>\n<\/tbody>\n<\/table>\n","protected":false},"excerpt":{"rendered":"<p>Descripci\u00f3n del Tour: Saliendo en propio carro tracci\u00f3n, bus publico, taxi , bicicleta o en moto con la compa\u00f1\u00eda de\u00a0gu\u00eda\u00a0tur\u00edstico\u00a0nacional, hasta llegar al mariposario en un \u00e1rea muy tranquila. Podemos hacer la combinaci\u00f3n para llegar a la Laguna de Apoyo. Llevar agua, y en los caminos bajo el sol se recomienda vertir camisa con mangas [&hellip;]<\/p>\n","protected":false},"author":2,"featured_media":0,"parent":0,"menu_order":0,"comment_status":"closed","ping_status":"closed","template":"","meta":{"footnotes":""},"_links":{"self":[{"href":"https:\/\/nicaragua-travel-guide.com\/site\/wp-json\/wp\/v2\/pages\/6762"}],"collection":[{"href":"https:\/\/nicaragua-travel-guide.com\/site\/wp-json\/wp\/v2\/pages"}],"about":[{"href":"https:\/\/nicaragua-travel-guide.com\/site\/wp-json\/wp\/v2\/types\/page"}],"author":[{"embeddable":true,"href":"https:\/\/nicaragua-travel-guide.com\/site\/wp-json\/wp\/v2\/users\/2"}],"replies":[{"embeddable":true,"href":"https:\/\/nicaragua-travel-guide.com\/site\/wp-json\/wp\/v2\/comments?post=6762"}],"version-history":[{"count":22,"href":"https:\/\/nicaragua-travel-guide.com\/site\/wp-json\/wp\/v2\/pages\/6762\/revisions"}],"predecessor-version":[{"id":12597,"href":"https:\/\/nicaragua-travel-guide.com\/site\/wp-json\/wp\/v2\/pages\/6762\/revisions\/12597"}],"wp:attachment":[{"href":"https:\/\/nicaragua-travel-guide.com\/site\/wp-json\/wp\/v2\/media?parent=6762"}],"curies":[{"name":"wp","href":"https:\/\/api.w.org\/{rel}","templated":true}]}}