{"id":6768,"date":"2016-07-14T18:35:52","date_gmt":"2016-07-14T18:35:52","guid":{"rendered":"http:\/\/nicaragua-travel-guide.com\/site\/?page_id=6768"},"modified":"2016-07-14T18:35:52","modified_gmt":"2016-07-14T18:35:52","slug":"granada-city-tour-fortaleza-la-polvora-visita-guiada","status":"publish","type":"page","link":"https:\/\/nicaragua-travel-guide.com\/site\/granada-city-tour-fortaleza-la-polvora-visita-guiada\/","title":{"rendered":"Granada City tour \u00abFortaleza la Polvora\u00bb visita guiada"},"content":{"rendered":"<table border=\"0\" width=\"1017\">\n<tbody>\n<tr>\n<td valign=\"top\" bgcolor=\"#FFFFFF\" width=\"1011\" height=\"396\">\n<table border=\"0\" width=\"1014\">\n<tbody>\n<tr>\n<td colspan=\"2\" bgcolor=\"#660000\">Tour a la Casa Almacen de P\u00f3lvora \u00abLa Fortaleza\u00bb<\/td>\n<\/tr>\n<tr>\n<td rowspan=\"2\" valign=\"top\" width=\"446\">Descripci\u00f3n<\/p>\n<p>El Fuerte La P\u00f3lvora est\u00e1 localizado al comienzo de la Calle Real. Desde aqu\u00ed, hay una vista espectacular, no s\u00f3lo de la ciudad de Granada, sino que tambi\u00e9n del Lago de Nicaragua y del Volc\u00e1n Mombacho.<\/p>\n<p>La Fortaleza fue construida en 1748 como suplidora de p\u00f3lvora desde la fortaleza El Castillo, localizada a las orillas del R\u00edo San Juan para detener el paso de piratas, hab\u00eda problemas para conservar la p\u00f3lvora debido a la humedad. Para guardar y proteger la p\u00f3lvora se construy\u00f3 el Fuerte La P\u00f3lvora en Granada. Luego el fuerte fue ocupado para acomodar a las tropas y como prisi\u00f3n.<\/td>\n<td valign=\"top\" bgcolor=\"#FFFFFF\" width=\"558\">\n<table border=\"0\" width=\"484\">\n<tbody>\n<tr>\n<td><img loading=\"lazy\" decoding=\"async\" src=\"http:\/\/www.nicaragua-travel-guide.com\/imangenestres\/grandafortalezalapolvora.jpg\" width=\"299\" height=\"267\" \/><\/td>\n<td><img loading=\"lazy\" decoding=\"async\" src=\"http:\/\/www.nicaragua-travel-guide.com\/imangenestres\/granadafortalezalapolvora.jpg\" width=\"249\" height=\"266\" \/><\/td>\n<\/tr>\n<\/tbody>\n<\/table>\n<\/td>\n<\/tr>\n<tr>\n<td valign=\"top\" bgcolor=\"#FFFF00\">Hoy en d\u00eda, las paredes y las torres de la fortaleza siguen en pie. Algunos barriles viejos y hasta un ca\u00f1\u00f3n todav\u00eda permanecen aqu\u00ed.<\/td>\n<\/tr>\n<tr>\n<td colspan=\"2\" bgcolor=\"#660000\">Por mayor informacion y reservacion Contactarnos<\/td>\n<\/tr>\n<\/tbody>\n<\/table>\n<\/td>\n<\/tr>\n<\/tbody>\n<\/table>\n","protected":false},"excerpt":{"rendered":"<p>Tour a la Casa Almacen de P\u00f3lvora \u00abLa Fortaleza\u00bb Descripci\u00f3n El Fuerte La P\u00f3lvora est\u00e1 localizado al comienzo de la Calle Real. Desde aqu\u00ed, hay una vista espectacular, no s\u00f3lo de la ciudad de Granada, sino que tambi\u00e9n del Lago de Nicaragua y del Volc\u00e1n Mombacho. La Fortaleza fue construida en 1748 como suplidora de [&hellip;]<\/p>\n","protected":false},"author":2,"featured_media":0,"parent":0,"menu_order":0,"comment_status":"closed","ping_status":"closed","template":"","meta":{"footnotes":""},"_links":{"self":[{"href":"https:\/\/nicaragua-travel-guide.com\/site\/wp-json\/wp\/v2\/pages\/6768"}],"collection":[{"href":"https:\/\/nicaragua-travel-guide.com\/site\/wp-json\/wp\/v2\/pages"}],"about":[{"href":"https:\/\/nicaragua-travel-guide.com\/site\/wp-json\/wp\/v2\/types\/page"}],"author":[{"embeddable":true,"href":"https:\/\/nicaragua-travel-guide.com\/site\/wp-json\/wp\/v2\/users\/2"}],"replies":[{"embeddable":true,"href":"https:\/\/nicaragua-travel-guide.com\/site\/wp-json\/wp\/v2\/comments?post=6768"}],"version-history":[{"count":1,"href":"https:\/\/nicaragua-travel-guide.com\/site\/wp-json\/wp\/v2\/pages\/6768\/revisions"}],"predecessor-version":[{"id":6769,"href":"https:\/\/nicaragua-travel-guide.com\/site\/wp-json\/wp\/v2\/pages\/6768\/revisions\/6769"}],"wp:attachment":[{"href":"https:\/\/nicaragua-travel-guide.com\/site\/wp-json\/wp\/v2\/media?parent=6768"}],"curies":[{"name":"wp","href":"https:\/\/api.w.org\/{rel}","templated":true}]}}