{"id":6772,"date":"2016-07-14T18:40:40","date_gmt":"2016-07-14T18:40:40","guid":{"rendered":"http:\/\/nicaragua-travel-guide.com\/site\/?page_id=6772"},"modified":"2016-08-24T17:17:46","modified_gmt":"2016-08-24T17:17:46","slug":"turismo-rural-comunitario-visita-guiada-isla-de-zapatera-sitio-arqueologico-y-parque-nacional","status":"publish","type":"page","link":"https:\/\/nicaragua-travel-guide.com\/site\/turismo-rural-comunitario-visita-guiada-isla-de-zapatera-sitio-arqueologico-y-parque-nacional\/","title":{"rendered":"Turismo rural Comunitario Visita guiada \u00abIsla de Zapatera\u00bb Sitio Arqueologico y Parque Nacional"},"content":{"rendered":"<p>&nbsp;<\/p>\n<table style=\"width: 860.6666870117188px;\" border=\"0\">\n<tbody>\n<tr style=\"height: 9px;\">\n<td style=\"height: 9px; width: 748.6666870117188px;\" bgcolor=\"#99FF00\"><img loading=\"lazy\" decoding=\"async\" class=\"wp-image-12260 aligncenter\" src=\"http:\/\/nicaragua-travel-guide.com\/site\/wp-content\/uploads\/2016\/07\/granada-turismo-rural-comunitario-isla-de-zapatera-sitio-arqueologico-parque-nacional.jpg\" alt=\"granada turismo rural comunitario isla de zapatera sitio arqueologico parque nacional\" width=\"1012\" height=\"354\" \/><\/td>\n<\/tr>\n<tr style=\"height: 22px;\">\n<td style=\"height: 22px; width: 748.6666870117188px;\" bgcolor=\"#009900\"><strong>Isla de Zapatera &#8211; Turismo Rural Comunitario<\/strong><\/td>\n<\/tr>\n<tr style=\"height: 22px;\">\n<td style=\"height: 22px; width: 748.6666870117188px;\" bgcolor=\"#99FF00\">La Oferta Tur\u00edstica Actual:<\/td>\n<\/tr>\n<tr style=\"height: 205px;\">\n<td style=\"height: 205px; width: 748.6666870117188px;\" valign=\"top\" bgcolor=\"#99CC00\">\n<h2>Hoy en d\u00eda la Isla de Zapatera tiene una peque\u00f1a infraestructura tur\u00edstica para la recepci\u00f3n y atenci\u00f3n de visitantes, y en la zona se pueden realizar varias actividades interesantes que involucran caminatas por las zonas arqueol\u00f3gicas, excursiones a las zonas boscosas y pesca en sus tranquilas aguas.<\/h2>\n<p>Existen dos opciones de albergue y alimentaci\u00f3n, cada una con diferente tipo de oferta y comodidad. Una de ellas es un albergue rural ubicado en la zona de Sonzapote y manejado por la cooperativa local de campesinos. Las comodidades no son grandes pero los precios son muy accesibles. La segunda es el <strong><a href=\"http:\/\/nicaragua-travel-guide.com\/site\/isla-de-zapatera-hotel-casa-hacienda-santa-maria-visita-guiada\/\">Hotel Casa Hacienda de la finca Santa Mar\u00eda<\/a><\/strong>, ubicada en la zona de la bah\u00eda del mismo nombre, en donde hay mejores comodidades pero los precios son mayores. Los ambientes son distintos, pero ambos agradables, y los dos locales ofrecen actividades a realizarse en la zona.<\/td>\n<\/tr>\n<tr style=\"height: 5px;\">\n<td style=\"height: 5px; text-align: center; width: 748.6666870117188px;\" bgcolor=\"#99FF33\"><\/td>\n<\/tr>\n<tr style=\"height: 214px;\">\n<td style=\"height: 214px; width: 748.6666870117188px;\" bgcolor=\"#99CC00\">Debe tomarse en cuenta que en la isla no hay servicio de electricidad ni agua potable, ni establecimientos donde comprar suministros variados. Si se va a visitar la isla, debe tenerse en mente llevar consigo los elementos que le sean b\u00e1sicos para excursiones a sitios remotos. Los albergues en la isla ofrecen alimentaci\u00f3n y agua purificada (adem\u00e1s de energ\u00eda con sistemas de generador o paneles solares), pero puede ser recomendable llevar algunos suministros extras.<\/p>\n<p>Zapatera posee una atm\u00f3sfera que invita a la tranquilidad. Las vistas hacia el lago y tierra firme son espectaculares desde algunos puntos, pues se puede observar el volc\u00e1n Mombacho, las isletas, Ometepe, algunas islas chontale\u00f1as y la amplia costa del Lago de Nicaragua; los atardeceres son espectaculares. Adem\u00e1s, el car\u00e1cter silvestre y despoblado ofrece una serenidad muy relajante.<\/td>\n<\/tr>\n<tr style=\"height: 22px;\">\n<td style=\"height: 22px; width: 748.6666870117188px;\" bgcolor=\"#99FF00\">Algunas de las actividades que se pueden realizar en Zapatera:<\/td>\n<\/tr>\n<tr style=\"height: 22px;\">\n<td style=\"height: 22px; width: 748.6666870117188px;\" bgcolor=\"#009900\"><strong>Visita a los sitios arqueol\u00f3gicos<\/strong><\/td>\n<\/tr>\n<tr style=\"height: 118px;\">\n<td style=\"height: 118px; width: 748.6666870117188px;\" bgcolor=\"#99FF00\">Varios de los puntos de hallazgos arqueol\u00f3gicos pueden ser visitados con facilidad en la isla. En el \u00e1rea de Sonzapote, el sitio mismo alberg\u00f3 a gran parte de la estatuaria de la isla, y a\u00fan se pueden apreciar muchos interesantes petroglifos al rededor del albergue. Desde la hacienda Santa Mar\u00eda se puede visitar a pie o a caballo otro punto de petroglifos en la zona conocida como \u201cPunta de las Figuras\u201d, y tambi\u00e9n una enorme piedra llena de grabados (que lamentablemente se est\u00e1 deteriorando); adem\u00e1s, desde aqu\u00ed ofrecen un tour a la Isla El Muerto. Leer m\u00e1s \u00bb<\/td>\n<\/tr>\n<tr style=\"height: 153px;\">\n<td style=\"height: 153px; width: 748.6666870117188px;\" bgcolor=\"#99CC00\">\n<table style=\"width: 913px;\" border=\"0\">\n<tbody>\n<tr>\n<td style=\"width: 507px;\" bgcolor=\"#99CC00\">\n<img loading=\"lazy\" decoding=\"async\" class=\"wp-image-12262 aligncenter\" src=\"http:\/\/nicaragua-travel-guide.com\/site\/wp-content\/uploads\/2016\/07\/ruralcomunitariozapateramontarcaballo.jpg\" alt=\"ruralcomunitariozapateramontarcaballo\" width=\"376\" height=\"210\" \/><\/td>\n<td style=\"width: 166px;\" bgcolor=\"#99CC00\">&nbsp;<\/p>\n<p><img loading=\"lazy\" decoding=\"async\" class=\"alignnone wp-image-12261\" style=\"text-align: start;\" src=\"http:\/\/nicaragua-travel-guide.com\/site\/wp-content\/uploads\/2016\/07\/ruralcomunitarioisladzapaterapetroglifos.jpg\" alt=\"ruralcomunitarioisladzapaterapetroglifos\" width=\"143\" height=\"215\" \/><\/td>\n<td style=\"width: 329px;\" bgcolor=\"#99CC00\">&nbsp;<\/p>\n<p><img loading=\"lazy\" decoding=\"async\" class=\"wp-image-12263 aligncenter\" style=\"text-align: start;\" src=\"http:\/\/nicaragua-travel-guide.com\/site\/wp-content\/uploads\/2016\/07\/ruralcomunitisladezapateraidolos.jpg\" alt=\"ruralcomunitisladezapateraidolos\" width=\"246\" height=\"222\" \/><\/td>\n<\/tr>\n<\/tbody>\n<\/table>\n<\/td>\n<\/tr>\n<tr style=\"height: 22px;\">\n<td style=\"height: 22px; width: 748.6666870117188px;\" bgcolor=\"#99FF33\"><strong>Excursiones a las zonas boscosas<\/strong>:<\/td>\n<\/tr>\n<tr style=\"height: 254px;\">\n<td style=\"height: 254px; width: 748.6666870117188px;\" bgcolor=\"#99CC00\">El Cerro Zapatera (el m\u00e1s grande de la isla) es inmenso y alberga una interesante flora y fauna silvestre, adem\u00e1s de aislados petroglifos; \u00e9ste puede ser escalado desde ambos albergues, y representa la aventura de mayor esfuerzo para los visitantes, pues involucra varias horas de caminata en ascenso. Desde Sonzapote tambi\u00e9n se puede visitar el Cerrito Las Banderas, que significa un menor desaf\u00edo, pero que tiene como punto interesante un peque\u00f1o mirador desde donde se observa la Isla de Ometepe en d\u00edas con cielo bastante despejado.<\/p>\n<p>Desde Santa Mar\u00eda tambi\u00e9n se puede hacer un descenso a la Laguna Zapatera, ubicada muy cerca de la Punta de las Figuras.<\/p>\n<ul>\n<li><a href=\"http:\/\/nicaragua-travel-guide.com\/site\/tour-escalando-el-cerro-de-la-isla-de-zapatera-guiado\/\"><b>Tour escalando el Cerro de la Isla de Zapatera<\/b><\/a><\/li>\n<li><a href=\"http:\/\/nicaragua-travel-guide.com\/site\/isla-de-zapatera-visita-guiada-escalando-el-cerro-las-banderas\/\">Tour escalando \u00a0del Cerro Banderas de la Isla de Zapatera<\/a><\/li>\n<\/ul>\n<\/td>\n<\/tr>\n<tr style=\"height: 22px;\">\n<td style=\"height: 22px; width: 748.6666870117188px;\" bgcolor=\"#99FF00\"><strong>Pesca con atarraya en el lago<\/strong>: una actividad interesante es la de salir a navegar<\/td>\n<\/tr>\n<tr style=\"height: 70px;\">\n<td style=\"height: 70px; width: 748.6666870117188px;\" bgcolor=\"#99CC00\">Desde la Comunidad de Sonzapote ofrecemos el tour para salir cerca de la costa en bote y practicar un poco de <a href=\"http:\/\/nicaragua-travel-guide.com\/site\/pesca-con-atarraya-en-isla-de-zapatera-tour-guiado\/\">Pesca con atarraya en la Isla de Zapatera <\/a>. Las costas de Zapatera son abundantes en peces, y si elegimos salir desde la <a href=\"http:\/\/nicaragua-travel-guide.com\/site\/isla-de-zapatera-hotel-casa-hacienda-santa-maria-visita-guiada\/\">Hacienda Santa Mar\u00eda<\/a> la oferta es similar pero con ca\u00f1a y anzuelos.<\/td>\n<\/tr>\n<tr style=\"height: 22px;\">\n<td style=\"height: 22px; width: 748.6666870117188px;\" bgcolor=\"#99FF00\">Informaci\u00f3n Pr\u00e1ctica:<\/td>\n<\/tr>\n<tr style=\"height: 374px;\">\n<td style=\"height: 374px; width: 748.6666870117188px;\" bgcolor=\"#99CC00\">No hay servicio de transporte p\u00fablico a la Isla Zapatera, por lo que la \u00fanica forma de llegar es contactando a los albergues que tienen a disposici\u00f3n lanchas para hacer el viaje de ida y vuelta. Aunque Zapatera est\u00e1 muy cerca de la costa, en el municipio de Nandaime, el tr\u00e1fico acu\u00e1tico con tierra firme se realiza hacia el puerto de Asese, en la ciudad de Granada. Toma poco entre media hora y poco m\u00e1s de una hora, seg\u00fan la potencia del motor, pero el viaje en s\u00ed es interesante pues se recorre las isletas, se observa al imponente volc\u00e1n Mombacho, y acercarse gradualmente a la monta\u00f1osa Zapatera es un espect\u00e1culo atractivo. Tambi\u00e9n se puede preguntar por un viaje privado a las lanchas que ofrecen toures en las isletas, pero el precio puede ser bastante elevado.<\/p>\n<p>Por su cercan\u00eda a otros destinos de importancia y otros menos conocidos, una visita a la isla puede tambi\u00e9n ser tomada en cuenta cuando se explore la regi\u00f3n de Granada. Adem\u00e1s de su proximidad a la ciudad colonial, las isletas y el Mombacho, otros destinos interesantes a\u00fan m\u00e1s cercanos son las reservas silvestres privadas de Domitila y El Congo, las lagunas del Mombacho (conocidas como Lagunas de Mecatepe) y el r\u00edo Manares.<\/p>\n<p>A pesar de las pocas comodidades, a pesar del saqueo de maderas y piezas arqueol\u00f3gicas y a pesar de la poca atenci\u00f3n por parte de las autoridades locales y nacionales, el Archipi\u00e9lago de Zapatera constituye un destino de enorme atractivo, y visitarla es una aventura que vale la pena realizar.<\/td>\n<\/tr>\n<tr style=\"height: 25px;\">\n<td style=\"height: 25px; width: 748.6666870117188px;\" valign=\"top\" bgcolor=\"#009900\">Por mayor informaci\u00f3n y reservacion <strong>Contactarnos<\/strong><\/td>\n<\/tr>\n<\/tbody>\n<\/table>\n","protected":false},"excerpt":{"rendered":"<p>&nbsp; Isla de Zapatera &#8211; Turismo Rural Comunitario La Oferta Tur\u00edstica Actual: Hoy en d\u00eda la Isla de Zapatera tiene una peque\u00f1a infraestructura tur\u00edstica para la recepci\u00f3n y atenci\u00f3n de visitantes, y en la zona se pueden realizar varias actividades interesantes que involucran caminatas por las zonas arqueol\u00f3gicas, excursiones a las zonas boscosas y pesca [&hellip;]<\/p>\n","protected":false},"author":2,"featured_media":0,"parent":0,"menu_order":0,"comment_status":"closed","ping_status":"closed","template":"","meta":{"footnotes":""},"_links":{"self":[{"href":"https:\/\/nicaragua-travel-guide.com\/site\/wp-json\/wp\/v2\/pages\/6772"}],"collection":[{"href":"https:\/\/nicaragua-travel-guide.com\/site\/wp-json\/wp\/v2\/pages"}],"about":[{"href":"https:\/\/nicaragua-travel-guide.com\/site\/wp-json\/wp\/v2\/types\/page"}],"author":[{"embeddable":true,"href":"https:\/\/nicaragua-travel-guide.com\/site\/wp-json\/wp\/v2\/users\/2"}],"replies":[{"embeddable":true,"href":"https:\/\/nicaragua-travel-guide.com\/site\/wp-json\/wp\/v2\/comments?post=6772"}],"version-history":[{"count":13,"href":"https:\/\/nicaragua-travel-guide.com\/site\/wp-json\/wp\/v2\/pages\/6772\/revisions"}],"predecessor-version":[{"id":12268,"href":"https:\/\/nicaragua-travel-guide.com\/site\/wp-json\/wp\/v2\/pages\/6772\/revisions\/12268"}],"wp:attachment":[{"href":"https:\/\/nicaragua-travel-guide.com\/site\/wp-json\/wp\/v2\/media?parent=6772"}],"curies":[{"name":"wp","href":"https:\/\/api.w.org\/{rel}","templated":true}]}}