{"id":6775,"date":"2016-07-14T18:44:57","date_gmt":"2016-07-14T18:44:57","guid":{"rendered":"http:\/\/nicaragua-travel-guide.com\/site\/?page_id=6775"},"modified":"2016-08-24T18:40:23","modified_gmt":"2016-08-24T18:40:23","slug":"pesca-con-atarraya-en-isla-de-zapatera-tour-guiado","status":"publish","type":"page","link":"https:\/\/nicaragua-travel-guide.com\/site\/pesca-con-atarraya-en-isla-de-zapatera-tour-guiado\/","title":{"rendered":"Pesca con atarraya en \u00abIsla de Zapatera\u00bb Tour guiado"},"content":{"rendered":"<table style=\"line-height: 1.5; width: 998px;\" border=\"0\">\n<tbody>\n<tr style=\"height: 21px;\">\n<td style=\"height: 21px; width: 987.3333129882813px;\" valign=\"top\" bgcolor=\"#006600\"><strong><img loading=\"lazy\" decoding=\"async\" class=\"wp-image-12260 aligncenter\" src=\"http:\/\/nicaragua-travel-guide.com\/site\/wp-content\/uploads\/2016\/07\/granada-turismo-rural-comunitario-isla-de-zapatera-sitio-arqueologico-parque-nacional.jpg\" alt=\"granada turismo rural comunitario isla de zapatera sitio arqueologico parque nacional\" width=\"997\" height=\"349\" \/><\/strong><\/td>\n<\/tr>\n<tr style=\"height: 21px;\">\n<td style=\"height: 21px; background-color: #88bf4d; width: 987.3333129882813px;\" valign=\"top\" bgcolor=\"#006600\"><strong>Tour de Pesca con Atarraya en la Isla de Zapatera<\/strong><\/td>\n<\/tr>\n<tr style=\"height: 21px;\">\n<td style=\"height: 21px; background-color: #c8eda1; width: 987.3333129882813px;\" valign=\"top\" bgcolor=\"#006600\"><strong>Descripci\u00f3n:<\/strong><\/p>\n<p>Los visitantes de la isla Zapatera tienen la opci\u00f3n de practicar un poco de pesca artesanal en las costas del \u00e1rea de Sonzapote, y en la bah\u00eda del mismo nombre. Los grupos son llevados en botes, equipados con atarraya (red artesanal), y son instruidos en el lanzamiento y recolecci\u00f3n de la misma. Los acompa\u00f1antes e instructores son habitantes de la comunidad local, expertos en este tipo de pesca por ser para ellos una actividad cotidiana.<\/p>\n<p>&nbsp;<\/p>\n<p>Generalmente las pescas son buenas, y los pescadores siempre logran capturar mojarras (y algunas veces guapotes), disfrutando como punto extra de la calma de las aguas costeras de Zapatera y del entorno natural de la zona. Esta actividad tiene una duraci\u00f3n aproximada de 3 horas o menos, seg\u00fan lo exijan los visitantes.<\/p>\n<p>&nbsp;<\/p>\n<p>En la zona tambi\u00e9n se puede realizar tres otras actividades ofrecidas por la comunidad de Sonzapote, como son el <a href=\"http:\/\/nicaragua-travel-guide.com\/site\/isla-de-zapatera-sendero-de-los-petroglifos-visita-guiada\/\">Sendero de los Petroglifos<\/a>, la escalada del cerrito <a href=\"http:\/\/nicaragua-travel-guide.com\/site\/isla-de-zapatera-visita-guiada-escalando-el-cerro-las-banderas\/\">Las Banderas<\/a> y la <a href=\"http:\/\/nicaragua-travel-guide.com\/site\/tour-escalando-el-cerro-de-la-isla-de-zapatera-guiado\/\">escalada del Cerro Zapatera .<\/a><\/p>\n<p>&nbsp;<\/p>\n<p>&nbsp;<\/p>\n<p><strong>Precio: U$ 65 p\/p<\/strong> \u00a0 \u00a0 \u00a0 \u00a0 \u00a0 \u00a0 \u00a0 \u00a0 \u00a0 \u00a0 \u00a0 \u00a0m\u00ednimo 4 person<\/td>\n<\/tr>\n<tr style=\"height: 5px;\">\n<td style=\"height: 5px; background-color: #dbdbdb; width: 987.3333129882813px;\" valign=\"top\" bgcolor=\"#006600\">\n<table style=\"height: 31px;\" width=\"985\">\n<tbody>\n<tr>\n<td style=\"width: 483.3333435058594px;\"><img loading=\"lazy\" decoding=\"async\" class=\"wp-image-10552 aligncenter\" style=\"font-family: inherit; font-size: inherit; line-height: 1.5;\" src=\"http:\/\/nicaragua-travel-guide.com\/site\/wp-content\/uploads\/2016\/06\/isletas-de-granada-pesca-en-bote-de-remo-1.jpg\" alt=\"isletas de granada pesca en bote de remo\" width=\"330\" height=\"249\" \/><\/td>\n<td style=\"width: 484.6666564941406px;\"><img loading=\"lazy\" decoding=\"async\" class=\"wp-image-11982 aligncenter\" style=\"background-color: #ffffff;\" src=\"http:\/\/nicaragua-travel-guide.com\/site\/wp-content\/uploads\/2016\/07\/pescaencharcomuerto.jpg\" alt=\"pescaencharcomuerto\" width=\"343\" height=\"257\" srcset=\"https:\/\/nicaragua-travel-guide.com\/site\/wp-content\/uploads\/2016\/07\/pescaencharcomuerto.jpg 3456w, https:\/\/nicaragua-travel-guide.com\/site\/wp-content\/uploads\/2016\/07\/pescaencharcomuerto-600x450.jpg 600w\" sizes=\"(max-width: 343px) 100vw, 343px\" \/><\/td>\n<\/tr>\n<\/tbody>\n<\/table>\n<\/td>\n<\/tr>\n<tr style=\"height: 23px;\">\n<td style=\"height: 23px; width: 987.3333129882813px; background-color: #c8eda1; text-align: center;\" align=\"right\" valign=\"top\" bgcolor=\"#99CC00\">Por mayor\u00a0informaci\u00f3n\u00a0y reservacion \u00a0<strong>Contactarnos<\/strong><\/td>\n<\/tr>\n<\/tbody>\n<\/table>\n<p>&nbsp;<\/p>\n","protected":false},"excerpt":{"rendered":"<p>Tour de Pesca con Atarraya en la Isla de Zapatera Descripci\u00f3n: Los visitantes de la isla Zapatera tienen la opci\u00f3n de practicar un poco de pesca artesanal en las costas del \u00e1rea de Sonzapote, y en la bah\u00eda del mismo nombre. Los grupos son llevados en botes, equipados con atarraya (red artesanal), y son instruidos [&hellip;]<\/p>\n","protected":false},"author":2,"featured_media":0,"parent":0,"menu_order":0,"comment_status":"closed","ping_status":"closed","template":"","meta":{"footnotes":""},"_links":{"self":[{"href":"https:\/\/nicaragua-travel-guide.com\/site\/wp-json\/wp\/v2\/pages\/6775"}],"collection":[{"href":"https:\/\/nicaragua-travel-guide.com\/site\/wp-json\/wp\/v2\/pages"}],"about":[{"href":"https:\/\/nicaragua-travel-guide.com\/site\/wp-json\/wp\/v2\/types\/page"}],"author":[{"embeddable":true,"href":"https:\/\/nicaragua-travel-guide.com\/site\/wp-json\/wp\/v2\/users\/2"}],"replies":[{"embeddable":true,"href":"https:\/\/nicaragua-travel-guide.com\/site\/wp-json\/wp\/v2\/comments?post=6775"}],"version-history":[{"count":13,"href":"https:\/\/nicaragua-travel-guide.com\/site\/wp-json\/wp\/v2\/pages\/6775\/revisions"}],"predecessor-version":[{"id":12283,"href":"https:\/\/nicaragua-travel-guide.com\/site\/wp-json\/wp\/v2\/pages\/6775\/revisions\/12283"}],"wp:attachment":[{"href":"https:\/\/nicaragua-travel-guide.com\/site\/wp-json\/wp\/v2\/media?parent=6775"}],"curies":[{"name":"wp","href":"https:\/\/api.w.org\/{rel}","templated":true}]}}