{"id":6781,"date":"2016-07-14T18:53:58","date_gmt":"2016-07-14T18:53:58","guid":{"rendered":"http:\/\/nicaragua-travel-guide.com\/site\/?page_id=6781"},"modified":"2016-08-24T17:44:23","modified_gmt":"2016-08-24T17:44:23","slug":"isla-de-zapatera-visita-guiada-escalando-el-cerro-las-banderas","status":"publish","type":"page","link":"https:\/\/nicaragua-travel-guide.com\/site\/isla-de-zapatera-visita-guiada-escalando-el-cerro-las-banderas\/","title":{"rendered":"Isla de Zapatera Visita guiada \u00abEscalando el cerro las banderas\u00bb"},"content":{"rendered":"<table style=\"width: 946.6666870117188px;\" border=\"0\">\n<tbody>\n<tr style=\"height: 22px;\">\n<td style=\"height: 22px; width: 20px;\" colspan=\"2\" bgcolor=\"#009999\"><strong><img loading=\"lazy\" decoding=\"async\" class=\"wp-image-12260 aligncenter\" src=\"http:\/\/nicaragua-travel-guide.com\/site\/wp-content\/uploads\/2016\/07\/granada-turismo-rural-comunitario-isla-de-zapatera-sitio-arqueologico-parque-nacional.jpg\" alt=\"granada turismo rural comunitario isla de zapatera sitio arqueologico parque nacional\" width=\"997\" height=\"349\" \/><\/strong><\/td>\n<\/tr>\n<tr style=\"height: 22px;\">\n<td style=\"height: 22px; width: 20px;\" colspan=\"2\" bgcolor=\"#009999\"><strong>Escalando el cerro las banderas en la isla de Zapatera \/ \u00a0guiado<\/strong><\/td>\n<\/tr>\n<tr style=\"height: 13.666667938232422px;\">\n<td style=\"height: 13.666667938232422px; width: 20px;\" colspan=\"2\" bgcolor=\"#FFFFFF\">Descripci\u00f3n:<\/td>\n<\/tr>\n<tr style=\"height: 6px;\">\n<td style=\"height: 6px; width: 20px;\" colspan=\"2\" bgcolor=\"#009999\">\n<table style=\"height: 75px; width: 997.3333740234375px;\">\n<tbody>\n<tr style=\"height: 250px;\">\n<td style=\"width: 953px; height: 533px;\" rowspan=\"2\">Una de las elevaciones de la monta\u00f1osa, rural y silvestre isla Zapatera es el cerro Las Banderas, ubicado en el extremo norte, detr\u00e1s de la zona del caser\u00edo de la comunidad de Sonzapote. Una de las actividades ofrecidas en la isla es la escalada de este cerro, cuyo trayecto culmina en un peque\u00f1o mirador r\u00fastico desde donde se observa la isla de Ometepe.<\/p>\n<p>&nbsp;<\/p>\n<p>&nbsp;<\/p>\n<p>El recorrido, que tiene una duraci\u00f3n aproximada de 2 horas 30 minutos, inicia desde la comunidad de Sonzapote, y se realiza acompa\u00f1ado de un gu\u00eda local para quien se solicita un pago por su servicio. Durante el trayecto se pasa por un peque\u00f1o bosque habitado por una amplia variedad de insectos y aves. En algunos sitios se observa restos de estatuas y algunos petroglifos precolombinos.<\/p>\n<p>&nbsp;<\/p>\n<p>&nbsp;<\/p>\n<p>Llegando al mirador, los visitantes pueden reposarse en bancas r\u00fasticas de madera y apreciar el perfecto cono del volc\u00e1n Concepci\u00f3n y parte del volc\u00e1n Maderas en la isla de Ometepe. Durante el retorno a la comunidad, se puede disfrutar la vista del volc\u00e1n Mombacho, el contorno costero y las peque\u00f1as islas circundantes de Zapatera.<\/p>\n<p>&nbsp;<\/p>\n<p>&nbsp;<\/p>\n<p>En la zona tambi\u00e9n se puede realizar tres otras actividades ofrecidas por la comunidad de Sonzapote, como son el<a href=\"http:\/\/nicaragua-travel-guide.com\/site\/isla-de-zapatera-sendero-de-los-petroglifos-visita-guiada\/\"> Sedero de los Petroglifos<\/a>, la <a href=\"http:\/\/nicaragua-travel-guide.com\/site\/tour-escalando-el-cerro-de-la-isla-de-zapatera-guiado\/\">escalada del Cerro Zapatera<\/a> y la <a href=\"http:\/\/nicaragua-travel-guide.com\/site\/pesca-con-atarraya-en-isla-de-zapatera-tour-guiado\/\">Pesca con Atarraya.<\/a><\/p>\n<p>Precio: \u00a0$60 p\/p Minimo 4 personas<\/td>\n<td style=\"width: 521.3333740234375px; height: 250px;\">\u00a0<img loading=\"lazy\" decoding=\"async\" class=\"wp-image-11981 aligncenter\" src=\"http:\/\/nicaragua-travel-guide.com\/site\/wp-content\/uploads\/2016\/07\/mapadecomunidadesruralesgranadanic.jpg\" alt=\"mapadecomunidadesruralesgranadanic\" width=\"338\" height=\"303\" \/><\/td>\n<\/tr>\n<tr style=\"height: 283px;\">\n<td style=\"width: 521.3333740234375px; height: 283px;\"><img loading=\"lazy\" decoding=\"async\" class=\"wp-image-12263 aligncenter\" src=\"http:\/\/nicaragua-travel-guide.com\/site\/wp-content\/uploads\/2016\/07\/ruralcomunitisladezapateraidolos.jpg\" alt=\"ruralcomunitisladezapateraidolos\" width=\"340\" height=\"309\" \/><\/td>\n<\/tr>\n<\/tbody>\n<\/table>\n<\/td>\n<\/tr>\n<tr style=\"height: 22px;\">\n<td style=\"height: 22px; width: 20px;\" colspan=\"2\" bgcolor=\"#009999\">Por mayor\u00a0informaci\u00f3n\u00a0y reservacion \u00a0 \u00a0<strong>Contactarnos<\/strong><\/td>\n<\/tr>\n<\/tbody>\n<\/table>\n","protected":false},"excerpt":{"rendered":"<p>Escalando el cerro las banderas en la isla de Zapatera \/ \u00a0guiado Descripci\u00f3n: Una de las elevaciones de la monta\u00f1osa, rural y silvestre isla Zapatera es el cerro Las Banderas, ubicado en el extremo norte, detr\u00e1s de la zona del caser\u00edo de la comunidad de Sonzapote. Una de las actividades ofrecidas en la isla es [&hellip;]<\/p>\n","protected":false},"author":2,"featured_media":0,"parent":0,"menu_order":0,"comment_status":"closed","ping_status":"closed","template":"","meta":{"footnotes":""},"_links":{"self":[{"href":"https:\/\/nicaragua-travel-guide.com\/site\/wp-json\/wp\/v2\/pages\/6781"}],"collection":[{"href":"https:\/\/nicaragua-travel-guide.com\/site\/wp-json\/wp\/v2\/pages"}],"about":[{"href":"https:\/\/nicaragua-travel-guide.com\/site\/wp-json\/wp\/v2\/types\/page"}],"author":[{"embeddable":true,"href":"https:\/\/nicaragua-travel-guide.com\/site\/wp-json\/wp\/v2\/users\/2"}],"replies":[{"embeddable":true,"href":"https:\/\/nicaragua-travel-guide.com\/site\/wp-json\/wp\/v2\/comments?post=6781"}],"version-history":[{"count":11,"href":"https:\/\/nicaragua-travel-guide.com\/site\/wp-json\/wp\/v2\/pages\/6781\/revisions"}],"predecessor-version":[{"id":12277,"href":"https:\/\/nicaragua-travel-guide.com\/site\/wp-json\/wp\/v2\/pages\/6781\/revisions\/12277"}],"wp:attachment":[{"href":"https:\/\/nicaragua-travel-guide.com\/site\/wp-json\/wp\/v2\/media?parent=6781"}],"curies":[{"name":"wp","href":"https:\/\/api.w.org\/{rel}","templated":true}]}}