{"id":6784,"date":"2016-07-14T18:59:36","date_gmt":"2016-07-14T18:59:36","guid":{"rendered":"http:\/\/nicaragua-travel-guide.com\/site\/?page_id=6784"},"modified":"2016-08-24T17:06:43","modified_gmt":"2016-08-24T17:06:43","slug":"tour-escalando-el-cerro-de-la-isla-de-zapatera-guiado","status":"publish","type":"page","link":"https:\/\/nicaragua-travel-guide.com\/site\/tour-escalando-el-cerro-de-la-isla-de-zapatera-guiado\/","title":{"rendered":"\u00abTour escalando el cerro de la Isla de Zapatera\u00bb guiado"},"content":{"rendered":"<table style=\"width: 1009.3333740234375px;\" border=\"0\">\n<tbody>\n<tr style=\"height: 4.333333969116211px;\">\n<td style=\"height: 4.333333969116211px; background-color: #114cd6; width: 1007.3333740234375px;\" colspan=\"2\" bgcolor=\"#000099\"><img loading=\"lazy\" decoding=\"async\" class=\"alignnone  wp-image-12260\" src=\"http:\/\/nicaragua-travel-guide.com\/site\/wp-content\/uploads\/2016\/07\/granada-turismo-rural-comunitario-isla-de-zapatera-sitio-arqueologico-parque-nacional.jpg\" alt=\"granada turismo rural comunitario isla de zapatera sitio arqueologico parque nacional\" width=\"1011\" height=\"354\" \/><\/td>\n<\/tr>\n<tr style=\"height: 37px;\">\n<td style=\"height: 37px; background-color: #114cd6; width: 630px;\" bgcolor=\"#000099\"><strong>Tour Escalando el cerro de la Isla de Zapatera<\/strong><\/td>\n<td style=\"width: 377.3333740234375px; background-color: #86ed74; height: 679px;\" rowspan=\"3\" align=\"right\" valign=\"top\" bgcolor=\"#99CC00\">\n<table style=\"width: 375.66668701171875px;\" border=\"0\">\n<tbody>\n<tr style=\"height: 19px;\">\n<td style=\"width: 376.66668701171875px; height: 19px; background-color: #60a366;\" align=\"right\" bgcolor=\"#99CC00\"><img loading=\"lazy\" decoding=\"async\" class=\" wp-image-12263 aligncenter\" style=\"text-align: start; background-color: #1f5ed1;\" src=\"http:\/\/nicaragua-travel-guide.com\/site\/wp-content\/uploads\/2016\/07\/ruralcomunitisladezapateraidolos.jpg\" alt=\"ruralcomunitisladezapateraidolos\" width=\"374\" height=\"340\" \/><\/td>\n<\/tr>\n<tr style=\"height: 3.66668701171875px;\">\n<td style=\"width: 376.66668701171875px; height: 3.66668701171875px; background-color: #60a366; text-align: center;\" align=\"right\" valign=\"top\" bgcolor=\"#99CC00\"><img loading=\"lazy\" decoding=\"async\" class=\" wp-image-12261 aligncenter\" style=\"text-align: start; background-color: #1f5ed1;\" src=\"http:\/\/nicaragua-travel-guide.com\/site\/wp-content\/uploads\/2016\/07\/ruralcomunitarioisladzapaterapetroglifos.jpg\" alt=\"ruralcomunitarioisladzapaterapetroglifos\" width=\"263\" height=\"396\" \/><\/td>\n<\/tr>\n<\/tbody>\n<\/table>\n<\/td>\n<\/tr>\n<tr style=\"height: 35px;\">\n<td style=\"height: 35px; background-color: #5cb357; width: 630px;\" bgcolor=\"#009900\">Descripci\u00f3n:<\/td>\n<\/tr>\n<tr style=\"height: 607px;\">\n<td style=\"width: 630px; height: 607px; background-color: #1f5ed1;\" valign=\"top\" bgcolor=\"#000099\">Desde el lago de Nicaragua, cuando se observa a lo lejos la silueta de la monta\u00f1osa isla Zapatera, se observa un punto m\u00e1s alto que los otros cerros. Este es el cerro Zapatera, conocido tambi\u00e9n como Cerro Grande, el cual a\u00fan guarda su bosque y su flora y fauna. Desde la comunidad de Sonzapote se ofrece como actividad la escalada de este cerro, experiencia un tanto exigente pero atractiva por el entorno natural intacto.<\/p>\n<p>El recorrido, desde Sonzapote, tiene una duraci\u00f3n aproximada de 6 horas ida y vuelta. Durante el trayecto se pasa por los pocos sembradillos de la zona, y luego se entra al frondoso bo\u00a0\u00a0sque del cerro, habitado por muchos animales silvestres. Entre los m\u00e1s f\u00e1ciles de ver est\u00e1n los monos congos, los chocoyos, las loras; sin embargo, aunque pocas veces son vistos, tambi\u00e9n habitan jaguares, venados, armadillos, guardatinajas, y otros.<\/p>\n<p>Aunque esta escalada tiene un sitio de culminaci\u00f3n oficial, los interesados tambi\u00e9n pueden animarse a recorrer 3 kil\u00f3metros m\u00e1s a\u00fan hasta llegar a un punto alto desde donde se observa la isla de Ometepe y las costas de San Jorge. Esta variaci\u00f3n en el recorrido suele exigir de mucho esfuerzo, as\u00ed que no es parte del plan, sino una alternativa para quienes deseen extender su aventura. Los gu\u00edas acompa\u00f1an a grupos de 5 personas cada uno, y se paga para esta escalada por grupo.<\/p>\n<p>Precio:U$60 p\/p<\/p>\n<p>En la zona tambi\u00e9n se puede realizar tres otras actividades ofrecidas por la comunidad de Sonzapote, como son el<a href=\"http:\/\/nicaragua-travel-guide.com\/site\/isla-de-zapatera-sendero-de-los-petroglifos-visita-guiada\/\"> Sendero de los Petroglifos<\/a>, <a href=\"http:\/\/nicaragua-travel-guide.com\/site\/isla-de-zapatera-visita-guiada-escalando-el-cerro-las-banderas\/\">la escalada del cerrito Las \u00a0Banderas<\/a> y la <a href=\"http:\/\/nicaragua-travel-guide.com\/site\/pesca-con-atarraya-en-isla-de-zapatera-tour-guiado\/\">Pesca con Atarraya.<\/a><\/td>\n<\/tr>\n<tr style=\"height: 25px;\">\n<td style=\"height: 25px; background-color: #349e42; width: 1007.3333740234375px;\" colspan=\"2\" bgcolor=\"#009900\">Por mayor informaci\u00f3n y reservacion <a href=\"http:\/\/nicaragua-travel-guide.com\/site\/contactanos\/\"><strong>Contactarnos<\/strong><\/a><\/td>\n<\/tr>\n<\/tbody>\n<\/table>\n","protected":false},"excerpt":{"rendered":"<p>Tour Escalando el cerro de la Isla de Zapatera Descripci\u00f3n: Desde el lago de Nicaragua, cuando se observa a lo lejos la silueta de la monta\u00f1osa isla Zapatera, se observa un punto m\u00e1s alto que los otros cerros. Este es el cerro Zapatera, conocido tambi\u00e9n como Cerro Grande, el cual a\u00fan guarda su bosque y [&hellip;]<\/p>\n","protected":false},"author":2,"featured_media":0,"parent":0,"menu_order":0,"comment_status":"closed","ping_status":"closed","template":"","meta":{"footnotes":""},"_links":{"self":[{"href":"https:\/\/nicaragua-travel-guide.com\/site\/wp-json\/wp\/v2\/pages\/6784"}],"collection":[{"href":"https:\/\/nicaragua-travel-guide.com\/site\/wp-json\/wp\/v2\/pages"}],"about":[{"href":"https:\/\/nicaragua-travel-guide.com\/site\/wp-json\/wp\/v2\/types\/page"}],"author":[{"embeddable":true,"href":"https:\/\/nicaragua-travel-guide.com\/site\/wp-json\/wp\/v2\/users\/2"}],"replies":[{"embeddable":true,"href":"https:\/\/nicaragua-travel-guide.com\/site\/wp-json\/wp\/v2\/comments?post=6784"}],"version-history":[{"count":11,"href":"https:\/\/nicaragua-travel-guide.com\/site\/wp-json\/wp\/v2\/pages\/6784\/revisions"}],"predecessor-version":[{"id":12265,"href":"https:\/\/nicaragua-travel-guide.com\/site\/wp-json\/wp\/v2\/pages\/6784\/revisions\/12265"}],"wp:attachment":[{"href":"https:\/\/nicaragua-travel-guide.com\/site\/wp-json\/wp\/v2\/media?parent=6784"}],"curies":[{"name":"wp","href":"https:\/\/api.w.org\/{rel}","templated":true}]}}