{"id":6790,"date":"2016-07-14T19:10:21","date_gmt":"2016-07-14T19:10:21","guid":{"rendered":"http:\/\/nicaragua-travel-guide.com\/site\/?page_id=6790"},"modified":"2016-08-02T06:13:50","modified_gmt":"2016-08-02T06:13:50","slug":"agenda-de-eventos-por-departamento","status":"publish","type":"page","link":"https:\/\/nicaragua-travel-guide.com\/site\/agenda-de-eventos-por-departamento\/","title":{"rendered":"Agenda de eventos por departamento"},"content":{"rendered":"<table style=\"width: 941px; height: 562px;\" border=\"0\">\n<tbody>\n<tr style=\"height: 21px;\">\n<td style=\"width: 931.354px; height: 21px;\" colspan=\"3\" bgcolor=\"#FFFF00\">Ver Agenda de Gira Tur\u00edstica del d\u00eda con nuestro servicio de transporte y gu\u00eda bilingue por Departamentos en Nicaragua<\/td>\n<\/tr>\n<tr style=\"height: 21px;\">\n<td style=\"width: 444.688px; height: 21px;\" bgcolor=\"#FFFFFF\"><strong>Regi\u00f3n Pacifico<\/strong><\/td>\n<td style=\"width: 481.354px; height: 399.858px;\" colspan=\"2\" rowspan=\"19\"><\/td>\n<\/tr>\n<tr style=\"height: 21px;\">\n<td style=\"width: 444.688px; height: 21px;\" bgcolor=\"#FFFFFF\">Chinandega<\/td>\n<\/tr>\n<tr style=\"height: 21px;\">\n<td style=\"width: 444.688px; height: 21px;\" bgcolor=\"#FFFFFF\">Leon<\/td>\n<\/tr>\n<tr style=\"height: 21px;\">\n<td style=\"width: 444.688px; height: 21px;\" bgcolor=\"#FFFFFF\">Managua<\/td>\n<\/tr>\n<tr style=\"height: 21px;\">\n<td style=\"width: 444.688px; height: 21px;\" bgcolor=\"#FFFFFF\">Carazo<\/td>\n<\/tr>\n<tr style=\"height: 21px;\">\n<td style=\"width: 444.688px; height: 21px;\" bgcolor=\"#FFFFFF\">Masaya<\/td>\n<\/tr>\n<tr style=\"height: 21px;\">\n<td style=\"width: 444.688px; height: 21px;\" bgcolor=\"#FFFFFF\"><strong><a href=\"http:\/\/nicaragua-travel-guide.com\/site\/especial-del-dia-en-agenda\/\">Granada*<\/a><\/strong><\/td>\n<\/tr>\n<tr style=\"height: 21px;\">\n<td style=\"width: 444.688px; height: 21px;\" bgcolor=\"#FFFFFF\">Rivas<\/td>\n<\/tr>\n<tr style=\"height: 21px;\">\n<td style=\"width: 444.688px; height: 21px;\" bgcolor=\"#FFFFFF\"><strong>Regi\u00f3n Central Norte<\/strong><\/td>\n<\/tr>\n<tr style=\"height: 21px;\">\n<td style=\"width: 444.688px; height: 21px;\" bgcolor=\"#FFFFFF\">Madriz<\/td>\n<\/tr>\n<tr style=\"height: 21px;\">\n<td style=\"width: 444.688px; height: 21px;\" bgcolor=\"#FFFFFF\">Jinotega<\/td>\n<\/tr>\n<tr style=\"height: 21px;\">\n<td style=\"width: 444.688px; height: 21px;\" bgcolor=\"#FFFFFF\">Nueva Segovia<\/td>\n<\/tr>\n<tr style=\"height: 21px;\">\n<td style=\"width: 444.688px; height: 21px;\" bgcolor=\"#FFFFFF\">Esteli<\/td>\n<\/tr>\n<tr style=\"height: 21px;\">\n<td style=\"width: 444.688px; height: 21px;\" bgcolor=\"#FFFFFF\">Matagalpa<\/td>\n<\/tr>\n<tr style=\"height: 21px;\">\n<td style=\"width: 444.688px; height: 21px;\" bgcolor=\"#FFFFFF\">Juigalpa<\/td>\n<\/tr>\n<tr style=\"height: 21px;\">\n<td style=\"width: 444.688px; height: 21px;\" bgcolor=\"#FFFFFF\">Rio San Juan<\/td>\n<\/tr>\n<tr style=\"height: 21px;\">\n<td style=\"width: 444.688px; height: 21px;\" bgcolor=\"#FFFFFF\">Region Atlantico:<\/td>\n<\/tr>\n<tr style=\"height: 21.8577px;\">\n<td style=\"width: 444.688px; height: 21.8577px;\" bgcolor=\"#FFFFFF\">Corn Island<\/td>\n<\/tr>\n<tr style=\"height: 21px;\">\n<td style=\"width: 444.688px; height: 21px;\" bgcolor=\"#FFFFFF\">Bluefields<\/td>\n<\/tr>\n<tr style=\"height: 21px;\">\n<td style=\"width: 931.354px; height: 21px;\" colspan=\"3\" bgcolor=\"#FFFF00\">Por mayor informaci\u00f3n y reservacion \u00a0<strong>Contactarnos<\/strong><\/td>\n<\/tr>\n<\/tbody>\n<\/table>\n","protected":false},"excerpt":{"rendered":"<p>Ver Agenda de Gira Tur\u00edstica del d\u00eda con nuestro servicio de transporte y gu\u00eda bilingue por Departamentos en Nicaragua Regi\u00f3n Pacifico Chinandega Leon Managua Carazo Masaya Granada* Rivas Regi\u00f3n Central Norte Madriz Jinotega Nueva Segovia Esteli Matagalpa Juigalpa Rio San Juan Region Atlantico: Corn Island Bluefields Por mayor informaci\u00f3n y reservacion \u00a0Contactarnos<\/p>\n","protected":false},"author":2,"featured_media":0,"parent":0,"menu_order":0,"comment_status":"closed","ping_status":"closed","template":"","meta":{"footnotes":""},"_links":{"self":[{"href":"https:\/\/nicaragua-travel-guide.com\/site\/wp-json\/wp\/v2\/pages\/6790"}],"collection":[{"href":"https:\/\/nicaragua-travel-guide.com\/site\/wp-json\/wp\/v2\/pages"}],"about":[{"href":"https:\/\/nicaragua-travel-guide.com\/site\/wp-json\/wp\/v2\/types\/page"}],"author":[{"embeddable":true,"href":"https:\/\/nicaragua-travel-guide.com\/site\/wp-json\/wp\/v2\/users\/2"}],"replies":[{"embeddable":true,"href":"https:\/\/nicaragua-travel-guide.com\/site\/wp-json\/wp\/v2\/comments?post=6790"}],"version-history":[{"count":6,"href":"https:\/\/nicaragua-travel-guide.com\/site\/wp-json\/wp\/v2\/pages\/6790\/revisions"}],"predecessor-version":[{"id":9671,"href":"https:\/\/nicaragua-travel-guide.com\/site\/wp-json\/wp\/v2\/pages\/6790\/revisions\/9671"}],"wp:attachment":[{"href":"https:\/\/nicaragua-travel-guide.com\/site\/wp-json\/wp\/v2\/media?parent=6790"}],"curies":[{"name":"wp","href":"https:\/\/api.w.org\/{rel}","templated":true}]}}