{"id":6814,"date":"2016-07-15T17:21:06","date_gmt":"2016-07-15T17:21:06","guid":{"rendered":"http:\/\/nicaragua-travel-guide.com\/site\/?page_id=6814"},"modified":"2016-08-27T21:02:52","modified_gmt":"2016-08-27T21:02:52","slug":"chocolate-tour-workshop-production-granada","status":"publish","type":"page","link":"https:\/\/nicaragua-travel-guide.com\/site\/chocolate-tour-workshop-production-granada\/","title":{"rendered":"Chocolate Tour \u00abWorkshop production\u00bb Granada"},"content":{"rendered":"<table style=\"width: 1000.3333740234375px;\" border=\"0\">\n<tbody>\n<tr style=\"height: 7px;\">\n<td style=\"height: 7px; width: 903.3333740234375px;\" bgcolor=\"#990000\"><img loading=\"lazy\" decoding=\"async\" class=\"wp-image-12560 alignnone\" src=\"http:\/\/nicaragua-travel-guide.com\/site\/wp-content\/uploads\/2016\/07\/nicaragua-travel-guide-granada-chocolate-museo-fabrica.jpg\" alt=\"nicaragua travel guide granada chocolate museo fabrica\" width=\"1006\" height=\"338\" srcset=\"https:\/\/nicaragua-travel-guide.com\/site\/wp-content\/uploads\/2016\/07\/nicaragua-travel-guide-granada-chocolate-museo-fabrica.jpg 1025w, https:\/\/nicaragua-travel-guide.com\/site\/wp-content\/uploads\/2016\/07\/nicaragua-travel-guide-granada-chocolate-museo-fabrica-600x202.jpg 600w\" sizes=\"(max-width: 1006px) 100vw, 1006px\" \/><\/td>\n<\/tr>\n<tr style=\"height: 21px;\">\n<td style=\"height: 21px; width: 903.3333740234375px;\" bgcolor=\"#990000\">Tour del Cacao &#8211; Choco Cafe y Museo en Granada<\/td>\n<\/tr>\n<tr style=\"height: 21px;\">\n<td style=\"height: 21px; width: 903.3333740234375px;\" bgcolor=\"#FFCC99\">Descripci\u00f3n:<\/td>\n<\/tr>\n<tr style=\"height: 271px;\">\n<td style=\"height: 271px; width: 903.3333740234375px;\" bgcolor=\"#990000\">El Choco Museo, ubicado en una de las calles principales de la ciudad de Granada, es un destino para los amantes del chocolate. A trav\u00e9s de una visita al museo, talleres pr\u00e1cticos o un viaje a una finca de cacao &#8211; organizados en el local- se explica la historia del chocolate, su proceso de elaboraci\u00f3n y de consumo.<\/p>\n<p>En este lugar los visitantes saborean el chocolate en su forma m\u00e1s pura, aprenden c\u00f3mo hacer una barra de chocolate a partir de una semilla de cacao y escuchan la historia de c\u00f3mo esta semilla se us\u00f3 primeramente en Am\u00e9rica Central, para luego llegar a Europa y convertirse en uno de los dulces m\u00e1s populares del mundo.<\/p>\n<p>Adem\u00e1s de obtener informaci\u00f3n hist\u00f3rica, en el museo se obtiene &#8211; de manera gratuita &#8211; un t\u00e9 de cacao libre de calor\u00edas y una muestra de chocolate org\u00e1nico nicarag\u00fcense 100% natural, fabricado sin ingredientes artificiales, preservativos o aditivos. Los ingredientes de los chocolates del museo var\u00edan desde los cacahuates hasta la naranja, licor, coco, almendras, entre otros componentes.<\/td>\n<\/tr>\n<tr style=\"height: 21px;\">\n<td style=\"height: 21px; width: 903.3333740234375px;\" bgcolor=\"#FFCC99\">Servicio de Cafeter\u00eda Choco Cafe<\/td>\n<\/tr>\n<tr style=\"height: 241px;\">\n<td style=\"height: 241px; width: 903.3333740234375px;\" bgcolor=\"#990000\">La cafeter\u00eda Choco Caf\u00e9, ubicada dentro de una casa colonial de ambiente moderno y acogedor, ofrece a sus clientes desayunos americanos combinados con el sabor de la comida nicarag\u00fcense, en la modalidad buffet \u00aball you can eat\u00bb.<\/p>\n<p>El men\u00fa incluye caf\u00e9, jugos, frutas, yogurt, granola, variedad de panes, huevos al gusto, omeletes, crepas, pancakes al gusto, entre muchos otros platillos.<\/p>\n<p>Por las tardes, los visitantes pueden saborear una amplia variedad de especialidades de chocolate, tales como el fondue de chocolate, chocolate caliente 100% org\u00e1nico y nicarag\u00fcense, o el tradicional fresco de cacao.<\/p>\n<p>El establecimiento se encuentra Junto al Choco Museo.<\/td>\n<\/tr>\n<tr style=\"height: 21px;\">\n<td style=\"height: 21px; width: 903.3333740234375px;\" bgcolor=\"#FFFFCC\">En el Choco Museo se ofrecen dos tipos de actividades para adultos y ni\u00f1os: \u00a0 \u00a0 \u00a0 \u00a0 \u00a0 \u00a0 \u00a0 \u00a0 \u00a0 \u00a0 \u00a0 \u00a0<strong>Talleres de Chocolate:<\/strong><\/td>\n<\/tr>\n<tr style=\"height: 21px;\">\n<td style=\"height: 21px; width: 903.3333740234375px;\" bgcolor=\"#990000\"><img loading=\"lazy\" decoding=\"async\" class=\"alignnone wp-image-12558\" src=\"http:\/\/nicaragua-travel-guide.com\/site\/wp-content\/uploads\/2016\/07\/nicaragua-travel-guide-granada-cacao-shop-store.jpg\" alt=\"nicaragua travel guide granada cacao shop store\" width=\"1000\" height=\"336\" srcset=\"https:\/\/nicaragua-travel-guide.com\/site\/wp-content\/uploads\/2016\/07\/nicaragua-travel-guide-granada-cacao-shop-store.jpg 1025w, https:\/\/nicaragua-travel-guide.com\/site\/wp-content\/uploads\/2016\/07\/nicaragua-travel-guide-granada-cacao-shop-store-600x202.jpg 600w\" sizes=\"(max-width: 1000px) 100vw, 1000px\" \/><\/td>\n<\/tr>\n<tr style=\"height: 36px;\">\n<td style=\"height: 36px; width: 903.3333740234375px;\" bgcolor=\"#990000\">Se imparten diariamente a las 4:00 pm y 6:00 pm o bien, dependiendo del horario de quien lo solicite. Los instructores tambi\u00e9n comparten recetas ancestrales de bebidas a base de cacao y explican c\u00f3mo fabricar una barra de chocolate.<\/p>\n<p>Los talleres duran aproximadamente dos horas.<\/td>\n<\/tr>\n<tr style=\"height: 14px;\">\n<td style=\"height: 14px; width: 903.3333740234375px;\" valign=\"top\" bgcolor=\"#FFFFFF\"><\/td>\n<\/tr>\n<tr style=\"height: 21px;\">\n<td style=\"height: 21px; width: 903.3333740234375px;\" bgcolor=\"#990000\"><strong>Tour a una finca de cacao:<\/strong><\/td>\n<\/tr>\n<tr style=\"height: 26px;\">\n<td style=\"height: 26px; width: 903.3333740234375px;\" align=\"center\" valign=\"top\" bgcolor=\"#FFFFFF\">Descubrir el origen del chocolate, observar el entorno natural de la zona, sentir la fresca brisa del Lago de Nicaragua y maravillarse con las vistas del Volc\u00e1n Mombacho y las isletas de Granada, son parte de un paseo en lancha o a caballo.<\/p>\n<p>&nbsp;<\/p>\n<p>Adem\u00e1s, mediante una cabalgata se pueden observar aves, explorar el bosque tropical y las plantaciones org\u00e1nicas de cacao y caf\u00e9.<\/p>\n<p>En esta finca, los turistas aprenden sobre las etapas de producci\u00f3n y procesamiento de semillas de cacao.<\/p>\n<p>&nbsp;<\/p>\n<p>El viaje dura aproximadamente siete horas.<\/td>\n<\/tr>\n<tr style=\"height: 21px;\">\n<td style=\"height: 21px; width: 903.3333740234375px;\" bgcolor=\"#FFFFCC\"><img loading=\"lazy\" decoding=\"async\" class=\"alignnone wp-image-12561\" src=\"http:\/\/nicaragua-travel-guide.com\/site\/wp-content\/uploads\/2016\/07\/nicaragua-travel-guide-granada-finca-de-cacao.jpg\" alt=\"nicaragua travel guide granada finca de cacao\" width=\"1000\" height=\"336\" srcset=\"https:\/\/nicaragua-travel-guide.com\/site\/wp-content\/uploads\/2016\/07\/nicaragua-travel-guide-granada-finca-de-cacao.jpg 1025w, https:\/\/nicaragua-travel-guide.com\/site\/wp-content\/uploads\/2016\/07\/nicaragua-travel-guide-granada-finca-de-cacao-600x202.jpg 600w\" sizes=\"(max-width: 1000px) 100vw, 1000px\" \/><\/td>\n<\/tr>\n<tr style=\"height: 21px;\">\n<td style=\"height: 21px; width: 903.3333740234375px;\" bgcolor=\"#FFFFCC\">\u00a0En el tour aprender\u00e1s sobre la historia del origen del cacao, y el proceso de\u00a0elaboraci\u00f3n\u00a0\u00a0del chocolate y visitar la finca del cacao.<\/td>\n<\/tr>\n<tr style=\"height: 30px;\">\n<td style=\"height: 30px; width: 903.3333740234375px;\" bgcolor=\"#FFFFCC\">\n<table style=\"width: 1002px;\" border=\"0\">\n<tbody>\n<tr>\n<td style=\"width: 354px;\" bgcolor=\"#990000\" height=\"25\">Por mayor informaci\u00f3n y reservacion Contactarnos<\/td>\n<td style=\"width: 256px;\" bgcolor=\"#990000\">&lt;&lt; <a href=\"http:\/\/nicaragua-travel-guide.com\/site\/tour-finca-de-cacao-alrededor-del-volcan-mombacho-guiado\/\"><strong>Tour \u00a0Finca de CACAO<\/strong><\/a><\/td>\n<td style=\"width: 394px;\" bgcolor=\"#990000\">&lt;&lt; Actividades en Granada y sus alrededores<\/td>\n<\/tr>\n<\/tbody>\n<\/table>\n<\/td>\n<\/tr>\n<\/tbody>\n<\/table>\n","protected":false},"excerpt":{"rendered":"<p>Tour del Cacao &#8211; Choco Cafe y Museo en Granada Descripci\u00f3n: El Choco Museo, ubicado en una de las calles principales de la ciudad de Granada, es un destino para los amantes del chocolate. A trav\u00e9s de una visita al museo, talleres pr\u00e1cticos o un viaje a una finca de cacao &#8211; organizados en el [&hellip;]<\/p>\n","protected":false},"author":2,"featured_media":0,"parent":0,"menu_order":0,"comment_status":"closed","ping_status":"closed","template":"","meta":{"footnotes":""},"_links":{"self":[{"href":"https:\/\/nicaragua-travel-guide.com\/site\/wp-json\/wp\/v2\/pages\/6814"}],"collection":[{"href":"https:\/\/nicaragua-travel-guide.com\/site\/wp-json\/wp\/v2\/pages"}],"about":[{"href":"https:\/\/nicaragua-travel-guide.com\/site\/wp-json\/wp\/v2\/types\/page"}],"author":[{"embeddable":true,"href":"https:\/\/nicaragua-travel-guide.com\/site\/wp-json\/wp\/v2\/users\/2"}],"replies":[{"embeddable":true,"href":"https:\/\/nicaragua-travel-guide.com\/site\/wp-json\/wp\/v2\/comments?post=6814"}],"version-history":[{"count":12,"href":"https:\/\/nicaragua-travel-guide.com\/site\/wp-json\/wp\/v2\/pages\/6814\/revisions"}],"predecessor-version":[{"id":12563,"href":"https:\/\/nicaragua-travel-guide.com\/site\/wp-json\/wp\/v2\/pages\/6814\/revisions\/12563"}],"wp:attachment":[{"href":"https:\/\/nicaragua-travel-guide.com\/site\/wp-json\/wp\/v2\/media?parent=6814"}],"curies":[{"name":"wp","href":"https:\/\/api.w.org\/{rel}","templated":true}]}}