{"id":6870,"date":"2016-07-16T00:03:40","date_gmt":"2016-07-16T00:03:40","guid":{"rendered":"http:\/\/nicaragua-travel-guide.com\/site\/?page_id=6870"},"modified":"2016-07-16T00:03:40","modified_gmt":"2016-07-16T00:03:40","slug":"turismo-rural-comunidad-la-granadilla-ecoalbergue-granada","status":"publish","type":"page","link":"https:\/\/nicaragua-travel-guide.com\/site\/turismo-rural-comunidad-la-granadilla-ecoalbergue-granada\/","title":{"rendered":"Turismo rural comunidad \u00abLa Granadilla\u00bb Ecoalbergue Granada"},"content":{"rendered":"<table border=\"0\" width=\"1018\">\n<tbody>\n<tr>\n<td valign=\"top\" bgcolor=\"#CCFF99\" width=\"1012\" height=\"757\">\n<table border=\"0\" width=\"1015\">\n<tbody>\n<tr>\n<td colspan=\"3\" height=\"227\"><img loading=\"lazy\" decoding=\"async\" src=\"http:\/\/www.nicaragua-travel-guide.com\/imangenestres\/casalagranadillados.jpg\" width=\"746\" height=\"225\" \/><img loading=\"lazy\" decoding=\"async\" src=\"http:\/\/www.nicaragua-travel-guide.com\/imangenestres\/lagranadillavistalmombacho.jpg\" alt=\"\" width=\"258\" height=\"225\" \/><\/td>\n<\/tr>\n<tr>\n<td colspan=\"3\" bgcolor=\"#006600\" height=\"37\">Eco Albergue Rural La Granadilla<\/td>\n<\/tr>\n<tr>\n<td colspan=\"3\" bgcolor=\"#339900\" height=\"35\">Descripci\u00f3n<\/td>\n<\/tr>\n<tr>\n<td colspan=\"3\" valign=\"top\" bgcolor=\"#CCFF99\" height=\"71\">La silueta del volc\u00e1n Mombacho domina el Norte del horizonte del albergue La Granadilla, apenas oculto por los frondosos \u00e1rboles de los alrededores. Las parcelas productivas rodean el establecimiento, manejado por la comunidad local, convirti\u00e9ndolo en un excelente lugar para apreciar y disfrutar de la vida, la rutina y el entorno natural campesino.<\/td>\n<\/tr>\n<tr>\n<td valign=\"top\" bgcolor=\"#CCFF99\" width=\"492\" height=\"315\">\n<table border=\"0\" width=\"489\">\n<tbody>\n<tr>\n<td colspan=\"4\" bgcolor=\"#CCFF99\">El albergue funciona en la casa comunal de La Granadilla. \u00c9ste cuenta con dos dormitorios compartidos, cuyas camas est\u00e1n equipadas con mosquiteros. En el lugar tambi\u00e9n funciona el comedor que ofrece platos caseros: desayunos a US$3.5, almuerzos y cenas entre los US$4.5 y US$8.<\/p>\n<p>Los hu\u00e9spedes del albergue de La Granadilla, manejado por la cooperativa local miembro de la organizaci\u00f3n UCA Tierra y Agua, tienen la opci\u00f3n de realizar las actividades de La Granadilla , as\u00ed como las ofrecidas en Aguas Agrias y Nicaragua Libre .<\/td>\n<\/tr>\n<tr>\n<td colspan=\"4\" bgcolor=\"#009900\">Precios<\/td>\n<\/tr>\n<tr>\n<td bgcolor=\"#006600\" width=\"86\">Tipo<\/td>\n<td bgcolor=\"#006600\" width=\"94\">Precios<\/td>\n<td bgcolor=\"#006600\" width=\"121\">Hu\u00e9spedes<\/td>\n<td bgcolor=\"#006600\" width=\"170\">Comodidades<\/td>\n<\/tr>\n<tr>\n<td bgcolor=\"#006600\">Dormitorio<\/td>\n<td bgcolor=\"#006600\">US$5.00<\/td>\n<td bgcolor=\"#006600\"><\/td>\n<td bgcolor=\"#006600\"><\/td>\n<\/tr>\n<\/tbody>\n<\/table>\n<\/td>\n<td valign=\"top\" bgcolor=\"#CCFF99\" width=\"250\"><img loading=\"lazy\" decoding=\"async\" src=\"http:\/\/www.nicaragua-travel-guide.com\/imangenestres\/alberguerrualagranadillabano.jpg\" width=\"247\" height=\"313\" \/><\/td>\n<td valign=\"top\" bgcolor=\"#CCFF99\" width=\"259\"><img loading=\"lazy\" decoding=\"async\" src=\"http:\/\/www.nicaragua-travel-guide.com\/imangenestres\/habitacionalbergueruralagranadilla.jpg\" width=\"258\" height=\"313\" \/><\/td>\n<\/tr>\n<tr>\n<td colspan=\"2\" height=\"25\"><strong>Los precios ya incluyen impuesto. Los precios pueden variar por temporada.<\/strong><\/td>\n<td valign=\"top\" width=\"259\"><\/td>\n<\/tr>\n<tr>\n<td colspan=\"3\" bgcolor=\"#009900\" height=\"25\">Por mayor informacion y reservacion Contactarnos<\/td>\n<\/tr>\n<\/tbody>\n<\/table>\n<\/td>\n<\/tr>\n<\/tbody>\n<\/table>\n","protected":false},"excerpt":{"rendered":"<p>Eco Albergue Rural La Granadilla Descripci\u00f3n La silueta del volc\u00e1n Mombacho domina el Norte del horizonte del albergue La Granadilla, apenas oculto por los frondosos \u00e1rboles de los alrededores. Las parcelas productivas rodean el establecimiento, manejado por la comunidad local, convirti\u00e9ndolo en un excelente lugar para apreciar y disfrutar de la vida, la rutina y [&hellip;]<\/p>\n","protected":false},"author":2,"featured_media":0,"parent":0,"menu_order":0,"comment_status":"closed","ping_status":"closed","template":"","meta":{"footnotes":""},"_links":{"self":[{"href":"https:\/\/nicaragua-travel-guide.com\/site\/wp-json\/wp\/v2\/pages\/6870"}],"collection":[{"href":"https:\/\/nicaragua-travel-guide.com\/site\/wp-json\/wp\/v2\/pages"}],"about":[{"href":"https:\/\/nicaragua-travel-guide.com\/site\/wp-json\/wp\/v2\/types\/page"}],"author":[{"embeddable":true,"href":"https:\/\/nicaragua-travel-guide.com\/site\/wp-json\/wp\/v2\/users\/2"}],"replies":[{"embeddable":true,"href":"https:\/\/nicaragua-travel-guide.com\/site\/wp-json\/wp\/v2\/comments?post=6870"}],"version-history":[{"count":1,"href":"https:\/\/nicaragua-travel-guide.com\/site\/wp-json\/wp\/v2\/pages\/6870\/revisions"}],"predecessor-version":[{"id":6871,"href":"https:\/\/nicaragua-travel-guide.com\/site\/wp-json\/wp\/v2\/pages\/6870\/revisions\/6871"}],"wp:attachment":[{"href":"https:\/\/nicaragua-travel-guide.com\/site\/wp-json\/wp\/v2\/media?parent=6870"}],"curies":[{"name":"wp","href":"https:\/\/api.w.org\/{rel}","templated":true}]}}