{"id":6959,"date":"2016-07-16T19:30:06","date_gmt":"2016-07-16T19:30:06","guid":{"rendered":"http:\/\/nicaragua-travel-guide.com\/site\/?page_id=6959"},"modified":"2016-08-30T08:05:51","modified_gmt":"2016-08-30T08:05:51","slug":"san-juan-del-sur-nicaragua-snorkeling-tour","status":"publish","type":"page","link":"https:\/\/nicaragua-travel-guide.com\/site\/san-juan-del-sur-nicaragua-snorkeling-tour\/","title":{"rendered":"San Juan del Sur Nicaragua \u00abSnorkeling\u00bb Tour"},"content":{"rendered":"<table style=\"width: 869.3333740234375px;\" border=\"0\">\n<tbody>\n<tr style=\"height: 15px;\">\n<td style=\"height: 15px; width: 862.3333740234375px;\" colspan=\"2\" bgcolor=\"#FFFFFF\"><strong><img loading=\"lazy\" decoding=\"async\" class=\"alignnone wp-image-12853\" src=\"http:\/\/nicaragua-travel-guide.com\/site\/wp-content\/uploads\/2016\/07\/nicaragua-travel-guide-san-juan-del-sur-snorkeling-and-spearfishing-tour-por-hora.jpg\" alt=\"nicaragua travel guide san juan del sur snorkeling and spearfishing tour por hora\" width=\"1003\" height=\"351\" \/><\/strong><\/td>\n<\/tr>\n<tr style=\"height: 8.66668701171875px;\">\n<td style=\"height: 8.66668701171875px; width: 862.3333740234375px;\" colspan=\"2\" bgcolor=\"#FFFFFF\">\n<table style=\"width: 874.6666870117188px;\" border=\"0\">\n<tbody>\n<tr>\n<td style=\"width: 488px; background-color: #1ec3fa;\" bgcolor=\"#0000FF\"><strong>Snorkeling $ 35 pp<\/strong><\/td>\n<td style=\"width: 377.66668701171875px; background-color: #82e657;\"><strong>Spearfishing<\/strong><strong> $ 50 pp<\/strong><\/td>\n<\/tr>\n<\/tbody>\n<\/table>\n<\/td>\n<\/tr>\n<tr style=\"height: 382px;\">\n<td style=\"height: 382px; background-color: #14ddf7; width: 495px;\" valign=\"top\" bgcolor=\"#0000FF\"><strong>Entrance fee to the port C$ 15 pp<\/strong><br \/>\nCome an enjoy the beautiful underwater world just outside of San Juan del Sur Bay. We are fully equipped with 14 sets of snorkeling gear, so whether your group is large or small, we will take care of you. You will be accompanied on your 4 hour trip by our experienced guide to assure your safety and experience.<br \/>\nVengaya disfrutardel hermosomundo submarinoen las afueras deSanJuan delSurBay.Estamos totalmente equipadoscon 14conjuntos deequipo de buceo, as\u00ed que si su grupo es grandeo peque\u00f1o,quese har\u00e1 cargo deusted.Estar\u00e1 acompa\u00f1adoen su viaje de4 horaspor nuestrogu\u00eda experimentadopara asegurar su seguridady experiencia.<br \/>\n<strong>All equipment included.<\/strong><br \/>\n<strong>Minimum 8paxs to go or $ 275 . We are flexible.<\/strong><br \/>\n<strong>Maximum : inquire\u2026<\/strong><\/td>\n<td style=\"height: 382px; background-color: #7cfcd4; width: 367.3333740234375px;\" valign=\"top\" bgcolor=\"#00CCFF\"><strong>Entrance fee to the port C$ 15 pp<\/strong><br \/>\nFeel the adrenaline of hunting for your dinner in their enviroment. It is a challenge and a rush. We recommend that you have good snorkeling skills.<br \/>\nThis is a four hour tour.<strong><br clear=\"all\" \/><\/strong><strong>Departure time: 9 am<\/strong><br \/>\n<strong>Duration: 4 \u00bd hours<\/strong><br \/>\n<strong>All equipment included.<\/strong><br \/>\n<strong>Minimum 4 paxs to go or $ 200<\/strong><br \/>\n<strong>Maximum: Inquire\u2026<\/strong><\/td>\n<\/tr>\n<tr style=\"height: 22px;\">\n<td style=\"height: 22px; background-color: #f59c4e; width: 862.3333740234375px;\" colspan=\"2\" bgcolor=\"#0000FF\">Por mayor informacion y reservacion <strong>Contactarnos<\/strong><\/td>\n<\/tr>\n<\/tbody>\n<\/table>\n","protected":false},"excerpt":{"rendered":"<p>Snorkeling $ 35 pp Spearfishing $ 50 pp Entrance fee to the port C$ 15 pp Come an enjoy the beautiful underwater world just outside of San Juan del Sur Bay. We are fully equipped with 14 sets of snorkeling gear, so whether your group is large or small, we will take care of you. [&hellip;]<\/p>\n","protected":false},"author":2,"featured_media":0,"parent":0,"menu_order":0,"comment_status":"closed","ping_status":"closed","template":"","meta":{"footnotes":""},"_links":{"self":[{"href":"https:\/\/nicaragua-travel-guide.com\/site\/wp-json\/wp\/v2\/pages\/6959"}],"collection":[{"href":"https:\/\/nicaragua-travel-guide.com\/site\/wp-json\/wp\/v2\/pages"}],"about":[{"href":"https:\/\/nicaragua-travel-guide.com\/site\/wp-json\/wp\/v2\/types\/page"}],"author":[{"embeddable":true,"href":"https:\/\/nicaragua-travel-guide.com\/site\/wp-json\/wp\/v2\/users\/2"}],"replies":[{"embeddable":true,"href":"https:\/\/nicaragua-travel-guide.com\/site\/wp-json\/wp\/v2\/comments?post=6959"}],"version-history":[{"count":4,"href":"https:\/\/nicaragua-travel-guide.com\/site\/wp-json\/wp\/v2\/pages\/6959\/revisions"}],"predecessor-version":[{"id":12856,"href":"https:\/\/nicaragua-travel-guide.com\/site\/wp-json\/wp\/v2\/pages\/6959\/revisions\/12856"}],"wp:attachment":[{"href":"https:\/\/nicaragua-travel-guide.com\/site\/wp-json\/wp\/v2\/media?parent=6959"}],"curies":[{"name":"wp","href":"https:\/\/api.w.org\/{rel}","templated":true}]}}