{"id":7037,"date":"2016-07-17T06:20:22","date_gmt":"2016-07-17T06:20:22","guid":{"rendered":"http:\/\/nicaragua-travel-guide.com\/site\/?page_id=7037"},"modified":"2016-07-17T06:23:17","modified_gmt":"2016-07-17T06:23:17","slug":"nueva-segovia-turismo-rural-escalando-el-cerro-mogoton-el-punto-mas-alto-de-nicaragua","status":"publish","type":"page","link":"https:\/\/nicaragua-travel-guide.com\/site\/nueva-segovia-turismo-rural-escalando-el-cerro-mogoton-el-punto-mas-alto-de-nicaragua\/","title":{"rendered":"Nueva Segovia \u00abTurismo rural\u00bb Escalando el Cerro Mogoton el Punto mas alto de Nicaragua."},"content":{"rendered":"<table border=\"0\" width=\"960\">\n<tbody>\n<tr style=\"height: 555.524px;\">\n<td style=\"height: 555.524px;\" colspan=\"2\" valign=\"top\" bgcolor=\"#FFFFFF\">El departamento de\u00a0Nueva Segovia se encuentra en una\u00a0 cordillera volc\u00e1nica en la regi\u00f3n central norte y limita con Honduras.<\/p>\n<p>Llegando a la ciudad de Ocotal, nos tomaremos unos minutos libre y nos preparamos para encontrarnos debidamente identificados con nuestro gu\u00eda local autorizado para organizarnos.<\/p>\n<p>Nuestro gu\u00eda local ha sido uno de los principales gu\u00edas promotores para visitar el Cerro Mogoton y tiene amplia experiencia en este recorrido.<\/p>\n<p>Este sera un viaje en viva armon\u00eda con el medio ambiente natural, y su clima en todo su esplendor, podremos ver la fauna abundante y pobladores locales de la comunidad rural.<\/p>\n<p>Antes de salir de la ciudad de Ocotal tenemos opci\u00f3n de comprar algo de comer y beber, en restaurantes locales de la ciudad, comprar\u00a0 algo en el s\u00faper mercado para llevar.<\/p>\n<p>Tomaremos nuestro medio de transporte en vehiculo privado 4X4 para comenzar el recorrido saliendo de la ciudad hacia la parte rural, fincas y haciendas aleda\u00f1as en los alrededores del cerro Mogoton.<\/p>\n<p>Llegando a la finca privada Las Brisas donde seremos bienvenidos para el alojamiento en la casa de la comunidad tomaremos nuetro tiempo para acomodar nuestros equipajes, alojamiento y descanzo, compartir nuestro tiempo,comida y\u00a0experiencias\u00a0con\u00a0 gu\u00eda local y nos dispondremos a salir al campo para escalar alrededor del cerro Mogoton.<\/p>\n<p>Podemos ver\u00a0 sus inclinados cerros\u00a0 y as\u00ed buscaremos la ruta para llegar al\u00a0Cerro <strong>Mogot\u00f3n<\/strong> es la monta\u00f1a con el punto mas alto de nicaragua entre la frontera de Nicaragua\u00a0y\u00a0Honduras. Se alza 2106 metros sobre el nivel del mar.<\/p>\n<p>Regresaremos a la casa de la finca\u00a0 para tomar nuestros alimentos,\u00a0 descansar,\u00a0 tomar nuestro tiempo y compartir\u00a0 intercambiando ideas y experiencias con la gente de la comunidad.<\/td>\n<\/tr>\n<tr style=\"height: 21px;\">\n<td style=\"height: 21px;\"><strong>Cerro Mogoton:<strong> (un\u00a0d\u00eda\u00a0y una noche en finca)<\/strong><\/strong><\/td>\n<td style=\"height: 21px;\" valign=\"top\" width=\"439\"><\/td>\n<\/tr>\n<tr style=\"height: 21px;\">\n<td style=\"height: 21px;\"><strong>Precio del Tour al Cerro Mogoton: $45 p\/p<\/strong><\/td>\n<td style=\"height: 21px;\" valign=\"top\" width=\"439\"><\/td>\n<\/tr>\n<tr style=\"height: 92px;\">\n<td style=\"height: 92px;\" colspan=\"2\" valign=\"top\">Incluye:<\/p>\n<p>Transporte en\u00a0 veh\u00edculo 4&#215;4 desde la ciudad\u00a0 de Ocotal hasta la finca + gu\u00eda local + alojamiento en finca + comida campesina.<\/td>\n<\/tr>\n<tr style=\"height: 11px;\">\n<td style=\"height: 11px;\" colspan=\"2\" bgcolor=\"#FFFFFF\"><strong>Transfer Privado Frontera Las Manos-Ocotal: $50 (una v\u00eda)<\/strong><\/td>\n<\/tr>\n<tr style=\"height: 12px;\">\n<td style=\"height: 12px;\" colspan=\"2\" bgcolor=\"#FFFFFF\">Por mayor informaci\u00f3n y reservacion <strong>Contactarnos<\/strong><\/td>\n<\/tr>\n<\/tbody>\n<\/table>\n","protected":false},"excerpt":{"rendered":"<p>El departamento de\u00a0Nueva Segovia se encuentra en una\u00a0 cordillera volc\u00e1nica en la regi\u00f3n central norte y limita con Honduras. Llegando a la ciudad de Ocotal, nos tomaremos unos minutos libre y nos preparamos para encontrarnos debidamente identificados con nuestro gu\u00eda local autorizado para organizarnos. Nuestro gu\u00eda local ha sido uno de los principales gu\u00edas promotores [&hellip;]<\/p>\n","protected":false},"author":2,"featured_media":0,"parent":0,"menu_order":0,"comment_status":"closed","ping_status":"closed","template":"","meta":{"footnotes":""},"_links":{"self":[{"href":"https:\/\/nicaragua-travel-guide.com\/site\/wp-json\/wp\/v2\/pages\/7037"}],"collection":[{"href":"https:\/\/nicaragua-travel-guide.com\/site\/wp-json\/wp\/v2\/pages"}],"about":[{"href":"https:\/\/nicaragua-travel-guide.com\/site\/wp-json\/wp\/v2\/types\/page"}],"author":[{"embeddable":true,"href":"https:\/\/nicaragua-travel-guide.com\/site\/wp-json\/wp\/v2\/users\/2"}],"replies":[{"embeddable":true,"href":"https:\/\/nicaragua-travel-guide.com\/site\/wp-json\/wp\/v2\/comments?post=7037"}],"version-history":[{"count":3,"href":"https:\/\/nicaragua-travel-guide.com\/site\/wp-json\/wp\/v2\/pages\/7037\/revisions"}],"predecessor-version":[{"id":7040,"href":"https:\/\/nicaragua-travel-guide.com\/site\/wp-json\/wp\/v2\/pages\/7037\/revisions\/7040"}],"wp:attachment":[{"href":"https:\/\/nicaragua-travel-guide.com\/site\/wp-json\/wp\/v2\/media?parent=7037"}],"curies":[{"name":"wp","href":"https:\/\/api.w.org\/{rel}","templated":true}]}}