{"id":7056,"date":"2016-07-17T18:01:06","date_gmt":"2016-07-17T18:01:06","guid":{"rendered":"http:\/\/nicaragua-travel-guide.com\/site\/?page_id=7056"},"modified":"2017-02-08T19:19:36","modified_gmt":"2017-02-08T19:19:36","slug":"organizamos-alquiler-de-equipos-de-sonido-y-audio-servicios-en-nicaragua","status":"publish","type":"page","link":"https:\/\/nicaragua-travel-guide.com\/site\/organizamos-alquiler-de-equipos-de-sonido-y-audio-servicios-en-nicaragua\/","title":{"rendered":"Organizamos alquiler de equipos de sonido y audio \u00abServicios\u00bb en Nicaragua"},"content":{"rendered":"<table style=\"width: 1035px;\" border=\"0\">\n<tbody>\n<tr style=\"height: 271px;\">\n<td style=\"height: 271px; width: 885px;\" colspan=\"2\" bgcolor=\"#000000\"><img loading=\"lazy\" decoding=\"async\" class=\"wp-image-12095 alignnone\" src=\"http:\/\/nicaragua-travel-guide.com\/site\/wp-content\/uploads\/2016\/07\/headealquilesonidoparaeventosespecialeservicios.jpg\" alt=\"headealquilesonidoparaeventosespecialeservicios\" width=\"1061\" height=\"357\" srcset=\"https:\/\/nicaragua-travel-guide.com\/site\/wp-content\/uploads\/2016\/07\/headealquilesonidoparaeventosespecialeservicios.jpg 1025w, https:\/\/nicaragua-travel-guide.com\/site\/wp-content\/uploads\/2016\/07\/headealquilesonidoparaeventosespecialeservicios-600x202.jpg 600w\" sizes=\"(max-width: 1061px) 100vw, 1061px\" \/><\/td>\n<\/tr>\n<tr style=\"height: 21px;\">\n<td style=\"height: 21px; background-color: #fa14d4; width: 885px;\" colspan=\"2\" bgcolor=\"#000000\"><strong>Para sus eventos sociales y eventos especiales les ofrecemos los siguientes servicios:<\/strong><\/td>\n<\/tr>\n<tr style=\"height: 323px;\">\n<td style=\"height: 323px; width: 551px; background-color: #57f745;\" bgcolor=\"#00CC00\">\n<ul>\n<li>Audio profesional procesado (40,000 mil Watts en potencia<\/li>\n<li>Full party incluye sonido, luces animaci\u00f3n, burbujas, neblina)<\/li>\n<li>Fiesta por hora (incluye sonido, luces ,animaci\u00f3n, micr\u00f3fono)<\/li>\n<li>M\u00f3dulos de mallas 3 x 2.<\/li>\n<li>Luces audio r\u00edtmicas ( 14 estilos diferentes)<\/li>\n<li>Maquina de humo.<\/li>\n<li>Microfonos<\/li>\n<li>Toldos: 6 x 8\/6 x 6\/6 x 4\/ 4x 4.<\/li>\n<li>Estructura met\u00e1lica: 6 x 4\/ 6 x 6.(techada)<\/li>\n<li>Tarima: 7 x 5\/6 x 5\/10 x 5(de 1mts y de 1.5mts de alto incluye alfombra).<\/li>\n<li>Perifoneo con Discom\u00f3vil<\/li>\n<li>Perifoneo con Bocina<\/li>\n<li>Luces Rob\u00f3ticas<\/li>\n<li>Luces Leed<\/li>\n<li>Barras Leed<\/li>\n<li>M\u00e1quina de Burbujas<\/li>\n<li>M\u00e1quina de Humo<\/li>\n<li>Planta El\u00e9ctrica<\/li>\n<li>Plasma<\/li>\n<li>Karaoke<\/li>\n<\/ul>\n<\/td>\n<td style=\"height: 388px; width: 334px;\" rowspan=\"3\" valign=\"top\" bgcolor=\"#000000\">\n<table style=\"width: 393px;\" border=\"0\">\n<tbody>\n<tr style=\"height: 6px;\">\n<td style=\"height: 6px; width: 390px;\" valign=\"top\" bgcolor=\"#000000\"><img loading=\"lazy\" decoding=\"async\" class=\"wp-image-12084 aligncenter\" src=\"http:\/\/nicaragua-travel-guide.com\/site\/wp-content\/uploads\/2016\/07\/maquinahumo.jpg\" alt=\"maquinahumo\" width=\"378\" height=\"283\" \/><\/td>\n<\/tr>\n<tr style=\"height: 21px;\">\n<td style=\"height: 21px; width: 390px;\" valign=\"top\" bgcolor=\"#000000\">Instructor de Danza<\/td>\n<\/tr>\n<tr style=\"height: 14px;\">\n<td style=\"height: 14px; width: 390px;\" valign=\"top\" bgcolor=\"#000000\"><img loading=\"lazy\" decoding=\"async\" class=\"wp-image-12091 aligncenter\" src=\"http:\/\/nicaragua-travel-guide.com\/site\/wp-content\/uploads\/2016\/07\/karaokegio.jpg\" alt=\"karaokegio\" width=\"370\" height=\"246\" srcset=\"https:\/\/nicaragua-travel-guide.com\/site\/wp-content\/uploads\/2016\/07\/karaokegio.jpg 275w, https:\/\/nicaragua-travel-guide.com\/site\/wp-content\/uploads\/2016\/07\/karaokegio-180x120.jpg 180w\" sizes=\"(max-width: 370px) 100vw, 370px\" \/><\/td>\n<\/tr>\n<tr style=\"height: 21px;\">\n<td style=\"height: 21px; width: 390px;\" valign=\"top\" bgcolor=\"#000000\">Alquiler de Microfonos y Amplificadores<\/td>\n<\/tr>\n<tr style=\"height: 12px;\">\n<td style=\"height: 12px; width: 390px;\"><img loading=\"lazy\" decoding=\"async\" class=\"wp-image-12089 aligncenter\" src=\"http:\/\/nicaragua-travel-guide.com\/site\/wp-content\/uploads\/2016\/07\/iluminacion.jpg\" alt=\"iluminacion\" width=\"371\" height=\"266\" \/><\/td>\n<\/tr>\n<tr style=\"height: 25px;\">\n<td style=\"height: 25px; width: 390px;\">Iluminacion<\/td>\n<\/tr>\n<tr style=\"height: 9px;\">\n<td style=\"height: 9px; width: 390px;\" bgcolor=\"#000000\"><img loading=\"lazy\" decoding=\"async\" class=\"wp-image-12090 aligncenter\" src=\"http:\/\/nicaragua-travel-guide.com\/site\/wp-content\/uploads\/2016\/07\/karaoke.jpg\" alt=\"karaoke\" width=\"378\" height=\"283\" \/><\/td>\n<\/tr>\n<tr style=\"height: 11px;\">\n<td style=\"height: 11px; width: 390px;\" bgcolor=\"#000000\">Maestro de Ceremonia \/ Animadores \u00a0\/ <a href=\"http:\/\/nicaragua-travel-guide.com\/site\/cantante-profesional-nicaragua-variado-repertorio-baladas-bailable-clasico-lirico-musica-selecta\/\">Cantante<\/a><\/td>\n<\/tr>\n<\/tbody>\n<\/table>\n<\/td>\n<\/tr>\n<tr style=\"height: 1px;\">\n<td style=\"height: 1px; width: 551px; background-color: #faf20f;\" bgcolor=\"#FFFFFF\">Otros servicios y de alquiler:<\/td>\n<\/tr>\n<tr style=\"height: 64px;\">\n<td style=\"height: 64px; width: 551px; background-color: #f70fec;\" valign=\"top\" bgcolor=\"#FF0099\">\n<ul>\n<li>Alquileres de Sillas, Sillas Vestidas<\/li>\n<li>Mesas y Mantel Grande redondo para 10 personas<\/li>\n<li>Mesas y Mantel Cuadrado para 8 personas<\/li>\n<li>Mesas y Mantel Cuadrado para 4 personas<\/li>\n<li>Mesa para Queque<\/li>\n<li>Mesa para Bufete<\/li>\n<li>Meseros<\/li>\n<li>Pozos para Regalos<\/li>\n<li>Videos\u00a0 y Fotos<\/li>\n<li>Animaci\u00f3n para sus eventos especiales.<\/li>\n<li>Show de Payasos, Pintacaritas<\/li>\n<li>Pantalla Gigante: 6 x 4\/4 x 4\/3 x 3\/2 x 2.<\/li>\n<\/ul>\n<table style=\"width: 637.6666870117188px;\" border=\"0\">\n<tbody>\n<tr>\n<td style=\"width: 314px;\" height=\"203\"><img loading=\"lazy\" decoding=\"async\" class=\"alignnone wp-image-12087\" src=\"http:\/\/nicaragua-travel-guide.com\/site\/wp-content\/uploads\/2016\/07\/arreglosalonfiestaprivada.jpeg\" alt=\"arreglosalonfiestaprivada\" width=\"278\" height=\"278\" srcset=\"https:\/\/nicaragua-travel-guide.com\/site\/wp-content\/uploads\/2016\/07\/arreglosalonfiestaprivada.jpeg 225w, https:\/\/nicaragua-travel-guide.com\/site\/wp-content\/uploads\/2016\/07\/arreglosalonfiestaprivada-100x100.jpeg 100w, https:\/\/nicaragua-travel-guide.com\/site\/wp-content\/uploads\/2016\/07\/arreglosalonfiestaprivada-200x200.jpeg 200w\" sizes=\"(max-width: 278px) 100vw, 278px\" \/><\/td>\n<td style=\"width: 360.66668701171875px;\"><img loading=\"lazy\" decoding=\"async\" class=\"alignnone wp-image-12092\" src=\"http:\/\/nicaragua-travel-guide.com\/site\/wp-content\/uploads\/2016\/07\/arreglomeserosbuffetdeventos.jpg\" alt=\"arreglomeserosbuffetdeventos\" width=\"340\" height=\"276\" \/><\/td>\n<\/tr>\n<\/tbody>\n<\/table>\n<\/td>\n<\/tr>\n<tr style=\"height: 28px;\">\n<td style=\"height: 28px; width: 885px;\" colspan=\"2\" bgcolor=\"#000000\">\n<table style=\"width: 1050px;\" border=\"0\">\n<tbody>\n<tr>\n<td style=\"width: 326px;\" bgcolor=\"#FF0099\"><a href=\"http:\/\/nicaragua-travel-guide.com\/site\/organizamos-alquiler-de-equipos-de-sonido-y-audio-en-nicaragua\/\">Inicio<\/a><\/td>\n<td style=\"width: 326px;\" bgcolor=\"#009900\"><strong>Servicios<\/strong><\/td>\n<td style=\"width: 401px;\" bgcolor=\"#FFFF00\"><strong>Contactarnos<\/strong><\/td>\n<\/tr>\n<\/tbody>\n<\/table>\n<\/td>\n<\/tr>\n<\/tbody>\n<\/table>\n","protected":false},"excerpt":{"rendered":"<p>Para sus eventos sociales y eventos especiales les ofrecemos los siguientes servicios: Audio profesional procesado (40,000 mil Watts en potencia Full party incluye sonido, luces animaci\u00f3n, burbujas, neblina) Fiesta por hora (incluye sonido, luces ,animaci\u00f3n, micr\u00f3fono) M\u00f3dulos de mallas 3 x 2. Luces audio r\u00edtmicas ( 14 estilos diferentes) Maquina de humo. Microfonos Toldos: 6 [&hellip;]<\/p>\n","protected":false},"author":2,"featured_media":0,"parent":0,"menu_order":0,"comment_status":"closed","ping_status":"closed","template":"","meta":{"footnotes":""},"_links":{"self":[{"href":"https:\/\/nicaragua-travel-guide.com\/site\/wp-json\/wp\/v2\/pages\/7056"}],"collection":[{"href":"https:\/\/nicaragua-travel-guide.com\/site\/wp-json\/wp\/v2\/pages"}],"about":[{"href":"https:\/\/nicaragua-travel-guide.com\/site\/wp-json\/wp\/v2\/types\/page"}],"author":[{"embeddable":true,"href":"https:\/\/nicaragua-travel-guide.com\/site\/wp-json\/wp\/v2\/users\/2"}],"replies":[{"embeddable":true,"href":"https:\/\/nicaragua-travel-guide.com\/site\/wp-json\/wp\/v2\/comments?post=7056"}],"version-history":[{"count":16,"href":"https:\/\/nicaragua-travel-guide.com\/site\/wp-json\/wp\/v2\/pages\/7056\/revisions"}],"predecessor-version":[{"id":14312,"href":"https:\/\/nicaragua-travel-guide.com\/site\/wp-json\/wp\/v2\/pages\/7056\/revisions\/14312"}],"wp:attachment":[{"href":"https:\/\/nicaragua-travel-guide.com\/site\/wp-json\/wp\/v2\/media?parent=7056"}],"curies":[{"name":"wp","href":"https:\/\/api.w.org\/{rel}","templated":true}]}}