{"id":7075,"date":"2016-07-17T19:12:19","date_gmt":"2016-07-17T19:12:19","guid":{"rendered":"http:\/\/nicaragua-travel-guide.com\/site\/?page_id=7075"},"modified":"2016-08-30T01:20:37","modified_gmt":"2016-08-30T01:20:37","slug":"floristeria-nicaragua","status":"publish","type":"page","link":"https:\/\/nicaragua-travel-guide.com\/site\/floristeria-nicaragua\/","title":{"rendered":"Florister\u00eda \u00abNicaragua\u00bb"},"content":{"rendered":"<table style=\"width: 930px;\" border=\"0\">\n<tbody>\n<tr style=\"height: 21px;\">\n<td style=\"height: 21px; width: 378px;\" colspan=\"3\" valign=\"top\" bgcolor=\"#FFFF00\"><strong><img loading=\"lazy\" decoding=\"async\" class=\"alignnone wp-image-7076\" src=\"http:\/\/nicaragua-travel-guide.com\/site\/wp-content\/uploads\/2016\/07\/headerfloristeriaparaeventosespeciales.jpg\" alt=\"headerfloristeriaparaeventosespeciales\" width=\"983\" height=\"330\" srcset=\"https:\/\/nicaragua-travel-guide.com\/site\/wp-content\/uploads\/2016\/07\/headerfloristeriaparaeventosespeciales.jpg 1025w, https:\/\/nicaragua-travel-guide.com\/site\/wp-content\/uploads\/2016\/07\/headerfloristeriaparaeventosespeciales-600x202.jpg 600w\" sizes=\"(max-width: 983px) 100vw, 983px\" \/><\/strong><\/td>\n<\/tr>\n<tr style=\"height: 10px;\">\n<td style=\"height: 10px; width: 378px;\" colspan=\"3\" valign=\"top\" bgcolor=\"#FFFFFF\">\n<table style=\"width: 960.6666870117188px;\" border=\"0\">\n<tbody>\n<tr>\n<td style=\"width: 304px; background-color: #a9f255;\" bgcolor=\"#99FFCC\"><a href=\"http:\/\/nicaragua-travel-guide.com\/site\/floristeria-servicios-por-organizar-y-hacer-nicaragua\/\"><strong>Servicios por Organizar y hacer:<\/strong><\/a><\/td>\n<td style=\"width: 484px; background-color: #a9f255;\" bgcolor=\"#0033FF\"><b><a href=\"http:\/\/nicaragua-travel-guide.com\/site\/floristeria-arreglos-decoracion-y-envios-desde-granada-nicaragua\/\">Arreglos florales,\u00a0env\u00edos y decoraci\u00f3n\u00a0\u00a0desde Granada<\/a><\/b><\/td>\n<td style=\"width: 163.66668701171875px; background-color: #a9f255;\" bgcolor=\"#FF0000\"><strong>Contactarnos<\/strong><\/td>\n<\/tr>\n<\/tbody>\n<\/table>\n<\/td>\n<\/tr>\n<tr style=\"height: 629.666748046875px;\">\n<td style=\"height: 629.666748046875px; width: 358px;\" valign=\"top\" bgcolor=\"#FFFFFF\">\n<table style=\"width: 352px;\" border=\"0\">\n<tbody>\n<tr>\n<td style=\"width: 333px;\" colspan=\"3\" bgcolor=\"#FFCC99\" height=\"25\">Florister\u00eda:<\/td>\n<\/tr>\n<tr>\n<td style=\"width: 112px;\" bgcolor=\"#FFFFFF\" height=\"25\">Para Ella<\/td>\n<td style=\"width: 105.42px;\" bgcolor=\"#FFFFFF\" height=\"25\">Para El<\/td>\n<td style=\"width: 115.58px;\" bgcolor=\"#FFFFFF\" height=\"25\">Ni\u00f1os<\/td>\n<\/tr>\n<tr>\n<td style=\"width: 333px;\" colspan=\"3\" bgcolor=\"#FFFFFF\" height=\"25\">Arreglos Florales<\/td>\n<\/tr>\n<tr>\n<td style=\"width: 333px;\" colspan=\"3\" bgcolor=\"#FFFF00\" height=\"25\">Eventos Religiosos<\/td>\n<\/tr>\n<tr>\n<td style=\"width: 333px;\" colspan=\"3\" bgcolor=\"#FFFFFF\" height=\"25\">\n<table border=\"0\" width=\"347\">\n<tbody>\n<tr>\n<td bgcolor=\"#FFFF00\" width=\"90\">Boda<\/td>\n<td bgcolor=\"#FFFF00\" width=\"152\">Primera Comuni\u00f3n<\/td>\n<td bgcolor=\"#FFFF00\" width=\"91\">Bautizo<\/td>\n<\/tr>\n<tr>\n<td colspan=\"3\" bgcolor=\"#FFFF00\">Funeral<\/td>\n<\/tr>\n<\/tbody>\n<\/table>\n<\/td>\n<\/tr>\n<tr>\n<td style=\"width: 333px;\" colspan=\"3\" bgcolor=\"#FFFFFF\" height=\"25\">Arreglos y decoraci\u00f3n de fiestas<\/td>\n<\/tr>\n<tr>\n<td style=\"width: 333px;\" colspan=\"3\" bgcolor=\"#00CCFF\" height=\"25\"><strong>*<a href=\"http:\/\/nicaragua-travel-guide.com\/site\/floristeria-organizacion-de-eventos-quince-anos-arreglos-y-decoracion\/\">15 A\u00f1os de ella<\/a><\/strong><\/td>\n<\/tr>\n<tr>\n<td style=\"width: 333px;\" colspan=\"3\" bgcolor=\"#FFFFFF\" height=\"25\"><strong>Ramos de flores y rosas<\/strong><\/td>\n<\/tr>\n<tr>\n<td style=\"width: 333px;\" colspan=\"3\" valign=\"top\" bgcolor=\"#FFFFFF\" height=\"25\"><a href=\"http:\/\/nicaragua-travel-guide.com\/site\/floristeria-arreglos-y-decoracion-centros-de-mesa-organizamos-eventos-desde-granada\/\"><strong>Centros de mesa y \u00a0arreglos florales<\/strong><\/a><\/td>\n<\/tr>\n<tr>\n<td style=\"width: 333px;\" colspan=\"3\" valign=\"top\" bgcolor=\"#FFFFFF\" height=\"25\"><strong>Pergolas y Arcadas<\/strong><\/td>\n<\/tr>\n<tr>\n<td style=\"width: 333px;\" colspan=\"3\" bgcolor=\"#9999FF\" height=\"11\"><a href=\"http:\/\/nicaragua-travel-guide.com\/site\/floristeria-servicios-funerales-paquetes-especiales\/\">Floristeria y arreglos para funeral<\/a><\/td>\n<\/tr>\n<tr>\n<td style=\"width: 333px;\" colspan=\"3\" valign=\"top\" bgcolor=\"#FFFFFF\" height=\"25\">Palmas para Velatorios<\/td>\n<\/tr>\n<tr>\n<td style=\"width: 333px;\" colspan=\"3\" bgcolor=\"#FFFFFF\" height=\"12\">Coronas para Velorios<\/td>\n<\/tr>\n<tr>\n<td style=\"width: 333px;\" colspan=\"3\" bgcolor=\"#FFFFFF\" height=\"25\">Ata\u00fad<\/td>\n<\/tr>\n<tr>\n<td style=\"width: 333px;\" colspan=\"3\" bgcolor=\"#FFFFFF\" height=\"25\">F\u00e9retro<\/td>\n<\/tr>\n<tr>\n<td style=\"width: 333px;\" colspan=\"3\" bgcolor=\"#FFFFFF\" height=\"25\">Transporte<\/td>\n<\/tr>\n<tr>\n<td style=\"width: 333px;\" colspan=\"3\" bgcolor=\"#FFFFFF\" height=\"25\"><strong>Env\u00edo\u00a0de Flores<\/strong><\/td>\n<\/tr>\n<tr>\n<td style=\"width: 333px;\" colspan=\"3\" bgcolor=\"#FFFFFF\" height=\"25\">Tarjetas y Recuerdos<\/td>\n<\/tr>\n<tr>\n<td style=\"width: 333px;\" colspan=\"3\" valign=\"top\" bgcolor=\"#FFFFFF\" height=\"25\">Alimentos y bebidas<\/td>\n<\/tr>\n<tr bgcolor=\"#CC33CC\">\n<td style=\"width: 333px;\" colspan=\"3\" bgcolor=\"#FFFFFF\" height=\"25\"><a href=\"http:\/\/nicaragua-travel-guide.com\/site\/organizacion-de-eventos-salones-y-espacios-cerrados-y-abiertos-nicaragua\/\">Salones y espacios para eventos especiales<\/a><\/td>\n<\/tr>\n<tr bgcolor=\"#CC33CC\">\n<td style=\"width: 333px;\" colspan=\"3\" bgcolor=\"#FFFFFF\" height=\"25\">M\u00fasica<\/td>\n<\/tr>\n<tr bgcolor=\"#CC33CC\">\n<td style=\"width: 333px;\" colspan=\"3\" valign=\"top\" bgcolor=\"#FFFFFF\" height=\"25\"><strong>Decoraci\u00f3n\u00a0Eventos y Fiestas<\/strong><\/td>\n<\/tr>\n<\/tbody>\n<\/table>\n<\/td>\n<td style=\"height: 629.666748046875px; width: 20px; background-color: #dcf5d0;\" colspan=\"2\" valign=\"top\" bgcolor=\"#FFFFCC\">\n<table style=\"height: 464px; width: 567px;\" border=\"0\">\n<tbody>\n<tr style=\"height: 43px;\">\n<td style=\"height: 43px; width: 572px; background-color: #e6c7f2; border-color: #e6c7f2;\" bgcolor=\"#FFFFFF\">\n<ul>\n<li>Servicios de Florister\u00eda ubicada en Granada Nicaragua con personal calificado y especializado dispuesto siempre a atenderle.<\/li>\n<\/ul>\n<ul>\n<li>Mejoramos constantemente para ofrecerle art\u00edculos de calidad y de confianza el trato personalizado y familiar ha hecho de la florister\u00eda un local de reconocido prestigio en el sector de las <strong>florister\u00edas.<\/strong><\/li>\n<\/ul>\n<ul>\n<li>No poseemos sucursales pero si tenemos representante de venta.<\/li>\n<li>Somos una florister\u00eda seria con mas de treinta a\u00f1os de experiencia en el rubro de las flores, dedicada a la venta minorista y mayorista de arreglos florales de todo tipo, con la particularidad de brindar un servicio de florister\u00eda las 24 horas los 365 d\u00edas del a\u00f1o.<\/li>\n<\/ul>\n<ul>\n<li>Podemos llevar sus pedidos a casa.<\/li>\n<\/ul>\n<ul>\n<li>Realizamos ambientaci\u00f3n y decoraci\u00f3n de salones para 15 a\u00f1os, otros cumplea\u00f1os, eventos y ceremonias religiosas.<\/li>\n<\/ul>\n<\/td>\n<\/tr>\n<tr style=\"height: 15.66668701171875px;\">\n<td style=\"height: 43px; width: 572px; background-color: #e6c7f2; border-color: #e6c7f2;\" bgcolor=\"#FFFFFF\">\n<table style=\"height: 155px; width: 571px;\" border=\"0\">\n<tbody>\n<tr>\n<td style=\"width: 298px; background-color: #ffffff; border-color: #ffffff; height: 21px;\" rowspan=\"9\" align=\"left\" bgcolor=\"#FFFFFF\">\n<table style=\"width: 301px;\" border=\"0\">\n<tbody>\n<tr>\n<td style=\"width: 298px; background-color: #6af0f7; height: 21px;\" align=\"left\" bgcolor=\"#FFFFCC\" height=\"21\"><strong>Celebraciones de &#8230;<\/strong><\/td>\n<\/tr>\n<tr>\n<td style=\"width: 298px;\" align=\"left\" bgcolor=\"#FFFFCC\" height=\"21\"><strong>D\u00eda\u00a0de la Secretaria<\/strong><\/td>\n<\/tr>\n<tr>\n<td style=\"width: 298px;\" align=\"left\" bgcolor=\"#FFFFCC\" height=\"21\"><strong>D\u00eda\u00a0de San Valentin<\/strong><\/td>\n<\/tr>\n<tr>\n<td style=\"width: 298px; background-color: #fcf928; height: 21px;\" align=\"left\" bgcolor=\"#FF0000\" height=\"21\">Dia de la Madre 30 de Mayo<\/td>\n<\/tr>\n<tr>\n<td style=\"width: 298px;\" align=\"left\" bgcolor=\"#FFFFCC\" height=\"21\">D\u00eda\u00a0del Maestro<\/td>\n<\/tr>\n<tr>\n<td style=\"width: 298px;\" align=\"left\" bgcolor=\"#FFFFCC\" height=\"21\">Para Baby \u00a0Shower y Nacimientos<\/td>\n<\/tr>\n<tr>\n<td style=\"width: 298px;\" align=\"left\" bgcolor=\"#FFFFCC\" height=\"21\"><strong>Env\u00edo\u00a0con Desayunos<\/strong><\/td>\n<\/tr>\n<tr>\n<td style=\"width: 298px;\" align=\"left\" bgcolor=\"#FFFFCC\" height=\"21\">Env\u00edos\u00a0con Serenata<\/td>\n<\/tr>\n<tr>\n<td style=\"width: 298px;\" align=\"left\" bgcolor=\"#FFFFCC\" height=\"25\"><strong>Canastas de Ba\u00f1o Spa<\/strong><\/td>\n<\/tr>\n<\/tbody>\n<\/table>\n<\/td>\n<td style=\"width: 248px; background-color: #ffffff; border-color: #ffffff; height: 21px;\" rowspan=\"9\" align=\"left\" bgcolor=\"#FFFFFF\"><img loading=\"lazy\" decoding=\"async\" class=\"alignnone wp-image-12181\" src=\"http:\/\/nicaragua-travel-guide.com\/site\/wp-content\/uploads\/2016\/07\/arreglofloralquinceanera.jpg\" alt=\"arreglofloralquinceanera\" width=\"247\" height=\"235\" \/><\/td>\n<\/tr>\n<\/tbody>\n<\/table>\n<\/td>\n<\/tr>\n<\/tbody>\n<\/table>\n<\/td>\n<\/tr>\n<\/tbody>\n<\/table>\n","protected":false},"excerpt":{"rendered":"<p>Servicios por Organizar y hacer: Arreglos florales,\u00a0env\u00edos y decoraci\u00f3n\u00a0\u00a0desde Granada Contactarnos Florister\u00eda: Para Ella Para El Ni\u00f1os Arreglos Florales Eventos Religiosos Boda Primera Comuni\u00f3n Bautizo Funeral Arreglos y decoraci\u00f3n de fiestas *15 A\u00f1os de ella Ramos de flores y rosas Centros de mesa y \u00a0arreglos florales Pergolas y Arcadas Floristeria y arreglos para funeral Palmas [&hellip;]<\/p>\n","protected":false},"author":2,"featured_media":0,"parent":0,"menu_order":0,"comment_status":"closed","ping_status":"closed","template":"","meta":{"footnotes":""},"_links":{"self":[{"href":"https:\/\/nicaragua-travel-guide.com\/site\/wp-json\/wp\/v2\/pages\/7075"}],"collection":[{"href":"https:\/\/nicaragua-travel-guide.com\/site\/wp-json\/wp\/v2\/pages"}],"about":[{"href":"https:\/\/nicaragua-travel-guide.com\/site\/wp-json\/wp\/v2\/types\/page"}],"author":[{"embeddable":true,"href":"https:\/\/nicaragua-travel-guide.com\/site\/wp-json\/wp\/v2\/users\/2"}],"replies":[{"embeddable":true,"href":"https:\/\/nicaragua-travel-guide.com\/site\/wp-json\/wp\/v2\/comments?post=7075"}],"version-history":[{"count":21,"href":"https:\/\/nicaragua-travel-guide.com\/site\/wp-json\/wp\/v2\/pages\/7075\/revisions"}],"predecessor-version":[{"id":12797,"href":"https:\/\/nicaragua-travel-guide.com\/site\/wp-json\/wp\/v2\/pages\/7075\/revisions\/12797"}],"wp:attachment":[{"href":"https:\/\/nicaragua-travel-guide.com\/site\/wp-json\/wp\/v2\/media?parent=7075"}],"curies":[{"name":"wp","href":"https:\/\/api.w.org\/{rel}","templated":true}]}}