{"id":7085,"date":"2016-07-17T19:32:49","date_gmt":"2016-07-17T19:32:49","guid":{"rendered":"http:\/\/nicaragua-travel-guide.com\/site\/?page_id=7085"},"modified":"2016-08-24T15:47:01","modified_gmt":"2016-08-24T15:47:01","slug":"floristeria-servicios-por-organizar-y-hacer-nicaragua","status":"publish","type":"page","link":"https:\/\/nicaragua-travel-guide.com\/site\/floristeria-servicios-por-organizar-y-hacer-nicaragua\/","title":{"rendered":"Florister\u00eda \u00abServicios por Organizar y hacer\u00bb Nicaragua"},"content":{"rendered":"<table class=\" alignleft\" style=\"height: 1638px; width: 945.3333740234375px;\">\n<tbody>\n<tr style=\"height: 2090px;\">\n<td style=\"width: 183.6666717529297px; background-color: #ffffff; border-color: #ffffff; height: 2090px;\">\n<table style=\"height: 422px; width: 184.6666717529297px;\">\n<tbody>\n<tr>\n<td style=\"width: 183.6666717529297px;\">\u00a0<img loading=\"lazy\" decoding=\"async\" class=\"size-full wp-image-12217 aligncenter\" src=\"http:\/\/nicaragua-travel-guide.com\/site\/wp-content\/uploads\/2016\/07\/arregloflorcorsachebrochehombre.jpg\" alt=\"arregloflorcorsachebrochehombre\" width=\"113\" height=\"150\" \/><\/td>\n<\/tr>\n<tr>\n<td style=\"width: 183.6666717529297px; background-color: #faf9dc;\">Corsache<\/td>\n<\/tr>\n<tr>\n<td style=\"width: 183.6666717529297px;\">\u00a0<img loading=\"lazy\" decoding=\"async\" class=\"alignnone wp-image-5416\" src=\"http:\/\/nicaragua-travel-guide.com\/site\/wp-content\/uploads\/2016\/06\/arreglodeiglesia.jpg\" alt=\"arreglodeiglesia\" width=\"192\" height=\"192\" srcset=\"https:\/\/nicaragua-travel-guide.com\/site\/wp-content\/uploads\/2016\/06\/arreglodeiglesia.jpg 135w, https:\/\/nicaragua-travel-guide.com\/site\/wp-content\/uploads\/2016\/06\/arreglodeiglesia-100x100.jpg 100w\" sizes=\"(max-width: 192px) 100vw, 192px\" \/><\/td>\n<\/tr>\n<tr>\n<td style=\"width: 183.6666717529297px; background-color: #faf9dc;\">Arreglo de Iglesia<\/td>\n<\/tr>\n<tr>\n<td style=\"width: 183.6666717529297px;\">\u00a0<img loading=\"lazy\" decoding=\"async\" class=\"alignnone wp-image-12203\" src=\"http:\/\/nicaragua-travel-guide.com\/site\/wp-content\/uploads\/2016\/07\/arreglofuneralvelatorio.jpg\" alt=\"arreglofuneralvelatorio\" width=\"192\" height=\"153\" \/><\/td>\n<\/tr>\n<tr>\n<td style=\"width: 183.6666717529297px; background-color: #faf9dc;\">Servicio Funerario<\/td>\n<\/tr>\n<tr>\n<td style=\"width: 183.6666717529297px;\">\u00a0<img loading=\"lazy\" decoding=\"async\" class=\"alignnone size-full wp-image-12223\" src=\"http:\/\/nicaragua-travel-guide.com\/site\/wp-content\/uploads\/2016\/07\/carruajefuneralgranada.jpg\" alt=\"carruajefuneralgranada\" width=\"274\" height=\"184\" srcset=\"https:\/\/nicaragua-travel-guide.com\/site\/wp-content\/uploads\/2016\/07\/carruajefuneralgranada.jpg 274w, https:\/\/nicaragua-travel-guide.com\/site\/wp-content\/uploads\/2016\/07\/carruajefuneralgranada-180x120.jpg 180w\" sizes=\"(max-width: 274px) 100vw, 274px\" \/><\/td>\n<\/tr>\n<tr>\n<td style=\"width: 183.6666717529297px; background-color: #faf9dc;\">\u00a0Coche para funeral<\/td>\n<\/tr>\n<tr>\n<td style=\"width: 183.6666717529297px;\">\u00a0<img loading=\"lazy\" decoding=\"async\" class=\"alignnone wp-image-12092\" src=\"http:\/\/nicaragua-travel-guide.com\/site\/wp-content\/uploads\/2016\/07\/arreglomeserosbuffetdeventos.jpg\" alt=\"arreglomeserosbuffetdeventos\" width=\"190\" height=\"154\" \/><\/td>\n<\/tr>\n<tr>\n<td style=\"width: 183.6666717529297px; background-color: #faf9dc;\">Servicio Buffet<\/td>\n<\/tr>\n<tr>\n<td style=\"width: 183.6666717529297px;\"><img loading=\"lazy\" decoding=\"async\" class=\"alignnone wp-image-12150\" src=\"http:\/\/nicaragua-travel-guide.com\/site\/wp-content\/uploads\/2016\/07\/comipastelybocadillosparaocasiones.jpg\" alt=\"comipastelybocadillosparaocasiones\" width=\"194\" height=\"133\" \/><\/td>\n<\/tr>\n<tr>\n<td style=\"width: 183.6666717529297px; background-color: #faf9dc;\">Servio de Pasteler\u00eda<\/td>\n<\/tr>\n<tr>\n<td style=\"width: 183.6666717529297px;\"><img loading=\"lazy\" decoding=\"async\" class=\"alignnone wp-image-12191\" src=\"http:\/\/nicaragua-travel-guide.com\/site\/wp-content\/uploads\/2016\/07\/arreglomesasbanquetebeig.jpg\" alt=\"arreglomesasbanquetebeig\" width=\"193\" height=\"193\" srcset=\"https:\/\/nicaragua-travel-guide.com\/site\/wp-content\/uploads\/2016\/07\/arreglomesasbanquetebeig.jpg 118w, https:\/\/nicaragua-travel-guide.com\/site\/wp-content\/uploads\/2016\/07\/arreglomesasbanquetebeig-100x100.jpg 100w\" sizes=\"(max-width: 193px) 100vw, 193px\" \/><\/td>\n<\/tr>\n<tr>\n<td style=\"width: 183.6666717529297px; background-color: #faf9dc;\">Mesas y Manteleria<\/td>\n<\/tr>\n<tr>\n<td style=\"width: 183.6666717529297px;\">\u00a0<img loading=\"lazy\" decoding=\"async\" class=\"alignnone wp-image-12224\" src=\"http:\/\/nicaragua-travel-guide.com\/site\/wp-content\/uploads\/2016\/07\/arreglomusical.jpg\" alt=\"arreglomusical\" width=\"192\" height=\"141\" \/><\/td>\n<\/tr>\n<tr>\n<td style=\"width: 183.6666717529297px; background-color: #faf9dc;\">Contrato Musical<\/td>\n<\/tr>\n<tr>\n<td style=\"width: 183.6666717529297px;\">\u00a0<img loading=\"lazy\" decoding=\"async\" class=\"alignnone wp-image-12204\" src=\"http:\/\/nicaragua-travel-guide.com\/site\/wp-content\/uploads\/2016\/07\/arregloiglesiavelas.jpg\" alt=\"arregloiglesiavelas\" width=\"191\" height=\"149\" \/><\/td>\n<\/tr>\n<tr>\n<td style=\"width: 183.6666717529297px; background-color: #faf9dc;\">Arreglos funerarios<\/td>\n<\/tr>\n<tr>\n<td style=\"width: 183.6666717529297px;\">\u00a0<img loading=\"lazy\" decoding=\"async\" class=\"size-full wp-image-12199 aligncenter\" src=\"http:\/\/nicaragua-travel-guide.com\/site\/wp-content\/uploads\/2016\/07\/arreglofuneralataudesnventa.jpg\" alt=\"arreglofuneralataudesnventa\" width=\"260\" height=\"194\" \/><\/td>\n<\/tr>\n<tr>\n<td style=\"width: 183.6666717529297px; background-color: #faf9dc;\">Venta de Ata\u00fades<\/td>\n<\/tr>\n<\/tbody>\n<\/table>\n<\/td>\n<td style=\"width: 183.6666717529297px; background-color: #ffffff; border-color: #ffffff; height: 2090px;\">\n<table style=\"height: 1666px; width: 553px;\">\n<tbody>\n<tr style=\"height: 192px;\">\n<td style=\"width: 550px; height: 192px;\">\u00a0<img loading=\"lazy\" decoding=\"async\" class=\"alignnone wp-image-12172\" src=\"http:\/\/nicaragua-travel-guide.com\/site\/wp-content\/uploads\/2016\/07\/floristeria-arreglos-florales-y-centros-de-mesa.jpg\" alt=\"floristeria arreglos florales y centros de mesa\" width=\"537\" height=\"188\" \/><\/td>\n<\/tr>\n<tr style=\"height: 20px;\">\n<td style=\"width: 550px; height: 20px; background-color: #faf9dc; border-color: #faf9dc;\"><\/td>\n<\/tr>\n<tr style=\"height: 1702px;\">\n<td style=\"width: 550px; height: 20px; background-color: #faf9dc; border-color: #faf9dc;\"><strong>Nuestros Servicios:<\/strong><\/p>\n<p>Estamos especializados en eleboracion de paquetes y servicios sencillos de acuerdo con su presupuesto:<\/p>\n<ul>\n<li>Cumplea\u00f1os:<\/li>\n<li><a href=\"http:\/\/nicaragua-travel-guide.com\/site\/floristeria-organizacion-de-eventos-quince-anos-arreglos-y-decoracion\/\">Quincea\u00f1os:<\/a><\/li>\n<li>Boda:<\/li>\n<li>Fiestas<\/li>\n<li>Reuniones<\/li>\n<li>Baby \u00a0Shower<\/li>\n<li><a href=\"http:\/\/nicaragua-travel-guide.com\/site\/floristeria-servicios-funerales-paquetes-especiales\/\">Funerales<\/a><\/li>\n<li>D\u00edas Festivos<\/li>\n<\/ul>\n<ul>\n<li>Arreglos con flores de todo tipo, rosas orqu\u00eddeas, etc. Elaboraci\u00f3n de canastas con ramos de rosas, flores y peluches, tambien ofrecemos servicio de entrega a domicilio.<\/li>\n<\/ul>\n<ul>\n<li>Tambi\u00e9n elaboramos ramos de flores, env\u00edo de ramos florales para cumplea\u00f1os y fiestas de 15 a\u00f1os floreros, jarrones, copas, vasijas, todo con flores naturales.<\/li>\n<\/ul>\n<ul>\n<li>Regalos empresariales, ambientaci\u00f3n de salones para eventos y fiestas.<\/li>\n<\/ul>\n<ul>\n<li>Presentes para enamorados, mu\u00f1ecas, peluches de todo tipo, aniversarios.<\/li>\n<\/ul>\n<ul>\n<li>Canastas con art\u00edculos de spa.<\/li>\n<\/ul>\n<ul>\n<li>Arreglos florales en autos y berlinas para eventos especiales.<\/li>\n<\/ul>\n<ul>\n<li>Ramos de flores.<\/li>\n<\/ul>\n<ul>\n<li>Decoraci\u00f3n de salones para fiestas de cumplea\u00f1os.<\/li>\n<\/ul>\n<ul>\n<li>Manojos de Flores.<\/li>\n<\/ul>\n<ul>\n<li>Buque de novia para Boda.<\/li>\n<\/ul>\n<ul>\n<li>Flores para inauguraciones.<\/li>\n<\/ul>\n<ul>\n<li>Regalos para inauguraciones.<\/li>\n<\/ul>\n<ul>\n<li>Arreglos florales\u00a0 para fiestas, eventos.<\/li>\n<\/ul>\n<ul>\n<li>Arreglos florales, ramo de novia con delivery de ramos de flores, tocados, centros de mesa de todo tipo seg\u00fan gusto.<\/li>\n<\/ul>\n<ul>\n<li>Inauguraciones.<\/li>\n<\/ul>\n<ul>\n<li>Canastas navide\u00f1as y ramos de flores rosas.<\/li>\n<\/ul>\n<ul>\n<li>Atendemos empresas, hoteles, restaurantes, particulares con renovaci\u00f3n de flores semanalmente.<\/li>\n<\/ul>\n<ul>\n<li>Ambientaci\u00f3n de salones.<\/li>\n<\/ul>\n<ul>\n<li>Realizamos entregas de arreglos florales para iglesias<\/li>\n<\/ul>\n<ul>\n<li>Vendemos de ramos de flores rosas para novias.<\/li>\n<\/ul>\n<ul>\n<li>Ambientaci\u00f3n y decoraciones para iglesias para eventos religiosos<\/li>\n<\/ul>\n<ul>\n<li>Servicios f\u00fanebres.<\/li>\n<\/ul>\n<ul>\n<li>Coronas f\u00fanebres.<\/li>\n<\/ul>\n<ul>\n<li>Coronas para damas.<\/li>\n<\/ul>\n<ul>\n<li><a href=\"http:\/\/nicaragua-travel-guide.com\/site\/floristeria-arreglos-y-decoracion-centros-de-mesa-organizamos-eventos-desde-granada\/\">Centros de mesa florales.<\/a><\/li>\n<\/ul>\n<ul>\n<li>Env\u00edo de rosas.<\/li>\n<\/ul>\n<ul>\n<li>Centros de mesa para fiestas \/ eventos<\/li>\n<\/ul>\n<ul>\n<li>Env\u00edo de flores a domicilio para novias.<\/li>\n<\/ul>\n<ul>\n<li><strong>Arreglos florales que <\/strong>har\u00e1n de esas fechas especiales, un d\u00eda inolvidable<\/li>\n<\/ul>\n<\/td>\n<\/tr>\n<tr style=\"height: 16px;\">\n<td style=\"width: 550px; height: 20px; background-color: #faf9dc; border-color: #faf9dc;\"><\/td>\n<\/tr>\n<tr style=\"height: 191px;\">\n<td style=\"width: 550px; height: 191px;\">\u00a0<img loading=\"lazy\" decoding=\"async\" class=\"alignnone wp-image-12195\" src=\"http:\/\/nicaragua-travel-guide.com\/site\/wp-content\/uploads\/2016\/07\/floristeria-arreglo-floral-funerario.jpg\" alt=\"floristeria arreglo floral funerario\" width=\"534\" height=\"187\" \/><\/td>\n<\/tr>\n<\/tbody>\n<\/table>\n<p>&nbsp;<\/td>\n<td style=\"width: 183.6666717529297px; background-color: #ffffff; border-color: #ffffff; height: 2090px;\">\n<table style=\"height: 539px; width: 190.66668701171875px;\">\n<tbody>\n<tr style=\"height: 2px;\">\n<td style=\"width: 205.66668701171875px; height: 2px;\"><img loading=\"lazy\" decoding=\"async\" class=\"size-full wp-image-12218 aligncenter\" src=\"http:\/\/nicaragua-travel-guide.com\/site\/wp-content\/uploads\/2016\/07\/arregloflortocadopnovia.jpg\" alt=\"arregloflortocadopnovia\" width=\"113\" height=\"150\" \/><\/td>\n<\/tr>\n<tr style=\"height: 15px;\">\n<td style=\"width: 205.66668701171875px; height: 15px; background-color: #faf9dc;\">Tocado de novia<\/td>\n<\/tr>\n<tr style=\"height: 11px;\">\n<td style=\"width: 205.66668701171875px; height: 11px;\"><img loading=\"lazy\" decoding=\"async\" class=\" wp-image-12127 aligncenter\" style=\"font-family: inherit; font-size: inherit; line-height: 1.5;\" src=\"http:\/\/nicaragua-travel-guide.com\/site\/wp-content\/uploads\/2016\/07\/arreglofloralpergolablancortina.jpg\" alt=\"arreglofloralpergolablancortina\" width=\"174\" height=\"174\" srcset=\"https:\/\/nicaragua-travel-guide.com\/site\/wp-content\/uploads\/2016\/07\/arreglofloralpergolablancortina.jpg 119w, https:\/\/nicaragua-travel-guide.com\/site\/wp-content\/uploads\/2016\/07\/arreglofloralpergolablancortina-100x100.jpg 100w\" sizes=\"(max-width: 174px) 100vw, 174px\" \/><\/td>\n<\/tr>\n<tr style=\"height: 15px;\">\n<td style=\"width: 205.66668701171875px; height: 15px; background-color: #faf9dc; text-align: center;\">Pergola<\/td>\n<\/tr>\n<tr style=\"height: 2px;\">\n<td style=\"width: 205.66668701171875px; height: 2px;\">\u00a0<img loading=\"lazy\" decoding=\"async\" class=\"wp-image-12185 aligncenter\" src=\"http:\/\/nicaragua-travel-guide.com\/site\/wp-content\/uploads\/2016\/07\/arreglofloresramoosas.jpg\" alt=\"arreglofloresramoosas\" width=\"146\" height=\"233\" \/><\/td>\n<\/tr>\n<tr style=\"height: 3px;\">\n<td style=\"width: 205.66668701171875px; height: 3px; background-color: #faf9dc; text-align: center;\">Arreglo floral<\/td>\n<\/tr>\n<tr style=\"height: 5px;\">\n<td style=\"width: 205.66668701171875px; height: 5px;\"><img loading=\"lazy\" decoding=\"async\" class=\" wp-image-11808 aligncenter\" src=\"http:\/\/nicaragua-travel-guide.com\/site\/wp-content\/uploads\/2016\/07\/arreglomesasvajillasycristaleria.jpg\" alt=\"arreglomesasvajillasycristaleria\" width=\"174\" height=\"176\" srcset=\"https:\/\/nicaragua-travel-guide.com\/site\/wp-content\/uploads\/2016\/07\/arreglomesasvajillasycristaleria.jpg 119w, https:\/\/nicaragua-travel-guide.com\/site\/wp-content\/uploads\/2016\/07\/arreglomesasvajillasycristaleria-100x100.jpg 100w\" sizes=\"(max-width: 174px) 100vw, 174px\" \/><\/td>\n<\/tr>\n<tr style=\"height: 5px;\">\n<td style=\"width: 205.66668701171875px; height: 5px; background-color: #faf9dc; text-align: center;\">Alquiler de Menaje<\/td>\n<\/tr>\n<tr style=\"height: 7px;\">\n<td style=\"width: 205.66668701171875px; height: 7px;\"><img loading=\"lazy\" decoding=\"async\" class=\"wp-image-12087 aligncenter\" src=\"http:\/\/nicaragua-travel-guide.com\/site\/wp-content\/uploads\/2016\/07\/arreglosalonfiestaprivada.jpeg\" alt=\"arreglosalonfiestaprivada\" width=\"178\" height=\"178\" srcset=\"https:\/\/nicaragua-travel-guide.com\/site\/wp-content\/uploads\/2016\/07\/arreglosalonfiestaprivada.jpeg 225w, https:\/\/nicaragua-travel-guide.com\/site\/wp-content\/uploads\/2016\/07\/arreglosalonfiestaprivada-100x100.jpeg 100w, https:\/\/nicaragua-travel-guide.com\/site\/wp-content\/uploads\/2016\/07\/arreglosalonfiestaprivada-200x200.jpeg 200w\" sizes=\"(max-width: 178px) 100vw, 178px\" \/><\/td>\n<\/tr>\n<tr style=\"height: 4px;\">\n<td style=\"width: 205.66668701171875px; height: 4px; background-color: #faf9dc; text-align: center;\">Salones de eventos<\/td>\n<\/tr>\n<tr style=\"height: 4px;\">\n<td style=\"width: 205.66668701171875px; height: 4px; text-align: center;\"><img loading=\"lazy\" decoding=\"async\" class=\"alignnone wp-image-12109\" src=\"http:\/\/nicaragua-travel-guide.com\/site\/wp-content\/uploads\/2016\/07\/arreglofloral.jpg\" alt=\"arreglofloral\" width=\"137\" height=\"185\" \/><\/td>\n<\/tr>\n<tr style=\"height: 4px;\">\n<td style=\"width: 205.66668701171875px; height: 4px; background-color: #faf9dc; text-align: center;\">Tienda de vestidos<\/td>\n<\/tr>\n<tr style=\"height: 4px;\">\n<td style=\"width: 205.66668701171875px; height: 4px; text-align: center;\"><img loading=\"lazy\" decoding=\"async\" class=\"alignnone wp-image-12114\" style=\"text-align: left;\" src=\"http:\/\/nicaragua-travel-guide.com\/site\/wp-content\/uploads\/2016\/07\/joyerianillosdebodahombreymujer.jpg\" alt=\"joyerianillosdebodahombreymujer\" width=\"193\" height=\"257\" \/><\/td>\n<\/tr>\n<tr style=\"height: 4px;\">\n<td style=\"width: 205.66668701171875px; height: 4px; background-color: #faf9dc; text-align: center;\">Joyer\u00eda<\/td>\n<\/tr>\n<tr style=\"height: 4px;\">\n<td style=\"width: 205.66668701171875px; height: 4px;\"><img loading=\"lazy\" decoding=\"async\" class=\"alignnone size-full wp-image-12221\" src=\"http:\/\/nicaragua-travel-guide.com\/site\/wp-content\/uploads\/2016\/07\/carruajecalabaza.jpg\" alt=\"carruajecalabaza\" width=\"247\" height=\"204\" \/><\/td>\n<\/tr>\n<tr style=\"height: 4px;\">\n<td style=\"width: 205.66668701171875px; height: 4px; background-color: #faf9dc; text-align: center;\">Carruaje<\/td>\n<\/tr>\n<tr style=\"height: 4px;\">\n<td style=\"width: 205.66668701171875px; height: 4px; text-align: center;\"><img loading=\"lazy\" decoding=\"async\" class=\"alignnone wp-image-12142\" src=\"http:\/\/nicaragua-travel-guide.com\/site\/wp-content\/uploads\/2016\/07\/Transporte-privado-para-quincea\u00f1o-alquiler.jpg\" alt=\"Transporte privado para quincea\u00f1o alquiler\" width=\"192\" height=\"163\" \/><\/td>\n<\/tr>\n<tr style=\"height: 4px;\">\n<td style=\"width: 205.66668701171875px; height: 4px; background-color: #faf9dc; text-align: center;\">Transporte<\/td>\n<\/tr>\n<\/tbody>\n<\/table>\n<\/td>\n<\/tr>\n<tr style=\"height: 12px;\">\n<td style=\"width: 166px; height: 12px; background-color: #ffffff; border-color: #ffffff; text-align: left;\"><\/td>\n<td style=\"width: 166px; height: 12px; background-color: #ffffff; border-color: #ffffff; text-align: left;\">\u00a0Por mayor\u00a0informaci\u00f3n\u00a0y reservacion <strong>Contactarnos<\/strong><\/td>\n<td style=\"width: 166px; height: 12px; background-color: #ffffff; border-color: #ffffff; text-align: left;\"><\/td>\n<\/tr>\n<\/tbody>\n<\/table>\n","protected":false},"excerpt":{"rendered":"<p>\u00a0 Corsache \u00a0 Arreglo de Iglesia \u00a0 Servicio Funerario \u00a0 \u00a0Coche para funeral \u00a0 Servicio Buffet Servio de Pasteler\u00eda Mesas y Manteleria \u00a0 Contrato Musical \u00a0 Arreglos funerarios \u00a0 Venta de Ata\u00fades \u00a0 Nuestros Servicios: Estamos especializados en eleboracion de paquetes y servicios sencillos de acuerdo con su presupuesto: Cumplea\u00f1os: Quincea\u00f1os: Boda: Fiestas Reuniones Baby [&hellip;]<\/p>\n","protected":false},"author":2,"featured_media":0,"parent":0,"menu_order":0,"comment_status":"closed","ping_status":"closed","template":"","meta":{"footnotes":""},"_links":{"self":[{"href":"https:\/\/nicaragua-travel-guide.com\/site\/wp-json\/wp\/v2\/pages\/7085"}],"collection":[{"href":"https:\/\/nicaragua-travel-guide.com\/site\/wp-json\/wp\/v2\/pages"}],"about":[{"href":"https:\/\/nicaragua-travel-guide.com\/site\/wp-json\/wp\/v2\/types\/page"}],"author":[{"embeddable":true,"href":"https:\/\/nicaragua-travel-guide.com\/site\/wp-json\/wp\/v2\/users\/2"}],"replies":[{"embeddable":true,"href":"https:\/\/nicaragua-travel-guide.com\/site\/wp-json\/wp\/v2\/comments?post=7085"}],"version-history":[{"count":29,"href":"https:\/\/nicaragua-travel-guide.com\/site\/wp-json\/wp\/v2\/pages\/7085\/revisions"}],"predecessor-version":[{"id":12245,"href":"https:\/\/nicaragua-travel-guide.com\/site\/wp-json\/wp\/v2\/pages\/7085\/revisions\/12245"}],"wp:attachment":[{"href":"https:\/\/nicaragua-travel-guide.com\/site\/wp-json\/wp\/v2\/media?parent=7085"}],"curies":[{"name":"wp","href":"https:\/\/api.w.org\/{rel}","templated":true}]}}